{"id":24523,"date":"2021-09-23T02:01:09","date_gmt":"2021-09-23T02:01:09","guid":{"rendered":"https:\/\/ztsports.com\/?post_type=product&#038;p=24523"},"modified":"2026-03-11T11:45:28","modified_gmt":"2026-03-11T11:45:28","slug":"stay-bent-sharpening-jig","status":"publish","type":"product","link":"https:\/\/ztsports.com\/fr\/store\/stay-bent-sharpening-jig\/","title":{"rendered":"STAY BENT SHARPENING JIG"},"content":{"rendered":"<h1>ENSEMBLE D&#8217;AIGUISAGE STAY BENT<\/h1>\n<p>L&#8217;ensemble d&#8217;aiguisage Stay Bent est <strong>le gabarit d&#8217;aiguisage le plus pr\u00e9cis disponible<\/strong>. Fabriqu\u00e9 en aluminium de s\u00e9rie 7000 usin\u00e9 CNC, ce gabarit pr\u00e9sente des tol\u00e9rances extr\u00eamement serr\u00e9es.<\/p>\n<p>Il maintient vos lames dans une position constante \u00e0 chaque utilisation.<\/p>\n<p>Le cadre StayBent pour aiguisage de lames de patin \u00e0 vitesse est le gabarit le plus pr\u00e9cis sur le march\u00e9. Il est livr\u00e9 avec des rep\u00e8res de montage inf\u00e9rieur, et vous pouvez passer \u00e0 des rep\u00e8res de montage sup\u00e9rieur pour obtenir des bords les plus pr\u00e9cis, aff\u00fbt\u00e9s et nivel\u00e9s possible.<\/p>\n<p>Il comprend \u00e9galement un syst\u00e8me de pince pivotante qui ne modifie pas le cambrage de vos lames. Les boutons de serrage en aluminium usin\u00e9 sont plus durables que jamais, et la barre hexagonale du cadre poss\u00e8de des graduations d\u2019alignement usin\u00e9es qui acc\u00e9l\u00e8rent la configuration lorsque vous devez travailler sur des lames de longueurs diff\u00e9rentes.<\/p>\n<p>Ne vous laissez pas tromper par les gabarits d\u2019imitation. Fiable pour les patineurs les plus rapides du monde, aucun autre gabarit sur le march\u00e9 n\u2019\u00e9gale la qualit\u00e9 et la constance du cadre Stay Bent.<\/p>\n<ul>\n<li>Construction en aluminium CNC s\u00e9rie 7000 (USA)<\/li>\n<li>Syst\u00e8me de pince pivotante<\/li>\n<li>Rep\u00e8res de montage inf\u00e9rieur inclus<\/li>\n<li>Option de rep\u00e8res de montage sup\u00e9rieur disponible<\/li>\n<li>2014 : boutons de serrage en aluminium usin\u00e9 billet<\/li>\n<li>2014 : barre hexagonale avec graduations d\u2019alignement usin\u00e9es<\/li>\n<li>2014 : rep\u00e8res de but\u00e9e sup\u00e9rieure optionnels usin\u00e9s dans un seul bloc d\u2019aluminium billet<\/li>\n<\/ul>\n<p>Remarque : En raison de l\u00e9g\u00e8res diff\u00e9rences de hauteur des lames, un aiguisage sans rep\u00e8res de montage sup\u00e9rieur peut incliner vos bords et modifier le rocker de vos lames. Les rep\u00e8res de montage sup\u00e9rieur garantissent que vos lames sont toujours nivel\u00e9es, offrant ainsi le meilleur tranchant possible.<\/p>\n<p><a href=\"https:\/\/ztsports.com\/product-category\/sharpening\/jigs\/\"><strong>Vous pouvez trouver tous nos gabarits et kits d\u2019aiguisage ici.<\/strong><\/a><\/p>\n<h3><a href=\"https:\/\/www.youtube.com\/watch?v=6mu5w7rdrL0\" target=\"_blank\" rel=\"noopener\">Tutoriel d\u2019aiguisage de patins.<\/a><\/h3>\n","protected":false},"excerpt":{"rendered":"<p>ENSEMBLE D&#8217;AIGUISAGE STAY BENT L&#8217;ensemble d&#8217;aiguisage Stay Bent est le gabarit d&#8217;aiguisage le plus pr\u00e9cis disponible. Fabriqu\u00e9 en aluminium de s\u00e9rie 7000 usin\u00e9 CNC, ce gabarit pr\u00e9sente des tol\u00e9rances extr\u00eamement serr\u00e9es. Il maintient vos lames dans une position constante \u00e0 chaque utilisation. Le cadre StayBent pour aiguisage de lames de patin \u00e0 vitesse est le [&hellip;]<\/p>\n","protected":false},"featured_media":24895,"comment_status":"open","ping_status":"closed","template":"","meta":{"_acf_changed":false,"_monsterinsights_skip_tracking":false,"_monsterinsights_sitenote_active":false,"_monsterinsights_sitenote_note":"","_monsterinsights_sitenote_category":0,"_uf_show_specific_survey":0,"_uf_disable_surveys":false,"site-sidebar-layout":"default","site-content-layout":"","ast-site-content-layout":"default","site-content-style":"default","site-sidebar-style":"default","ast-global-header-display":"","ast-banner-title-visibility":"","ast-main-header-display":"","ast-hfb-above-header-display":"","ast-hfb-below-header-display":"","ast-hfb-mobile-header-display":"","site-post-title":"","ast-breadcrumbs-content":"","ast-featured-img":"","footer-sml-layout":"","ast-disable-related-posts":"","theme-transparent-header-meta":"default","adv-header-id-meta":"","stick-header-meta":"","header-above-stick-meta":"","header-main-stick-meta":"","header-below-stick-meta":"","astra-migrate-meta-layouts":"set","ast-page-background-enabled":"default","ast-page-background-meta":{"desktop":{"background-color":"","background-image":"","background-repeat":"repeat","background-position":"center center","background-size":"auto","background-attachment":"scroll","background-type":"","background-media":"","overlay-type":"","overlay-color":"","overlay-opacity":"","overlay-gradient":""},"tablet":{"background-color":"","background-image":"","background-repeat":"repeat","background-position":"center center","background-size":"auto","background-attachment":"scroll","background-type":"","background-media":"","overlay-type":"","overlay-color":"","overlay-opacity":"","overlay-gradient":""},"mobile":{"background-color":"","background-image":"","background-repeat":"repeat","background-position":"center center","background-size":"auto","background-attachment":"scroll","background-type":"","background-media":"","overlay-type":"","overlay-color":"","overlay-opacity":"","overlay-gradient":""}},"ast-content-background-meta":{"desktop":{"background-color":"var(--ast-global-color-5)","background-image":"","background-repeat":"repeat","background-position":"center center","background-size":"auto","background-attachment":"scroll","background-type":"","background-media":"","overlay-type":"","overlay-color":"","overlay-opacity":"","overlay-gradient":""},"tablet":{"background-color":"var(--ast-global-color-5)","background-image":"","background-repeat":"repeat","background-position":"center center","background-size":"auto","background-attachment":"scroll","background-type":"","background-media":"","overlay-type":"","overlay-color":"","overlay-opacity":"","overlay-gradient":""},"mobile":{"background-color":"var(--ast-global-color-5)","background-image":"","background-repeat":"repeat","background-position":"center center","background-size":"auto","background-attachment":"scroll","background-type":"","background-media":"","overlay-type":"","overlay-color":"","overlay-opacity":"","overlay-gradient":""}}},"product_brand":[3344,3346],"product_cat":[3378],"product_tag":[3806],"class_list":{"0":"post-24523","1":"product","2":"type-product","3":"status-publish","4":"has-post-thumbnail","6":"product_brand-stay-bent","7":"product_brand-staybent-by-ehs","8":"product_cat-non-categorise","9":"product_tag-staybent","10":"desktop-align-left","11":"tablet-align-left","12":"mobile-align-left","14":"first","15":"instock","16":"taxable","17":"shipping-taxable","18":"purchasable","19":"product-type-simple"},"acf":[],"_links":{"self":[{"href":"https:\/\/ztsports.com\/fr\/wp-json\/wp\/v2\/product\/24523","targetHints":{"allow":["GET"]}}],"collection":[{"href":"https:\/\/ztsports.com\/fr\/wp-json\/wp\/v2\/product"}],"about":[{"href":"https:\/\/ztsports.com\/fr\/wp-json\/wp\/v2\/types\/product"}],"replies":[{"embeddable":true,"href":"https:\/\/ztsports.com\/fr\/wp-json\/wp\/v2\/comments?post=24523"}],"version-history":[{"count":2,"href":"https:\/\/ztsports.com\/fr\/wp-json\/wp\/v2\/product\/24523\/revisions"}],"predecessor-version":[{"id":24525,"href":"https:\/\/ztsports.com\/fr\/wp-json\/wp\/v2\/product\/24523\/revisions\/24525"}],"wp:featuredmedia":[{"embeddable":true,"href":"https:\/\/ztsports.com\/fr\/wp-json\/wp\/v2\/media\/24895"}],"wp:attachment":[{"href":"https:\/\/ztsports.com\/fr\/wp-json\/wp\/v2\/media?parent=24523"}],"wp:term":[{"taxonomy":"product_brand","embeddable":true,"href":"https:\/\/ztsports.com\/fr\/wp-json\/wp\/v2\/product_brand?post=24523"},{"taxonomy":"product_cat","embeddable":true,"href":"https:\/\/ztsports.com\/fr\/wp-json\/wp\/v2\/product_cat?post=24523"},{"taxonomy":"product_tag","embeddable":true,"href":"https:\/\/ztsports.com\/fr\/wp-json\/wp\/v2\/product_tag?post=24523"}],"curies":[{"name":"wp","href":"https:\/\/api.w.org\/{rel}","templated":true}]}}