{"id":24515,"date":"2021-09-23T02:02:15","date_gmt":"2021-09-23T02:02:15","guid":{"rendered":"https:\/\/ztsports.com\/?post_type=product&#038;p=24515"},"modified":"2026-03-11T11:38:07","modified_gmt":"2026-03-11T11:38:07","slug":"bont-patriot-super-sale","status":"publish","type":"product","link":"https:\/\/ztsports.com\/fr\/store\/bont-patriot-super-sale\/","title":{"rendered":"BONT PATRIOT Super Sale"},"content":{"rendered":"<h1>BONT PATRIOT<\/h1>\n<p>Les bottes Bont PATRIOT ont la partie sup\u00e9rieure en mat\u00e9riaux composites avec une coque en fibre de verre. Excellentes pour d\u00e9butants ou comme bottes de club. Indice de rigidit\u00e9 : moyen. Thermo-moulables.<\/p>\n<p>Les patineurs short track se sentent invincibles. C\u2019est une attitude qui leur permet de repousser toutes les limites.<\/p>\n<p>D\u00e9couvrez la Patriot. Il n\u2019est pas difficile de retrouver notre riche tradition de lignes \u00e9pur\u00e9es et d\u2019attitude affirm\u00e9e dans notre dernier mod\u00e8le Short Track. Nous sommes une marque qui continue de refuser la pens\u00e9e conventionnelle tout en poussant nos designs classiques encore un peu plus loin \u00e0 chaque fois.<\/p>\n<p>La Patriot est une botte qui devrait co\u00fbter plus de 1000 $, avec fibres de carbone pos\u00e9es \u00e0 la main et le syst\u00e8me unique \u00ab pressure wrap \u00bb de Bont, qui \u00e9limine plus de r\u00e9sine exc\u00e9dentaire que toute autre technique de pose de carbone.<\/p>\n<p>D\u00e9couvrez les caract\u00e9ristiques avanc\u00e9es de la Patriot pour le short track \u2013 une botte de performance interm\u00e9diaire fabriqu\u00e9e en mat\u00e9riaux composites. Thermo-moulable pour un ajustement parfait, renforc\u00e9e avec un couvre-lacets et une sangle velcro pour un soutien suppl\u00e9mentaire. Un choix superbe pour une botte d\u00e9butant, avec en plus des \u00e9conomies possibles gr\u00e2ce aux tarifs club !<\/p>\n<p><strong>Maintenant \u00e0 prix de liquidation sur les tailles en stock<\/strong><\/p>\n<h5>Regardez maintenant une vid\u00e9o sur <a href=\"https:\/\/www.youtube.com\/watch?v=2AfKfzVSCWk\" target=\"_blank\" rel=\"noopener\"><strong>Comment thermoformer vos bottes Bont<\/strong><\/a><\/h5>\n<p>Enfin, d\u00e9couvrez toutes nos <a href=\"\/?product_cat=speed-skating-boots\"><strong>bottes Short Track ici<\/strong><\/a>.<\/p>\n","protected":false},"excerpt":{"rendered":"<p>BONT PATRIOT Les bottes Bont PATRIOT ont la partie sup\u00e9rieure en mat\u00e9riaux composites avec une coque en fibre de verre. Excellentes pour d\u00e9butants ou comme bottes de club. Indice de rigidit\u00e9 : moyen. Thermo-moulables. Les patineurs short track se sentent invincibles. C\u2019est une attitude qui leur permet de repousser toutes les limites. D\u00e9couvrez la Patriot. [&hellip;]<\/p>\n","protected":false},"featured_media":23156,"comment_status":"open","ping_status":"closed","template":"","meta":{"_acf_changed":false,"_monsterinsights_skip_tracking":false,"_monsterinsights_sitenote_active":false,"_monsterinsights_sitenote_note":"","_monsterinsights_sitenote_category":0,"_uf_show_specific_survey":0,"_uf_disable_surveys":false,"site-sidebar-layout":"default","site-content-layout":"","ast-site-content-layout":"default","site-content-style":"default","site-sidebar-style":"default","ast-global-header-display":"","ast-banner-title-visibility":"","ast-main-header-display":"","ast-hfb-above-header-display":"","ast-hfb-below-header-display":"","ast-hfb-mobile-header-display":"","site-post-title":"","ast-breadcrumbs-content":"","ast-featured-img":"","footer-sml-layout":"","ast-disable-related-posts":"","theme-transparent-header-meta":"default","adv-header-id-meta":"","stick-header-meta":"","header-above-stick-meta":"","header-main-stick-meta":"","header-below-stick-meta":"","astra-migrate-meta-layouts":"set","ast-page-background-enabled":"default","ast-page-background-meta":{"desktop":{"background-color":"","background-image":"","background-repeat":"repeat","background-position":"center center","background-size":"auto","background-attachment":"scroll","background-type":"","background-media":"","overlay-type":"","overlay-color":"","overlay-opacity":"","overlay-gradient":""},"tablet":{"background-color":"","background-image":"","background-repeat":"repeat","background-position":"center center","background-size":"auto","background-attachment":"scroll","background-type":"","background-media":"","overlay-type":"","overlay-color":"","overlay-opacity":"","overlay-gradient":""},"mobile":{"background-color":"","background-image":"","background-repeat":"repeat","background-position":"center center","background-size":"auto","background-attachment":"scroll","background-type":"","background-media":"","overlay-type":"","overlay-color":"","overlay-opacity":"","overlay-gradient":""}},"ast-content-background-meta":{"desktop":{"background-color":"var(--ast-global-color-5)","background-image":"","background-repeat":"repeat","background-position":"center center","background-size":"auto","background-attachment":"scroll","background-type":"","background-media":"","overlay-type":"","overlay-color":"","overlay-opacity":"","overlay-gradient":""},"tablet":{"background-color":"var(--ast-global-color-5)","background-image":"","background-repeat":"repeat","background-position":"center center","background-size":"auto","background-attachment":"scroll","background-type":"","background-media":"","overlay-type":"","overlay-color":"","overlay-opacity":"","overlay-gradient":""},"mobile":{"background-color":"var(--ast-global-color-5)","background-image":"","background-repeat":"repeat","background-position":"center center","background-size":"auto","background-attachment":"scroll","background-type":"","background-media":"","overlay-type":"","overlay-color":"","overlay-opacity":"","overlay-gradient":""}}},"product_brand":[3285],"product_cat":[3378],"product_tag":[],"class_list":{"0":"post-24515","1":"product","2":"type-product","3":"status-publish","4":"has-post-thumbnail","6":"product_brand-bont","7":"product_cat-non-categorise","8":"desktop-align-left","9":"tablet-align-left","10":"mobile-align-left","12":"first","13":"instock","14":"sale","15":"taxable","16":"shipping-taxable","17":"purchasable","18":"product-type-simple"},"acf":[],"_links":{"self":[{"href":"https:\/\/ztsports.com\/fr\/wp-json\/wp\/v2\/product\/24515","targetHints":{"allow":["GET"]}}],"collection":[{"href":"https:\/\/ztsports.com\/fr\/wp-json\/wp\/v2\/product"}],"about":[{"href":"https:\/\/ztsports.com\/fr\/wp-json\/wp\/v2\/types\/product"}],"replies":[{"embeddable":true,"href":"https:\/\/ztsports.com\/fr\/wp-json\/wp\/v2\/comments?post=24515"}],"version-history":[{"count":1,"href":"https:\/\/ztsports.com\/fr\/wp-json\/wp\/v2\/product\/24515\/revisions"}],"predecessor-version":[{"id":24516,"href":"https:\/\/ztsports.com\/fr\/wp-json\/wp\/v2\/product\/24515\/revisions\/24516"}],"wp:featuredmedia":[{"embeddable":true,"href":"https:\/\/ztsports.com\/fr\/wp-json\/wp\/v2\/media\/23156"}],"wp:attachment":[{"href":"https:\/\/ztsports.com\/fr\/wp-json\/wp\/v2\/media?parent=24515"}],"wp:term":[{"taxonomy":"product_brand","embeddable":true,"href":"https:\/\/ztsports.com\/fr\/wp-json\/wp\/v2\/product_brand?post=24515"},{"taxonomy":"product_cat","embeddable":true,"href":"https:\/\/ztsports.com\/fr\/wp-json\/wp\/v2\/product_cat?post=24515"},{"taxonomy":"product_tag","embeddable":true,"href":"https:\/\/ztsports.com\/fr\/wp-json\/wp\/v2\/product_tag?post=24515"}],"curies":[{"name":"wp","href":"https:\/\/api.w.org\/{rel}","templated":true}]}}