{"id":24513,"date":"2021-09-23T02:02:16","date_gmt":"2021-09-23T02:02:16","guid":{"rendered":"https:\/\/ztsports.com\/?post_type=product&#038;p=24513"},"modified":"2026-03-11T10:56:55","modified_gmt":"2026-03-11T10:56:55","slug":"bont-patriot-carbon-short-track-boot-3","status":"publish","type":"product","link":"https:\/\/ztsports.com\/fr\/store\/bont-patriot-carbon-short-track-boot-3\/","title":{"rendered":"BONT PATRIOT CARBON Short Track Boot"},"content":{"rendered":"<h1><strong>BONT PATRIOT CARBON BOTTE SHORT TRACK<\/strong><\/h1>\n<p>La botte Bont Patriot Carbon pour short track est une botte qui devrait co\u00fbter plus de 1000 $. Comme les bottes de prix sup\u00e9rieur, elle est fabriqu\u00e9e avec des fibres de carbone pos\u00e9es \u00e0 la main, puis int\u00e9gr\u00e9e au syst\u00e8me unique de Bont \u00ab\u00a0pressure wrap\u00a0\u00bb, qui \u00e9limine plus de r\u00e9sine exc\u00e9dentaire que toute autre technique de pose de carbone. De plus, la partie sup\u00e9rieure de la botte est en mat\u00e9riaux composites. Coque en fibre de carbone. Id\u00e9ale pour les patineurs de niveau interm\u00e9diaire.<\/p>\n<p>La BONT PATRIOT CARBON SHORT TRACK BOOT donne aux patineurs short track un sentiment d\u2019invincibilit\u00e9. C\u2019est une attitude qui leur permet de repousser toutes les limites. D\u00e9couvrez la Patriot. Regardez de pr\u00e8s et \u00e9coutez bien.<\/p>\n<h5>On retrouve facilement notre riche tradition de lignes \u00e9pur\u00e9es et d\u2019attitude affirm\u00e9e dans notre dernier mod\u00e8le Short Track. Nous sommes une marque qui continue de refuser la pens\u00e9e conventionnelle tout en poussant nos designs classiques encore un peu plus loin \u00e0 chaque fois.<\/h5>\n<h5>Regardez maintenant une vid\u00e9o sur <a href=\"https:\/\/www.youtube.com\/watch?v=2AfKfzVSCWk\" target=\"_blank\" rel=\"noopener\"><strong>Comment thermoformer vos bottes Bont<\/strong><\/a><\/h5>\n<p>Enfin, d\u00e9couvrez toutes nos <a href=\"\/?product_cat=speed-skating-boots\"><strong>bottes Short Track ici<\/strong><\/a>.<\/p>\n","protected":false},"excerpt":{"rendered":"<p>BONT PATRIOT CARBON BOTTE SHORT TRACK La botte Bont Patriot Carbon pour short track est une botte qui devrait co\u00fbter plus de 1000 $. Comme les bottes de prix sup\u00e9rieur, elle est fabriqu\u00e9e avec des fibres de carbone pos\u00e9es \u00e0 la main, puis int\u00e9gr\u00e9e au syst\u00e8me unique de Bont \u00ab\u00a0pressure wrap\u00a0\u00bb, qui \u00e9limine plus de [&hellip;]<\/p>\n","protected":false},"featured_media":24512,"comment_status":"open","ping_status":"closed","template":"","meta":{"_acf_changed":false,"_monsterinsights_skip_tracking":false,"_monsterinsights_sitenote_active":false,"_monsterinsights_sitenote_note":"","_monsterinsights_sitenote_category":0,"_uf_show_specific_survey":0,"_uf_disable_surveys":false,"site-sidebar-layout":"default","site-content-layout":"","ast-site-content-layout":"default","site-content-style":"default","site-sidebar-style":"default","ast-global-header-display":"","ast-banner-title-visibility":"","ast-main-header-display":"","ast-hfb-above-header-display":"","ast-hfb-below-header-display":"","ast-hfb-mobile-header-display":"","site-post-title":"","ast-breadcrumbs-content":"","ast-featured-img":"","footer-sml-layout":"","ast-disable-related-posts":"","theme-transparent-header-meta":"default","adv-header-id-meta":"","stick-header-meta":"","header-above-stick-meta":"","header-main-stick-meta":"","header-below-stick-meta":"","astra-migrate-meta-layouts":"set","ast-page-background-enabled":"default","ast-page-background-meta":{"desktop":{"background-color":"","background-image":"","background-repeat":"repeat","background-position":"center center","background-size":"auto","background-attachment":"scroll","background-type":"","background-media":"","overlay-type":"","overlay-color":"","overlay-opacity":"","overlay-gradient":""},"tablet":{"background-color":"","background-image":"","background-repeat":"repeat","background-position":"center center","background-size":"auto","background-attachment":"scroll","background-type":"","background-media":"","overlay-type":"","overlay-color":"","overlay-opacity":"","overlay-gradient":""},"mobile":{"background-color":"","background-image":"","background-repeat":"repeat","background-position":"center center","background-size":"auto","background-attachment":"scroll","background-type":"","background-media":"","overlay-type":"","overlay-color":"","overlay-opacity":"","overlay-gradient":""}},"ast-content-background-meta":{"desktop":{"background-color":"var(--ast-global-color-5)","background-image":"","background-repeat":"repeat","background-position":"center center","background-size":"auto","background-attachment":"scroll","background-type":"","background-media":"","overlay-type":"","overlay-color":"","overlay-opacity":"","overlay-gradient":""},"tablet":{"background-color":"var(--ast-global-color-5)","background-image":"","background-repeat":"repeat","background-position":"center center","background-size":"auto","background-attachment":"scroll","background-type":"","background-media":"","overlay-type":"","overlay-color":"","overlay-opacity":"","overlay-gradient":""},"mobile":{"background-color":"var(--ast-global-color-5)","background-image":"","background-repeat":"repeat","background-position":"center center","background-size":"auto","background-attachment":"scroll","background-type":"","background-media":"","overlay-type":"","overlay-color":"","overlay-opacity":"","overlay-gradient":""}}},"product_brand":[3285],"product_cat":[3378],"product_tag":[],"class_list":{"0":"post-24513","1":"product","2":"type-product","3":"status-publish","4":"has-post-thumbnail","6":"product_brand-bont","7":"product_cat-non-categorise","8":"desktop-align-left","9":"tablet-align-left","10":"mobile-align-left","12":"first","13":"instock","14":"taxable","15":"shipping-taxable","16":"purchasable","17":"product-type-simple"},"acf":[],"_links":{"self":[{"href":"https:\/\/ztsports.com\/fr\/wp-json\/wp\/v2\/product\/24513","targetHints":{"allow":["GET"]}}],"collection":[{"href":"https:\/\/ztsports.com\/fr\/wp-json\/wp\/v2\/product"}],"about":[{"href":"https:\/\/ztsports.com\/fr\/wp-json\/wp\/v2\/types\/product"}],"replies":[{"embeddable":true,"href":"https:\/\/ztsports.com\/fr\/wp-json\/wp\/v2\/comments?post=24513"}],"version-history":[{"count":1,"href":"https:\/\/ztsports.com\/fr\/wp-json\/wp\/v2\/product\/24513\/revisions"}],"predecessor-version":[{"id":24514,"href":"https:\/\/ztsports.com\/fr\/wp-json\/wp\/v2\/product\/24513\/revisions\/24514"}],"wp:featuredmedia":[{"embeddable":true,"href":"https:\/\/ztsports.com\/fr\/wp-json\/wp\/v2\/media\/24512"}],"wp:attachment":[{"href":"https:\/\/ztsports.com\/fr\/wp-json\/wp\/v2\/media?parent=24513"}],"wp:term":[{"taxonomy":"product_brand","embeddable":true,"href":"https:\/\/ztsports.com\/fr\/wp-json\/wp\/v2\/product_brand?post=24513"},{"taxonomy":"product_cat","embeddable":true,"href":"https:\/\/ztsports.com\/fr\/wp-json\/wp\/v2\/product_cat?post=24513"},{"taxonomy":"product_tag","embeddable":true,"href":"https:\/\/ztsports.com\/fr\/wp-json\/wp\/v2\/product_tag?post=24513"}],"curies":[{"name":"wp","href":"https:\/\/api.w.org\/{rel}","templated":true}]}}