{"id":24510,"date":"2021-09-23T02:02:18","date_gmt":"2021-09-23T02:02:18","guid":{"rendered":"https:\/\/ztsports.com\/?post_type=product&#038;p=24510"},"modified":"2026-03-11T10:55:49","modified_gmt":"2026-03-11T10:55:49","slug":"skate-tec-n98-short-track-boot","status":"publish","type":"product","link":"https:\/\/ztsports.com\/fr\/store\/skate-tec-n98-short-track-boot\/","title":{"rendered":"SKATE-TEC N98 SHORT TRACK BOOT"},"content":{"rendered":"<h1>SKATE-TEC N98 BOTTE SHORT TRACK<\/h1>\n<p>Voici les bottes carbone N98 pour le short track. Elles ont \u00e9t\u00e9 fabriqu\u00e9es et con\u00e7ues par la soci\u00e9t\u00e9 Skate-Tec.<\/p>\n<p>Le N98 est un clin d&#8217;\u0153il aux Jeux de Nagano 1998.<\/p>\n<p>La N98 est la botte d&#8217;entr\u00e9e de gamme de Skate-Tec, con\u00e7ue avec des caract\u00e9ristiques de haute performance. Elle est fabriqu\u00e9e avec une coque en fibre de carbone l\u00e9g\u00e8re offrant une rigidit\u00e9 et un soutien exceptionnels. La botte est thermoformable pour un ajustement personnalis\u00e9. Elle dispose d&#8217;une mousse thermique au niveau de la cheville pour un meilleur maintien et confort. L&#8217;ext\u00e9rieur est en cuir synth\u00e9tique offrant une durabilit\u00e9 exceptionnelle.<\/p>\n<p>Tailles disponibles : 30 \u00e0 46<\/p>\n<p><img fetchpriority=\"high\" decoding=\"async\" class=\"aligncenter\" src=\"https:\/\/xactskateshop.com\/wp-content\/uploads\/2022\/04\/TctT11lWwLRJOACT-1-257x300.png\" alt=\"SKATE-TEC N98 BOOT SIZING\" width=\"364\" height=\"425\" \/><\/p>\n<p>Enfin, d\u00e9couvrez tous nos <a href=\"\/?product_cat=speed-skating-boots\"><strong>Bottes Short Track ici<\/strong><\/a>.<\/p>\n","protected":false},"excerpt":{"rendered":"<p>SKATE-TEC N98 BOTTE SHORT TRACK Voici les bottes carbone N98 pour le short track. Elles ont \u00e9t\u00e9 fabriqu\u00e9es et con\u00e7ues par la soci\u00e9t\u00e9 Skate-Tec. Le N98 est un clin d&#8217;\u0153il aux Jeux de Nagano 1998. La N98 est la botte d&#8217;entr\u00e9e de gamme de Skate-Tec, con\u00e7ue avec des caract\u00e9ristiques de haute performance. Elle est fabriqu\u00e9e [&hellip;]<\/p>\n","protected":false},"featured_media":24507,"comment_status":"open","ping_status":"closed","template":"","meta":{"_acf_changed":false,"_monsterinsights_skip_tracking":false,"_monsterinsights_sitenote_active":false,"_monsterinsights_sitenote_note":"","_monsterinsights_sitenote_category":0,"_uf_show_specific_survey":0,"_uf_disable_surveys":false,"site-sidebar-layout":"default","site-content-layout":"","ast-site-content-layout":"default","site-content-style":"default","site-sidebar-style":"default","ast-global-header-display":"","ast-banner-title-visibility":"","ast-main-header-display":"","ast-hfb-above-header-display":"","ast-hfb-below-header-display":"","ast-hfb-mobile-header-display":"","site-post-title":"","ast-breadcrumbs-content":"","ast-featured-img":"","footer-sml-layout":"","ast-disable-related-posts":"","theme-transparent-header-meta":"default","adv-header-id-meta":"","stick-header-meta":"","header-above-stick-meta":"","header-main-stick-meta":"","header-below-stick-meta":"","astra-migrate-meta-layouts":"set","ast-page-background-enabled":"default","ast-page-background-meta":{"desktop":{"background-color":"","background-image":"","background-repeat":"repeat","background-position":"center center","background-size":"auto","background-attachment":"scroll","background-type":"","background-media":"","overlay-type":"","overlay-color":"","overlay-opacity":"","overlay-gradient":""},"tablet":{"background-color":"","background-image":"","background-repeat":"repeat","background-position":"center center","background-size":"auto","background-attachment":"scroll","background-type":"","background-media":"","overlay-type":"","overlay-color":"","overlay-opacity":"","overlay-gradient":""},"mobile":{"background-color":"","background-image":"","background-repeat":"repeat","background-position":"center center","background-size":"auto","background-attachment":"scroll","background-type":"","background-media":"","overlay-type":"","overlay-color":"","overlay-opacity":"","overlay-gradient":""}},"ast-content-background-meta":{"desktop":{"background-color":"var(--ast-global-color-5)","background-image":"","background-repeat":"repeat","background-position":"center center","background-size":"auto","background-attachment":"scroll","background-type":"","background-media":"","overlay-type":"","overlay-color":"","overlay-opacity":"","overlay-gradient":""},"tablet":{"background-color":"var(--ast-global-color-5)","background-image":"","background-repeat":"repeat","background-position":"center center","background-size":"auto","background-attachment":"scroll","background-type":"","background-media":"","overlay-type":"","overlay-color":"","overlay-opacity":"","overlay-gradient":""},"mobile":{"background-color":"var(--ast-global-color-5)","background-image":"","background-repeat":"repeat","background-position":"center center","background-size":"auto","background-attachment":"scroll","background-type":"","background-media":"","overlay-type":"","overlay-color":"","overlay-opacity":"","overlay-gradient":""}}},"product_brand":[3326,3338],"product_cat":[3378],"product_tag":[],"class_list":{"0":"post-24510","1":"product","2":"type-product","3":"status-publish","4":"has-post-thumbnail","6":"product_brand-nagano","7":"product_brand-skate-tec","8":"product_cat-non-categorise","9":"desktop-align-left","10":"tablet-align-left","11":"mobile-align-left","13":"first","14":"instock","15":"sale","16":"taxable","17":"shipping-taxable","18":"purchasable","19":"product-type-simple"},"acf":[],"_links":{"self":[{"href":"https:\/\/ztsports.com\/fr\/wp-json\/wp\/v2\/product\/24510","targetHints":{"allow":["GET"]}}],"collection":[{"href":"https:\/\/ztsports.com\/fr\/wp-json\/wp\/v2\/product"}],"about":[{"href":"https:\/\/ztsports.com\/fr\/wp-json\/wp\/v2\/types\/product"}],"replies":[{"embeddable":true,"href":"https:\/\/ztsports.com\/fr\/wp-json\/wp\/v2\/comments?post=24510"}],"version-history":[{"count":1,"href":"https:\/\/ztsports.com\/fr\/wp-json\/wp\/v2\/product\/24510\/revisions"}],"predecessor-version":[{"id":24511,"href":"https:\/\/ztsports.com\/fr\/wp-json\/wp\/v2\/product\/24510\/revisions\/24511"}],"wp:featuredmedia":[{"embeddable":true,"href":"https:\/\/ztsports.com\/fr\/wp-json\/wp\/v2\/media\/24507"}],"wp:attachment":[{"href":"https:\/\/ztsports.com\/fr\/wp-json\/wp\/v2\/media?parent=24510"}],"wp:term":[{"taxonomy":"product_brand","embeddable":true,"href":"https:\/\/ztsports.com\/fr\/wp-json\/wp\/v2\/product_brand?post=24510"},{"taxonomy":"product_cat","embeddable":true,"href":"https:\/\/ztsports.com\/fr\/wp-json\/wp\/v2\/product_cat?post=24510"},{"taxonomy":"product_tag","embeddable":true,"href":"https:\/\/ztsports.com\/fr\/wp-json\/wp\/v2\/product_tag?post=24510"}],"curies":[{"name":"wp","href":"https:\/\/api.w.org\/{rel}","templated":true}]}}