{"id":24505,"date":"2021-09-23T02:03:25","date_gmt":"2021-09-23T02:03:25","guid":{"rendered":"https:\/\/ztsports.com\/?post_type=product&#038;p=24505"},"modified":"2026-03-21T02:28:13","modified_gmt":"2026-03-21T02:28:13","slug":"las-minstral-ice-short-track-helmet-2","status":"publish","type":"product","link":"https:\/\/ztsports.com\/fr\/store\/las-minstral-ice-short-track-helmet-2\/","title":{"rendered":"LAS MINSTRAL ICE SHORT TRACK HELMET"},"content":{"rendered":"<h1>Casque LAS MINSTRAL ICE Short Track<\/h1>\n<p>Le casque Las Minstral Ice Short Track est fabriqu\u00e9 en Italie. Il s&#8217;agit du premier casque approuv\u00e9 par l&#8217;ISU pour le short track. Restez en s\u00e9curit\u00e9 et \u00e9l\u00e9gant avec ce casque. De plus, la nouvelle version am\u00e9lior\u00e9e est <strong>taille unique<\/strong> et dispose d&#8217;un syst\u00e8me de r\u00e9glage autour de la t\u00eate pour assurer un positionnement parfait. Disponible en trois combinaisons de couleurs classiques : Noir\/Vert, Noir\/Orange, Noir\/Argent.<\/p>\n<p>Casque pour short track et patinage. Compact, a\u00e9rodynamique, s\u00fbr et pr\u00eat pour la comp\u00e9tition aux plus hauts niveaux. Plus de soucis pendant la course, patinez au meilleur de votre forme ! Le casque <em>LAS Mistral Ice II<\/em> est approuv\u00e9 par l&#8217;ISU pour le short track. Le Las Mistral repr\u00e9sente l&#8217;excellence de l&#8217;artisanat italien, offrant protection contre les chocs et les blessures.<\/p>\n<p>Le casque est livr\u00e9 avec un sac pour prot\u00e9ger votre investissement lors du transport dans votre sac \u00e0 dos <a href=\"https:\/\/ztsports.com\/?s=backpack&amp;post_type=product&amp;product_cat=0\"><strong>Backpack<\/strong><\/a>.<\/p>\n<p>Enfin, consultez tous les <a href=\"https:\/\/ztsports.com\/product-category\/inline\/helmets\/\"><strong>Casques Short Track<\/strong><\/a> ici.<\/p>\n","protected":false},"excerpt":{"rendered":"<p>Casque LAS MINSTRAL ICE Short Track Le casque Las Minstral Ice Short Track est fabriqu\u00e9 en Italie. Il s&#8217;agit du premier casque approuv\u00e9 par l&#8217;ISU pour le short track. Restez en s\u00e9curit\u00e9 et \u00e9l\u00e9gant avec ce casque. De plus, la nouvelle version am\u00e9lior\u00e9e est taille unique et dispose d&#8217;un syst\u00e8me de r\u00e9glage autour de la [&hellip;]<\/p>\n","protected":false},"featured_media":24503,"comment_status":"open","ping_status":"closed","template":"","meta":{"_acf_changed":false,"_monsterinsights_skip_tracking":false,"_monsterinsights_sitenote_active":false,"_monsterinsights_sitenote_note":"","_monsterinsights_sitenote_category":0,"_uf_show_specific_survey":0,"_uf_disable_surveys":false,"site-sidebar-layout":"default","site-content-layout":"","ast-site-content-layout":"default","site-content-style":"default","site-sidebar-style":"default","ast-global-header-display":"","ast-banner-title-visibility":"","ast-main-header-display":"","ast-hfb-above-header-display":"","ast-hfb-below-header-display":"","ast-hfb-mobile-header-display":"","site-post-title":"","ast-breadcrumbs-content":"","ast-featured-img":"","footer-sml-layout":"","ast-disable-related-posts":"","theme-transparent-header-meta":"default","adv-header-id-meta":"","stick-header-meta":"","header-above-stick-meta":"","header-main-stick-meta":"","header-below-stick-meta":"","astra-migrate-meta-layouts":"set","ast-page-background-enabled":"default","ast-page-background-meta":{"desktop":{"background-color":"","background-image":"","background-repeat":"repeat","background-position":"center center","background-size":"auto","background-attachment":"scroll","background-type":"","background-media":"","overlay-type":"","overlay-color":"","overlay-opacity":"","overlay-gradient":""},"tablet":{"background-color":"","background-image":"","background-repeat":"repeat","background-position":"center center","background-size":"auto","background-attachment":"scroll","background-type":"","background-media":"","overlay-type":"","overlay-color":"","overlay-opacity":"","overlay-gradient":""},"mobile":{"background-color":"","background-image":"","background-repeat":"repeat","background-position":"center center","background-size":"auto","background-attachment":"scroll","background-type":"","background-media":"","overlay-type":"","overlay-color":"","overlay-opacity":"","overlay-gradient":""}},"ast-content-background-meta":{"desktop":{"background-color":"var(--ast-global-color-5)","background-image":"","background-repeat":"repeat","background-position":"center center","background-size":"auto","background-attachment":"scroll","background-type":"","background-media":"","overlay-type":"","overlay-color":"","overlay-opacity":"","overlay-gradient":""},"tablet":{"background-color":"var(--ast-global-color-5)","background-image":"","background-repeat":"repeat","background-position":"center center","background-size":"auto","background-attachment":"scroll","background-type":"","background-media":"","overlay-type":"","overlay-color":"","overlay-opacity":"","overlay-gradient":""},"mobile":{"background-color":"var(--ast-global-color-5)","background-image":"","background-repeat":"repeat","background-position":"center center","background-size":"auto","background-attachment":"scroll","background-type":"","background-media":"","overlay-type":"","overlay-color":"","overlay-opacity":"","overlay-gradient":""}}},"product_brand":[3314],"product_cat":[3589,3690,4076,3637],"product_tag":[4588],"class_list":{"0":"post-24505","1":"product","2":"type-product","3":"status-publish","4":"has-post-thumbnail","6":"product_brand-las","7":"product_cat-casques","8":"product_cat-helmets","9":"product_cat-hlmet","10":"product_cat-protection","11":"product_tag-casques","12":"desktop-align-left","13":"tablet-align-left","14":"mobile-align-left","16":"first","17":"instock","18":"sale","19":"taxable","20":"shipping-taxable","21":"purchasable","22":"product-type-simple"},"acf":[],"_links":{"self":[{"href":"https:\/\/ztsports.com\/fr\/wp-json\/wp\/v2\/product\/24505","targetHints":{"allow":["GET"]}}],"collection":[{"href":"https:\/\/ztsports.com\/fr\/wp-json\/wp\/v2\/product"}],"about":[{"href":"https:\/\/ztsports.com\/fr\/wp-json\/wp\/v2\/types\/product"}],"replies":[{"embeddable":true,"href":"https:\/\/ztsports.com\/fr\/wp-json\/wp\/v2\/comments?post=24505"}],"version-history":[{"count":2,"href":"https:\/\/ztsports.com\/fr\/wp-json\/wp\/v2\/product\/24505\/revisions"}],"predecessor-version":[{"id":24693,"href":"https:\/\/ztsports.com\/fr\/wp-json\/wp\/v2\/product\/24505\/revisions\/24693"}],"wp:featuredmedia":[{"embeddable":true,"href":"https:\/\/ztsports.com\/fr\/wp-json\/wp\/v2\/media\/24503"}],"wp:attachment":[{"href":"https:\/\/ztsports.com\/fr\/wp-json\/wp\/v2\/media?parent=24505"}],"wp:term":[{"taxonomy":"product_brand","embeddable":true,"href":"https:\/\/ztsports.com\/fr\/wp-json\/wp\/v2\/product_brand?post=24505"},{"taxonomy":"product_cat","embeddable":true,"href":"https:\/\/ztsports.com\/fr\/wp-json\/wp\/v2\/product_cat?post=24505"},{"taxonomy":"product_tag","embeddable":true,"href":"https:\/\/ztsports.com\/fr\/wp-json\/wp\/v2\/product_tag?post=24505"}],"curies":[{"name":"wp","href":"https:\/\/api.w.org\/{rel}","templated":true}]}}