{"id":24501,"date":"2021-09-23T02:04:31","date_gmt":"2021-09-23T02:04:31","guid":{"rendered":"https:\/\/ztsports.com\/?post_type=product&#038;p=24501"},"modified":"2026-03-11T10:47:11","modified_gmt":"2026-03-11T10:47:11","slug":"dyneema-neck-guard-sebra-short-track-protection","status":"publish","type":"product","link":"https:\/\/ztsports.com\/fr\/store\/dyneema-neck-guard-sebra-short-track-protection\/","title":{"rendered":"DYNEEMA NECK GUARD Sebra Short Track Protection"},"content":{"rendered":"<h1>Prot\u00e8ge-cou DYNEEMA Sebra<\/h1>\n<p>Le prot\u00e8ge-cou DYNEEMA Sebra est un \u00e9quipement <strong>obligatoire<\/strong> pour le patinage de vitesse sur courte piste. Il est fabriqu\u00e9 \u00e0 partir de fibres super Aramid, offrant une protection de niveau 5 contre les chocs et coupures. La technologie de tissage creux permet de r\u00e9guler la chaleur et la transpiration. Ce prot\u00e8ge-cou est conforme aux r\u00e8glements ISU ainsi qu&#8217;\u00e0 la norme internationale EN388 pour les mat\u00e9riaux r\u00e9sistants aux coupures.<\/p>\n<ul>\n<li>Fibres super Aramid<\/li>\n<li>Technologie Hollow Fiber (tissage creux)<\/li>\n<li>R\u00e9gulation de la chaleur et de la transpiration<\/li>\n<li>Conforme aux r\u00e8glements ISU<\/li>\n<\/ul>\n<p><strong>FPVQ &amp; <a href=\"https:\/\/www.ontariospeedskating.ca\/safety-equipment\" target=\"_blank\" rel=\"noopener\">OSSA : Accessoire obligatoire<\/a> en comp\u00e9tition.<\/strong><\/p>\n<p>Enfin, d\u00e9couvrez toute notre <a href=\"https:\/\/ztsports.com\/product-category\/protection\/neck-guards\/\"><strong>s\u00e9lection de prot\u00e8ge-cou<\/strong><\/a> ici.<\/p>\n<table border=\"1\" frame=\"border\" rules=\"all\" align=\"left\">\n<thead>\n<tr>\n<th>Taille<\/th>\n<th>Tour de cou<\/th>\n<th>\u00c2ge moyen<\/th>\n<\/tr>\n<\/thead>\n<tbody>\n<tr>\n<td>S<\/td>\n<td>33 cm<\/td>\n<td>&gt; 6 ans<\/td>\n<\/tr>\n<tr>\n<td>M<\/td>\n<td>36 cm<\/td>\n<td>&gt; 12 ans<\/td>\n<\/tr>\n<tr>\n<td>L<\/td>\n<td>38 cm<\/td>\n<td>&gt; 16 ans<\/td>\n<\/tr>\n<tr>\n<td>XL<\/td>\n<td>41 cm<\/td>\n<td>&gt; 20 ans<\/td>\n<\/tr>\n<\/tbody>\n<\/table>\n","protected":false},"excerpt":{"rendered":"<p>Prot\u00e8ge-cou DYNEEMA Sebra Le prot\u00e8ge-cou DYNEEMA Sebra est un \u00e9quipement obligatoire pour le patinage de vitesse sur courte piste. Il est fabriqu\u00e9 \u00e0 partir de fibres super Aramid, offrant une protection de niveau 5 contre les chocs et coupures. La technologie de tissage creux permet de r\u00e9guler la chaleur et la transpiration. Ce prot\u00e8ge-cou est [&hellip;]<\/p>\n","protected":false},"featured_media":24499,"comment_status":"open","ping_status":"closed","template":"","meta":{"_acf_changed":false,"_monsterinsights_skip_tracking":false,"_monsterinsights_sitenote_active":false,"_monsterinsights_sitenote_note":"","_monsterinsights_sitenote_category":0,"_uf_show_specific_survey":0,"_uf_disable_surveys":false,"site-sidebar-layout":"default","site-content-layout":"","ast-site-content-layout":"default","site-content-style":"default","site-sidebar-style":"default","ast-global-header-display":"","ast-banner-title-visibility":"","ast-main-header-display":"","ast-hfb-above-header-display":"","ast-hfb-below-header-display":"","ast-hfb-mobile-header-display":"","site-post-title":"","ast-breadcrumbs-content":"","ast-featured-img":"","footer-sml-layout":"","ast-disable-related-posts":"","theme-transparent-header-meta":"default","adv-header-id-meta":"","stick-header-meta":"","header-above-stick-meta":"","header-main-stick-meta":"","header-below-stick-meta":"","astra-migrate-meta-layouts":"set","ast-page-background-enabled":"default","ast-page-background-meta":{"desktop":{"background-color":"","background-image":"","background-repeat":"repeat","background-position":"center center","background-size":"auto","background-attachment":"scroll","background-type":"","background-media":"","overlay-type":"","overlay-color":"","overlay-opacity":"","overlay-gradient":""},"tablet":{"background-color":"","background-image":"","background-repeat":"repeat","background-position":"center center","background-size":"auto","background-attachment":"scroll","background-type":"","background-media":"","overlay-type":"","overlay-color":"","overlay-opacity":"","overlay-gradient":""},"mobile":{"background-color":"","background-image":"","background-repeat":"repeat","background-position":"center center","background-size":"auto","background-attachment":"scroll","background-type":"","background-media":"","overlay-type":"","overlay-color":"","overlay-opacity":"","overlay-gradient":""}},"ast-content-background-meta":{"desktop":{"background-color":"var(--ast-global-color-5)","background-image":"","background-repeat":"repeat","background-position":"center center","background-size":"auto","background-attachment":"scroll","background-type":"","background-media":"","overlay-type":"","overlay-color":"","overlay-opacity":"","overlay-gradient":""},"tablet":{"background-color":"var(--ast-global-color-5)","background-image":"","background-repeat":"repeat","background-position":"center center","background-size":"auto","background-attachment":"scroll","background-type":"","background-media":"","overlay-type":"","overlay-color":"","overlay-opacity":"","overlay-gradient":""},"mobile":{"background-color":"var(--ast-global-color-5)","background-image":"","background-repeat":"repeat","background-position":"center center","background-size":"auto","background-attachment":"scroll","background-type":"","background-media":"","overlay-type":"","overlay-color":"","overlay-opacity":"","overlay-gradient":""}}},"product_brand":[3335],"product_cat":[3378],"product_tag":[],"class_list":{"0":"post-24501","1":"product","2":"type-product","3":"status-publish","4":"has-post-thumbnail","6":"product_brand-sebra","7":"product_cat-non-categorise","8":"desktop-align-left","9":"tablet-align-left","10":"mobile-align-left","12":"first","13":"instock","14":"taxable","15":"shipping-taxable","16":"purchasable","17":"product-type-simple"},"acf":[],"_links":{"self":[{"href":"https:\/\/ztsports.com\/fr\/wp-json\/wp\/v2\/product\/24501","targetHints":{"allow":["GET"]}}],"collection":[{"href":"https:\/\/ztsports.com\/fr\/wp-json\/wp\/v2\/product"}],"about":[{"href":"https:\/\/ztsports.com\/fr\/wp-json\/wp\/v2\/types\/product"}],"replies":[{"embeddable":true,"href":"https:\/\/ztsports.com\/fr\/wp-json\/wp\/v2\/comments?post=24501"}],"version-history":[{"count":1,"href":"https:\/\/ztsports.com\/fr\/wp-json\/wp\/v2\/product\/24501\/revisions"}],"predecessor-version":[{"id":24502,"href":"https:\/\/ztsports.com\/fr\/wp-json\/wp\/v2\/product\/24501\/revisions\/24502"}],"wp:featuredmedia":[{"embeddable":true,"href":"https:\/\/ztsports.com\/fr\/wp-json\/wp\/v2\/media\/24499"}],"wp:attachment":[{"href":"https:\/\/ztsports.com\/fr\/wp-json\/wp\/v2\/media?parent=24501"}],"wp:term":[{"taxonomy":"product_brand","embeddable":true,"href":"https:\/\/ztsports.com\/fr\/wp-json\/wp\/v2\/product_brand?post=24501"},{"taxonomy":"product_cat","embeddable":true,"href":"https:\/\/ztsports.com\/fr\/wp-json\/wp\/v2\/product_cat?post=24501"},{"taxonomy":"product_tag","embeddable":true,"href":"https:\/\/ztsports.com\/fr\/wp-json\/wp\/v2\/product_tag?post=24501"}],"curies":[{"name":"wp","href":"https:\/\/api.w.org\/{rel}","templated":true}]}}