{"id":24497,"date":"2021-09-23T02:04:32","date_gmt":"2021-09-23T02:04:32","guid":{"rendered":"https:\/\/ztsports.com\/?post_type=product&#038;p=24497"},"modified":"2026-03-11T09:48:25","modified_gmt":"2026-03-11T09:48:25","slug":"speed-skate-protective-eyewear-bk-turbo","status":"publish","type":"product","link":"https:\/\/ztsports.com\/fr\/store\/speed-skate-protective-eyewear-bk-turbo\/","title":{"rendered":"Speed Skate Protective Eyewear BK Turbo"},"content":{"rendered":"<h2>Lunettes de Protection Speed Skate BK Turbo<\/h2>\n<p>Les lunettes de protection pour patinage de vitesse sont un des \u00e9quipements de s\u00e9curit\u00e9 obligatoires pour le patinage de vitesse sur courte piste.<\/p>\n<p>Le <strong>Black Knight Turbo<\/strong> est disponible en tailles Jeunesse et Adulte. Elles sont \u00e9quip\u00e9es de verres en polycarbonate \u00e0 haute r\u00e9sistance et anti-rayures. Les verres optiques neutres n\u2019alt\u00e8rent pas la vision. Les branches \u00e0 ba\u00efonnette assurent un ajustement pr\u00e9cis et confortable. Le rev\u00eatement anti-bu\u00e9e et la ventilation minimisent la formation de bu\u00e9e. Les verres perc\u00e9s en haut am\u00e9liorent la circulation de l\u2019air et r\u00e9duisent la condensation. Les branches ajustables permettent un ajustement personnalis\u00e9.<\/p>\n<p>De plus, une sangle pour lunettes et un \u00e9tui sont inclus.<\/p>\n<p><strong>FPVQ &amp; <a href=\"https:\/\/www.ontariospeedskating.ca\/safety-equipment\" target=\"_blank\" rel=\"noopener\">OSSA : Accessoire obligatoire<\/a> en comp\u00e9tition.<\/strong><\/p>\n<p>Enfin, d\u00e9couvrez toutes nos <a href=\"https:\/\/ztsports.com\/product-category\/protection\/glasses\/\"><strong>lunettes de protection pour le patinage de vitesse<\/strong><\/a> ici.<\/p>\n","protected":false},"excerpt":{"rendered":"<p>Lunettes de Protection Speed Skate BK Turbo Les lunettes de protection pour patinage de vitesse sont un des \u00e9quipements de s\u00e9curit\u00e9 obligatoires pour le patinage de vitesse sur courte piste. Le Black Knight Turbo est disponible en tailles Jeunesse et Adulte. Elles sont \u00e9quip\u00e9es de verres en polycarbonate \u00e0 haute r\u00e9sistance et anti-rayures. Les verres [&hellip;]<\/p>\n","protected":false},"featured_media":24494,"comment_status":"open","ping_status":"closed","template":"","meta":{"_acf_changed":false,"_monsterinsights_skip_tracking":false,"_monsterinsights_sitenote_active":false,"_monsterinsights_sitenote_note":"","_monsterinsights_sitenote_category":0,"_uf_show_specific_survey":0,"_uf_disable_surveys":false,"site-sidebar-layout":"default","site-content-layout":"","ast-site-content-layout":"default","site-content-style":"default","site-sidebar-style":"default","ast-global-header-display":"","ast-banner-title-visibility":"","ast-main-header-display":"","ast-hfb-above-header-display":"","ast-hfb-below-header-display":"","ast-hfb-mobile-header-display":"","site-post-title":"","ast-breadcrumbs-content":"","ast-featured-img":"","footer-sml-layout":"","ast-disable-related-posts":"","theme-transparent-header-meta":"default","adv-header-id-meta":"","stick-header-meta":"","header-above-stick-meta":"","header-main-stick-meta":"","header-below-stick-meta":"","astra-migrate-meta-layouts":"set","ast-page-background-enabled":"default","ast-page-background-meta":{"desktop":{"background-color":"","background-image":"","background-repeat":"repeat","background-position":"center center","background-size":"auto","background-attachment":"scroll","background-type":"","background-media":"","overlay-type":"","overlay-color":"","overlay-opacity":"","overlay-gradient":""},"tablet":{"background-color":"","background-image":"","background-repeat":"repeat","background-position":"center center","background-size":"auto","background-attachment":"scroll","background-type":"","background-media":"","overlay-type":"","overlay-color":"","overlay-opacity":"","overlay-gradient":""},"mobile":{"background-color":"","background-image":"","background-repeat":"repeat","background-position":"center center","background-size":"auto","background-attachment":"scroll","background-type":"","background-media":"","overlay-type":"","overlay-color":"","overlay-opacity":"","overlay-gradient":""}},"ast-content-background-meta":{"desktop":{"background-color":"var(--ast-global-color-5)","background-image":"","background-repeat":"repeat","background-position":"center center","background-size":"auto","background-attachment":"scroll","background-type":"","background-media":"","overlay-type":"","overlay-color":"","overlay-opacity":"","overlay-gradient":""},"tablet":{"background-color":"var(--ast-global-color-5)","background-image":"","background-repeat":"repeat","background-position":"center center","background-size":"auto","background-attachment":"scroll","background-type":"","background-media":"","overlay-type":"","overlay-color":"","overlay-opacity":"","overlay-gradient":""},"mobile":{"background-color":"var(--ast-global-color-5)","background-image":"","background-repeat":"repeat","background-position":"center center","background-size":"auto","background-attachment":"scroll","background-type":"","background-media":"","overlay-type":"","overlay-color":"","overlay-opacity":"","overlay-gradient":""}}},"product_brand":[3281],"product_cat":[3378],"product_tag":[4562],"class_list":{"0":"post-24497","1":"product","2":"type-product","3":"status-publish","4":"has-post-thumbnail","6":"product_brand-black-knight","7":"product_cat-non-categorise","8":"product_tag-speed-skating","9":"desktop-align-left","10":"tablet-align-left","11":"mobile-align-left","13":"first","14":"instock","15":"sale","16":"taxable","17":"shipping-taxable","18":"purchasable","19":"product-type-simple"},"acf":[],"_links":{"self":[{"href":"https:\/\/ztsports.com\/fr\/wp-json\/wp\/v2\/product\/24497","targetHints":{"allow":["GET"]}}],"collection":[{"href":"https:\/\/ztsports.com\/fr\/wp-json\/wp\/v2\/product"}],"about":[{"href":"https:\/\/ztsports.com\/fr\/wp-json\/wp\/v2\/types\/product"}],"replies":[{"embeddable":true,"href":"https:\/\/ztsports.com\/fr\/wp-json\/wp\/v2\/comments?post=24497"}],"version-history":[{"count":1,"href":"https:\/\/ztsports.com\/fr\/wp-json\/wp\/v2\/product\/24497\/revisions"}],"predecessor-version":[{"id":24498,"href":"https:\/\/ztsports.com\/fr\/wp-json\/wp\/v2\/product\/24497\/revisions\/24498"}],"wp:featuredmedia":[{"embeddable":true,"href":"https:\/\/ztsports.com\/fr\/wp-json\/wp\/v2\/media\/24494"}],"wp:attachment":[{"href":"https:\/\/ztsports.com\/fr\/wp-json\/wp\/v2\/media?parent=24497"}],"wp:term":[{"taxonomy":"product_brand","embeddable":true,"href":"https:\/\/ztsports.com\/fr\/wp-json\/wp\/v2\/product_brand?post=24497"},{"taxonomy":"product_cat","embeddable":true,"href":"https:\/\/ztsports.com\/fr\/wp-json\/wp\/v2\/product_cat?post=24497"},{"taxonomy":"product_tag","embeddable":true,"href":"https:\/\/ztsports.com\/fr\/wp-json\/wp\/v2\/product_tag?post=24497"}],"curies":[{"name":"wp","href":"https:\/\/api.w.org\/{rel}","templated":true}]}}