{"id":24492,"date":"2021-09-23T02:04:32","date_gmt":"2021-09-23T02:04:32","guid":{"rendered":"https:\/\/ztsports.com\/?post_type=product&#038;p=24492"},"modified":"2026-03-11T09:46:59","modified_gmt":"2026-03-11T09:46:59","slug":"short-track-protective-eyewear-bk-stiletto","status":"publish","type":"product","link":"https:\/\/ztsports.com\/fr\/store\/short-track-protective-eyewear-bk-stiletto\/","title":{"rendered":"Short Track Protective Eyewear BK Stiletto"},"content":{"rendered":"<h2>Lunettes de Protection Short Track Black Knight Stiletto<\/h2>\n<p>Les lunettes de protection Short Track sont un des \u00e9quipements de s\u00e9curit\u00e9 obligatoires pour le patinage de vitesse.<\/p>\n<p>Le <strong>Black Knight Stiletto<\/strong> est disponible en tailles Jeunesse et Adulte. Sa forme arrondie assure un confort in\u00e9gal\u00e9. Ces lunettes offrent un design a\u00e9rodynamique \u00e9l\u00e9gant. De plus, elles poss\u00e8dent des verres en polycarbonate r\u00e9sistant aux rayures et aux impacts, ainsi que des verres optiquement neutres sans distorsion. Elles sont \u00e9galement dot\u00e9es d\u2019un rev\u00eatement anti-bu\u00e9e et sont livr\u00e9es avec un \u00e9tui doux et une sangle.<\/p>\n<p>Les verres optiquement corrects garantissent que vous pouvez voir chaque patineur et palet clairement. Le rev\u00eatement anti-bu\u00e9e et la ventilation permettent d\u2019\u00e9liminer la condensation, tandis que les branches \u00e0 ba\u00efonnette assurent un ajustement s\u00fbr et confortable. Les mod\u00e8les Stiletto respectent la norme de s\u00e9curit\u00e9 ASTM pour tous les sports de patinage de vitesse. Les protections oculaires Black Knight sont officielles pour plusieurs associations sportives et utilis\u00e9es \u00e0 tous les niveaux de comp\u00e9tition.<\/p>\n<p><strong>FPVQ &amp; <a href=\"https:\/\/www.ontariospeedskating.ca\/safety-equipment\" target=\"_blank\" rel=\"noopener\">OSSA : Accessoire obligatoire<\/a> en comp\u00e9tition.<\/strong><\/p>\n<p>Enfin, d\u00e9couvrez toutes nos <a href=\"https:\/\/ztsports.com\/product-category\/protection\/glasses\/\"><strong>lunettes de protection pour le patinage de vitesse<\/strong><\/a> ici.<\/p>\n","protected":false},"excerpt":{"rendered":"<p>Lunettes de Protection Short Track Black Knight Stiletto Les lunettes de protection Short Track sont un des \u00e9quipements de s\u00e9curit\u00e9 obligatoires pour le patinage de vitesse. Le Black Knight Stiletto est disponible en tailles Jeunesse et Adulte. Sa forme arrondie assure un confort in\u00e9gal\u00e9. Ces lunettes offrent un design a\u00e9rodynamique \u00e9l\u00e9gant. De plus, elles poss\u00e8dent [&hellip;]<\/p>\n","protected":false},"featured_media":24489,"comment_status":"open","ping_status":"closed","template":"","meta":{"_acf_changed":false,"_monsterinsights_skip_tracking":false,"_monsterinsights_sitenote_active":false,"_monsterinsights_sitenote_note":"","_monsterinsights_sitenote_category":0,"_uf_show_specific_survey":0,"_uf_disable_surveys":false,"site-sidebar-layout":"default","site-content-layout":"","ast-site-content-layout":"default","site-content-style":"default","site-sidebar-style":"default","ast-global-header-display":"","ast-banner-title-visibility":"","ast-main-header-display":"","ast-hfb-above-header-display":"","ast-hfb-below-header-display":"","ast-hfb-mobile-header-display":"","site-post-title":"","ast-breadcrumbs-content":"","ast-featured-img":"","footer-sml-layout":"","ast-disable-related-posts":"","theme-transparent-header-meta":"default","adv-header-id-meta":"","stick-header-meta":"","header-above-stick-meta":"","header-main-stick-meta":"","header-below-stick-meta":"","astra-migrate-meta-layouts":"set","ast-page-background-enabled":"default","ast-page-background-meta":{"desktop":{"background-color":"","background-image":"","background-repeat":"repeat","background-position":"center center","background-size":"auto","background-attachment":"scroll","background-type":"","background-media":"","overlay-type":"","overlay-color":"","overlay-opacity":"","overlay-gradient":""},"tablet":{"background-color":"","background-image":"","background-repeat":"repeat","background-position":"center center","background-size":"auto","background-attachment":"scroll","background-type":"","background-media":"","overlay-type":"","overlay-color":"","overlay-opacity":"","overlay-gradient":""},"mobile":{"background-color":"","background-image":"","background-repeat":"repeat","background-position":"center center","background-size":"auto","background-attachment":"scroll","background-type":"","background-media":"","overlay-type":"","overlay-color":"","overlay-opacity":"","overlay-gradient":""}},"ast-content-background-meta":{"desktop":{"background-color":"var(--ast-global-color-5)","background-image":"","background-repeat":"repeat","background-position":"center center","background-size":"auto","background-attachment":"scroll","background-type":"","background-media":"","overlay-type":"","overlay-color":"","overlay-opacity":"","overlay-gradient":""},"tablet":{"background-color":"var(--ast-global-color-5)","background-image":"","background-repeat":"repeat","background-position":"center center","background-size":"auto","background-attachment":"scroll","background-type":"","background-media":"","overlay-type":"","overlay-color":"","overlay-opacity":"","overlay-gradient":""},"mobile":{"background-color":"var(--ast-global-color-5)","background-image":"","background-repeat":"repeat","background-position":"center center","background-size":"auto","background-attachment":"scroll","background-type":"","background-media":"","overlay-type":"","overlay-color":"","overlay-opacity":"","overlay-gradient":""}}},"product_brand":[3281],"product_cat":[3378],"product_tag":[],"class_list":{"0":"post-24492","1":"product","2":"type-product","3":"status-publish","4":"has-post-thumbnail","6":"product_brand-black-knight","7":"product_cat-non-categorise","8":"desktop-align-left","9":"tablet-align-left","10":"mobile-align-left","12":"first","13":"instock","14":"taxable","15":"shipping-taxable","16":"purchasable","17":"product-type-simple"},"acf":[],"_links":{"self":[{"href":"https:\/\/ztsports.com\/fr\/wp-json\/wp\/v2\/product\/24492","targetHints":{"allow":["GET"]}}],"collection":[{"href":"https:\/\/ztsports.com\/fr\/wp-json\/wp\/v2\/product"}],"about":[{"href":"https:\/\/ztsports.com\/fr\/wp-json\/wp\/v2\/types\/product"}],"replies":[{"embeddable":true,"href":"https:\/\/ztsports.com\/fr\/wp-json\/wp\/v2\/comments?post=24492"}],"version-history":[{"count":1,"href":"https:\/\/ztsports.com\/fr\/wp-json\/wp\/v2\/product\/24492\/revisions"}],"predecessor-version":[{"id":24493,"href":"https:\/\/ztsports.com\/fr\/wp-json\/wp\/v2\/product\/24492\/revisions\/24493"}],"wp:featuredmedia":[{"embeddable":true,"href":"https:\/\/ztsports.com\/fr\/wp-json\/wp\/v2\/media\/24489"}],"wp:attachment":[{"href":"https:\/\/ztsports.com\/fr\/wp-json\/wp\/v2\/media?parent=24492"}],"wp:term":[{"taxonomy":"product_brand","embeddable":true,"href":"https:\/\/ztsports.com\/fr\/wp-json\/wp\/v2\/product_brand?post=24492"},{"taxonomy":"product_cat","embeddable":true,"href":"https:\/\/ztsports.com\/fr\/wp-json\/wp\/v2\/product_cat?post=24492"},{"taxonomy":"product_tag","embeddable":true,"href":"https:\/\/ztsports.com\/fr\/wp-json\/wp\/v2\/product_tag?post=24492"}],"curies":[{"name":"wp","href":"https:\/\/api.w.org\/{rel}","templated":true}]}}