{"id":24482,"date":"2021-09-23T02:05:39","date_gmt":"2021-09-23T02:05:39","guid":{"rendered":"https:\/\/ztsports.com\/?post_type=product&#038;p=24482"},"modified":"2026-03-11T09:44:21","modified_gmt":"2026-03-11T09:44:21","slug":"kevlar-coolmax-socks-louis-garneau","status":"publish","type":"product","link":"https:\/\/ztsports.com\/fr\/store\/kevlar-coolmax-socks-louis-garneau\/","title":{"rendered":"KEVLAR COOLMAX SOCKS Louis Garneau"},"content":{"rendered":"<h2>Chaussettes KEVLAR COOLMAX Louis Garneau<\/h2>\n<p>Les chaussettes <strong>KEVLAR COOLMAX<\/strong> fabriqu\u00e9es par Louis Garneau sont r\u00e9sistantes aux coupures et r\u00e9gulent l\u2019humidit\u00e9 pour un confort optimal. Composition : 60% Kevlar, 25% Drytex max, 10% Nylon, 5% Spandex. FPVQ : Accessoire de chaussettes r\u00e9sistant aux coupures autoris\u00e9 en comp\u00e9tition de Short Track.<\/p>\n<p><b>Les chaussettes Coolmax sont beaucoup plus efficaces pour garder vos pieds au sec que le coton<\/b>, qui agit comme une \u00e9ponge. Contrairement au coton, le Coolmax s\u00e8che rapidement en transportant l\u2019humidit\u00e9 vers la couche externe du tissu, aidant ainsi \u00e0 garder vos pieds secs et sans ampoules.<\/p>\n<p><strong>Coolmax<\/strong> est un tissu synth\u00e9tique haute technologie fabriqu\u00e9 \u00e0 partir de <b>fibres de polyester<\/b>, ayant une surface 25% plus grande que les fibres normales. Ces fibres disposent d\u2019un syst\u00e8me de transport qui \u00e9vacue l\u2019humidit\u00e9 de la peau vers l\u2019ext\u00e9rieur du tissu. Le tissu est sp\u00e9cialement con\u00e7u pour garder les athl\u00e8tes au sec et confortables.<\/p>\n<p><strong>Chaussettes KEVLAR COOLMAX<\/strong> \u2013 Taille XL (43-46 uniquement)<\/p>\n<p>Enfin, d\u00e9couvrez tous nos <a href=\"https:\/\/ztsports.com\/product-category\/protection\/lower-body-protection\/\"><strong>produits de protection du bas du corps<\/strong><\/a>.<\/p>\n","protected":false},"excerpt":{"rendered":"<p>Chaussettes KEVLAR COOLMAX Louis Garneau Les chaussettes KEVLAR COOLMAX fabriqu\u00e9es par Louis Garneau sont r\u00e9sistantes aux coupures et r\u00e9gulent l\u2019humidit\u00e9 pour un confort optimal. Composition : 60% Kevlar, 25% Drytex max, 10% Nylon, 5% Spandex. FPVQ : Accessoire de chaussettes r\u00e9sistant aux coupures autoris\u00e9 en comp\u00e9tition de Short Track. Les chaussettes Coolmax sont beaucoup plus [&hellip;]<\/p>\n","protected":false},"featured_media":24481,"comment_status":"open","ping_status":"closed","template":"","meta":{"_acf_changed":false,"_monsterinsights_skip_tracking":false,"_monsterinsights_sitenote_active":false,"_monsterinsights_sitenote_note":"","_monsterinsights_sitenote_category":0,"_uf_show_specific_survey":0,"_uf_disable_surveys":false,"site-sidebar-layout":"default","site-content-layout":"","ast-site-content-layout":"default","site-content-style":"default","site-sidebar-style":"default","ast-global-header-display":"","ast-banner-title-visibility":"","ast-main-header-display":"","ast-hfb-above-header-display":"","ast-hfb-below-header-display":"","ast-hfb-mobile-header-display":"","site-post-title":"","ast-breadcrumbs-content":"","ast-featured-img":"","footer-sml-layout":"","ast-disable-related-posts":"","theme-transparent-header-meta":"default","adv-header-id-meta":"","stick-header-meta":"","header-above-stick-meta":"","header-main-stick-meta":"","header-below-stick-meta":"","astra-migrate-meta-layouts":"set","ast-page-background-enabled":"default","ast-page-background-meta":{"desktop":{"background-color":"","background-image":"","background-repeat":"repeat","background-position":"center center","background-size":"auto","background-attachment":"scroll","background-type":"","background-media":"","overlay-type":"","overlay-color":"","overlay-opacity":"","overlay-gradient":""},"tablet":{"background-color":"","background-image":"","background-repeat":"repeat","background-position":"center center","background-size":"auto","background-attachment":"scroll","background-type":"","background-media":"","overlay-type":"","overlay-color":"","overlay-opacity":"","overlay-gradient":""},"mobile":{"background-color":"","background-image":"","background-repeat":"repeat","background-position":"center center","background-size":"auto","background-attachment":"scroll","background-type":"","background-media":"","overlay-type":"","overlay-color":"","overlay-opacity":"","overlay-gradient":""}},"ast-content-background-meta":{"desktop":{"background-color":"var(--ast-global-color-5)","background-image":"","background-repeat":"repeat","background-position":"center center","background-size":"auto","background-attachment":"scroll","background-type":"","background-media":"","overlay-type":"","overlay-color":"","overlay-opacity":"","overlay-gradient":""},"tablet":{"background-color":"var(--ast-global-color-5)","background-image":"","background-repeat":"repeat","background-position":"center center","background-size":"auto","background-attachment":"scroll","background-type":"","background-media":"","overlay-type":"","overlay-color":"","overlay-opacity":"","overlay-gradient":""},"mobile":{"background-color":"var(--ast-global-color-5)","background-image":"","background-repeat":"repeat","background-position":"center center","background-size":"auto","background-attachment":"scroll","background-type":"","background-media":"","overlay-type":"","overlay-color":"","overlay-opacity":"","overlay-gradient":""}}},"product_brand":[3302],"product_cat":[3378],"product_tag":[],"class_list":{"0":"post-24482","1":"product","2":"type-product","3":"status-publish","4":"has-post-thumbnail","6":"product_brand-garneau","7":"product_cat-non-categorise","8":"desktop-align-left","9":"tablet-align-left","10":"mobile-align-left","12":"first","13":"instock","14":"sale","15":"taxable","16":"shipping-taxable","17":"purchasable","18":"product-type-simple"},"acf":[],"_links":{"self":[{"href":"https:\/\/ztsports.com\/fr\/wp-json\/wp\/v2\/product\/24482","targetHints":{"allow":["GET"]}}],"collection":[{"href":"https:\/\/ztsports.com\/fr\/wp-json\/wp\/v2\/product"}],"about":[{"href":"https:\/\/ztsports.com\/fr\/wp-json\/wp\/v2\/types\/product"}],"replies":[{"embeddable":true,"href":"https:\/\/ztsports.com\/fr\/wp-json\/wp\/v2\/comments?post=24482"}],"version-history":[{"count":1,"href":"https:\/\/ztsports.com\/fr\/wp-json\/wp\/v2\/product\/24482\/revisions"}],"predecessor-version":[{"id":24483,"href":"https:\/\/ztsports.com\/fr\/wp-json\/wp\/v2\/product\/24482\/revisions\/24483"}],"wp:featuredmedia":[{"embeddable":true,"href":"https:\/\/ztsports.com\/fr\/wp-json\/wp\/v2\/media\/24481"}],"wp:attachment":[{"href":"https:\/\/ztsports.com\/fr\/wp-json\/wp\/v2\/media?parent=24482"}],"wp:term":[{"taxonomy":"product_brand","embeddable":true,"href":"https:\/\/ztsports.com\/fr\/wp-json\/wp\/v2\/product_brand?post=24482"},{"taxonomy":"product_cat","embeddable":true,"href":"https:\/\/ztsports.com\/fr\/wp-json\/wp\/v2\/product_cat?post=24482"},{"taxonomy":"product_tag","embeddable":true,"href":"https:\/\/ztsports.com\/fr\/wp-json\/wp\/v2\/product_tag?post=24482"}],"curies":[{"name":"wp","href":"https:\/\/api.w.org\/{rel}","templated":true}]}}