{"id":24472,"date":"2021-09-23T02:05:40","date_gmt":"2021-09-23T02:05:40","guid":{"rendered":"https:\/\/ztsports.com\/?post_type=product&#038;p=24472"},"modified":"2026-03-11T09:41:57","modified_gmt":"2026-03-11T09:41:57","slug":"lt-dyneema-ankle-protector-long-track-speed-skating","status":"publish","type":"product","link":"https:\/\/ztsports.com\/fr\/store\/lt-dyneema-ankle-protector-long-track-speed-skating\/","title":{"rendered":"LT DYNEEMA Ankle Protector Long Track Speed Skating"},"content":{"rendered":"<h3>Protecteurs Dyneema pour Patinage de Vitesse Long Track<\/h3>\n<p>Le prot\u00e8ge-cheville Dyneema est \u00e9quip\u00e9 de bandes \u00e9lastiques en latex aux extr\u00e9mit\u00e9s. Ce tube se positionne de mani\u00e8re s\u00e9curis\u00e9e autour de la cheville ainsi que dans le patin.<\/p>\n<h3>La fibre la plus r\u00e9sistante au monde | <a href=\"https:\/\/www.dyneema.com\" target=\"_blank\" rel=\"noopener\"><strong>Dyneema\u00ae<\/strong><\/a> |<\/h3>\n<p>Notre poly\u00e9thyl\u00e8ne ultra-haut poids mol\u00e9culaire (UHMWPE) <em>Dyneema<\/em>\u00ae repose sur une ing\u00e9nierie r\u00e9volutionnaire. Il permet aux concepteurs de cr\u00e9er des solutions innovantes et performantes.<\/p>\n<p>Enfin, d\u00e9couvrez tous nos <a href=\"https:\/\/ztsports.com\/product-category\/protection\/lower-body-protection\/\"><strong>produits de protection du bas du corps<\/strong><\/a>.<\/p>\n","protected":false},"excerpt":{"rendered":"<p>Protecteurs Dyneema pour Patinage de Vitesse Long Track Le prot\u00e8ge-cheville Dyneema est \u00e9quip\u00e9 de bandes \u00e9lastiques en latex aux extr\u00e9mit\u00e9s. Ce tube se positionne de mani\u00e8re s\u00e9curis\u00e9e autour de la cheville ainsi que dans le patin. La fibre la plus r\u00e9sistante au monde | Dyneema\u00ae | Notre poly\u00e9thyl\u00e8ne ultra-haut poids mol\u00e9culaire (UHMWPE) Dyneema\u00ae repose sur [&hellip;]<\/p>\n","protected":false},"featured_media":24470,"comment_status":"open","ping_status":"closed","template":"","meta":{"_acf_changed":false,"_monsterinsights_skip_tracking":false,"_monsterinsights_sitenote_active":false,"_monsterinsights_sitenote_note":"","_monsterinsights_sitenote_category":0,"_uf_show_specific_survey":0,"_uf_disable_surveys":false,"site-sidebar-layout":"default","site-content-layout":"","ast-site-content-layout":"default","site-content-style":"default","site-sidebar-style":"default","ast-global-header-display":"","ast-banner-title-visibility":"","ast-main-header-display":"","ast-hfb-above-header-display":"","ast-hfb-below-header-display":"","ast-hfb-mobile-header-display":"","site-post-title":"","ast-breadcrumbs-content":"","ast-featured-img":"","footer-sml-layout":"","ast-disable-related-posts":"","theme-transparent-header-meta":"default","adv-header-id-meta":"","stick-header-meta":"","header-above-stick-meta":"","header-main-stick-meta":"","header-below-stick-meta":"","astra-migrate-meta-layouts":"set","ast-page-background-enabled":"default","ast-page-background-meta":{"desktop":{"background-color":"","background-image":"","background-repeat":"repeat","background-position":"center center","background-size":"auto","background-attachment":"scroll","background-type":"","background-media":"","overlay-type":"","overlay-color":"","overlay-opacity":"","overlay-gradient":""},"tablet":{"background-color":"","background-image":"","background-repeat":"repeat","background-position":"center center","background-size":"auto","background-attachment":"scroll","background-type":"","background-media":"","overlay-type":"","overlay-color":"","overlay-opacity":"","overlay-gradient":""},"mobile":{"background-color":"","background-image":"","background-repeat":"repeat","background-position":"center center","background-size":"auto","background-attachment":"scroll","background-type":"","background-media":"","overlay-type":"","overlay-color":"","overlay-opacity":"","overlay-gradient":""}},"ast-content-background-meta":{"desktop":{"background-color":"var(--ast-global-color-5)","background-image":"","background-repeat":"repeat","background-position":"center center","background-size":"auto","background-attachment":"scroll","background-type":"","background-media":"","overlay-type":"","overlay-color":"","overlay-opacity":"","overlay-gradient":""},"tablet":{"background-color":"var(--ast-global-color-5)","background-image":"","background-repeat":"repeat","background-position":"center center","background-size":"auto","background-attachment":"scroll","background-type":"","background-media":"","overlay-type":"","overlay-color":"","overlay-opacity":"","overlay-gradient":""},"mobile":{"background-color":"var(--ast-global-color-5)","background-image":"","background-repeat":"repeat","background-position":"center center","background-size":"auto","background-attachment":"scroll","background-type":"","background-media":"","overlay-type":"","overlay-color":"","overlay-opacity":"","overlay-gradient":""}}},"product_brand":[3275],"product_cat":[3378],"product_tag":[3823,4562],"class_list":{"0":"post-24472","1":"product","2":"type-product","3":"status-publish","4":"has-post-thumbnail","6":"product_brand-apogee","7":"product_cat-non-categorise","8":"product_tag-long-track","9":"product_tag-speed-skating","10":"desktop-align-left","11":"tablet-align-left","12":"mobile-align-left","14":"first","15":"instock","16":"taxable","17":"shipping-taxable","18":"purchasable","19":"product-type-simple"},"acf":[],"_links":{"self":[{"href":"https:\/\/ztsports.com\/fr\/wp-json\/wp\/v2\/product\/24472","targetHints":{"allow":["GET"]}}],"collection":[{"href":"https:\/\/ztsports.com\/fr\/wp-json\/wp\/v2\/product"}],"about":[{"href":"https:\/\/ztsports.com\/fr\/wp-json\/wp\/v2\/types\/product"}],"replies":[{"embeddable":true,"href":"https:\/\/ztsports.com\/fr\/wp-json\/wp\/v2\/comments?post=24472"}],"version-history":[{"count":1,"href":"https:\/\/ztsports.com\/fr\/wp-json\/wp\/v2\/product\/24472\/revisions"}],"predecessor-version":[{"id":24473,"href":"https:\/\/ztsports.com\/fr\/wp-json\/wp\/v2\/product\/24472\/revisions\/24473"}],"wp:featuredmedia":[{"embeddable":true,"href":"https:\/\/ztsports.com\/fr\/wp-json\/wp\/v2\/media\/24470"}],"wp:attachment":[{"href":"https:\/\/ztsports.com\/fr\/wp-json\/wp\/v2\/media?parent=24472"}],"wp:term":[{"taxonomy":"product_brand","embeddable":true,"href":"https:\/\/ztsports.com\/fr\/wp-json\/wp\/v2\/product_brand?post=24472"},{"taxonomy":"product_cat","embeddable":true,"href":"https:\/\/ztsports.com\/fr\/wp-json\/wp\/v2\/product_cat?post=24472"},{"taxonomy":"product_tag","embeddable":true,"href":"https:\/\/ztsports.com\/fr\/wp-json\/wp\/v2\/product_tag?post=24472"}],"curies":[{"name":"wp","href":"https:\/\/api.w.org\/{rel}","templated":true}]}}