{"id":24460,"date":"2021-09-23T02:06:48","date_gmt":"2021-09-23T02:06:48","guid":{"rendered":"https:\/\/ztsports.com\/?post_type=product&#038;p=24460"},"modified":"2026-03-11T09:33:09","modified_gmt":"2026-03-11T09:33:09","slug":"auclair-st-cut-stopper-adult-speed-skate-glove","status":"publish","type":"product","link":"https:\/\/ztsports.com\/fr\/store\/auclair-st-cut-stopper-adult-speed-skate-glove\/","title":{"rendered":"AUCLAIR ST CUT STOPPER Adult Speed Skate Glove"},"content":{"rendered":"<h1>Gant Auclair ST Cut Stopper Adulte<\/h1>\n<p>Le gant Auclair ST Cut Stopper est un gant de qualit\u00e9 sup\u00e9rieure avec une paume en peau de ch\u00e8vre douce et un dos en Kevlar pour une protection suppl\u00e9mentaire.<\/p>\n<p>Ce gant est l&#8217;un des gants de patinage de vitesse les plus chauds du march\u00e9. Il est devenu le &#8220;choix pr\u00e9f\u00e9r\u00e9 des entra\u00eeneurs&#8221; pour la chaleur, le confort et la protection, aussi bien pour les patineurs de short track que de long track et les entra\u00eeneurs.<\/p>\n<p>Excellent gant \u00e0 un prix avantageux.<\/p>\n<p>Disponible en taille adulte MED \u00e0 X Large en rouge.<\/p>\n<p>La taille Medium \u00e9galement disponible uniquement en noir.<\/p>\n<p>D\u00e9couvrez tous nos <a href=\"https:\/\/ztsports.com\/product-category\/protection\/gloves\/\"><strong>gants de short track<\/strong><\/a> ici.<\/p>\n","protected":false},"excerpt":{"rendered":"<p>Gant Auclair ST Cut Stopper Adulte Le gant Auclair ST Cut Stopper est un gant de qualit\u00e9 sup\u00e9rieure avec une paume en peau de ch\u00e8vre douce et un dos en Kevlar pour une protection suppl\u00e9mentaire. Ce gant est l&#8217;un des gants de patinage de vitesse les plus chauds du march\u00e9. Il est devenu le &#8220;choix [&hellip;]<\/p>\n","protected":false},"featured_media":24459,"comment_status":"open","ping_status":"closed","template":"","meta":{"_acf_changed":false,"_monsterinsights_skip_tracking":false,"_monsterinsights_sitenote_active":false,"_monsterinsights_sitenote_note":"","_monsterinsights_sitenote_category":0,"_uf_show_specific_survey":0,"_uf_disable_surveys":false,"site-sidebar-layout":"default","site-content-layout":"","ast-site-content-layout":"default","site-content-style":"default","site-sidebar-style":"default","ast-global-header-display":"","ast-banner-title-visibility":"","ast-main-header-display":"","ast-hfb-above-header-display":"","ast-hfb-below-header-display":"","ast-hfb-mobile-header-display":"","site-post-title":"","ast-breadcrumbs-content":"","ast-featured-img":"","footer-sml-layout":"","ast-disable-related-posts":"","theme-transparent-header-meta":"default","adv-header-id-meta":"","stick-header-meta":"","header-above-stick-meta":"","header-main-stick-meta":"","header-below-stick-meta":"","astra-migrate-meta-layouts":"set","ast-page-background-enabled":"default","ast-page-background-meta":{"desktop":{"background-color":"","background-image":"","background-repeat":"repeat","background-position":"center center","background-size":"auto","background-attachment":"scroll","background-type":"","background-media":"","overlay-type":"","overlay-color":"","overlay-opacity":"","overlay-gradient":""},"tablet":{"background-color":"","background-image":"","background-repeat":"repeat","background-position":"center center","background-size":"auto","background-attachment":"scroll","background-type":"","background-media":"","overlay-type":"","overlay-color":"","overlay-opacity":"","overlay-gradient":""},"mobile":{"background-color":"","background-image":"","background-repeat":"repeat","background-position":"center center","background-size":"auto","background-attachment":"scroll","background-type":"","background-media":"","overlay-type":"","overlay-color":"","overlay-opacity":"","overlay-gradient":""}},"ast-content-background-meta":{"desktop":{"background-color":"var(--ast-global-color-5)","background-image":"","background-repeat":"repeat","background-position":"center center","background-size":"auto","background-attachment":"scroll","background-type":"","background-media":"","overlay-type":"","overlay-color":"","overlay-opacity":"","overlay-gradient":""},"tablet":{"background-color":"var(--ast-global-color-5)","background-image":"","background-repeat":"repeat","background-position":"center center","background-size":"auto","background-attachment":"scroll","background-type":"","background-media":"","overlay-type":"","overlay-color":"","overlay-opacity":"","overlay-gradient":""},"mobile":{"background-color":"var(--ast-global-color-5)","background-image":"","background-repeat":"repeat","background-position":"center center","background-size":"auto","background-attachment":"scroll","background-type":"","background-media":"","overlay-type":"","overlay-color":"","overlay-opacity":"","overlay-gradient":""}}},"product_brand":[3278],"product_cat":[3378],"product_tag":[],"class_list":{"0":"post-24460","1":"product","2":"type-product","3":"status-publish","4":"has-post-thumbnail","6":"product_brand-auclair","7":"product_cat-non-categorise","8":"desktop-align-left","9":"tablet-align-left","10":"mobile-align-left","12":"first","13":"instock","14":"taxable","15":"shipping-taxable","16":"purchasable","17":"product-type-simple"},"acf":[],"_links":{"self":[{"href":"https:\/\/ztsports.com\/fr\/wp-json\/wp\/v2\/product\/24460","targetHints":{"allow":["GET"]}}],"collection":[{"href":"https:\/\/ztsports.com\/fr\/wp-json\/wp\/v2\/product"}],"about":[{"href":"https:\/\/ztsports.com\/fr\/wp-json\/wp\/v2\/types\/product"}],"replies":[{"embeddable":true,"href":"https:\/\/ztsports.com\/fr\/wp-json\/wp\/v2\/comments?post=24460"}],"version-history":[{"count":1,"href":"https:\/\/ztsports.com\/fr\/wp-json\/wp\/v2\/product\/24460\/revisions"}],"predecessor-version":[{"id":24461,"href":"https:\/\/ztsports.com\/fr\/wp-json\/wp\/v2\/product\/24460\/revisions\/24461"}],"wp:featuredmedia":[{"embeddable":true,"href":"https:\/\/ztsports.com\/fr\/wp-json\/wp\/v2\/media\/24459"}],"wp:attachment":[{"href":"https:\/\/ztsports.com\/fr\/wp-json\/wp\/v2\/media?parent=24460"}],"wp:term":[{"taxonomy":"product_brand","embeddable":true,"href":"https:\/\/ztsports.com\/fr\/wp-json\/wp\/v2\/product_brand?post=24460"},{"taxonomy":"product_cat","embeddable":true,"href":"https:\/\/ztsports.com\/fr\/wp-json\/wp\/v2\/product_cat?post=24460"},{"taxonomy":"product_tag","embeddable":true,"href":"https:\/\/ztsports.com\/fr\/wp-json\/wp\/v2\/product_tag?post=24460"}],"curies":[{"name":"wp","href":"https:\/\/api.w.org\/{rel}","templated":true}]}}