{"id":24457,"date":"2021-09-23T02:06:48","date_gmt":"2021-09-23T02:06:48","guid":{"rendered":"https:\/\/ztsports.com\/?post_type=product&#038;p=24457"},"modified":"2026-03-11T09:31:33","modified_gmt":"2026-03-11T09:31:33","slug":"auclair-team-canada-st-glove-youth","status":"publish","type":"product","link":"https:\/\/ztsports.com\/fr\/store\/auclair-team-canada-st-glove-youth\/","title":{"rendered":"AUCLAIR TEAM CANADA ST GLOVE Youth"},"content":{"rendered":"<h1>Gant Auclair TEAM CANADA ST Jeunesse<\/h1>\n<p>GANTS CP TEAM CANADA AUCLAIR en cuir de ch\u00e8vre 100 %, tr\u00e8s doux et confortable. Taille jeunesse.<\/p>\n<p>Enti\u00e8rement doubl\u00e9 avec des rembourrages suppl\u00e9mentaires sur les doigts pour une protection accrue. Ajustement avec bande \u00e9lastique \/ Velcro.<\/p>\n<ul>\n<li>100 % cuir de ch\u00e8vre<\/li>\n<li>Tr\u00e8s doux et confortable<\/li>\n<li>Enti\u00e8rement doubl\u00e9<\/li>\n<li>Ajustement avec bande \u00e9lastique \/ Velcro<\/li>\n<\/ul>\n<p><strong>Taille jeunesse Small uniquement<\/strong><\/p>\n<p>D\u00e9couvrez tous nos <a href=\"https:\/\/ztsports.com\/product-category\/protection\/gloves\/\"><strong>gants de short track<\/strong><\/a> ici.<\/p>\n","protected":false},"excerpt":{"rendered":"<p>Gant Auclair TEAM CANADA ST Jeunesse GANTS CP TEAM CANADA AUCLAIR en cuir de ch\u00e8vre 100 %, tr\u00e8s doux et confortable. Taille jeunesse. Enti\u00e8rement doubl\u00e9 avec des rembourrages suppl\u00e9mentaires sur les doigts pour une protection accrue. Ajustement avec bande \u00e9lastique \/ Velcro. 100 % cuir de ch\u00e8vre Tr\u00e8s doux et confortable Enti\u00e8rement doubl\u00e9 Ajustement avec [&hellip;]<\/p>\n","protected":false},"featured_media":24456,"comment_status":"open","ping_status":"closed","template":"","meta":{"_acf_changed":false,"_monsterinsights_skip_tracking":false,"_monsterinsights_sitenote_active":false,"_monsterinsights_sitenote_note":"","_monsterinsights_sitenote_category":0,"_uf_show_specific_survey":0,"_uf_disable_surveys":false,"site-sidebar-layout":"default","site-content-layout":"","ast-site-content-layout":"default","site-content-style":"default","site-sidebar-style":"default","ast-global-header-display":"","ast-banner-title-visibility":"","ast-main-header-display":"","ast-hfb-above-header-display":"","ast-hfb-below-header-display":"","ast-hfb-mobile-header-display":"","site-post-title":"","ast-breadcrumbs-content":"","ast-featured-img":"","footer-sml-layout":"","ast-disable-related-posts":"","theme-transparent-header-meta":"default","adv-header-id-meta":"","stick-header-meta":"","header-above-stick-meta":"","header-main-stick-meta":"","header-below-stick-meta":"","astra-migrate-meta-layouts":"set","ast-page-background-enabled":"default","ast-page-background-meta":{"desktop":{"background-color":"","background-image":"","background-repeat":"repeat","background-position":"center center","background-size":"auto","background-attachment":"scroll","background-type":"","background-media":"","overlay-type":"","overlay-color":"","overlay-opacity":"","overlay-gradient":""},"tablet":{"background-color":"","background-image":"","background-repeat":"repeat","background-position":"center center","background-size":"auto","background-attachment":"scroll","background-type":"","background-media":"","overlay-type":"","overlay-color":"","overlay-opacity":"","overlay-gradient":""},"mobile":{"background-color":"","background-image":"","background-repeat":"repeat","background-position":"center center","background-size":"auto","background-attachment":"scroll","background-type":"","background-media":"","overlay-type":"","overlay-color":"","overlay-opacity":"","overlay-gradient":""}},"ast-content-background-meta":{"desktop":{"background-color":"var(--ast-global-color-5)","background-image":"","background-repeat":"repeat","background-position":"center center","background-size":"auto","background-attachment":"scroll","background-type":"","background-media":"","overlay-type":"","overlay-color":"","overlay-opacity":"","overlay-gradient":""},"tablet":{"background-color":"var(--ast-global-color-5)","background-image":"","background-repeat":"repeat","background-position":"center center","background-size":"auto","background-attachment":"scroll","background-type":"","background-media":"","overlay-type":"","overlay-color":"","overlay-opacity":"","overlay-gradient":""},"mobile":{"background-color":"var(--ast-global-color-5)","background-image":"","background-repeat":"repeat","background-position":"center center","background-size":"auto","background-attachment":"scroll","background-type":"","background-media":"","overlay-type":"","overlay-color":"","overlay-opacity":"","overlay-gradient":""}}},"product_brand":[3278],"product_cat":[3378],"product_tag":[],"class_list":{"0":"post-24457","1":"product","2":"type-product","3":"status-publish","4":"has-post-thumbnail","6":"product_brand-auclair","7":"product_cat-non-categorise","8":"desktop-align-left","9":"tablet-align-left","10":"mobile-align-left","12":"first","13":"instock","14":"sale","15":"taxable","16":"shipping-taxable","17":"purchasable","18":"product-type-simple"},"acf":[],"_links":{"self":[{"href":"https:\/\/ztsports.com\/fr\/wp-json\/wp\/v2\/product\/24457","targetHints":{"allow":["GET"]}}],"collection":[{"href":"https:\/\/ztsports.com\/fr\/wp-json\/wp\/v2\/product"}],"about":[{"href":"https:\/\/ztsports.com\/fr\/wp-json\/wp\/v2\/types\/product"}],"replies":[{"embeddable":true,"href":"https:\/\/ztsports.com\/fr\/wp-json\/wp\/v2\/comments?post=24457"}],"version-history":[{"count":1,"href":"https:\/\/ztsports.com\/fr\/wp-json\/wp\/v2\/product\/24457\/revisions"}],"predecessor-version":[{"id":24458,"href":"https:\/\/ztsports.com\/fr\/wp-json\/wp\/v2\/product\/24457\/revisions\/24458"}],"wp:featuredmedia":[{"embeddable":true,"href":"https:\/\/ztsports.com\/fr\/wp-json\/wp\/v2\/media\/24456"}],"wp:attachment":[{"href":"https:\/\/ztsports.com\/fr\/wp-json\/wp\/v2\/media?parent=24457"}],"wp:term":[{"taxonomy":"product_brand","embeddable":true,"href":"https:\/\/ztsports.com\/fr\/wp-json\/wp\/v2\/product_brand?post=24457"},{"taxonomy":"product_cat","embeddable":true,"href":"https:\/\/ztsports.com\/fr\/wp-json\/wp\/v2\/product_cat?post=24457"},{"taxonomy":"product_tag","embeddable":true,"href":"https:\/\/ztsports.com\/fr\/wp-json\/wp\/v2\/product_tag?post=24457"}],"curies":[{"name":"wp","href":"https:\/\/api.w.org\/{rel}","templated":true}]}}