{"id":24450,"date":"2021-09-23T02:06:49","date_gmt":"2021-09-23T02:06:49","guid":{"rendered":"https:\/\/ztsports.com\/?post_type=product&#038;p=24450"},"modified":"2026-03-11T09:29:33","modified_gmt":"2026-03-11T09:29:33","slug":"d-gel-knee-elbow-pad-short-track-protection","status":"publish","type":"product","link":"https:\/\/ztsports.com\/fr\/store\/d-gel-knee-elbow-pad-short-track-protection\/","title":{"rendered":"D-GEL KNEE ELBOW PAD Short Track Protection"},"content":{"rendered":"<h1>D-GEL GENOUILL\u00c8RES ET COUDI\u00c8RES<\/h1>\n<p>Il s&#8217;agit de notre prot\u00e8ge-genoux et coudes en mousse \u00e0 haute densit\u00e9. Recouverts de nylon extensible, ils sont l\u00e9gers. Int\u00e9rieur en mousse polyur\u00e9thane pour une protection compl\u00e8te des genoux et des coudes. Ces genouill\u00e8res et coudi\u00e8res <b>prot\u00e8gent les extr\u00e9mit\u00e9s osseuses des articulations de vos bras et jambes<\/b>. Les deux types de protections offrent une protection contre les chocs pouvant provoquer des fractures.<\/p>\n<p>De plus, une ouverture \u00e0 l\u2019arri\u00e8re garantit le confort. En outre, elles sont lavables en machine (cycle d\u00e9licat).<\/p>\n<p>Article <strong>indispensable<\/strong> pour le Short Track.<\/p>\n<p>D\u00e9couvrez toutes nos <a href=\"https:\/\/ztsports.com\/product-category\/protection\/\"><strong>protections pour patinage de vitesse<\/strong><\/a> ici.<\/p>\n","protected":false},"excerpt":{"rendered":"<p>D-GEL GENOUILL\u00c8RES ET COUDI\u00c8RES Il s&#8217;agit de notre prot\u00e8ge-genoux et coudes en mousse \u00e0 haute densit\u00e9. Recouverts de nylon extensible, ils sont l\u00e9gers. Int\u00e9rieur en mousse polyur\u00e9thane pour une protection compl\u00e8te des genoux et des coudes. Ces genouill\u00e8res et coudi\u00e8res prot\u00e8gent les extr\u00e9mit\u00e9s osseuses des articulations de vos bras et jambes. Les deux types de [&hellip;]<\/p>\n","protected":false},"featured_media":24449,"comment_status":"open","ping_status":"closed","template":"","meta":{"_acf_changed":false,"_monsterinsights_skip_tracking":false,"_monsterinsights_sitenote_active":false,"_monsterinsights_sitenote_note":"","_monsterinsights_sitenote_category":0,"_uf_show_specific_survey":0,"_uf_disable_surveys":false,"site-sidebar-layout":"default","site-content-layout":"","ast-site-content-layout":"default","site-content-style":"default","site-sidebar-style":"default","ast-global-header-display":"","ast-banner-title-visibility":"","ast-main-header-display":"","ast-hfb-above-header-display":"","ast-hfb-below-header-display":"","ast-hfb-mobile-header-display":"","site-post-title":"","ast-breadcrumbs-content":"","ast-featured-img":"","footer-sml-layout":"","ast-disable-related-posts":"","theme-transparent-header-meta":"default","adv-header-id-meta":"","stick-header-meta":"","header-above-stick-meta":"","header-main-stick-meta":"","header-below-stick-meta":"","astra-migrate-meta-layouts":"set","ast-page-background-enabled":"default","ast-page-background-meta":{"desktop":{"background-color":"","background-image":"","background-repeat":"repeat","background-position":"center center","background-size":"auto","background-attachment":"scroll","background-type":"","background-media":"","overlay-type":"","overlay-color":"","overlay-opacity":"","overlay-gradient":""},"tablet":{"background-color":"","background-image":"","background-repeat":"repeat","background-position":"center center","background-size":"auto","background-attachment":"scroll","background-type":"","background-media":"","overlay-type":"","overlay-color":"","overlay-opacity":"","overlay-gradient":""},"mobile":{"background-color":"","background-image":"","background-repeat":"repeat","background-position":"center center","background-size":"auto","background-attachment":"scroll","background-type":"","background-media":"","overlay-type":"","overlay-color":"","overlay-opacity":"","overlay-gradient":""}},"ast-content-background-meta":{"desktop":{"background-color":"var(--ast-global-color-5)","background-image":"","background-repeat":"repeat","background-position":"center center","background-size":"auto","background-attachment":"scroll","background-type":"","background-media":"","overlay-type":"","overlay-color":"","overlay-opacity":"","overlay-gradient":""},"tablet":{"background-color":"var(--ast-global-color-5)","background-image":"","background-repeat":"repeat","background-position":"center center","background-size":"auto","background-attachment":"scroll","background-type":"","background-media":"","overlay-type":"","overlay-color":"","overlay-opacity":"","overlay-gradient":""},"mobile":{"background-color":"var(--ast-global-color-5)","background-image":"","background-repeat":"repeat","background-position":"center center","background-size":"auto","background-attachment":"scroll","background-type":"","background-media":"","overlay-type":"","overlay-color":"","overlay-opacity":"","overlay-gradient":""}}},"product_brand":[3294],"product_cat":[3378],"product_tag":[],"class_list":{"0":"post-24450","1":"product","2":"type-product","3":"status-publish","4":"has-post-thumbnail","6":"product_brand-d-gel","7":"product_cat-non-categorise","8":"desktop-align-left","9":"tablet-align-left","10":"mobile-align-left","12":"first","13":"instock","14":"taxable","15":"shipping-taxable","16":"purchasable","17":"product-type-simple"},"acf":[],"_links":{"self":[{"href":"https:\/\/ztsports.com\/fr\/wp-json\/wp\/v2\/product\/24450","targetHints":{"allow":["GET"]}}],"collection":[{"href":"https:\/\/ztsports.com\/fr\/wp-json\/wp\/v2\/product"}],"about":[{"href":"https:\/\/ztsports.com\/fr\/wp-json\/wp\/v2\/types\/product"}],"replies":[{"embeddable":true,"href":"https:\/\/ztsports.com\/fr\/wp-json\/wp\/v2\/comments?post=24450"}],"version-history":[{"count":1,"href":"https:\/\/ztsports.com\/fr\/wp-json\/wp\/v2\/product\/24450\/revisions"}],"predecessor-version":[{"id":24451,"href":"https:\/\/ztsports.com\/fr\/wp-json\/wp\/v2\/product\/24450\/revisions\/24451"}],"wp:featuredmedia":[{"embeddable":true,"href":"https:\/\/ztsports.com\/fr\/wp-json\/wp\/v2\/media\/24449"}],"wp:attachment":[{"href":"https:\/\/ztsports.com\/fr\/wp-json\/wp\/v2\/media?parent=24450"}],"wp:term":[{"taxonomy":"product_brand","embeddable":true,"href":"https:\/\/ztsports.com\/fr\/wp-json\/wp\/v2\/product_brand?post=24450"},{"taxonomy":"product_cat","embeddable":true,"href":"https:\/\/ztsports.com\/fr\/wp-json\/wp\/v2\/product_cat?post=24450"},{"taxonomy":"product_tag","embeddable":true,"href":"https:\/\/ztsports.com\/fr\/wp-json\/wp\/v2\/product_tag?post=24450"}],"curies":[{"name":"wp","href":"https:\/\/api.w.org\/{rel}","templated":true}]}}