{"id":24447,"date":"2021-09-23T02:08:01","date_gmt":"2021-09-23T02:08:01","guid":{"rendered":"https:\/\/ztsports.com\/?post_type=product&#038;p=24447"},"modified":"2026-03-13T09:53:36","modified_gmt":"2026-03-13T09:53:36","slug":"gel-tube-2-stops-and-protects-ankle-pain","status":"publish","type":"product","link":"https:\/\/ztsports.com\/fr\/store\/gel-tube-2-stops-and-protects-ankle-pain\/","title":{"rendered":"GEL TUBE (2) stops and protects ankle pain"},"content":{"rendered":"<h1>GEL TUBE (2) \u2013 Soulage et prot\u00e8ge les chevilles<\/h1>\n<p>Le Gel Tube se moule \u00e0 la cheville pour r\u00e9duire les frottements, la pression et les irritations \u00e0 l&#8217;int\u00e9rieur du patin. Hypoallerg\u00e9nique, lavable et r\u00e9utilisable. Taille unique.<\/p>\n<p>Vendu par lot de deux prot\u00e8ge-chevilles, id\u00e9al pour r\u00e9duire la douleur pendant l\u2019entra\u00eenement ou les comp\u00e9titions. Protection en gel pour les chevilles, accessoire essentiel lors de l&#8217;achat d&#8217;une nouvelle paire de patins \u00e0 glace ou de roller. <\/p>\n<ul>\n<li>Vendues par paires<\/li>\n<li>Amorti et prot\u00e8ge vos chevilles contre les blessures potentielles<\/li>\n<li>Con\u00e7u pour un ajustement confortable<\/li>\n<\/ul>\n<p>Enfin, consultez tous les <a href=\"https:\/\/ztsports.com\/brand\/ezeefit\/\"><strong>produits Ezeefit<\/strong><\/a> ici.<\/p>\n","protected":false},"excerpt":{"rendered":"<p>GEL TUBE (2) \u2013 Soulage et prot\u00e8ge les chevilles Le Gel Tube se moule \u00e0 la cheville pour r\u00e9duire les frottements, la pression et les irritations \u00e0 l&#8217;int\u00e9rieur du patin. Hypoallerg\u00e9nique, lavable et r\u00e9utilisable. Taille unique. Vendu par lot de deux prot\u00e8ge-chevilles, id\u00e9al pour r\u00e9duire la douleur pendant l\u2019entra\u00eenement ou les comp\u00e9titions. Protection en gel [&hellip;]<\/p>\n","protected":false},"featured_media":24444,"comment_status":"open","ping_status":"closed","template":"","meta":{"_acf_changed":false,"_monsterinsights_skip_tracking":false,"_monsterinsights_sitenote_active":false,"_monsterinsights_sitenote_note":"","_monsterinsights_sitenote_category":0,"_uf_show_specific_survey":0,"_uf_disable_surveys":false,"site-sidebar-layout":"default","site-content-layout":"","ast-site-content-layout":"default","site-content-style":"default","site-sidebar-style":"default","ast-global-header-display":"","ast-banner-title-visibility":"","ast-main-header-display":"","ast-hfb-above-header-display":"","ast-hfb-below-header-display":"","ast-hfb-mobile-header-display":"","site-post-title":"","ast-breadcrumbs-content":"","ast-featured-img":"","footer-sml-layout":"","ast-disable-related-posts":"","theme-transparent-header-meta":"default","adv-header-id-meta":"","stick-header-meta":"","header-above-stick-meta":"","header-main-stick-meta":"","header-below-stick-meta":"","astra-migrate-meta-layouts":"set","ast-page-background-enabled":"default","ast-page-background-meta":{"desktop":{"background-color":"","background-image":"","background-repeat":"repeat","background-position":"center center","background-size":"auto","background-attachment":"scroll","background-type":"","background-media":"","overlay-type":"","overlay-color":"","overlay-opacity":"","overlay-gradient":""},"tablet":{"background-color":"","background-image":"","background-repeat":"repeat","background-position":"center center","background-size":"auto","background-attachment":"scroll","background-type":"","background-media":"","overlay-type":"","overlay-color":"","overlay-opacity":"","overlay-gradient":""},"mobile":{"background-color":"","background-image":"","background-repeat":"repeat","background-position":"center center","background-size":"auto","background-attachment":"scroll","background-type":"","background-media":"","overlay-type":"","overlay-color":"","overlay-opacity":"","overlay-gradient":""}},"ast-content-background-meta":{"desktop":{"background-color":"var(--ast-global-color-5)","background-image":"","background-repeat":"repeat","background-position":"center center","background-size":"auto","background-attachment":"scroll","background-type":"","background-media":"","overlay-type":"","overlay-color":"","overlay-opacity":"","overlay-gradient":""},"tablet":{"background-color":"var(--ast-global-color-5)","background-image":"","background-repeat":"repeat","background-position":"center center","background-size":"auto","background-attachment":"scroll","background-type":"","background-media":"","overlay-type":"","overlay-color":"","overlay-opacity":"","overlay-gradient":""},"mobile":{"background-color":"var(--ast-global-color-5)","background-image":"","background-repeat":"repeat","background-position":"center center","background-size":"auto","background-attachment":"scroll","background-type":"","background-media":"","overlay-type":"","overlay-color":"","overlay-opacity":"","overlay-gradient":""}}},"product_brand":[3298],"product_cat":[4565],"product_tag":[],"class_list":{"0":"post-24447","1":"product","2":"type-product","3":"status-publish","4":"has-post-thumbnail","6":"product_brand-ezeefit","7":"product_cat-accessoires","8":"desktop-align-left","9":"tablet-align-left","10":"mobile-align-left","12":"first","13":"instock","14":"featured","15":"taxable","16":"shipping-taxable","17":"purchasable","18":"product-type-simple"},"acf":[],"_links":{"self":[{"href":"https:\/\/ztsports.com\/fr\/wp-json\/wp\/v2\/product\/24447","targetHints":{"allow":["GET"]}}],"collection":[{"href":"https:\/\/ztsports.com\/fr\/wp-json\/wp\/v2\/product"}],"about":[{"href":"https:\/\/ztsports.com\/fr\/wp-json\/wp\/v2\/types\/product"}],"replies":[{"embeddable":true,"href":"https:\/\/ztsports.com\/fr\/wp-json\/wp\/v2\/comments?post=24447"}],"version-history":[{"count":1,"href":"https:\/\/ztsports.com\/fr\/wp-json\/wp\/v2\/product\/24447\/revisions"}],"predecessor-version":[{"id":24448,"href":"https:\/\/ztsports.com\/fr\/wp-json\/wp\/v2\/product\/24447\/revisions\/24448"}],"wp:featuredmedia":[{"embeddable":true,"href":"https:\/\/ztsports.com\/fr\/wp-json\/wp\/v2\/media\/24444"}],"wp:attachment":[{"href":"https:\/\/ztsports.com\/fr\/wp-json\/wp\/v2\/media?parent=24447"}],"wp:term":[{"taxonomy":"product_brand","embeddable":true,"href":"https:\/\/ztsports.com\/fr\/wp-json\/wp\/v2\/product_brand?post=24447"},{"taxonomy":"product_cat","embeddable":true,"href":"https:\/\/ztsports.com\/fr\/wp-json\/wp\/v2\/product_cat?post=24447"},{"taxonomy":"product_tag","embeddable":true,"href":"https:\/\/ztsports.com\/fr\/wp-json\/wp\/v2\/product_tag?post=24447"}],"curies":[{"name":"wp","href":"https:\/\/api.w.org\/{rel}","templated":true}]}}