{"id":24442,"date":"2021-09-23T02:08:02","date_gmt":"2021-09-23T02:08:02","guid":{"rendered":"https:\/\/ztsports.com\/?post_type=product&#038;p=24442"},"modified":"2026-03-13T09:53:31","modified_gmt":"2026-03-13T09:53:31","slug":"2mm-ankle-bootie-no-more-blisters","status":"publish","type":"product","link":"https:\/\/ztsports.com\/fr\/store\/2mm-ankle-bootie-no-more-blisters\/","title":{"rendered":"2MM ANKLE BOOTIE no more Blisters"},"content":{"rendered":"<h2><strong>eZeefit 2mm CHAUSSONS DE CHEVILLE \u2013 Plus d\u2019ampoules<\/strong><\/h2>\n<p><strong>EZEEFIT<\/strong> 2MM Ankle Bootie en n\u00e9opr\u00e8ne Hitech Superflex 2 mm. Nouvelle doublure micro-douce.<\/p>\n<p>Notre entreprise a \u00e9t\u00e9 cr\u00e9\u00e9e pour proposer une solution anti-adh\u00e9rence contre les frottements et les ampoules. Apr\u00e8s plusieurs prototypes, nous avons trouv\u00e9 une solution simple et efficace, lavable et r\u00e9utilisable plusieurs fois.<br \/>\nIl nous a fallu trois ans pour perfectionner les mat\u00e9riaux exclusifs et sur mesure. Nos mat\u00e9riaux propri\u00e9taires ont une &#8220;m\u00e9moire \u00e9lastique&#8221;, ils sont flexibles tout en conservant leur forme, mouill\u00e9s ou secs, et adh\u00e8rent \u00e0 la peau pour cr\u00e9er une barri\u00e8re efficace contre les frottements.<\/p>\n<h3><strong>2mm ANKLE BOOTIE pour des r\u00e9sultats optimaux<\/strong><\/h3>\n<p>Voici le chausson de cheville 2 mm, la solution ultime pour prot\u00e9ger vos pieds tout en restant confortable. Fabriqu\u00e9s avec des mat\u00e9riaux de haute qualit\u00e9, ces chaussons offrent une protection et un confort sup\u00e9rieurs. Parfait pour diverses activit\u00e9s, y compris la randonn\u00e9e, le <strong>patinage de vitesse<\/strong>, la course et d\u2019autres sports de plein air.<\/p>\n<h3><strong>Pourquoi acheter le chausson 2 mm ?<\/strong><\/h3>\n<ul>\n<li><strong>Design et Mat\u00e9riaux :<\/strong> Profil fin pour un port facile m\u00eame avec des chaussures ou bottes ajust\u00e9es. Mat\u00e9riau respirant et r\u00e9sistant \u00e0 l\u2019eau pour garder les pieds au sec et confortables.<\/li>\n<li><strong>Confort :<\/strong> Semelle rembourr\u00e9e et souple qui s\u2019adapte \u00e0 la forme du pied. Tissu sup\u00e9rieur extensible assurant un ajustement parfait pour toutes les tailles. L\u00e9ger pour un port prolong\u00e9.<\/li>\n<li><strong>Polyvalence :<\/strong> Convient \u00e0 de nombreuses activit\u00e9s : randonn\u00e9e, course et sports ext\u00e9rieurs. Design respirant et l\u00e9ger pour temps chaud, mat\u00e9riau r\u00e9sistant \u00e0 l\u2019eau pour temps humide. Id\u00e9al aussi pour un usage quotidien.<\/li>\n<li><strong>Facilit\u00e9 d\u2019utilisation :<\/strong> Conception simple \u00e0 enfiler et retirer. Pratique pour ceux qui sont souvent en d\u00e9placement.<\/li>\n<li><strong>Durabilit\u00e9 :<\/strong> Mat\u00e9riaux de haute qualit\u00e9 et r\u00e9sistant \u00e0 l\u2019eau pour un usage quotidien intensif.<\/li>\n<li><strong>Service Client :<\/strong> Assistance disponible pour toutes questions et plusieurs tailles disponibles pour un ajustement parfait.<\/li>\n<\/ul>\n<p>Le chausson 2 mm est le choix parfait pour ceux qui recherchent un chausson l\u00e9ger, confortable et durable offrant une protection optimale. Commandez-le d\u00e8s aujourd\u2019hui !<\/p>\n<p>La nouvelle forme de talon <strong>brevet\u00e9e &#8220;Comfort Curve&#8221;<\/strong> \u00e9pouse votre talon pour un ajustement parfait, disponible en noir en six tailles :<\/p>\n<ul>\n<li><strong>2mm<\/strong> n\u00e9opr\u00e8ne superflex hi-tech :<\/li>\n<ul>\n<li>Apporte un l\u00e9ger rembourrage et s\u2019adapte aux pieds apr\u00e8s utilisation.<\/li>\n<li>Doublure microfibre douce qui adh\u00e8re \u00e0 la peau.<\/li>\n<li>Comble les espaces dans les chaussures l\u00e2ches pour \u00e9viter le soul\u00e8vement du talon.<\/li>\n<li>Extra small\/jeunes (nouvelle taille)<\/li>\n<li>Small : femmes pointure 6-9<\/li>\n<li>Med\/Large : hommes pointure 8-13<\/li>\n<li>Noir\/rouge (r\u00e9versible)<\/li>\n<\/ul>\n<\/ul>\n<p><img decoding=\"async\" src=\"https:\/\/www.ezeefitsports.com\/v\/vspfiles\/assets\/images\/final ez size chart 72.jpg\" alt=\"Tableau des tailles Ezeefit\" \/><\/p>\n<p><a href=\"https:\/\/www.youtube.com\/watch?v=KKG3a-MNzrQ&amp;t=3s\" target=\"_blank\" rel=\"noopener\"><strong>Comment les enfiler<\/strong><\/a> et obtenir un ajustement parfait avec les chaussons eZeefit.<\/p>\n<p><strong>Inline Planet<\/strong> : <a href=\"https:\/\/www.inlineplanet.com\/Articles2\/EzeefitReview.html\" target=\"_blank\" rel=\"noopener\"><strong>Revue des Chaussons de Cheville Ezeefit<\/strong><\/a> par <a href=\"mailto:robert@inlineplanet.com\">Robert &#8220;Just the Factoids&#8221; Burnson<\/a><\/p>\n<p>Enfin, consultez tous les <a href=\"https:\/\/ztsports.com\/brand\/ezeefit\/\"><strong>produits Ezeefit<\/strong><\/a> ici.<\/p>\n","protected":false},"excerpt":{"rendered":"<p>eZeefit 2mm CHAUSSONS DE CHEVILLE \u2013 Plus d\u2019ampoules EZEEFIT 2MM Ankle Bootie en n\u00e9opr\u00e8ne Hitech Superflex 2 mm. Nouvelle doublure micro-douce. Notre entreprise a \u00e9t\u00e9 cr\u00e9\u00e9e pour proposer une solution anti-adh\u00e9rence contre les frottements et les ampoules. Apr\u00e8s plusieurs prototypes, nous avons trouv\u00e9 une solution simple et efficace, lavable et r\u00e9utilisable plusieurs fois. Il nous [&hellip;]<\/p>\n","protected":false},"featured_media":24438,"comment_status":"open","ping_status":"closed","template":"","meta":{"_acf_changed":false,"_monsterinsights_skip_tracking":false,"_monsterinsights_sitenote_active":false,"_monsterinsights_sitenote_note":"","_monsterinsights_sitenote_category":0,"_uf_show_specific_survey":0,"_uf_disable_surveys":false,"site-sidebar-layout":"default","site-content-layout":"","ast-site-content-layout":"default","site-content-style":"default","site-sidebar-style":"default","ast-global-header-display":"","ast-banner-title-visibility":"","ast-main-header-display":"","ast-hfb-above-header-display":"","ast-hfb-below-header-display":"","ast-hfb-mobile-header-display":"","site-post-title":"","ast-breadcrumbs-content":"","ast-featured-img":"","footer-sml-layout":"","ast-disable-related-posts":"","theme-transparent-header-meta":"default","adv-header-id-meta":"","stick-header-meta":"","header-above-stick-meta":"","header-main-stick-meta":"","header-below-stick-meta":"","astra-migrate-meta-layouts":"set","ast-page-background-enabled":"default","ast-page-background-meta":{"desktop":{"background-color":"","background-image":"","background-repeat":"repeat","background-position":"center center","background-size":"auto","background-attachment":"scroll","background-type":"","background-media":"","overlay-type":"","overlay-color":"","overlay-opacity":"","overlay-gradient":""},"tablet":{"background-color":"","background-image":"","background-repeat":"repeat","background-position":"center center","background-size":"auto","background-attachment":"scroll","background-type":"","background-media":"","overlay-type":"","overlay-color":"","overlay-opacity":"","overlay-gradient":""},"mobile":{"background-color":"","background-image":"","background-repeat":"repeat","background-position":"center center","background-size":"auto","background-attachment":"scroll","background-type":"","background-media":"","overlay-type":"","overlay-color":"","overlay-opacity":"","overlay-gradient":""}},"ast-content-background-meta":{"desktop":{"background-color":"var(--ast-global-color-5)","background-image":"","background-repeat":"repeat","background-position":"center center","background-size":"auto","background-attachment":"scroll","background-type":"","background-media":"","overlay-type":"","overlay-color":"","overlay-opacity":"","overlay-gradient":""},"tablet":{"background-color":"var(--ast-global-color-5)","background-image":"","background-repeat":"repeat","background-position":"center center","background-size":"auto","background-attachment":"scroll","background-type":"","background-media":"","overlay-type":"","overlay-color":"","overlay-opacity":"","overlay-gradient":""},"mobile":{"background-color":"var(--ast-global-color-5)","background-image":"","background-repeat":"repeat","background-position":"center center","background-size":"auto","background-attachment":"scroll","background-type":"","background-media":"","overlay-type":"","overlay-color":"","overlay-opacity":"","overlay-gradient":""}}},"product_brand":[3298],"product_cat":[4565],"product_tag":[],"class_list":{"0":"post-24442","1":"product","2":"type-product","3":"status-publish","4":"has-post-thumbnail","6":"product_brand-ezeefit","7":"product_cat-accessoires","8":"desktop-align-left","9":"tablet-align-left","10":"mobile-align-left","12":"first","13":"instock","14":"sale","15":"taxable","16":"shipping-taxable","17":"purchasable","18":"product-type-simple"},"acf":[],"_links":{"self":[{"href":"https:\/\/ztsports.com\/fr\/wp-json\/wp\/v2\/product\/24442","targetHints":{"allow":["GET"]}}],"collection":[{"href":"https:\/\/ztsports.com\/fr\/wp-json\/wp\/v2\/product"}],"about":[{"href":"https:\/\/ztsports.com\/fr\/wp-json\/wp\/v2\/types\/product"}],"replies":[{"embeddable":true,"href":"https:\/\/ztsports.com\/fr\/wp-json\/wp\/v2\/comments?post=24442"}],"version-history":[{"count":1,"href":"https:\/\/ztsports.com\/fr\/wp-json\/wp\/v2\/product\/24442\/revisions"}],"predecessor-version":[{"id":24443,"href":"https:\/\/ztsports.com\/fr\/wp-json\/wp\/v2\/product\/24442\/revisions\/24443"}],"wp:featuredmedia":[{"embeddable":true,"href":"https:\/\/ztsports.com\/fr\/wp-json\/wp\/v2\/media\/24438"}],"wp:attachment":[{"href":"https:\/\/ztsports.com\/fr\/wp-json\/wp\/v2\/media?parent=24442"}],"wp:term":[{"taxonomy":"product_brand","embeddable":true,"href":"https:\/\/ztsports.com\/fr\/wp-json\/wp\/v2\/product_brand?post=24442"},{"taxonomy":"product_cat","embeddable":true,"href":"https:\/\/ztsports.com\/fr\/wp-json\/wp\/v2\/product_cat?post=24442"},{"taxonomy":"product_tag","embeddable":true,"href":"https:\/\/ztsports.com\/fr\/wp-json\/wp\/v2\/product_tag?post=24442"}],"curies":[{"name":"wp","href":"https:\/\/api.w.org\/{rel}","templated":true}]}}