{"id":24436,"date":"2021-09-23T02:08:02","date_gmt":"2021-09-23T02:08:02","guid":{"rendered":"https:\/\/ztsports.com\/?post_type=product&#038;p=24436"},"modified":"2026-03-11T09:26:01","modified_gmt":"2026-03-11T09:26:01","slug":"ezeefit-3mm-ankle-bootie-black","status":"publish","type":"product","link":"https:\/\/ztsports.com\/fr\/store\/ezeefit-3mm-ankle-bootie-black\/","title":{"rendered":"eZeefit 3mm Ankle Bootie Black"},"content":{"rendered":"<h2><strong>eZeefit 3mm CHAUSSONS DE CHEVILLE Noir<\/strong><\/h2>\n<p>Les eZeefit 3mm ANKLE BOOTIE Noir offrent la protection la plus \u00e9paisse et conviennent \u00e0 une utilisation avec des chaussures l\u00e2ches ou pour prot\u00e9ger les zones sensibles.<\/p>\n<p>Profitez d&#8217;une exp\u00e9rience sans ampoules ultime avec les chaussons eZeefit ! Comme une seconde peau, ces chaussons cr\u00e9ent une barri\u00e8re protectrice pour r\u00e9duire les frottements, offrant une performance imbattable, mouill\u00e9 ou sec. De plus, ils sont lavables et r\u00e9utilisables, vous pouvez les porter pieds nus ou avec des chaussettes pour plus de commodit\u00e9 !<\/p>\n<p>Ils ont \u00e9t\u00e9 am\u00e9lior\u00e9s avec la forme de talon &#8220;Comfort Curve&#8221; (brevet en attente), \u00e9pousant le talon pour un ajustement encore meilleur. Enfilez-les et partez !<\/p>\n<ul>\n<li>Doublure en microfibre douce qui adh\u00e8re \u00e0 la peau.<\/li>\n<li>Recommand\u00e9 lorsque vous avez besoin d&#8217;une protection maximale.<\/li>\n<li>Enfilez simplement et partez !<\/li>\n<\/ul>\n<p><strong>Caract\u00e9ristiques :<\/strong><\/p>\n<ul>\n<li>Neoprene standard 3mm :<\/li>\n<ul>\n<li>Disponible uniquement en noir : X-Small, Small, Medium ou Large.<\/li>\n<li>3mm est la protection la plus \u00e9paisse et convient aux chaussures l\u00e2ches ou aux zones sensibles.<\/li>\n<li>Doublure en microfibre douce qui adh\u00e8re \u00e0 la peau.<\/li>\n<li>Recommand\u00e9 pour une protection maximale.<\/li>\n<li>Reg\/Large : convient aux hommes pointure 8-13<\/li>\n<li>Small : convient aux femmes pointure 7-10<\/li>\n<li>Noir\/rouge (r\u00e9versible)<\/li>\n<li>Tailles : S &#8211; L<\/li>\n<\/ul>\n<\/ul>\n<p>Disponible uniquement en noir :<\/p>\n<ul>\n<li>X-Small<\/li>\n<li>Small<\/li>\n<li>Medium<\/li>\n<li>Large<\/li>\n<\/ul>\n<p><strong>S pour femmes pointure 7-10, L pour hommes pointure 8-13, Noir \/ Rouge (r\u00e9versible)<\/strong><\/p>\n<p><img decoding=\"async\" src=\"https:\/\/www.ezeefitsports.com\/v\/vspfiles\/assets\/images\/final ez size chart 72.jpg\" alt=\"Tableau des tailles Ezeefit\" \/><\/p>\n<p><a href=\"https:\/\/www.youtube.com\/watch?v=KKG3a-MNzrQ&amp;t=3s\" target=\"_blank\" rel=\"noopener\"><strong>Comment les enfiler<\/strong><\/a> et d\u00e9terminer un ajustement parfait avec les chaussons eZeefit.<\/p>\n<p><strong>Inline Planet<\/strong> : <a href=\"https:\/\/www.inlineplanet.com\/Articles2\/EzeefitReview.html\" target=\"_blank\" rel=\"noopener\"><strong>Revue des Chaussons de Cheville Ezeefit<\/strong><\/a> par <a href=\"mailto:robert@inlineplanet.com\">Robert &#8220;Just the Factoids&#8221; Burnson<\/a><\/p>\n<p>Enfin, consultez tous les <a href=\"https:\/\/ztsports.com\/brand\/ezeefit\/\"><strong>produits Ezeefit<\/strong><\/a> ici.<\/p>\n","protected":false},"excerpt":{"rendered":"<p>eZeefit 3mm CHAUSSONS DE CHEVILLE Noir Les eZeefit 3mm ANKLE BOOTIE Noir offrent la protection la plus \u00e9paisse et conviennent \u00e0 une utilisation avec des chaussures l\u00e2ches ou pour prot\u00e9ger les zones sensibles. Profitez d&#8217;une exp\u00e9rience sans ampoules ultime avec les chaussons eZeefit ! Comme une seconde peau, ces chaussons cr\u00e9ent une barri\u00e8re protectrice pour [&hellip;]<\/p>\n","protected":false},"featured_media":24430,"comment_status":"open","ping_status":"closed","template":"","meta":{"_acf_changed":false,"_monsterinsights_skip_tracking":false,"_monsterinsights_sitenote_active":false,"_monsterinsights_sitenote_note":"","_monsterinsights_sitenote_category":0,"_uf_show_specific_survey":0,"_uf_disable_surveys":false,"site-sidebar-layout":"default","site-content-layout":"","ast-site-content-layout":"default","site-content-style":"default","site-sidebar-style":"default","ast-global-header-display":"","ast-banner-title-visibility":"","ast-main-header-display":"","ast-hfb-above-header-display":"","ast-hfb-below-header-display":"","ast-hfb-mobile-header-display":"","site-post-title":"","ast-breadcrumbs-content":"","ast-featured-img":"","footer-sml-layout":"","ast-disable-related-posts":"","theme-transparent-header-meta":"default","adv-header-id-meta":"","stick-header-meta":"","header-above-stick-meta":"","header-main-stick-meta":"","header-below-stick-meta":"","astra-migrate-meta-layouts":"set","ast-page-background-enabled":"default","ast-page-background-meta":{"desktop":{"background-color":"","background-image":"","background-repeat":"repeat","background-position":"center center","background-size":"auto","background-attachment":"scroll","background-type":"","background-media":"","overlay-type":"","overlay-color":"","overlay-opacity":"","overlay-gradient":""},"tablet":{"background-color":"","background-image":"","background-repeat":"repeat","background-position":"center center","background-size":"auto","background-attachment":"scroll","background-type":"","background-media":"","overlay-type":"","overlay-color":"","overlay-opacity":"","overlay-gradient":""},"mobile":{"background-color":"","background-image":"","background-repeat":"repeat","background-position":"center center","background-size":"auto","background-attachment":"scroll","background-type":"","background-media":"","overlay-type":"","overlay-color":"","overlay-opacity":"","overlay-gradient":""}},"ast-content-background-meta":{"desktop":{"background-color":"var(--ast-global-color-5)","background-image":"","background-repeat":"repeat","background-position":"center center","background-size":"auto","background-attachment":"scroll","background-type":"","background-media":"","overlay-type":"","overlay-color":"","overlay-opacity":"","overlay-gradient":""},"tablet":{"background-color":"var(--ast-global-color-5)","background-image":"","background-repeat":"repeat","background-position":"center center","background-size":"auto","background-attachment":"scroll","background-type":"","background-media":"","overlay-type":"","overlay-color":"","overlay-opacity":"","overlay-gradient":""},"mobile":{"background-color":"var(--ast-global-color-5)","background-image":"","background-repeat":"repeat","background-position":"center center","background-size":"auto","background-attachment":"scroll","background-type":"","background-media":"","overlay-type":"","overlay-color":"","overlay-opacity":"","overlay-gradient":""}}},"product_brand":[3298],"product_cat":[3378],"product_tag":[],"class_list":{"0":"post-24436","1":"product","2":"type-product","3":"status-publish","4":"has-post-thumbnail","6":"product_brand-ezeefit","7":"product_cat-non-categorise","8":"desktop-align-left","9":"tablet-align-left","10":"mobile-align-left","12":"first","13":"instock","14":"sale","15":"taxable","16":"shipping-taxable","17":"purchasable","18":"product-type-simple"},"acf":[],"_links":{"self":[{"href":"https:\/\/ztsports.com\/fr\/wp-json\/wp\/v2\/product\/24436","targetHints":{"allow":["GET"]}}],"collection":[{"href":"https:\/\/ztsports.com\/fr\/wp-json\/wp\/v2\/product"}],"about":[{"href":"https:\/\/ztsports.com\/fr\/wp-json\/wp\/v2\/types\/product"}],"replies":[{"embeddable":true,"href":"https:\/\/ztsports.com\/fr\/wp-json\/wp\/v2\/comments?post=24436"}],"version-history":[{"count":1,"href":"https:\/\/ztsports.com\/fr\/wp-json\/wp\/v2\/product\/24436\/revisions"}],"predecessor-version":[{"id":24437,"href":"https:\/\/ztsports.com\/fr\/wp-json\/wp\/v2\/product\/24436\/revisions\/24437"}],"wp:featuredmedia":[{"embeddable":true,"href":"https:\/\/ztsports.com\/fr\/wp-json\/wp\/v2\/media\/24430"}],"wp:attachment":[{"href":"https:\/\/ztsports.com\/fr\/wp-json\/wp\/v2\/media?parent=24436"}],"wp:term":[{"taxonomy":"product_brand","embeddable":true,"href":"https:\/\/ztsports.com\/fr\/wp-json\/wp\/v2\/product_brand?post=24436"},{"taxonomy":"product_cat","embeddable":true,"href":"https:\/\/ztsports.com\/fr\/wp-json\/wp\/v2\/product_cat?post=24436"},{"taxonomy":"product_tag","embeddable":true,"href":"https:\/\/ztsports.com\/fr\/wp-json\/wp\/v2\/product_tag?post=24436"}],"curies":[{"name":"wp","href":"https:\/\/api.w.org\/{rel}","templated":true}]}}