{"id":24428,"date":"2021-09-23T02:09:11","date_gmt":"2021-09-23T02:09:11","guid":{"rendered":"https:\/\/ztsports.com\/?post_type=product&#038;p=24428"},"modified":"2026-05-02T00:07:53","modified_gmt":"2026-05-02T00:07:53","slug":"bont-sonic-2000-short-track-blades","status":"publish","type":"product","link":"https:\/\/ztsports.com\/fr\/store\/bont-sonic-2000-short-track-blades\/","title":{"rendered":"BONT SONIC 2000 Short Track Blades"},"content":{"rendered":"<h1>BONT SONIC 2000 Lame Short Track<\/h1>\n<p>La BONT Sonic 2000 est un produit solide d&#8217;entr\u00e9e de gamme. Id\u00e9ale pour les locations de club, surtout au prix de liquidation. De plus, la lame offre l&#8217;avantage d&#8217;\u00eatre pr\u00e9-courb\u00e9e en usine. Les potences r\u00e9glables sont disponibles : 140 mm pour les petites pointures (27-32) ou 165 mm pour les tailles standard plus grandes.<\/p>\n<p>Caract\u00e9ristiques : lame d&#8217;entr\u00e9e de gamme haute performance \u2013 duret\u00e9 58 Rockwell \u2013 \u00e9paisseur standard 1,2 mm<\/p>\n<p><strong>Liquidation : uniquement 16,5&#8243;<\/strong><\/p>\n<h3>N&#8217;oubliez pas d&#8217;ajouter la <strong><a href=\"https:\/\/ztsports.com\/product\/short-track-blade-preparation\/\">pr\u00e9paration des lames<\/a><\/strong><\/h3>\n<p>Enfin, consultez toutes nos <a href=\"https:\/\/ztsports.com\/product-category\/short-track\/blades\/\"><strong>lames Short Track<\/strong><\/a> ici.<\/p>\n<p>D\u00e9couvrez \u00e9galement nos <a href=\"https:\/\/ztsports.com\/product-category\/club-deals\/\"><strong>offres Club<\/strong><\/a> ici.<\/p>\n","protected":false},"excerpt":{"rendered":"<p>BONT SONIC 2000 Lame Short Track La BONT Sonic 2000 est un produit solide d&#8217;entr\u00e9e de gamme. Id\u00e9ale pour les locations de club, surtout au prix de liquidation. De plus, la lame offre l&#8217;avantage d&#8217;\u00eatre pr\u00e9-courb\u00e9e en usine. Les potences r\u00e9glables sont disponibles : 140 mm pour les petites pointures (27-32) ou 165 mm pour [&hellip;]<\/p>\n","protected":false},"featured_media":24426,"comment_status":"open","ping_status":"closed","template":"","meta":{"_acf_changed":false,"_monsterinsights_skip_tracking":false,"_monsterinsights_sitenote_active":false,"_monsterinsights_sitenote_note":"","_monsterinsights_sitenote_category":0,"_uf_show_specific_survey":0,"_uf_disable_surveys":false,"site-sidebar-layout":"default","site-content-layout":"","ast-site-content-layout":"default","site-content-style":"default","site-sidebar-style":"default","ast-global-header-display":"","ast-banner-title-visibility":"","ast-main-header-display":"","ast-hfb-above-header-display":"","ast-hfb-below-header-display":"","ast-hfb-mobile-header-display":"","site-post-title":"","ast-breadcrumbs-content":"","ast-featured-img":"","footer-sml-layout":"","ast-disable-related-posts":"","theme-transparent-header-meta":"default","adv-header-id-meta":"","stick-header-meta":"","header-above-stick-meta":"","header-main-stick-meta":"","header-below-stick-meta":"","astra-migrate-meta-layouts":"set","ast-page-background-enabled":"default","ast-page-background-meta":{"desktop":{"background-color":"","background-image":"","background-repeat":"repeat","background-position":"center center","background-size":"auto","background-attachment":"scroll","background-type":"","background-media":"","overlay-type":"","overlay-color":"","overlay-opacity":"","overlay-gradient":""},"tablet":{"background-color":"","background-image":"","background-repeat":"repeat","background-position":"center center","background-size":"auto","background-attachment":"scroll","background-type":"","background-media":"","overlay-type":"","overlay-color":"","overlay-opacity":"","overlay-gradient":""},"mobile":{"background-color":"","background-image":"","background-repeat":"repeat","background-position":"center center","background-size":"auto","background-attachment":"scroll","background-type":"","background-media":"","overlay-type":"","overlay-color":"","overlay-opacity":"","overlay-gradient":""}},"ast-content-background-meta":{"desktop":{"background-color":"var(--ast-global-color-5)","background-image":"","background-repeat":"repeat","background-position":"center center","background-size":"auto","background-attachment":"scroll","background-type":"","background-media":"","overlay-type":"","overlay-color":"","overlay-opacity":"","overlay-gradient":""},"tablet":{"background-color":"var(--ast-global-color-5)","background-image":"","background-repeat":"repeat","background-position":"center center","background-size":"auto","background-attachment":"scroll","background-type":"","background-media":"","overlay-type":"","overlay-color":"","overlay-opacity":"","overlay-gradient":""},"mobile":{"background-color":"var(--ast-global-color-5)","background-image":"","background-repeat":"repeat","background-position":"center center","background-size":"auto","background-attachment":"scroll","background-type":"","background-media":"","overlay-type":"","overlay-color":"","overlay-opacity":"","overlay-gradient":""}}},"product_brand":[3285],"product_cat":[4561,4560],"product_tag":[3799,3796],"class_list":{"0":"post-24428","1":"product","2":"type-product","3":"status-publish","4":"has-post-thumbnail","6":"product_brand-bont","7":"product_cat-blades","8":"product_cat-short-track-blades","9":"product_tag-bont","10":"product_tag-short-track","11":"desktop-align-left","12":"tablet-align-left","13":"mobile-align-left","15":"first","16":"instock","17":"taxable","18":"shipping-taxable","19":"purchasable","20":"product-type-simple"},"acf":[],"_links":{"self":[{"href":"https:\/\/ztsports.com\/fr\/wp-json\/wp\/v2\/product\/24428","targetHints":{"allow":["GET"]}}],"collection":[{"href":"https:\/\/ztsports.com\/fr\/wp-json\/wp\/v2\/product"}],"about":[{"href":"https:\/\/ztsports.com\/fr\/wp-json\/wp\/v2\/types\/product"}],"replies":[{"embeddable":true,"href":"https:\/\/ztsports.com\/fr\/wp-json\/wp\/v2\/comments?post=24428"}],"version-history":[{"count":1,"href":"https:\/\/ztsports.com\/fr\/wp-json\/wp\/v2\/product\/24428\/revisions"}],"predecessor-version":[{"id":24429,"href":"https:\/\/ztsports.com\/fr\/wp-json\/wp\/v2\/product\/24428\/revisions\/24429"}],"wp:featuredmedia":[{"embeddable":true,"href":"https:\/\/ztsports.com\/fr\/wp-json\/wp\/v2\/media\/24426"}],"wp:attachment":[{"href":"https:\/\/ztsports.com\/fr\/wp-json\/wp\/v2\/media?parent=24428"}],"wp:term":[{"taxonomy":"product_brand","embeddable":true,"href":"https:\/\/ztsports.com\/fr\/wp-json\/wp\/v2\/product_brand?post=24428"},{"taxonomy":"product_cat","embeddable":true,"href":"https:\/\/ztsports.com\/fr\/wp-json\/wp\/v2\/product_cat?post=24428"},{"taxonomy":"product_tag","embeddable":true,"href":"https:\/\/ztsports.com\/fr\/wp-json\/wp\/v2\/product_tag?post=24428"}],"curies":[{"name":"wp","href":"https:\/\/api.w.org\/{rel}","templated":true}]}}