{"id":24421,"date":"2021-09-23T02:09:12","date_gmt":"2021-09-23T02:09:12","guid":{"rendered":"https:\/\/ztsports.com\/?post_type=product&#038;p=24421"},"modified":"2026-05-01T00:06:58","modified_gmt":"2026-05-01T00:06:58","slug":"evo-krypton-12c27-chrome-short-track-blade","status":"publish","type":"product","link":"https:\/\/ztsports.com\/fr\/store\/evo-krypton-12c27-chrome-short-track-blade\/","title":{"rendered":"EVO KRYPTON 12C27 CHROME Short track Blade"},"content":{"rendered":"<h1>EVO KRYPTON 12C27 Chrome<\/h1>\n<p>La lame Short Track EVO Krypton 12C27 Chrome est con\u00e7ue pour l&#8217;agilit\u00e9, la r\u00e9activit\u00e9 et la durabilit\u00e9. Le chrome s&#8217;inspire du mod\u00e8le Maple Chrome original. Cette lame offre \u00e9galement un excellent rapport qualit\u00e9-prix.<\/p>\n<h4><a href=\"https:\/\/ztsports.com\/brand\/evo\/\">Produits EVO<\/a><\/h4>\n<p>La technologie de la lame en acier inoxydable 12C27 offre un bon tranchant. Elle est fabriqu\u00e9e selon les m\u00eames standards de qualit\u00e9 que les lames PM et Bim\u00e9tal. Con\u00e7ue au Canada et fabriqu\u00e9e en Hollande avec de l\u2019aluminium et de l\u2019acier premium provenant de Hollande.<\/p>\n<p>Con\u00e7ue comme une lame agile, r\u00e9active et durable.<\/p>\n<p>Produit offrant une excellente qualit\u00e9 \u00e0 un prix plus abordable.<\/p>\n<p>La technologie de tube des lames Evo Krypton SE est appliqu\u00e9e au mod\u00e8le 12C27.<\/p>\n<p>Le 12C27 est un acier durable qui maintient un excellent tranchant et une grande nettet\u00e9.<\/p>\n<p>Le 12C27 est fabriqu\u00e9 selon les m\u00eames sp\u00e9cifications et tol\u00e9rances que nos lames PM et Bim\u00e9tal.<\/p>\n<h3>EVO KRYPTON 12C27<\/h3>\n<p>Le syst\u00e8me innovant de potence d\u2019Evo offre une interface de montage solide avec un r\u00e9glage simple et efficace.<\/p>\n<p><strong>Cette lame est con\u00e7ue pour les patineurs interm\u00e9diaires.<\/strong><\/p>\n<p>Tailles disponibles : 14.0\u2033, 14.5\u2033, 15.0\u2033, 15.5\u2033, 16.0\u2033, 16.5\u2033, 17.0\u2033, 17.5\u2033<\/p>\n<h3><em><strong>Pour ajouter le <a href=\"https:\/\/ztsports.com\/product\/short-track-blade-preparation\/\">Rockering et la pr\u00e9paration compl\u00e8te ICE READY de la lame, cliquez ici<\/a><\/strong><\/em><\/h3>\n<p>Enfin, consultez toutes nos <a href=\"https:\/\/ztsports.com\/product-category\/short-track\/blades\/\"><strong>lames Short Track<\/strong><\/a> ici.<\/p>\n<h3>N&#8217;oubliez pas d&#8217;ajouter la <strong><a href=\"https:\/\/ztsports.com\/product\/short-track-blade-preparation\/\">pr\u00e9paration des lames<\/a><\/strong><\/h3>\n","protected":false},"excerpt":{"rendered":"<p>EVO KRYPTON 12C27 Chrome La lame Short Track EVO Krypton 12C27 Chrome est con\u00e7ue pour l&#8217;agilit\u00e9, la r\u00e9activit\u00e9 et la durabilit\u00e9. Le chrome s&#8217;inspire du mod\u00e8le Maple Chrome original. Cette lame offre \u00e9galement un excellent rapport qualit\u00e9-prix. Produits EVO La technologie de la lame en acier inoxydable 12C27 offre un bon tranchant. Elle est fabriqu\u00e9e [&hellip;]<\/p>\n","protected":false},"featured_media":24420,"comment_status":"open","ping_status":"closed","template":"","meta":{"_acf_changed":false,"_monsterinsights_skip_tracking":false,"_monsterinsights_sitenote_active":false,"_monsterinsights_sitenote_note":"","_monsterinsights_sitenote_category":0,"_uf_show_specific_survey":0,"_uf_disable_surveys":false,"site-sidebar-layout":"default","site-content-layout":"","ast-site-content-layout":"default","site-content-style":"default","site-sidebar-style":"default","ast-global-header-display":"","ast-banner-title-visibility":"","ast-main-header-display":"","ast-hfb-above-header-display":"","ast-hfb-below-header-display":"","ast-hfb-mobile-header-display":"","site-post-title":"","ast-breadcrumbs-content":"","ast-featured-img":"","footer-sml-layout":"","ast-disable-related-posts":"","theme-transparent-header-meta":"default","adv-header-id-meta":"","stick-header-meta":"","header-above-stick-meta":"","header-main-stick-meta":"","header-below-stick-meta":"","astra-migrate-meta-layouts":"set","ast-page-background-enabled":"default","ast-page-background-meta":{"desktop":{"background-color":"","background-image":"","background-repeat":"repeat","background-position":"center center","background-size":"auto","background-attachment":"scroll","background-type":"","background-media":"","overlay-type":"","overlay-color":"","overlay-opacity":"","overlay-gradient":""},"tablet":{"background-color":"","background-image":"","background-repeat":"repeat","background-position":"center center","background-size":"auto","background-attachment":"scroll","background-type":"","background-media":"","overlay-type":"","overlay-color":"","overlay-opacity":"","overlay-gradient":""},"mobile":{"background-color":"","background-image":"","background-repeat":"repeat","background-position":"center center","background-size":"auto","background-attachment":"scroll","background-type":"","background-media":"","overlay-type":"","overlay-color":"","overlay-opacity":"","overlay-gradient":""}},"ast-content-background-meta":{"desktop":{"background-color":"var(--ast-global-color-5)","background-image":"","background-repeat":"repeat","background-position":"center center","background-size":"auto","background-attachment":"scroll","background-type":"","background-media":"","overlay-type":"","overlay-color":"","overlay-opacity":"","overlay-gradient":""},"tablet":{"background-color":"var(--ast-global-color-5)","background-image":"","background-repeat":"repeat","background-position":"center center","background-size":"auto","background-attachment":"scroll","background-type":"","background-media":"","overlay-type":"","overlay-color":"","overlay-opacity":"","overlay-gradient":""},"mobile":{"background-color":"var(--ast-global-color-5)","background-image":"","background-repeat":"repeat","background-position":"center center","background-size":"auto","background-attachment":"scroll","background-type":"","background-media":"","overlay-type":"","overlay-color":"","overlay-opacity":"","overlay-gradient":""}}},"product_brand":[3297],"product_cat":[4561,4560],"product_tag":[3796,4562],"class_list":{"0":"post-24421","1":"product","2":"type-product","3":"status-publish","4":"has-post-thumbnail","6":"product_brand-evo","7":"product_cat-blades","8":"product_cat-short-track-blades","9":"product_tag-short-track","10":"product_tag-speed-skating","11":"desktop-align-left","12":"tablet-align-left","13":"mobile-align-left","15":"first","16":"instock","17":"taxable","18":"shipping-taxable","19":"purchasable","20":"product-type-simple"},"acf":[],"_links":{"self":[{"href":"https:\/\/ztsports.com\/fr\/wp-json\/wp\/v2\/product\/24421","targetHints":{"allow":["GET"]}}],"collection":[{"href":"https:\/\/ztsports.com\/fr\/wp-json\/wp\/v2\/product"}],"about":[{"href":"https:\/\/ztsports.com\/fr\/wp-json\/wp\/v2\/types\/product"}],"replies":[{"embeddable":true,"href":"https:\/\/ztsports.com\/fr\/wp-json\/wp\/v2\/comments?post=24421"}],"version-history":[{"count":1,"href":"https:\/\/ztsports.com\/fr\/wp-json\/wp\/v2\/product\/24421\/revisions"}],"predecessor-version":[{"id":24422,"href":"https:\/\/ztsports.com\/fr\/wp-json\/wp\/v2\/product\/24421\/revisions\/24422"}],"wp:featuredmedia":[{"embeddable":true,"href":"https:\/\/ztsports.com\/fr\/wp-json\/wp\/v2\/media\/24420"}],"wp:attachment":[{"href":"https:\/\/ztsports.com\/fr\/wp-json\/wp\/v2\/media?parent=24421"}],"wp:term":[{"taxonomy":"product_brand","embeddable":true,"href":"https:\/\/ztsports.com\/fr\/wp-json\/wp\/v2\/product_brand?post=24421"},{"taxonomy":"product_cat","embeddable":true,"href":"https:\/\/ztsports.com\/fr\/wp-json\/wp\/v2\/product_cat?post=24421"},{"taxonomy":"product_tag","embeddable":true,"href":"https:\/\/ztsports.com\/fr\/wp-json\/wp\/v2\/product_tag?post=24421"}],"curies":[{"name":"wp","href":"https:\/\/api.w.org\/{rel}","templated":true}]}}