{"id":24418,"date":"2021-09-23T02:10:19","date_gmt":"2021-09-23T02:10:19","guid":{"rendered":"https:\/\/ztsports.com\/?post_type=product&#038;p=24418"},"modified":"2026-03-11T09:21:11","modified_gmt":"2026-03-11T09:21:11","slug":"evo-argon-pm-short-track-blade-2","status":"publish","type":"product","link":"https:\/\/ztsports.com\/fr\/store\/evo-argon-pm-short-track-blade-2\/","title":{"rendered":"EVO ARGON PM Short Track Blade"},"content":{"rendered":"<h1 id=\"tw-target-text\" class=\"tw-data-text tw-text-large tw-ta\" dir=\"ltr\" data-placeholder=\"Translation\"><span class=\"Y2IQFc\" lang=\"en\"> EVO ARGON PM Short Track Blade<\/span><\/h1>\n<p class=\"tw-data-text tw-text-large tw-ta\" dir=\"ltr\" data-placeholder=\"Translation\"><span class=\"Y2IQFc\" lang=\"en\">The EVO Argon PM Blade provides improved grip while maintaining a high level of control. Factory Curved Pre is loved by the best in the world because it provides remarkable stability without compromising feedback. Precision forged pre-bend radius on high quality Argon aluminum tube. Blade with superior gliding qualities and very durable. <\/span><\/p>\n<p class=\"tw-data-text tw-text-large tw-ta\" dir=\"ltr\" data-placeholder=\"Translation\"><span class=\"Y2IQFc\" lang=\"en\"><b>Equally important<\/b> Designed in Canada, and made in Holland. Premium aluminum and steel from Holland. Finally one of the best marketing tag lines &#8220;Black is the New Gold&#8221;. Lastly Evo&#8217;s innovative stem system for simple, solid and efficient mounting. Easy adjustment on the boot. Extended (+ 5mm or + 10mm) or angled stems also available Finally Argon PM by EVO Sold by<a href=\"https:\/\/ztsports.com\/fr\/\"><strong> Zt Sports speed skating equipment shop<\/strong><\/a><\/span><\/p>\n<p>Check out all our <a href=\"https:\/\/ztsports.com\/brand\/evo\/\"><strong>EVO Products<\/strong><\/a> here.<\/p>\n<p>See all <a href=\"https:\/\/ztsports.com\/product-category\/short-track\/blades\/\"><strong>Short Track Blades<\/strong><\/a> here.<\/p>\n<h4>Remember to add the\u00a0<strong><a href=\"https:\/\/ztsports.com\/product\/short-track-blade-preparation\/\">Blade Preperation.<\/a><\/strong><span data-sheets-value=\"{&quot;1&quot;:2,&quot;2&quot;:&quot;LAMES EVO ARGON PM COURB\u00c9E\nArgon PM offre une accroche am\u00e9lior\u00e9e tout en maintenant un haut niveau de contr\u00f4le et de r\u00e9troaction.\nLe pr\u00e9 courb\u00e9 en usine est appr\u00e9ci\u00e9 par les meilleurs du monde car il permet une stabilit\u00e9 remarquable sans compromettre la r\u00e9troaction. \nRayon de pr\u00e9 courbure forg\u00e9 avec pr\u00e9cision sur le tube d\u2019aluminium Argon de haute qualit\u00e9.\nLame aux qualit\u00e9s de glisse sup\u00e9rieures et tr\u00e8s durable.\nCon\u00e7ues au Canada, et fabriqu\u00e9es en Hollande.\nAluminium et acier de premi\u00e8re qualit\u00e9 en provenance de Hollande.\nLe syst\u00e8me de potence novateur de Evo permettant un montage simple, solide et efficace. Ajustement sur la botte facile.\nPotences allong\u00e9es (+5mm ou +10mm) ou angul\u00e9es aussi disponibles \n&quot;}\" data-sheets-userformat=\"{&quot;2&quot;:513,&quot;3&quot;:{&quot;1&quot;:0},&quot;12&quot;:0}\">\u00a0<\/span><\/h4>\n","protected":false},"excerpt":{"rendered":"<p>EVO ARGON PM Short Track Blade The EVO Argon PM Blade provides improved grip while maintaining a high level of control. Factory Curved Pre is loved by the best in the world because it provides remarkable stability without compromising feedback. Precision forged pre-bend radius on high quality Argon aluminum tube. Blade with superior gliding qualities [&hellip;]<\/p>\n","protected":false},"featured_media":24415,"comment_status":"open","ping_status":"closed","template":"","meta":{"_acf_changed":false,"_monsterinsights_skip_tracking":false,"_monsterinsights_sitenote_active":false,"_monsterinsights_sitenote_note":"","_monsterinsights_sitenote_category":0,"_uf_show_specific_survey":0,"_uf_disable_surveys":false,"site-sidebar-layout":"default","site-content-layout":"","ast-site-content-layout":"default","site-content-style":"default","site-sidebar-style":"default","ast-global-header-display":"","ast-banner-title-visibility":"","ast-main-header-display":"","ast-hfb-above-header-display":"","ast-hfb-below-header-display":"","ast-hfb-mobile-header-display":"","site-post-title":"","ast-breadcrumbs-content":"","ast-featured-img":"","footer-sml-layout":"","ast-disable-related-posts":"","theme-transparent-header-meta":"default","adv-header-id-meta":"","stick-header-meta":"","header-above-stick-meta":"","header-main-stick-meta":"","header-below-stick-meta":"","astra-migrate-meta-layouts":"set","ast-page-background-enabled":"default","ast-page-background-meta":{"desktop":{"background-color":"","background-image":"","background-repeat":"repeat","background-position":"center center","background-size":"auto","background-attachment":"scroll","background-type":"","background-media":"","overlay-type":"","overlay-color":"","overlay-opacity":"","overlay-gradient":""},"tablet":{"background-color":"","background-image":"","background-repeat":"repeat","background-position":"center center","background-size":"auto","background-attachment":"scroll","background-type":"","background-media":"","overlay-type":"","overlay-color":"","overlay-opacity":"","overlay-gradient":""},"mobile":{"background-color":"","background-image":"","background-repeat":"repeat","background-position":"center center","background-size":"auto","background-attachment":"scroll","background-type":"","background-media":"","overlay-type":"","overlay-color":"","overlay-opacity":"","overlay-gradient":""}},"ast-content-background-meta":{"desktop":{"background-color":"var(--ast-global-color-5)","background-image":"","background-repeat":"repeat","background-position":"center center","background-size":"auto","background-attachment":"scroll","background-type":"","background-media":"","overlay-type":"","overlay-color":"","overlay-opacity":"","overlay-gradient":""},"tablet":{"background-color":"var(--ast-global-color-5)","background-image":"","background-repeat":"repeat","background-position":"center center","background-size":"auto","background-attachment":"scroll","background-type":"","background-media":"","overlay-type":"","overlay-color":"","overlay-opacity":"","overlay-gradient":""},"mobile":{"background-color":"var(--ast-global-color-5)","background-image":"","background-repeat":"repeat","background-position":"center center","background-size":"auto","background-attachment":"scroll","background-type":"","background-media":"","overlay-type":"","overlay-color":"","overlay-opacity":"","overlay-gradient":""}}},"product_brand":[3297],"product_cat":[4561,4560],"product_tag":[],"class_list":{"0":"post-24418","1":"product","2":"type-product","3":"status-publish","4":"has-post-thumbnail","6":"product_brand-evo","7":"product_cat-blades","8":"product_cat-short-track-blades","9":"desktop-align-left","10":"tablet-align-left","11":"mobile-align-left","13":"first","14":"instock","15":"taxable","16":"shipping-taxable","17":"purchasable","18":"product-type-simple"},"acf":[],"_links":{"self":[{"href":"https:\/\/ztsports.com\/fr\/wp-json\/wp\/v2\/product\/24418","targetHints":{"allow":["GET"]}}],"collection":[{"href":"https:\/\/ztsports.com\/fr\/wp-json\/wp\/v2\/product"}],"about":[{"href":"https:\/\/ztsports.com\/fr\/wp-json\/wp\/v2\/types\/product"}],"replies":[{"embeddable":true,"href":"https:\/\/ztsports.com\/fr\/wp-json\/wp\/v2\/comments?post=24418"}],"version-history":[{"count":1,"href":"https:\/\/ztsports.com\/fr\/wp-json\/wp\/v2\/product\/24418\/revisions"}],"predecessor-version":[{"id":24419,"href":"https:\/\/ztsports.com\/fr\/wp-json\/wp\/v2\/product\/24418\/revisions\/24419"}],"wp:featuredmedia":[{"embeddable":true,"href":"https:\/\/ztsports.com\/fr\/wp-json\/wp\/v2\/media\/24415"}],"wp:attachment":[{"href":"https:\/\/ztsports.com\/fr\/wp-json\/wp\/v2\/media?parent=24418"}],"wp:term":[{"taxonomy":"product_brand","embeddable":true,"href":"https:\/\/ztsports.com\/fr\/wp-json\/wp\/v2\/product_brand?post=24418"},{"taxonomy":"product_cat","embeddable":true,"href":"https:\/\/ztsports.com\/fr\/wp-json\/wp\/v2\/product_cat?post=24418"},{"taxonomy":"product_tag","embeddable":true,"href":"https:\/\/ztsports.com\/fr\/wp-json\/wp\/v2\/product_tag?post=24418"}],"curies":[{"name":"wp","href":"https:\/\/api.w.org\/{rel}","templated":true}]}}