{"id":24413,"date":"2021-09-23T02:10:21","date_gmt":"2021-09-23T02:10:21","guid":{"rendered":"https:\/\/ztsports.com\/?post_type=product&#038;p=24413"},"modified":"2026-03-11T09:20:06","modified_gmt":"2026-03-11T09:20:06","slug":"salomon-sns-profil-bindings-cross-country-nordic","status":"publish","type":"product","link":"https:\/\/ztsports.com\/fr\/store\/salomon-sns-profil-bindings-cross-country-nordic\/","title":{"rendered":"Salomon SNS Profil Bindings Cross-Country\/Nordic"},"content":{"rendered":"<h1>Fixations Salomon SNS Profil<\/h1>\n<p><b>Fixations Salomon SNS Profil pour ski classique et Nordic.<\/b><\/p>\n<p>L\u00e9g\u00e8res, fiables et compatibles avec toutes les bottes SNS.<\/p>\n<p>Fermeture manuelle. Transfert de puissance tr\u00e8s efficace vers les lames ou skis Nordic.<\/p>\n<p><b>De plus<\/b>, offrant des performances s\u00e9curis\u00e9es, cette fixation est compatible avec les bottes SNS Profil et SNS Pilot.<\/p>\n<p>Les fixations Salomon font partie des plus vendues sur le march\u00e9. Syst\u00e8me : SNS (pour chaussures avec syst\u00e8me SNS !)<\/p>\n<p><span>De plus, excellente fixation pour les <strong>lames de patinage nordique sur glace<\/strong>.<\/span><\/p>\n<p><strong>Caract\u00e9ristiques :<\/strong><\/p>\n<ul>\n<li>Poids : 260 g<\/li>\n<li>Flex : 85<\/li>\n<li>Syst\u00e8me manuel d\u2019enclenchement<\/li>\n<li>Levier de course<\/li>\n<li>Rainure guide pleine longueur SNS<\/li>\n<\/ul>\n<p>Enfin, vous pouvez retrouver toutes nos <a href=\"\/?product_cat=blades2\"><strong>fixations et lames Nordic<\/strong><\/a> ici.<\/p>\n","protected":false},"excerpt":{"rendered":"<p>Fixations Salomon SNS Profil Fixations Salomon SNS Profil pour ski classique et Nordic. L\u00e9g\u00e8res, fiables et compatibles avec toutes les bottes SNS. Fermeture manuelle. Transfert de puissance tr\u00e8s efficace vers les lames ou skis Nordic. De plus, offrant des performances s\u00e9curis\u00e9es, cette fixation est compatible avec les bottes SNS Profil et SNS Pilot. Les fixations [&hellip;]<\/p>\n","protected":false},"featured_media":24407,"comment_status":"open","ping_status":"closed","template":"","meta":{"_acf_changed":false,"_monsterinsights_skip_tracking":false,"_monsterinsights_sitenote_active":false,"_monsterinsights_sitenote_note":"","_monsterinsights_sitenote_category":0,"_uf_show_specific_survey":0,"_uf_disable_surveys":false,"site-sidebar-layout":"default","site-content-layout":"","ast-site-content-layout":"default","site-content-style":"default","site-sidebar-style":"default","ast-global-header-display":"","ast-banner-title-visibility":"","ast-main-header-display":"","ast-hfb-above-header-display":"","ast-hfb-below-header-display":"","ast-hfb-mobile-header-display":"","site-post-title":"","ast-breadcrumbs-content":"","ast-featured-img":"","footer-sml-layout":"","ast-disable-related-posts":"","theme-transparent-header-meta":"default","adv-header-id-meta":"","stick-header-meta":"","header-above-stick-meta":"","header-main-stick-meta":"","header-below-stick-meta":"","astra-migrate-meta-layouts":"set","ast-page-background-enabled":"default","ast-page-background-meta":{"desktop":{"background-color":"","background-image":"","background-repeat":"repeat","background-position":"center center","background-size":"auto","background-attachment":"scroll","background-type":"","background-media":"","overlay-type":"","overlay-color":"","overlay-opacity":"","overlay-gradient":""},"tablet":{"background-color":"","background-image":"","background-repeat":"repeat","background-position":"center center","background-size":"auto","background-attachment":"scroll","background-type":"","background-media":"","overlay-type":"","overlay-color":"","overlay-opacity":"","overlay-gradient":""},"mobile":{"background-color":"","background-image":"","background-repeat":"repeat","background-position":"center center","background-size":"auto","background-attachment":"scroll","background-type":"","background-media":"","overlay-type":"","overlay-color":"","overlay-opacity":"","overlay-gradient":""}},"ast-content-background-meta":{"desktop":{"background-color":"var(--ast-global-color-5)","background-image":"","background-repeat":"repeat","background-position":"center center","background-size":"auto","background-attachment":"scroll","background-type":"","background-media":"","overlay-type":"","overlay-color":"","overlay-opacity":"","overlay-gradient":""},"tablet":{"background-color":"var(--ast-global-color-5)","background-image":"","background-repeat":"repeat","background-position":"center center","background-size":"auto","background-attachment":"scroll","background-type":"","background-media":"","overlay-type":"","overlay-color":"","overlay-opacity":"","overlay-gradient":""},"mobile":{"background-color":"var(--ast-global-color-5)","background-image":"","background-repeat":"repeat","background-position":"center center","background-size":"auto","background-attachment":"scroll","background-type":"","background-media":"","overlay-type":"","overlay-color":"","overlay-opacity":"","overlay-gradient":""}}},"product_brand":[3334],"product_cat":[4552],"product_tag":[],"class_list":{"0":"post-24413","1":"product","2":"type-product","3":"status-publish","4":"has-post-thumbnail","6":"product_brand-salomon","7":"product_cat-patins-du-canal-nordique","8":"desktop-align-left","9":"tablet-align-left","10":"mobile-align-left","12":"first","13":"instock","14":"taxable","15":"shipping-taxable","16":"purchasable","17":"product-type-simple"},"acf":[],"_links":{"self":[{"href":"https:\/\/ztsports.com\/fr\/wp-json\/wp\/v2\/product\/24413","targetHints":{"allow":["GET"]}}],"collection":[{"href":"https:\/\/ztsports.com\/fr\/wp-json\/wp\/v2\/product"}],"about":[{"href":"https:\/\/ztsports.com\/fr\/wp-json\/wp\/v2\/types\/product"}],"replies":[{"embeddable":true,"href":"https:\/\/ztsports.com\/fr\/wp-json\/wp\/v2\/comments?post=24413"}],"version-history":[{"count":1,"href":"https:\/\/ztsports.com\/fr\/wp-json\/wp\/v2\/product\/24413\/revisions"}],"predecessor-version":[{"id":24414,"href":"https:\/\/ztsports.com\/fr\/wp-json\/wp\/v2\/product\/24413\/revisions\/24414"}],"wp:featuredmedia":[{"embeddable":true,"href":"https:\/\/ztsports.com\/fr\/wp-json\/wp\/v2\/media\/24407"}],"wp:attachment":[{"href":"https:\/\/ztsports.com\/fr\/wp-json\/wp\/v2\/media?parent=24413"}],"wp:term":[{"taxonomy":"product_brand","embeddable":true,"href":"https:\/\/ztsports.com\/fr\/wp-json\/wp\/v2\/product_brand?post=24413"},{"taxonomy":"product_cat","embeddable":true,"href":"https:\/\/ztsports.com\/fr\/wp-json\/wp\/v2\/product_cat?post=24413"},{"taxonomy":"product_tag","embeddable":true,"href":"https:\/\/ztsports.com\/fr\/wp-json\/wp\/v2\/product_tag?post=24413"}],"curies":[{"name":"wp","href":"https:\/\/api.w.org\/{rel}","templated":true}]}}