{"id":24405,"date":"2021-09-23T02:10:22","date_gmt":"2021-09-23T02:10:22","guid":{"rendered":"https:\/\/ztsports.com\/?post_type=product&#038;p=24405"},"modified":"2026-04-06T17:11:08","modified_gmt":"2026-04-06T17:11:08","slug":"jig-backstop-maple-blade-stoper","status":"publish","type":"product","link":"https:\/\/ztsports.com\/fr\/store\/jig-backstop-maple-blade-stoper\/","title":{"rendered":"JIG BACKSTOP MAPLE Blade Stoper"},"content":{"rendered":"<h1>JIG BACKSTOP MAPLE \u2013 But\u00e9e de lame<\/h1>\n<p>Le Jig Backstop est une pi\u00e8ce m\u00e9tallique de remplacement originale. De plus, il peut \u00e9galement \u00eatre utilis\u00e9 avec d\u2019autres jigs sur le march\u00e9. Id\u00e9alement, la but\u00e9e fonctionne mieux si le jig poss\u00e8de d\u00e9j\u00e0 des trous pr\u00e9-perc\u00e9s.<\/p>\n<p>JIG BACKSTOP<\/p>\n<pre id=\"tw-target-text\" class=\"tw-data-text tw-text-large tw-ta\" dir=\"ltr\" tabindex=\"-1\" role=\"text\" data-placeholder=\"Translation\" data-ved=\"2ahUKEwjn5uP62NmTAxUckYkEHepZI_UQ3ewLegQIDBAW\" aria-label=\"Translated text: Voici pourquoi un support de guidage est n\u00e9cessaire, selon les pratiques d'aff\u00fbtage courantes\u00a0: Maintien d'une position constante\u00a0: Un support garantit que la lame repose exactement au m\u00eame endroit dans le gabarit \u00e0 chaque fois, permettant un aff\u00fbtage uniforme sur toute sa longueur, de la pointe au talon. Protection du profil de la lame\u00a0: Sans support pour arr\u00eater le mouvement d'avancement de la pierre, celle-ci peut aller trop loin, arrondissant les pointes critiques de la lame et alt\u00e9rant le profil sp\u00e9cifique (rocker) du patin. Garantie de carres planes\u00a0: Le support sert de point de r\u00e9f\u00e9rence constant pour maintenir la lame parfaitement verticale dans le gabarit, ce qui est essentiel pour obtenir des carres planes (afin qu'une carre ne soit pas plus haute que l'autre). S\u00e9curit\u00e9 et contr\u00f4le\u00a0: Il vous permet de sentir pr\u00e9cis\u00e9ment la position du patin par rapport \u00e0 la pierre, offrant un meilleur contr\u00f4le et une s\u00e9curit\u00e9 accrue lors de l'application d'une pression manuelle pendant l'aff\u00fbtage. Lorsqu'on utilise un gabarit d'aff\u00fbtage, on ins\u00e8re g\u00e9n\u00e9ralement la lame et on appuie le talon contre la but\u00e9e avant de serrer les pinces pour s'assurer que la lame est bien fix\u00e9e, de niveau et correctement positionn\u00e9e.\"><span class=\"Y2IQFc\" lang=\"fr\">Voici pourquoi un support de guidage est n\u00e9cessaire, selon les pratiques d'aff\u00fbtage courantes :\r\n\r\nMaintien d'une position constante:\r\nUn support garantit que la lame repose exactement au m\u00eame endroit dans le gabarit \u00e0 chaque fois, \r\npermettant un aff\u00fbtage uniforme sur toute sa longueur, de la pointe au talon.\r\n\r\nProtection du profil de la lame:\r\nSans support pour arr\u00eater le mouvement d'avancement de la pierre, \r\ncelle-ci peut aller trop loin, arrondissant les pointes critiques de la lame et alt\u00e9rant le profil sp\u00e9cifique (rocker) du patin.\r\n\r\nGarantie de carres planes:\r\nLe support sert de point de r\u00e9f\u00e9rence constant pour maintenir la lame parfaitement verticale dans le gabarit,\r\nce qui est essentiel pour obtenir des carres planes (afin qu'une carre ne soit pas plus haute que l'autre).\r\n\r\nS\u00e9curit\u00e9 et contr\u00f4le:\r\nIl vous permet de sentir pr\u00e9cis\u00e9ment la position du patin par rapport \u00e0 la pierre, offrant un meilleur contr\u00f4le et une s\u00e9curit\u00e9 \r\naccrue lors de l'application d'une pression manuelle pendant l'aff\u00fbtage.\r\n\r\nLorsqu'on utilise un gabarit d'aff\u00fbtage, on ins\u00e8re g\u00e9n\u00e9ralement la lame et on appuie le talon contre la but\u00e9e\r\navant de serrer les pinces pour s'assurer que la lame est bien fix\u00e9e, de niveau et correctement positionn\u00e9e.\r\n<\/span>Enfin, but\u00e9e m\u00e9tallique originale Maple pour le Maple Pro et le jig Asia Red.\r\nDe plus, la but\u00e9e est livr\u00e9e avec le mat\u00e9riel de montage d\u2019origine.\r\nVous pouvez \u00e9galement consulter tous nos \r\n<a href=\"https:\/\/ztsports.com\/product-category\/sharpening\/parts-tools\/\"><strong>Accessoires, pi\u00e8ces et outils<\/strong><\/a>.\r\n<a href=\"https:\/\/www.youtube.com\/watch?v=6mu5w7rdrL0\" target=\"_blank\" rel=\"noopener\"><strong><span class=\"Y2IQFc\" lang=\"fr\">Tutoriel d'aff\u00fbtage des Pacers <\/span><\/strong><\/a><\/pre>\n","protected":false},"excerpt":{"rendered":"<p>JIG BACKSTOP MAPLE \u2013 But\u00e9e de lame Le Jig Backstop est une pi\u00e8ce m\u00e9tallique de remplacement originale. De plus, il peut \u00e9galement \u00eatre utilis\u00e9 avec d\u2019autres jigs sur le march\u00e9. Id\u00e9alement, la but\u00e9e fonctionne mieux si le jig poss\u00e8de d\u00e9j\u00e0 des trous pr\u00e9-perc\u00e9s. JIG BACKSTOP Voici pourquoi un support de guidage est n\u00e9cessaire, selon les [&hellip;]<\/p>\n","protected":false},"featured_media":24404,"comment_status":"open","ping_status":"closed","template":"","meta":{"_acf_changed":false,"_monsterinsights_skip_tracking":false,"_monsterinsights_sitenote_active":false,"_monsterinsights_sitenote_note":"","_monsterinsights_sitenote_category":0,"_uf_show_specific_survey":0,"_uf_disable_surveys":false,"site-sidebar-layout":"default","site-content-layout":"","ast-site-content-layout":"default","site-content-style":"default","site-sidebar-style":"default","ast-global-header-display":"","ast-banner-title-visibility":"","ast-main-header-display":"","ast-hfb-above-header-display":"","ast-hfb-below-header-display":"","ast-hfb-mobile-header-display":"","site-post-title":"","ast-breadcrumbs-content":"","ast-featured-img":"","footer-sml-layout":"","ast-disable-related-posts":"","theme-transparent-header-meta":"default","adv-header-id-meta":"","stick-header-meta":"","header-above-stick-meta":"","header-main-stick-meta":"","header-below-stick-meta":"","astra-migrate-meta-layouts":"set","ast-page-background-enabled":"default","ast-page-background-meta":{"desktop":{"background-color":"","background-image":"","background-repeat":"repeat","background-position":"center center","background-size":"auto","background-attachment":"scroll","background-type":"","background-media":"","overlay-type":"","overlay-color":"","overlay-opacity":"","overlay-gradient":""},"tablet":{"background-color":"","background-image":"","background-repeat":"repeat","background-position":"center center","background-size":"auto","background-attachment":"scroll","background-type":"","background-media":"","overlay-type":"","overlay-color":"","overlay-opacity":"","overlay-gradient":""},"mobile":{"background-color":"","background-image":"","background-repeat":"repeat","background-position":"center center","background-size":"auto","background-attachment":"scroll","background-type":"","background-media":"","overlay-type":"","overlay-color":"","overlay-opacity":"","overlay-gradient":""}},"ast-content-background-meta":{"desktop":{"background-color":"var(--ast-global-color-5)","background-image":"","background-repeat":"repeat","background-position":"center center","background-size":"auto","background-attachment":"scroll","background-type":"","background-media":"","overlay-type":"","overlay-color":"","overlay-opacity":"","overlay-gradient":""},"tablet":{"background-color":"var(--ast-global-color-5)","background-image":"","background-repeat":"repeat","background-position":"center center","background-size":"auto","background-attachment":"scroll","background-type":"","background-media":"","overlay-type":"","overlay-color":"","overlay-opacity":"","overlay-gradient":""},"mobile":{"background-color":"var(--ast-global-color-5)","background-image":"","background-repeat":"repeat","background-position":"center center","background-size":"auto","background-attachment":"scroll","background-type":"","background-media":"","overlay-type":"","overlay-color":"","overlay-opacity":"","overlay-gradient":""}}},"product_brand":[3318,3319],"product_cat":[3455,3378],"product_tag":[],"class_list":{"0":"post-24405","1":"product","2":"type-product","3":"status-publish","4":"has-post-thumbnail","6":"product_brand-maple","7":"product_brand-maplez","8":"product_cat-accessories","9":"product_cat-non-categorise","10":"desktop-align-left","11":"tablet-align-left","12":"mobile-align-left","14":"first","15":"instock","16":"taxable","17":"shipping-taxable","18":"purchasable","19":"product-type-simple"},"acf":[],"_links":{"self":[{"href":"https:\/\/ztsports.com\/fr\/wp-json\/wp\/v2\/product\/24405","targetHints":{"allow":["GET"]}}],"collection":[{"href":"https:\/\/ztsports.com\/fr\/wp-json\/wp\/v2\/product"}],"about":[{"href":"https:\/\/ztsports.com\/fr\/wp-json\/wp\/v2\/types\/product"}],"replies":[{"embeddable":true,"href":"https:\/\/ztsports.com\/fr\/wp-json\/wp\/v2\/comments?post=24405"}],"version-history":[{"count":6,"href":"https:\/\/ztsports.com\/fr\/wp-json\/wp\/v2\/product\/24405\/revisions"}],"predecessor-version":[{"id":25122,"href":"https:\/\/ztsports.com\/fr\/wp-json\/wp\/v2\/product\/24405\/revisions\/25122"}],"wp:featuredmedia":[{"embeddable":true,"href":"https:\/\/ztsports.com\/fr\/wp-json\/wp\/v2\/media\/24404"}],"wp:attachment":[{"href":"https:\/\/ztsports.com\/fr\/wp-json\/wp\/v2\/media?parent=24405"}],"wp:term":[{"taxonomy":"product_brand","embeddable":true,"href":"https:\/\/ztsports.com\/fr\/wp-json\/wp\/v2\/product_brand?post=24405"},{"taxonomy":"product_cat","embeddable":true,"href":"https:\/\/ztsports.com\/fr\/wp-json\/wp\/v2\/product_cat?post=24405"},{"taxonomy":"product_tag","embeddable":true,"href":"https:\/\/ztsports.com\/fr\/wp-json\/wp\/v2\/product_tag?post=24405"}],"curies":[{"name":"wp","href":"https:\/\/api.w.org\/{rel}","templated":true}]}}