{"id":24402,"date":"2021-09-23T02:11:29","date_gmt":"2021-09-23T02:11:29","guid":{"rendered":"https:\/\/ztsports.com\/?post_type=product&#038;p=24402"},"modified":"2026-03-11T09:17:53","modified_gmt":"2026-03-11T09:17:53","slug":"ultimate-edge-sharpening-jig","status":"publish","type":"product","link":"https:\/\/ztsports.com\/fr\/store\/ultimate-edge-sharpening-jig\/","title":{"rendered":"ULTIMATE EDGE SHARPENING JIG"},"content":{"rendered":"<h2>ULTIMATE EDGE SHARPENING JIG<\/h2>\n<p>Pr\u00e9cision ultime, fonctionnalit\u00e9s ultimes, r\u00e9sultats ultimes. L\u2019Ultimate Edge comprend des but\u00e9es verticales pour niveler les lames, garantissant un positionnement pr\u00e9cis.<\/p>\n<p>De plus, il assure un parall\u00e9lisme sans \u00e9gal.<\/p>\n<p>L\u2019ULTIMATE EDGE SHARPENING JIG inclut \u00e9galement des raccords rapides pour monter facilement les lames et les but\u00e9es verticales. Cela vous permet de maintenir un ajustement pr\u00e9cis pendant l\u2019aff\u00fbtage afin d\u2019obtenir un \u00ab tranchant \u00bb parfait.<\/p>\n<p>Il est construit en aluminium l\u00e9ger avec une finition c\u00e9ramique anodis\u00e9e r\u00e9sistante \u00e0 la corrosion.<\/p>\n<h3>Caract\u00e9ristiques principales<\/h3>\n<ul>\n<li>Rep\u00e8res verticaux pour positionner les lames de patin avec pr\u00e9cision.<\/li>\n<li>Poign\u00e9es de verrouillage \u00e0 d\u00e9gagement rapide pour fixer les lames et r\u00e9gler les rep\u00e8res verticaux.<\/li>\n<li>Facile \u00e0 installer et \u00e0 utiliser, ce qui permet de gagner du temps tout en conservant la configuration pr\u00e9cise.<\/li>\n<li>Assure un parall\u00e9lisme parfait entre les deux lames.<\/li>\n<li>Fabriqu\u00e9 aux \u00c9tats-Unis en aluminium l\u00e9ger avec rev\u00eatement c\u00e9ramique anodis\u00e9 pour \u00e9viter la corrosion.<\/li>\n<\/ul>\n<p>C\u2019est le dernier jig d\u2019aff\u00fbtage dont vous aurez jamais besoin pour vos patins.<\/p>\n<p><a href=\"https:\/\/ztsports.com\/product-category\/sharpening\/jigs\/\"><strong>Vous pouvez trouver tous nos jigs et kits d\u2019aff\u00fbtage ici.<\/strong><\/a><\/p>\n<h3><a href=\"https:\/\/www.youtube.com\/watch?v=6mu5w7rdrL0\" target=\"_blank\" rel=\"noopener\">Tutoriel d\u2019aff\u00fbtage de patins<\/a><\/h3>\n","protected":false},"excerpt":{"rendered":"<p>ULTIMATE EDGE SHARPENING JIG Pr\u00e9cision ultime, fonctionnalit\u00e9s ultimes, r\u00e9sultats ultimes. L\u2019Ultimate Edge comprend des but\u00e9es verticales pour niveler les lames, garantissant un positionnement pr\u00e9cis. De plus, il assure un parall\u00e9lisme sans \u00e9gal. L\u2019ULTIMATE EDGE SHARPENING JIG inclut \u00e9galement des raccords rapides pour monter facilement les lames et les but\u00e9es verticales. Cela vous permet de maintenir [&hellip;]<\/p>\n","protected":false},"featured_media":24400,"comment_status":"open","ping_status":"closed","template":"","meta":{"_acf_changed":false,"_monsterinsights_skip_tracking":false,"_monsterinsights_sitenote_active":false,"_monsterinsights_sitenote_note":"","_monsterinsights_sitenote_category":0,"_uf_show_specific_survey":0,"_uf_disable_surveys":false,"site-sidebar-layout":"default","site-content-layout":"","ast-site-content-layout":"default","site-content-style":"default","site-sidebar-style":"default","ast-global-header-display":"","ast-banner-title-visibility":"","ast-main-header-display":"","ast-hfb-above-header-display":"","ast-hfb-below-header-display":"","ast-hfb-mobile-header-display":"","site-post-title":"","ast-breadcrumbs-content":"","ast-featured-img":"","footer-sml-layout":"","ast-disable-related-posts":"","theme-transparent-header-meta":"default","adv-header-id-meta":"","stick-header-meta":"","header-above-stick-meta":"","header-main-stick-meta":"","header-below-stick-meta":"","astra-migrate-meta-layouts":"set","ast-page-background-enabled":"default","ast-page-background-meta":{"desktop":{"background-color":"","background-image":"","background-repeat":"repeat","background-position":"center center","background-size":"auto","background-attachment":"scroll","background-type":"","background-media":"","overlay-type":"","overlay-color":"","overlay-opacity":"","overlay-gradient":""},"tablet":{"background-color":"","background-image":"","background-repeat":"repeat","background-position":"center center","background-size":"auto","background-attachment":"scroll","background-type":"","background-media":"","overlay-type":"","overlay-color":"","overlay-opacity":"","overlay-gradient":""},"mobile":{"background-color":"","background-image":"","background-repeat":"repeat","background-position":"center center","background-size":"auto","background-attachment":"scroll","background-type":"","background-media":"","overlay-type":"","overlay-color":"","overlay-opacity":"","overlay-gradient":""}},"ast-content-background-meta":{"desktop":{"background-color":"var(--ast-global-color-5)","background-image":"","background-repeat":"repeat","background-position":"center center","background-size":"auto","background-attachment":"scroll","background-type":"","background-media":"","overlay-type":"","overlay-color":"","overlay-opacity":"","overlay-gradient":""},"tablet":{"background-color":"var(--ast-global-color-5)","background-image":"","background-repeat":"repeat","background-position":"center center","background-size":"auto","background-attachment":"scroll","background-type":"","background-media":"","overlay-type":"","overlay-color":"","overlay-opacity":"","overlay-gradient":""},"mobile":{"background-color":"var(--ast-global-color-5)","background-image":"","background-repeat":"repeat","background-position":"center center","background-size":"auto","background-attachment":"scroll","background-type":"","background-media":"","overlay-type":"","overlay-color":"","overlay-opacity":"","overlay-gradient":""}}},"product_brand":[3353],"product_cat":[3378],"product_tag":[],"class_list":{"0":"post-24402","1":"product","2":"type-product","3":"status-publish","4":"has-post-thumbnail","6":"product_brand-ultimate-edge","7":"product_cat-non-categorise","8":"desktop-align-left","9":"tablet-align-left","10":"mobile-align-left","12":"first","13":"instock","14":"taxable","15":"shipping-taxable","16":"purchasable","17":"product-type-simple"},"acf":[],"_links":{"self":[{"href":"https:\/\/ztsports.com\/fr\/wp-json\/wp\/v2\/product\/24402","targetHints":{"allow":["GET"]}}],"collection":[{"href":"https:\/\/ztsports.com\/fr\/wp-json\/wp\/v2\/product"}],"about":[{"href":"https:\/\/ztsports.com\/fr\/wp-json\/wp\/v2\/types\/product"}],"replies":[{"embeddable":true,"href":"https:\/\/ztsports.com\/fr\/wp-json\/wp\/v2\/comments?post=24402"}],"version-history":[{"count":1,"href":"https:\/\/ztsports.com\/fr\/wp-json\/wp\/v2\/product\/24402\/revisions"}],"predecessor-version":[{"id":24403,"href":"https:\/\/ztsports.com\/fr\/wp-json\/wp\/v2\/product\/24402\/revisions\/24403"}],"wp:featuredmedia":[{"embeddable":true,"href":"https:\/\/ztsports.com\/fr\/wp-json\/wp\/v2\/media\/24400"}],"wp:attachment":[{"href":"https:\/\/ztsports.com\/fr\/wp-json\/wp\/v2\/media?parent=24402"}],"wp:term":[{"taxonomy":"product_brand","embeddable":true,"href":"https:\/\/ztsports.com\/fr\/wp-json\/wp\/v2\/product_brand?post=24402"},{"taxonomy":"product_cat","embeddable":true,"href":"https:\/\/ztsports.com\/fr\/wp-json\/wp\/v2\/product_cat?post=24402"},{"taxonomy":"product_tag","embeddable":true,"href":"https:\/\/ztsports.com\/fr\/wp-json\/wp\/v2\/product_tag?post=24402"}],"curies":[{"name":"wp","href":"https:\/\/api.w.org\/{rel}","templated":true}]}}