{"id":24398,"date":"2021-09-23T02:11:29","date_gmt":"2021-09-23T02:11:29","guid":{"rendered":"https:\/\/ztsports.com\/?post_type=product&#038;p=24398"},"modified":"2026-03-11T09:16:54","modified_gmt":"2026-03-11T09:16:54","slug":"zandstra-medium-jig-long-track","status":"publish","type":"product","link":"https:\/\/ztsports.com\/fr\/store\/zandstra-medium-jig-long-track\/","title":{"rendered":"ZANDSTRA MEDIUM JIG LONG TRACK"},"content":{"rendered":"<h2>ZANDSTRA MEDIUM JIG pour patins ou lames clip<\/h2>\n<p>Le ZANDSTRA MEDIUM JIG est fabriqu\u00e9 en une seule pi\u00e8ce \u00e0 partir d\u2019un profil\u00e9 extrud\u00e9 sp\u00e9cial en aluminium anodis\u00e9. La stabilit\u00e9 de la table d\u2019aff\u00fbtage le rend tr\u00e8s facile \u00e0 utiliser.<\/p>\n<p>Enfin, ce jig convient \u00e0 presque tous les patins avec bottes en cuir ou moul\u00e9es.<\/p>\n<p><strong>Remarque :<\/strong> pour les <strong>lames nordiques<\/strong>, vous aurez besoin soit du <a href=\"https:\/\/ztsports.com\/product\/zandstra-low-jig-for-nordic-blades\/\"><strong>ZANDSTRA LOW JIG<\/strong><\/a> soit du <strong><a href=\"https:\/\/ztsports.com\/product\/sharpening-tool-for-nordic-blade\/\">ZANDSTRA SHARPENING TOOL \/ NORDIC BLADE SHARPENING JIG<\/a><\/strong>.<\/p>\n<p><a href=\"https:\/\/ztsports.com\/product-category\/sharpening\/jigs\/\"><strong>Ces produits peuvent \u00eatre achet\u00e9s en ligne sur la boutique Zt Sports.<\/strong><\/a><\/p>\n<h3>Hiver aux Pays-Bas<\/h3>\n<p>En raison du climat maritime, de bonnes conditions pour le patinage sur les lacs et les canaux aux Pays-Bas sont rares et impr\u00e9visibles. Cependant, lorsque le froid arrive vraiment et que les N\u00e9erlandais peuvent patiner, il semble que leur \u00e9tat d\u2019esprit change compl\u00e8tement. Une fois sur la glace, le professeur, le m\u00e9decin, le fermier et l\u2019ouvrier de l\u2019usine sont tous \u00e9gaux. Il n\u2019y a pas de hi\u00e9rarchie, ce qui est difficile \u00e0 expliquer, mais cela r\u00e9sulte d\u2019une longue tradition remontant au 16\u00e8me si\u00e8cle.<\/p>\n<p>Le patinage sur glace est un \u00e9v\u00e9nement familial. Les grands-parents enseignent \u00e0 leurs petits-enfants \u00e0 patiner. Les \u00e9coles \u00e9l\u00e9mentaires et secondaires organisent leurs propres \u00e9v\u00e9nements de patinage. Si la neige recouvre la glace, de nombreux b\u00e9n\u00e9voles la retirent pour cr\u00e9er une surface propre et lisse. Dans un petit pays comme les Pays-Bas, des centaines de tours et courses ont lieu. Les clubs locaux organisent ces \u00e9v\u00e9nements, avec des distances variant de 10 \u00e0 200 km.<\/p>\n<p>Lors d\u2019un week-end d\u2019hiver ensoleill\u00e9, il n\u2019est pas rare que plus d\u2019un million de patineurs passent un bon moment avec leurs amis, leur famille ou leurs voisins. Tout cela se d\u00e9roule en seulement 2 ou 3 week-ends, car les hivers n\u00e9erlandais ne durent g\u00e9n\u00e9ralement pas plus longtemps. Ces derni\u00e8res ann\u00e9es, les conditions de patinage n\u2019ont pas \u00e9t\u00e9 favorables \u00e0 cause des temp\u00e9ratures trop \u00e9lev\u00e9es. C\u2019est pourquoi de nombreux N\u00e9erlandais se sont mis \u00e0 voyager en Autriche ou en Su\u00e8de pour des \u00ab vacances de patinage \u00bb, tout comme d\u2019autres partent skier dans les Alpes.<\/p>\n<p><strong>Support ZANDSTRA BAS :<\/strong> Support en aluminium anodis\u00e9 tr\u00e8s stable. Bas et long, il est con\u00e7u pour tous types de lames nordiques ou longues lames destin\u00e9es \u00e0 l\u2019aff\u00fbtage manuel. Pratiquement toutes les lames qui ne s\u2019ins\u00e8rent pas dans un support normal peuvent s\u2019ins\u00e9rer dans celui-ci.<\/p>\n","protected":false},"excerpt":{"rendered":"<p>ZANDSTRA MEDIUM JIG pour patins ou lames clip Le ZANDSTRA MEDIUM JIG est fabriqu\u00e9 en une seule pi\u00e8ce \u00e0 partir d\u2019un profil\u00e9 extrud\u00e9 sp\u00e9cial en aluminium anodis\u00e9. La stabilit\u00e9 de la table d\u2019aff\u00fbtage le rend tr\u00e8s facile \u00e0 utiliser. Enfin, ce jig convient \u00e0 presque tous les patins avec bottes en cuir ou moul\u00e9es. Remarque [&hellip;]<\/p>\n","protected":false},"featured_media":24394,"comment_status":"open","ping_status":"closed","template":"","meta":{"_acf_changed":false,"_monsterinsights_skip_tracking":false,"_monsterinsights_sitenote_active":false,"_monsterinsights_sitenote_note":"","_monsterinsights_sitenote_category":0,"_uf_show_specific_survey":0,"_uf_disable_surveys":false,"site-sidebar-layout":"default","site-content-layout":"","ast-site-content-layout":"default","site-content-style":"default","site-sidebar-style":"default","ast-global-header-display":"","ast-banner-title-visibility":"","ast-main-header-display":"","ast-hfb-above-header-display":"","ast-hfb-below-header-display":"","ast-hfb-mobile-header-display":"","site-post-title":"","ast-breadcrumbs-content":"","ast-featured-img":"","footer-sml-layout":"","ast-disable-related-posts":"","theme-transparent-header-meta":"default","adv-header-id-meta":"","stick-header-meta":"","header-above-stick-meta":"","header-main-stick-meta":"","header-below-stick-meta":"","astra-migrate-meta-layouts":"set","ast-page-background-enabled":"default","ast-page-background-meta":{"desktop":{"background-color":"","background-image":"","background-repeat":"repeat","background-position":"center center","background-size":"auto","background-attachment":"scroll","background-type":"","background-media":"","overlay-type":"","overlay-color":"","overlay-opacity":"","overlay-gradient":""},"tablet":{"background-color":"","background-image":"","background-repeat":"repeat","background-position":"center center","background-size":"auto","background-attachment":"scroll","background-type":"","background-media":"","overlay-type":"","overlay-color":"","overlay-opacity":"","overlay-gradient":""},"mobile":{"background-color":"","background-image":"","background-repeat":"repeat","background-position":"center center","background-size":"auto","background-attachment":"scroll","background-type":"","background-media":"","overlay-type":"","overlay-color":"","overlay-opacity":"","overlay-gradient":""}},"ast-content-background-meta":{"desktop":{"background-color":"var(--ast-global-color-5)","background-image":"","background-repeat":"repeat","background-position":"center center","background-size":"auto","background-attachment":"scroll","background-type":"","background-media":"","overlay-type":"","overlay-color":"","overlay-opacity":"","overlay-gradient":""},"tablet":{"background-color":"var(--ast-global-color-5)","background-image":"","background-repeat":"repeat","background-position":"center center","background-size":"auto","background-attachment":"scroll","background-type":"","background-media":"","overlay-type":"","overlay-color":"","overlay-opacity":"","overlay-gradient":""},"mobile":{"background-color":"var(--ast-global-color-5)","background-image":"","background-repeat":"repeat","background-position":"center center","background-size":"auto","background-attachment":"scroll","background-type":"","background-media":"","overlay-type":"","overlay-color":"","overlay-opacity":"","overlay-gradient":""}}},"product_brand":[3363,3364],"product_cat":[3378],"product_tag":[],"class_list":{"0":"post-24398","1":"product","2":"type-product","3":"status-publish","4":"has-post-thumbnail","6":"product_brand-zandstra","7":"product_brand-zanstra","8":"product_cat-non-categorise","9":"desktop-align-left","10":"tablet-align-left","11":"mobile-align-left","13":"first","14":"instock","15":"sale","16":"taxable","17":"shipping-taxable","18":"purchasable","19":"product-type-simple"},"acf":[],"_links":{"self":[{"href":"https:\/\/ztsports.com\/fr\/wp-json\/wp\/v2\/product\/24398","targetHints":{"allow":["GET"]}}],"collection":[{"href":"https:\/\/ztsports.com\/fr\/wp-json\/wp\/v2\/product"}],"about":[{"href":"https:\/\/ztsports.com\/fr\/wp-json\/wp\/v2\/types\/product"}],"replies":[{"embeddable":true,"href":"https:\/\/ztsports.com\/fr\/wp-json\/wp\/v2\/comments?post=24398"}],"version-history":[{"count":1,"href":"https:\/\/ztsports.com\/fr\/wp-json\/wp\/v2\/product\/24398\/revisions"}],"predecessor-version":[{"id":24399,"href":"https:\/\/ztsports.com\/fr\/wp-json\/wp\/v2\/product\/24398\/revisions\/24399"}],"wp:featuredmedia":[{"embeddable":true,"href":"https:\/\/ztsports.com\/fr\/wp-json\/wp\/v2\/media\/24394"}],"wp:attachment":[{"href":"https:\/\/ztsports.com\/fr\/wp-json\/wp\/v2\/media?parent=24398"}],"wp:term":[{"taxonomy":"product_brand","embeddable":true,"href":"https:\/\/ztsports.com\/fr\/wp-json\/wp\/v2\/product_brand?post=24398"},{"taxonomy":"product_cat","embeddable":true,"href":"https:\/\/ztsports.com\/fr\/wp-json\/wp\/v2\/product_cat?post=24398"},{"taxonomy":"product_tag","embeddable":true,"href":"https:\/\/ztsports.com\/fr\/wp-json\/wp\/v2\/product_tag?post=24398"}],"curies":[{"name":"wp","href":"https:\/\/api.w.org\/{rel}","templated":true}]}}