{"id":24382,"date":"2021-09-23T02:11:31","date_gmt":"2021-09-23T02:11:31","guid":{"rendered":"https:\/\/ztsports.com\/?post_type=product&#038;p=24382"},"modified":"2026-03-11T09:13:09","modified_gmt":"2026-03-11T09:13:09","slug":"foss-sharpening-stone-for-speed-skates","status":"publish","type":"product","link":"https:\/\/ztsports.com\/fr\/store\/foss-sharpening-stone-for-speed-skates\/","title":{"rendered":"FOSS SHARPENING STONE FOR SPEED SKATES"},"content":{"rendered":"<h1>Pierre \u00e0 aff\u00fbter FOSS<\/h1>\n<p>La <span class=\"Y2IQFc\" lang=\"fr\">pierre \u00e0 aff\u00fbter FOSS est fabriqu\u00e9e en carbure de silicium de haute qualit\u00e9. Elle poss\u00e8de un c\u00f4t\u00e9 rugueux pour l\u2019aff\u00fbtage et un c\u00f4t\u00e9 lisse pour le polissage. Une pierre id\u00e9ale pour les patineurs qui souhaitent obtenir un excellent r\u00e9sultat d\u2019aff\u00fbtage.<\/span><\/p>\n<p>Utilisation \u00e0 sec, sans huile ni eau.<\/p>\n<p><strong>Achetez la pierre \u00e0 aff\u00fbter FOSS aupr\u00e8s du meilleur magasin en ligne au Canada !<\/strong><\/p>\n<p>Chez ZT Sports, nous proposons la pierre \u00e0 aff\u00fbter FOSS, une pierre de qualit\u00e9 sup\u00e9rieure en carbure de silicium, la plus populaire sur le march\u00e9. Cette pierre polyvalente est parfaite pour aff\u00fbter et polir tous types de lames de patins de vitesse. Elle convient \u00e9galement aux couteaux, ciseaux, outils et autres lames.<\/p>\n<h4>Pourquoi est-il important d\u2019utiliser un produit premium comme la pierre FOSS ?<\/h4>\n<p>Utiliser une pierre \u00e0 aff\u00fbter de haute qualit\u00e9 garantit que vos lames restent tranchantes plus longtemps et offrent de meilleures performances. La possibilit\u00e9 d\u2019aff\u00fbter et de polir avec une seule pierre vous fait gagner du temps et de l\u2019argent. De plus, une pierre de qualit\u00e9 assure un tranchant parfait \u00e0 chaque utilisation, am\u00e9liorant la performance, la s\u00e9curit\u00e9 et la long\u00e9vit\u00e9 de vos lames.<\/p>\n<p><strong>Caract\u00e9ristiques<\/strong><\/p>\n<ul>\n<li>Fabriqu\u00e9e en carbure de silicium pour plus de durabilit\u00e9<\/li>\n<li>C\u00f4t\u00e9 rugueux pour l\u2019aff\u00fbtage, c\u00f4t\u00e9 doux pour la finition et le polissage<\/li>\n<li>Utilisation sans huile ni eau<\/li>\n<li>Polyvalente, utilisable sur diff\u00e9rents types de lames<\/li>\n<li>Dimensions : 25&#215;7,5&#215;2,5 cm (10x3x1 pouces)<\/li>\n<\/ul>\n<ul>\n<li><strong>Conception et durabilit\u00e9<\/strong><\/li>\n<\/ul>\n<p>Cette pierre est fabriqu\u00e9e en carbure de silicium, un mat\u00e9riau de qualit\u00e9 sup\u00e9rieure reconnu pour sa durabilit\u00e9 et sa capacit\u00e9 \u00e0 fournir un tranchant fin et pr\u00e9cis. Le c\u00f4t\u00e9 rugueux est parfait pour l\u2019aff\u00fbtage, tandis que le c\u00f4t\u00e9 doux permet le polissage, offrant un r\u00e9sultat parfait \u00e0 chaque utilisation.<\/p>\n<ul>\n<li><strong>Facilit\u00e9 d\u2019utilisation<\/strong><\/li>\n<\/ul>\n<p>La pierre FOSS est \u00e9galement tr\u00e8s facile \u00e0 utiliser. Contrairement aux pierres traditionnelles qui n\u00e9cessitent de l\u2019huile ou de l\u2019eau, elle peut \u00eatre utilis\u00e9e sans lubrifiant suppl\u00e9mentaire, ce qui la rend pratique et propre. Elle convient aussi bien aux professionnels qu\u2019\u00e0 un usage domestique.<\/p>\n<ul>\n<li><strong>Polyvalence<\/strong><\/li>\n<\/ul>\n<p>La pierre FOSS est extr\u00eamement polyvalente. Elle peut \u00eatre utilis\u00e9e sur de nombreuses lames, des lames de patin de vitesse aux couteaux de cuisine, en passant par les outils et ciseaux. C\u2019est un excellent investissement pour quiconque souhaite aff\u00fbter et entretenir ses lames.<\/p>\n<p><strong>Multi-usage<\/strong><\/p>\n<p>Elle peut \u00e9galement \u00eatre utilis\u00e9e sur tous types d\u2019acier, y compris l\u2019acier au carbone et inoxydable, et convient aussi bien au meulage grossier qu\u2019au polissage fin. Commandez d\u00e8s aujourd\u2019hui et profitez des avantages d\u2019un produit premium pour tous vos besoins en aff\u00fbtage !<\/p>\n<p>En savoir plus sur Zandstra Sport <a href=\"https:\/\/zandstrasport.nl\/en\/\" target=\"_blank\" rel=\"noopener\">ici<\/a><\/p>\n<p>Enfin, vous pouvez consulter toutes nos <a href=\"https:\/\/ztsports.com\/product-category\/sharpening\/stones\/\"><strong>pierres \u00e0 aff\u00fbter ici<\/strong><\/a>.<\/p>\n<p><a href=\"https:\/\/www.youtube.com\/watch?v=6mu5w7rdrL0\" target=\"_blank\" rel=\"noopener\"><strong>Tutoriel d\u2019aff\u00fbtage<\/strong><\/a><\/p>\n","protected":false},"excerpt":{"rendered":"<p>Pierre \u00e0 aff\u00fbter FOSS La pierre \u00e0 aff\u00fbter FOSS est fabriqu\u00e9e en carbure de silicium de haute qualit\u00e9. Elle poss\u00e8de un c\u00f4t\u00e9 rugueux pour l\u2019aff\u00fbtage et un c\u00f4t\u00e9 lisse pour le polissage. Une pierre id\u00e9ale pour les patineurs qui souhaitent obtenir un excellent r\u00e9sultat d\u2019aff\u00fbtage. Utilisation \u00e0 sec, sans huile ni eau. Achetez la pierre [&hellip;]<\/p>\n","protected":false},"featured_media":24380,"comment_status":"open","ping_status":"closed","template":"","meta":{"_acf_changed":false,"_monsterinsights_skip_tracking":false,"_monsterinsights_sitenote_active":false,"_monsterinsights_sitenote_note":"","_monsterinsights_sitenote_category":0,"_uf_show_specific_survey":0,"_uf_disable_surveys":false,"site-sidebar-layout":"default","site-content-layout":"","ast-site-content-layout":"default","site-content-style":"default","site-sidebar-style":"default","ast-global-header-display":"","ast-banner-title-visibility":"","ast-main-header-display":"","ast-hfb-above-header-display":"","ast-hfb-below-header-display":"","ast-hfb-mobile-header-display":"","site-post-title":"","ast-breadcrumbs-content":"","ast-featured-img":"","footer-sml-layout":"","ast-disable-related-posts":"","theme-transparent-header-meta":"default","adv-header-id-meta":"","stick-header-meta":"","header-above-stick-meta":"","header-main-stick-meta":"","header-below-stick-meta":"","astra-migrate-meta-layouts":"set","ast-page-background-enabled":"default","ast-page-background-meta":{"desktop":{"background-color":"","background-image":"","background-repeat":"repeat","background-position":"center center","background-size":"auto","background-attachment":"scroll","background-type":"","background-media":"","overlay-type":"","overlay-color":"","overlay-opacity":"","overlay-gradient":""},"tablet":{"background-color":"","background-image":"","background-repeat":"repeat","background-position":"center center","background-size":"auto","background-attachment":"scroll","background-type":"","background-media":"","overlay-type":"","overlay-color":"","overlay-opacity":"","overlay-gradient":""},"mobile":{"background-color":"","background-image":"","background-repeat":"repeat","background-position":"center center","background-size":"auto","background-attachment":"scroll","background-type":"","background-media":"","overlay-type":"","overlay-color":"","overlay-opacity":"","overlay-gradient":""}},"ast-content-background-meta":{"desktop":{"background-color":"var(--ast-global-color-5)","background-image":"","background-repeat":"repeat","background-position":"center center","background-size":"auto","background-attachment":"scroll","background-type":"","background-media":"","overlay-type":"","overlay-color":"","overlay-opacity":"","overlay-gradient":""},"tablet":{"background-color":"var(--ast-global-color-5)","background-image":"","background-repeat":"repeat","background-position":"center center","background-size":"auto","background-attachment":"scroll","background-type":"","background-media":"","overlay-type":"","overlay-color":"","overlay-opacity":"","overlay-gradient":""},"mobile":{"background-color":"var(--ast-global-color-5)","background-image":"","background-repeat":"repeat","background-position":"center center","background-size":"auto","background-attachment":"scroll","background-type":"","background-media":"","overlay-type":"","overlay-color":"","overlay-opacity":"","overlay-gradient":""}}},"product_brand":[3300],"product_cat":[3378],"product_tag":[4562],"class_list":{"0":"post-24382","1":"product","2":"type-product","3":"status-publish","4":"has-post-thumbnail","6":"product_brand-foss","7":"product_cat-non-categorise","8":"product_tag-speed-skating","9":"desktop-align-left","10":"tablet-align-left","11":"mobile-align-left","13":"first","14":"instock","15":"sale","16":"taxable","17":"shipping-taxable","18":"purchasable","19":"product-type-simple"},"acf":[],"_links":{"self":[{"href":"https:\/\/ztsports.com\/fr\/wp-json\/wp\/v2\/product\/24382","targetHints":{"allow":["GET"]}}],"collection":[{"href":"https:\/\/ztsports.com\/fr\/wp-json\/wp\/v2\/product"}],"about":[{"href":"https:\/\/ztsports.com\/fr\/wp-json\/wp\/v2\/types\/product"}],"replies":[{"embeddable":true,"href":"https:\/\/ztsports.com\/fr\/wp-json\/wp\/v2\/comments?post=24382"}],"version-history":[{"count":1,"href":"https:\/\/ztsports.com\/fr\/wp-json\/wp\/v2\/product\/24382\/revisions"}],"predecessor-version":[{"id":24383,"href":"https:\/\/ztsports.com\/fr\/wp-json\/wp\/v2\/product\/24382\/revisions\/24383"}],"wp:featuredmedia":[{"embeddable":true,"href":"https:\/\/ztsports.com\/fr\/wp-json\/wp\/v2\/media\/24380"}],"wp:attachment":[{"href":"https:\/\/ztsports.com\/fr\/wp-json\/wp\/v2\/media?parent=24382"}],"wp:term":[{"taxonomy":"product_brand","embeddable":true,"href":"https:\/\/ztsports.com\/fr\/wp-json\/wp\/v2\/product_brand?post=24382"},{"taxonomy":"product_cat","embeddable":true,"href":"https:\/\/ztsports.com\/fr\/wp-json\/wp\/v2\/product_cat?post=24382"},{"taxonomy":"product_tag","embeddable":true,"href":"https:\/\/ztsports.com\/fr\/wp-json\/wp\/v2\/product_tag?post=24382"}],"curies":[{"name":"wp","href":"https:\/\/api.w.org\/{rel}","templated":true}]}}