{"id":24378,"date":"2021-09-23T02:11:31","date_gmt":"2021-09-23T02:11:31","guid":{"rendered":"https:\/\/ztsports.com\/?post_type=product&#038;p=24378"},"modified":"2026-03-11T09:12:10","modified_gmt":"2026-03-11T09:12:10","slug":"norton-jum3-sharpening-stone-2","status":"publish","type":"product","link":"https:\/\/ztsports.com\/fr\/store\/norton-jum3-sharpening-stone-2\/","title":{"rendered":"NORTON JUM3 SHARPENING STONE"},"content":{"rendered":"<h1>Pierre \u00e0 aff\u00fbter Norton JUM3<\/h1>\n<p>La <span class=\"Y2IQFc\" lang=\"fr\">pierre \u00e0 aff\u00fbter NORTON JUM3 est fabriqu\u00e9e en CRYSTOLON, c\u2019est une pierre \u00e0 huile combin\u00e9e. Recommand\u00e9e pour les m\u00e9taux durs comme l\u2019acier rapide (High Speed Steel) ; elle coupe plus agressivement que la Foss ou la Norton IM2, mais s\u2019use plus rapidement.<\/span><\/p>\n<ul>\n<li>Combinaison Crystolon avec surfaces abrasives en carbure de silicium \u00e0 grain grossier et fin pour un aff\u00fbtage g\u00e9n\u00e9ral (tol\u00e9rances mod\u00e9r\u00e9es) lorsque la vitesse d\u2019aff\u00fbtage est plus importante que la finesse du tranchant. Couleur grise.<\/li>\n<li>Dimensions : 11,5\u2033 x 2,5\u2033 x 1\u2033 (25 x 7,5 x 2,5 cm)<\/li>\n<li>Grossier : CRYSTOLON \u2013 grain 100 \u2013 41 microns<\/li>\n<li>Fin : CRYSTOLON \u2013 grain 240 \u2013 53 microns<\/li>\n<\/ul>\n<p>De plus, cette pierre doit \u00eatre <a href=\"https:\/\/ztsports.com\/product\/norton-sharpening-stone-oil-xb1\/\">utilis\u00e9e avec de l\u2019huile<\/a>.<\/p>\n<p>Voir le reste de nos <strong><a href=\"https:\/\/ztsports.com\/brand\/norton\/\">produits Norton ici<\/a><\/strong>.<\/p>\n<p>Enfin, consultez toutes nos <a href=\"https:\/\/ztsports.com\/product-category\/sharpening\/stones\/\"><strong>pierres \u00e0 aff\u00fbter<\/strong><\/a> ici.<\/p>\n","protected":false},"excerpt":{"rendered":"<p>Pierre \u00e0 aff\u00fbter Norton JUM3 La pierre \u00e0 aff\u00fbter NORTON JUM3 est fabriqu\u00e9e en CRYSTOLON, c\u2019est une pierre \u00e0 huile combin\u00e9e. Recommand\u00e9e pour les m\u00e9taux durs comme l\u2019acier rapide (High Speed Steel) ; elle coupe plus agressivement que la Foss ou la Norton IM2, mais s\u2019use plus rapidement. Combinaison Crystolon avec surfaces abrasives en carbure [&hellip;]<\/p>\n","protected":false},"featured_media":24375,"comment_status":"open","ping_status":"closed","template":"","meta":{"_acf_changed":false,"_monsterinsights_skip_tracking":false,"_monsterinsights_sitenote_active":false,"_monsterinsights_sitenote_note":"","_monsterinsights_sitenote_category":0,"_uf_show_specific_survey":0,"_uf_disable_surveys":false,"site-sidebar-layout":"default","site-content-layout":"","ast-site-content-layout":"default","site-content-style":"default","site-sidebar-style":"default","ast-global-header-display":"","ast-banner-title-visibility":"","ast-main-header-display":"","ast-hfb-above-header-display":"","ast-hfb-below-header-display":"","ast-hfb-mobile-header-display":"","site-post-title":"","ast-breadcrumbs-content":"","ast-featured-img":"","footer-sml-layout":"","ast-disable-related-posts":"","theme-transparent-header-meta":"default","adv-header-id-meta":"","stick-header-meta":"","header-above-stick-meta":"","header-main-stick-meta":"","header-below-stick-meta":"","astra-migrate-meta-layouts":"set","ast-page-background-enabled":"default","ast-page-background-meta":{"desktop":{"background-color":"","background-image":"","background-repeat":"repeat","background-position":"center center","background-size":"auto","background-attachment":"scroll","background-type":"","background-media":"","overlay-type":"","overlay-color":"","overlay-opacity":"","overlay-gradient":""},"tablet":{"background-color":"","background-image":"","background-repeat":"repeat","background-position":"center center","background-size":"auto","background-attachment":"scroll","background-type":"","background-media":"","overlay-type":"","overlay-color":"","overlay-opacity":"","overlay-gradient":""},"mobile":{"background-color":"","background-image":"","background-repeat":"repeat","background-position":"center center","background-size":"auto","background-attachment":"scroll","background-type":"","background-media":"","overlay-type":"","overlay-color":"","overlay-opacity":"","overlay-gradient":""}},"ast-content-background-meta":{"desktop":{"background-color":"var(--ast-global-color-5)","background-image":"","background-repeat":"repeat","background-position":"center center","background-size":"auto","background-attachment":"scroll","background-type":"","background-media":"","overlay-type":"","overlay-color":"","overlay-opacity":"","overlay-gradient":""},"tablet":{"background-color":"var(--ast-global-color-5)","background-image":"","background-repeat":"repeat","background-position":"center center","background-size":"auto","background-attachment":"scroll","background-type":"","background-media":"","overlay-type":"","overlay-color":"","overlay-opacity":"","overlay-gradient":""},"mobile":{"background-color":"var(--ast-global-color-5)","background-image":"","background-repeat":"repeat","background-position":"center center","background-size":"auto","background-attachment":"scroll","background-type":"","background-media":"","overlay-type":"","overlay-color":"","overlay-opacity":"","overlay-gradient":""}}},"product_brand":[3328],"product_cat":[3378],"product_tag":[],"class_list":{"0":"post-24378","1":"product","2":"type-product","3":"status-publish","4":"has-post-thumbnail","6":"product_brand-norton","7":"product_cat-non-categorise","8":"desktop-align-left","9":"tablet-align-left","10":"mobile-align-left","12":"first","13":"instock","14":"sale","15":"taxable","16":"shipping-taxable","17":"purchasable","18":"product-type-simple"},"acf":[],"_links":{"self":[{"href":"https:\/\/ztsports.com\/fr\/wp-json\/wp\/v2\/product\/24378","targetHints":{"allow":["GET"]}}],"collection":[{"href":"https:\/\/ztsports.com\/fr\/wp-json\/wp\/v2\/product"}],"about":[{"href":"https:\/\/ztsports.com\/fr\/wp-json\/wp\/v2\/types\/product"}],"replies":[{"embeddable":true,"href":"https:\/\/ztsports.com\/fr\/wp-json\/wp\/v2\/comments?post=24378"}],"version-history":[{"count":1,"href":"https:\/\/ztsports.com\/fr\/wp-json\/wp\/v2\/product\/24378\/revisions"}],"predecessor-version":[{"id":24379,"href":"https:\/\/ztsports.com\/fr\/wp-json\/wp\/v2\/product\/24378\/revisions\/24379"}],"wp:featuredmedia":[{"embeddable":true,"href":"https:\/\/ztsports.com\/fr\/wp-json\/wp\/v2\/media\/24375"}],"wp:attachment":[{"href":"https:\/\/ztsports.com\/fr\/wp-json\/wp\/v2\/media?parent=24378"}],"wp:term":[{"taxonomy":"product_brand","embeddable":true,"href":"https:\/\/ztsports.com\/fr\/wp-json\/wp\/v2\/product_brand?post=24378"},{"taxonomy":"product_cat","embeddable":true,"href":"https:\/\/ztsports.com\/fr\/wp-json\/wp\/v2\/product_cat?post=24378"},{"taxonomy":"product_tag","embeddable":true,"href":"https:\/\/ztsports.com\/fr\/wp-json\/wp\/v2\/product_tag?post=24378"}],"curies":[{"name":"wp","href":"https:\/\/api.w.org\/{rel}","templated":true}]}}