{"id":24367,"date":"2021-09-23T02:11:32","date_gmt":"2021-09-23T02:11:32","guid":{"rendered":"https:\/\/ztsports.com\/?post_type=product&#038;p=24367"},"modified":"2026-03-11T09:09:49","modified_gmt":"2026-03-11T09:09:49","slug":"norton-ic11-crystolon-sharpening-stone","status":"publish","type":"product","link":"https:\/\/ztsports.com\/fr\/store\/norton-ic11-crystolon-sharpening-stone\/","title":{"rendered":"NORTON IC11 CRYSTOLON SHARPENING STONE"},"content":{"rendered":"<p><strong>NORTON PIERRE \u00c0 AFF\u00dbTER CRYSTOLON IC11<\/strong><\/p>\n<p>Aff\u00fbtez et finissez une vari\u00e9t\u00e9 d\u2019outils avec une seule pierre gr\u00e2ce \u00e0 la pierre \u00e0 aff\u00fbter Norton IC11 Crystolon\/India Combination Abrasive Benchstone.<\/p>\n<p>La combinaison de carbure de silicium et d\u2019oxyde d\u2019aluminium permet un aff\u00fbtage rapide et une finition constante, faisant de cette pierre un choix \u00e9conomique pour vos besoins en aff\u00fbtage.<\/p>\n<p>Id\u00e9al pour le dimensionnement manuel et l\u2019aff\u00fbtage des couteaux, lames de rabot, ciseaux et grattoirs.<\/p>\n<p>Pour de meilleurs r\u00e9sultats, utiliser avec de l\u2019huile.<\/p>\n<p>La pierre \u00e0 aff\u00fbter Norton IC11 CRYSTOLON permet d\u2019aff\u00fbter et de finir une vari\u00e9t\u00e9 de lames et d\u2019outils avec une seule pierre gr\u00e2ce \u00e0 la combinaison abrasive Crystolon\/India.<\/p>\n<p>De plus, la combinaison de carbure de silicium et d\u2019oxyde d\u2019aluminium permet un aff\u00fbtage rapide avec une finition constante.<\/p>\n<p>Cela fait de cette pierre \u00e0 aff\u00fbter une solution \u00e9conomique pour vos besoins en aff\u00fbtage.<\/p>\n<p>De plus, id\u00e9ale pour le roguage manuel et l\u2019aff\u00fbtage des lames de patins de vitesse.<\/p>\n<p><strong>Pour de meilleurs r\u00e9sultats, veuillez <a href=\"https:\/\/ztsports.com\/product\/norton-sharpening-stone-oil-xb1\/\">utiliser avec de l\u2019huile<\/a><\/strong>.<\/p>\n<p><strong>Norton IC11<\/strong><\/p>\n<p>11,5\u2033 x 2,5\u2033 x 1\u2033<\/p>\n<p><strong>CRYSTOLON moyen \u2013 150 grit \u2013 93 microns<\/strong><\/p>\n<p><strong>India fin \u2013 280 grit \u2013 43 microns<\/strong><\/p>\n<p>Voir le reste de nos <strong><a href=\"https:\/\/ztsports.com\/brand\/norton\/\">produits Norton ici<\/a><\/strong>.<\/p>\n<h3>Tableau des grains Norton India et Norton Crystolon<\/h3>\n<table class=\"table\">\n<thead>\n<tr>\n<th>Type de pierre<\/th>\n<th>Gros grain<\/th>\n<th>Grain moyen<\/th>\n<th>Pierres fines<\/th>\n<\/tr>\n<\/thead>\n<tbody>\n<tr>\n<td><a href=\"https:\/\/ztsports.com\/product\/norton-im2-sharpening-stone-for-speed-skates\/\"><strong>Pierre Norton India<\/strong><\/a><\/td>\n<td><strong>150<\/strong><\/td>\n<td><strong>240<\/strong><\/td>\n<td><strong>400<\/strong><\/td>\n<\/tr>\n<tr>\n<td><a href=\"https:\/\/ztsports.com\/product\/norton-ic11-crystolon-sharpening-stone\/\"><strong>Pierre Norton Crystolon<\/strong><\/a><\/td>\n<td><strong>120<\/strong><\/td>\n<td><strong>180<\/strong><\/td>\n<td><strong>320<\/strong><\/td>\n<\/tr>\n<\/tbody>\n<\/table>\n<p>Vous pouvez trouver toutes nos autres <a href=\"https:\/\/ztsports.com\/product-category\/sharpening\/stones\/\"><strong>pierres \u00e0 aff\u00fbter ici<\/strong><\/a>.<\/p>\n<div class=\"article--container\">\n<div class=\"article--inner\">\n<h1 class=\"article--title\">Quel grain pour Norton fin, moyen et grossier ?<\/h1>\n<\/div>\n<\/div>\n<div class=\"article--container\">\n<div class=\"article--inner\">\n<div class=\"article--content rte\">\n<h2>Quel grain pour Norton fin, moyen et grossier ?<\/h2>\n<p><a href=\"https:\/\/www.sharpeningsupplies.com\/collections\/oil-stones\" target=\"_blank\" rel=\"noopener\"><img decoding=\"async\" src=\"https:\/\/cdn.shopify.com\/s\/files\/1\/0769\/9287\/2750\/files\/india_bench-z.jpg?v=9353003892\" alt=\"India Bench\" align=\"right\" border=\"0\" \/><\/a><br \/>\nNorton produit plusieurs pierres avec grains fins, moyens et grossiers. Mais ces grains sont rarement indiqu\u00e9s en termes de valeurs exactes. D\u2019apr\u00e8s notre exp\u00e9rience et en nous basant sur leur documentation, nous avons d\u00e9termin\u00e9 les grains. Curieusement, Norton produit des grains diff\u00e9rents pour leurs pierres Norton India (pierre en oxyde d\u2019aluminium) et leurs pierres Norton Crystolon (pierre en carbure de silicium).<\/p>\n<p>Les standards de grain varient, mais celui le plus couramment utilis\u00e9 est celui associ\u00e9 aux pierres \u00e0 eau (JIS).<\/p>\n<p>Bien qu\u2019il n\u2019existe pas de standard unique pour les grains, nous utilisons g\u00e9n\u00e9ralement le standard le plus couramment associ\u00e9 aux pierres \u00e0 eau (JIS).<\/p>\n<p><strong>Pourquoi faisons-nous cela ?<\/strong><\/p>\n<p>Pour plusieurs raisons :<\/p>\n<p>Premi\u00e8rement, pour les grains inf\u00e9rieurs, cela suit assez bien le standard am\u00e9ricain (CAMI) pour les abrasifs rev\u00eatus (papier de verre) et le standard europ\u00e9en (FEPA).<\/p>\n<p>Deuxi\u00e8mement, le standard des pierres \u00e0 eau couvre une plage tr\u00e8s large allant de tr\u00e8s grossier \u00e0 extr\u00eamement fin. Les standards CAMI et FEPA s\u2019arr\u00eatent l\u00e0 o\u00f9 les grains des pierres \u00e0 eau continuent \u00e0 affiner. Cela nous permet d\u2019utiliser un standard unique pour diff\u00e9rentes pierres.<\/p>\n<p>Enfin, la mesure en microns permet une excellente comparaison de la taille relative des particules, ce qui est un excellent moyen de mesurer le grain.<\/p>\n<p>Cependant, si vous n\u2019\u00eates pas familier avec cette mesure, les nombres peuvent sembler difficiles \u00e0 interpr\u00e9ter. Par exemple, une particule de 45 microns est difficile \u00e0 visualiser, mais si l\u2019on dit que cela correspond \u00e0 environ 325 grit, cela donne une meilleure perspective.<\/p>\n<h3>Tableau des grains Norton India et Norton Crystolon<\/h3>\n<table class=\"table\">\n<thead>\n<tr>\n<th>Type de pierre<\/th>\n<th>Gros grain<\/th>\n<th>Grain moyen<\/th>\n<th>Pierres fines<\/th>\n<\/tr>\n<\/thead>\n<tbody>\n<tr>\n<td><strong>Pierre Norton India<\/strong><\/td>\n<td><strong>150<\/strong><\/td>\n<td><strong>240<\/strong><\/td>\n<td><strong>400<\/strong><\/td>\n<\/tr>\n<tr>\n<td><strong>Pierre Norton Crystolon<\/strong><\/td>\n<td><strong>120<\/strong><\/td>\n<td><strong>180<\/strong><\/td>\n<td><strong>320<\/strong><\/td>\n<\/tr>\n<\/tbody>\n<\/table>\n<\/div>\n<\/div>\n<\/div>\n","protected":false},"excerpt":{"rendered":"<p>NORTON PIERRE \u00c0 AFF\u00dbTER CRYSTOLON IC11 Aff\u00fbtez et finissez une vari\u00e9t\u00e9 d\u2019outils avec une seule pierre gr\u00e2ce \u00e0 la pierre \u00e0 aff\u00fbter Norton IC11 Crystolon\/India Combination Abrasive Benchstone. La combinaison de carbure de silicium et d\u2019oxyde d\u2019aluminium permet un aff\u00fbtage rapide et une finition constante, faisant de cette pierre un choix \u00e9conomique pour vos besoins [&hellip;]<\/p>\n","protected":false},"featured_media":24366,"comment_status":"open","ping_status":"closed","template":"","meta":{"_acf_changed":false,"_monsterinsights_skip_tracking":false,"_monsterinsights_sitenote_active":false,"_monsterinsights_sitenote_note":"","_monsterinsights_sitenote_category":0,"_uf_show_specific_survey":0,"_uf_disable_surveys":false,"site-sidebar-layout":"default","site-content-layout":"","ast-site-content-layout":"default","site-content-style":"default","site-sidebar-style":"default","ast-global-header-display":"","ast-banner-title-visibility":"","ast-main-header-display":"","ast-hfb-above-header-display":"","ast-hfb-below-header-display":"","ast-hfb-mobile-header-display":"","site-post-title":"","ast-breadcrumbs-content":"","ast-featured-img":"","footer-sml-layout":"","ast-disable-related-posts":"","theme-transparent-header-meta":"default","adv-header-id-meta":"","stick-header-meta":"","header-above-stick-meta":"","header-main-stick-meta":"","header-below-stick-meta":"","astra-migrate-meta-layouts":"set","ast-page-background-enabled":"default","ast-page-background-meta":{"desktop":{"background-color":"","background-image":"","background-repeat":"repeat","background-position":"center center","background-size":"auto","background-attachment":"scroll","background-type":"","background-media":"","overlay-type":"","overlay-color":"","overlay-opacity":"","overlay-gradient":""},"tablet":{"background-color":"","background-image":"","background-repeat":"repeat","background-position":"center center","background-size":"auto","background-attachment":"scroll","background-type":"","background-media":"","overlay-type":"","overlay-color":"","overlay-opacity":"","overlay-gradient":""},"mobile":{"background-color":"","background-image":"","background-repeat":"repeat","background-position":"center center","background-size":"auto","background-attachment":"scroll","background-type":"","background-media":"","overlay-type":"","overlay-color":"","overlay-opacity":"","overlay-gradient":""}},"ast-content-background-meta":{"desktop":{"background-color":"var(--ast-global-color-5)","background-image":"","background-repeat":"repeat","background-position":"center center","background-size":"auto","background-attachment":"scroll","background-type":"","background-media":"","overlay-type":"","overlay-color":"","overlay-opacity":"","overlay-gradient":""},"tablet":{"background-color":"var(--ast-global-color-5)","background-image":"","background-repeat":"repeat","background-position":"center center","background-size":"auto","background-attachment":"scroll","background-type":"","background-media":"","overlay-type":"","overlay-color":"","overlay-opacity":"","overlay-gradient":""},"mobile":{"background-color":"var(--ast-global-color-5)","background-image":"","background-repeat":"repeat","background-position":"center center","background-size":"auto","background-attachment":"scroll","background-type":"","background-media":"","overlay-type":"","overlay-color":"","overlay-opacity":"","overlay-gradient":""}}},"product_brand":[3328],"product_cat":[3378],"product_tag":[],"class_list":{"0":"post-24367","1":"product","2":"type-product","3":"status-publish","4":"has-post-thumbnail","6":"product_brand-norton","7":"product_cat-non-categorise","8":"desktop-align-left","9":"tablet-align-left","10":"mobile-align-left","12":"first","13":"instock","14":"sale","15":"taxable","16":"shipping-taxable","17":"purchasable","18":"product-type-simple"},"acf":[],"_links":{"self":[{"href":"https:\/\/ztsports.com\/fr\/wp-json\/wp\/v2\/product\/24367","targetHints":{"allow":["GET"]}}],"collection":[{"href":"https:\/\/ztsports.com\/fr\/wp-json\/wp\/v2\/product"}],"about":[{"href":"https:\/\/ztsports.com\/fr\/wp-json\/wp\/v2\/types\/product"}],"replies":[{"embeddable":true,"href":"https:\/\/ztsports.com\/fr\/wp-json\/wp\/v2\/comments?post=24367"}],"version-history":[{"count":1,"href":"https:\/\/ztsports.com\/fr\/wp-json\/wp\/v2\/product\/24367\/revisions"}],"predecessor-version":[{"id":24368,"href":"https:\/\/ztsports.com\/fr\/wp-json\/wp\/v2\/product\/24367\/revisions\/24368"}],"wp:featuredmedia":[{"embeddable":true,"href":"https:\/\/ztsports.com\/fr\/wp-json\/wp\/v2\/media\/24366"}],"wp:attachment":[{"href":"https:\/\/ztsports.com\/fr\/wp-json\/wp\/v2\/media?parent=24367"}],"wp:term":[{"taxonomy":"product_brand","embeddable":true,"href":"https:\/\/ztsports.com\/fr\/wp-json\/wp\/v2\/product_brand?post=24367"},{"taxonomy":"product_cat","embeddable":true,"href":"https:\/\/ztsports.com\/fr\/wp-json\/wp\/v2\/product_cat?post=24367"},{"taxonomy":"product_tag","embeddable":true,"href":"https:\/\/ztsports.com\/fr\/wp-json\/wp\/v2\/product_tag?post=24367"}],"curies":[{"name":"wp","href":"https:\/\/api.w.org\/{rel}","templated":true}]}}