{"id":24364,"date":"2021-09-23T02:12:38","date_gmt":"2021-09-23T02:12:38","guid":{"rendered":"https:\/\/ztsports.com\/?post_type=product&#038;p=24364"},"modified":"2026-03-11T09:08:21","modified_gmt":"2026-03-11T09:08:21","slug":"dmt-duosharp-diamond-stone-8%e2%80%b3-w8-2-sided","status":"publish","type":"product","link":"https:\/\/ztsports.com\/fr\/store\/dmt-duosharp-diamond-stone-8%e2%80%b3-w8-2-sided\/","title":{"rendered":"DMT DuoSharp DIAMOND STONE 8\u2033 W8 2 sided"},"content":{"rendered":"<pre class=\"tw-data-text tw-text-large tw-ta\" dir=\"ltr\" data-placeholder=\"Translation\"><span class=\"Y2IQFc\" lang=\"fr\">DMT DuoSharp PIERRE \u00c0 DIAMANT 8\u2033 W8 double face<\/span><\/pre>\n<p>DMT DuoSharp PIERRE \u00c0 DIAMANT<\/p>\n<p>La pierre \u00e0 diamant DMT DuoSharp fixe la r\u00e9f\u00e9rence que toutes les autres pierres \u00e0 diamant essaient d\u2019atteindre.<\/p>\n<p>La pierre de choix pour un aff\u00fbtage de classe mondiale. Double face, 10\u2033.<\/p>\n<p>Vrai diamant, le mat\u00e9riau le plus dur connu. R\u00e9duit consid\u00e9rablement le temps d\u2019aff\u00fbtage : 20 secondes au lieu de 10 minutes !<\/p>\n<p>Il est important d\u2019utiliser uniquement de l\u2019eau. Elle reste plane, ne se creuse jamais et ne s\u2019use pas, et durera des ann\u00e9es.<\/p>\n<p>Seule une pression l\u00e9g\u00e8re permet d\u2019obtenir un tranchant pr\u00e9cis en quelques passages.<\/p>\n<p>DMT DuoSharp PIERRE \u00c0 DIAMANT fut la premi\u00e8re pierre \u00e0 diamant de haute qualit\u00e9. DMT a \u00e9tabli la norme que toutes les autres pierres essaient d\u2019\u00e9galer. Le diamant, reconnu comme le mat\u00e9riau le plus dur, permet un aff\u00fbtage extr\u00eamement rapide (20 secondes au lieu de 10 minutes).<\/p>\n<p>De plus, seule une pression l\u00e9g\u00e8re sur la pierre produit un tranchant pr\u00e9cis en quelques mouvements. Il est \u00e9galement important de n\u2019utiliser que de l\u2019eau comme lubrifiant. Tr\u00e8s durable, toujours plane, ne se d\u00e9forme pas.<\/p>\n<p>Le mod\u00e8le DuoSharp\u00ae de 8 pouces dispose de deux faces avec surface diamant\u00e9e interrompue. Tout en offrant une surface g\u00e9n\u00e9reuse pour l\u2019aff\u00fbtage, elle est con\u00e7ue pour \u00eatre robuste, l\u00e9g\u00e8re et compacte \u2013 id\u00e9ale sur le terrain ! Le mod\u00e8le 8\u2033 est \u00e9galement disponible en DuoSharp\u00aeplus\u2122.<\/p>\n<p>Double face : 8\u2033 x 2,625\u2033 x 0,375\u2033 (203 mm x 67 mm x 10 mm)<\/p>\n<p>Enfin, vous trouverez toutes nos <a href=\"\/?product_cat=diamond-stones-2\"><strong>pierres \u00e0 diamant et pierres \u00e0 burr<\/strong><\/a> ici.<\/p>\n","protected":false},"excerpt":{"rendered":"<p>DMT DuoSharp PIERRE \u00c0 DIAMANT 8\u2033 W8 double face DMT DuoSharp PIERRE \u00c0 DIAMANT La pierre \u00e0 diamant DMT DuoSharp fixe la r\u00e9f\u00e9rence que toutes les autres pierres \u00e0 diamant essaient d\u2019atteindre. La pierre de choix pour un aff\u00fbtage de classe mondiale. Double face, 10\u2033. Vrai diamant, le mat\u00e9riau le plus dur connu. R\u00e9duit consid\u00e9rablement [&hellip;]<\/p>\n","protected":false},"featured_media":24363,"comment_status":"open","ping_status":"closed","template":"","meta":{"_acf_changed":false,"_monsterinsights_skip_tracking":false,"_monsterinsights_sitenote_active":false,"_monsterinsights_sitenote_note":"","_monsterinsights_sitenote_category":0,"_uf_show_specific_survey":0,"_uf_disable_surveys":false,"site-sidebar-layout":"default","site-content-layout":"","ast-site-content-layout":"default","site-content-style":"default","site-sidebar-style":"default","ast-global-header-display":"","ast-banner-title-visibility":"","ast-main-header-display":"","ast-hfb-above-header-display":"","ast-hfb-below-header-display":"","ast-hfb-mobile-header-display":"","site-post-title":"","ast-breadcrumbs-content":"","ast-featured-img":"","footer-sml-layout":"","ast-disable-related-posts":"","theme-transparent-header-meta":"default","adv-header-id-meta":"","stick-header-meta":"","header-above-stick-meta":"","header-main-stick-meta":"","header-below-stick-meta":"","astra-migrate-meta-layouts":"set","ast-page-background-enabled":"default","ast-page-background-meta":{"desktop":{"background-color":"","background-image":"","background-repeat":"repeat","background-position":"center center","background-size":"auto","background-attachment":"scroll","background-type":"","background-media":"","overlay-type":"","overlay-color":"","overlay-opacity":"","overlay-gradient":""},"tablet":{"background-color":"","background-image":"","background-repeat":"repeat","background-position":"center center","background-size":"auto","background-attachment":"scroll","background-type":"","background-media":"","overlay-type":"","overlay-color":"","overlay-opacity":"","overlay-gradient":""},"mobile":{"background-color":"","background-image":"","background-repeat":"repeat","background-position":"center center","background-size":"auto","background-attachment":"scroll","background-type":"","background-media":"","overlay-type":"","overlay-color":"","overlay-opacity":"","overlay-gradient":""}},"ast-content-background-meta":{"desktop":{"background-color":"var(--ast-global-color-5)","background-image":"","background-repeat":"repeat","background-position":"center center","background-size":"auto","background-attachment":"scroll","background-type":"","background-media":"","overlay-type":"","overlay-color":"","overlay-opacity":"","overlay-gradient":""},"tablet":{"background-color":"var(--ast-global-color-5)","background-image":"","background-repeat":"repeat","background-position":"center center","background-size":"auto","background-attachment":"scroll","background-type":"","background-media":"","overlay-type":"","overlay-color":"","overlay-opacity":"","overlay-gradient":""},"mobile":{"background-color":"var(--ast-global-color-5)","background-image":"","background-repeat":"repeat","background-position":"center center","background-size":"auto","background-attachment":"scroll","background-type":"","background-media":"","overlay-type":"","overlay-color":"","overlay-opacity":"","overlay-gradient":""}}},"product_brand":[3295],"product_cat":[3378],"product_tag":[4635],"class_list":{"0":"post-24364","1":"product","2":"type-product","3":"status-publish","4":"has-post-thumbnail","6":"product_brand-dmt","7":"product_cat-non-categorise","8":"product_tag-blade-maintenance","9":"desktop-align-left","10":"tablet-align-left","11":"mobile-align-left","13":"first","14":"instock","15":"sale","16":"taxable","17":"shipping-taxable","18":"purchasable","19":"product-type-simple"},"acf":[],"_links":{"self":[{"href":"https:\/\/ztsports.com\/fr\/wp-json\/wp\/v2\/product\/24364","targetHints":{"allow":["GET"]}}],"collection":[{"href":"https:\/\/ztsports.com\/fr\/wp-json\/wp\/v2\/product"}],"about":[{"href":"https:\/\/ztsports.com\/fr\/wp-json\/wp\/v2\/types\/product"}],"replies":[{"embeddable":true,"href":"https:\/\/ztsports.com\/fr\/wp-json\/wp\/v2\/comments?post=24364"}],"version-history":[{"count":1,"href":"https:\/\/ztsports.com\/fr\/wp-json\/wp\/v2\/product\/24364\/revisions"}],"predecessor-version":[{"id":24365,"href":"https:\/\/ztsports.com\/fr\/wp-json\/wp\/v2\/product\/24364\/revisions\/24365"}],"wp:featuredmedia":[{"embeddable":true,"href":"https:\/\/ztsports.com\/fr\/wp-json\/wp\/v2\/media\/24363"}],"wp:attachment":[{"href":"https:\/\/ztsports.com\/fr\/wp-json\/wp\/v2\/media?parent=24364"}],"wp:term":[{"taxonomy":"product_brand","embeddable":true,"href":"https:\/\/ztsports.com\/fr\/wp-json\/wp\/v2\/product_brand?post=24364"},{"taxonomy":"product_cat","embeddable":true,"href":"https:\/\/ztsports.com\/fr\/wp-json\/wp\/v2\/product_cat?post=24364"},{"taxonomy":"product_tag","embeddable":true,"href":"https:\/\/ztsports.com\/fr\/wp-json\/wp\/v2\/product_tag?post=24364"}],"curies":[{"name":"wp","href":"https:\/\/api.w.org\/{rel}","templated":true}]}}