{"id":24361,"date":"2021-09-23T02:12:39","date_gmt":"2021-09-23T02:12:39","guid":{"rendered":"https:\/\/ztsports.com\/?post_type=product&#038;p=24361"},"modified":"2026-03-11T09:07:42","modified_gmt":"2026-03-11T09:07:42","slug":"ceramic-burr-stone-1x2-with-protective-pouch","status":"publish","type":"product","link":"https:\/\/ztsports.com\/fr\/store\/ceramic-burr-stone-1x2-with-protective-pouch\/","title":{"rendered":"CERAMIC BURR STONE 1X2\u201d with protective pouch"},"content":{"rendered":"<h1 dir=\"ltr\" data-placeholder=\"Translation\">PIERRE \u00c0 BURR EN C\u00c9RAMIQUE 1X2\u201d<\/h1>\n<p id=\"tw-target-text\" class=\"tw-data-text tw-text-large tw-ta\" dir=\"ltr\" data-placeholder=\"Translation\"><span class=\"Y2IQFc\" lang=\"fr\">La pierre \u00e0 burr en c\u00e9ramique 1&#215;2 pouces est ultra dure et ultra fine.<br \/>\nAucune autre pierre dure ne procure une finition aussi exceptionnelle et douce.<br \/>\nTr\u00e8s longue dur\u00e9e de vie.<\/span> Certains pr\u00e9f\u00e8rent les pierres en c\u00e9ramique pour le polissage final plut\u00f4t que les pierres diamant\u00e9es.<\/p>\n<p dir=\"ltr\" data-placeholder=\"Translation\">C\u00e9ramique de haute puret\u00e9, ultra fine, super dure, en alumine haute densit\u00e9, format 1&#215;2 pouces. Finition rectifi\u00e9e. Aucune autre pierre dure que nous ayons test\u00e9e ne donne des flancs aussi lisses et plats, avec un tranchant miroir parfaitement droit et durci. Tr\u00e8s longue dur\u00e9e de vie. Livr\u00e9e avec une pochette en cuir.<\/p>\n<p dir=\"ltr\" data-placeholder=\"Translation\">Le mod\u00e8le optionnel ZIG poss\u00e8de un c\u00f4t\u00e9 micro-surfac\u00e9 avec un motif en zig ultra-fin.<\/p>\n<p class=\"tw-data-text tw-text-large tw-ta\" dir=\"ltr\" data-placeholder=\"Translation\"><span class=\"Y2IQFc\" lang=\"fr\">Vendue avec une pochette de protection.<\/span><\/p>\n<p class=\"tw-data-text tw-text-large tw-ta\" dir=\"ltr\" data-placeholder=\"Translation\"><span class=\"Y2IQFc\" lang=\"fr\">Voir <a href=\"https:\/\/ztsports.com\/product-category\/ceramic\/\"><strong>tous nos articles en c\u00e9ramique ici<\/strong><\/a>.<\/span><\/p>\n","protected":false},"excerpt":{"rendered":"<p>PIERRE \u00c0 BURR EN C\u00c9RAMIQUE 1X2\u201d La pierre \u00e0 burr en c\u00e9ramique 1&#215;2 pouces est ultra dure et ultra fine. Aucune autre pierre dure ne procure une finition aussi exceptionnelle et douce. Tr\u00e8s longue dur\u00e9e de vie. Certains pr\u00e9f\u00e8rent les pierres en c\u00e9ramique pour le polissage final plut\u00f4t que les pierres diamant\u00e9es. C\u00e9ramique de haute [&hellip;]<\/p>\n","protected":false},"featured_media":24359,"comment_status":"open","ping_status":"closed","template":"","meta":{"_acf_changed":false,"_monsterinsights_skip_tracking":false,"_monsterinsights_sitenote_active":false,"_monsterinsights_sitenote_note":"","_monsterinsights_sitenote_category":0,"_uf_show_specific_survey":0,"_uf_disable_surveys":false,"site-sidebar-layout":"default","site-content-layout":"","ast-site-content-layout":"default","site-content-style":"default","site-sidebar-style":"default","ast-global-header-display":"","ast-banner-title-visibility":"","ast-main-header-display":"","ast-hfb-above-header-display":"","ast-hfb-below-header-display":"","ast-hfb-mobile-header-display":"","site-post-title":"","ast-breadcrumbs-content":"","ast-featured-img":"","footer-sml-layout":"","ast-disable-related-posts":"","theme-transparent-header-meta":"default","adv-header-id-meta":"","stick-header-meta":"","header-above-stick-meta":"","header-main-stick-meta":"","header-below-stick-meta":"","astra-migrate-meta-layouts":"set","ast-page-background-enabled":"default","ast-page-background-meta":{"desktop":{"background-color":"","background-image":"","background-repeat":"repeat","background-position":"center center","background-size":"auto","background-attachment":"scroll","background-type":"","background-media":"","overlay-type":"","overlay-color":"","overlay-opacity":"","overlay-gradient":""},"tablet":{"background-color":"","background-image":"","background-repeat":"repeat","background-position":"center center","background-size":"auto","background-attachment":"scroll","background-type":"","background-media":"","overlay-type":"","overlay-color":"","overlay-opacity":"","overlay-gradient":""},"mobile":{"background-color":"","background-image":"","background-repeat":"repeat","background-position":"center center","background-size":"auto","background-attachment":"scroll","background-type":"","background-media":"","overlay-type":"","overlay-color":"","overlay-opacity":"","overlay-gradient":""}},"ast-content-background-meta":{"desktop":{"background-color":"var(--ast-global-color-5)","background-image":"","background-repeat":"repeat","background-position":"center center","background-size":"auto","background-attachment":"scroll","background-type":"","background-media":"","overlay-type":"","overlay-color":"","overlay-opacity":"","overlay-gradient":""},"tablet":{"background-color":"var(--ast-global-color-5)","background-image":"","background-repeat":"repeat","background-position":"center center","background-size":"auto","background-attachment":"scroll","background-type":"","background-media":"","overlay-type":"","overlay-color":"","overlay-opacity":"","overlay-gradient":""},"mobile":{"background-color":"var(--ast-global-color-5)","background-image":"","background-repeat":"repeat","background-position":"center center","background-size":"auto","background-attachment":"scroll","background-type":"","background-media":"","overlay-type":"","overlay-color":"","overlay-opacity":"","overlay-gradient":""}}},"product_brand":[3322],"product_cat":[3378],"product_tag":[],"class_list":{"0":"post-24361","1":"product","2":"type-product","3":"status-publish","4":"has-post-thumbnail","6":"product_brand-masterlap","7":"product_cat-non-categorise","8":"desktop-align-left","9":"tablet-align-left","10":"mobile-align-left","12":"first","13":"instock","14":"sale","15":"taxable","16":"shipping-taxable","17":"purchasable","18":"product-type-simple"},"acf":[],"_links":{"self":[{"href":"https:\/\/ztsports.com\/fr\/wp-json\/wp\/v2\/product\/24361","targetHints":{"allow":["GET"]}}],"collection":[{"href":"https:\/\/ztsports.com\/fr\/wp-json\/wp\/v2\/product"}],"about":[{"href":"https:\/\/ztsports.com\/fr\/wp-json\/wp\/v2\/types\/product"}],"replies":[{"embeddable":true,"href":"https:\/\/ztsports.com\/fr\/wp-json\/wp\/v2\/comments?post=24361"}],"version-history":[{"count":1,"href":"https:\/\/ztsports.com\/fr\/wp-json\/wp\/v2\/product\/24361\/revisions"}],"predecessor-version":[{"id":24362,"href":"https:\/\/ztsports.com\/fr\/wp-json\/wp\/v2\/product\/24361\/revisions\/24362"}],"wp:featuredmedia":[{"embeddable":true,"href":"https:\/\/ztsports.com\/fr\/wp-json\/wp\/v2\/media\/24359"}],"wp:attachment":[{"href":"https:\/\/ztsports.com\/fr\/wp-json\/wp\/v2\/media?parent=24361"}],"wp:term":[{"taxonomy":"product_brand","embeddable":true,"href":"https:\/\/ztsports.com\/fr\/wp-json\/wp\/v2\/product_brand?post=24361"},{"taxonomy":"product_cat","embeddable":true,"href":"https:\/\/ztsports.com\/fr\/wp-json\/wp\/v2\/product_cat?post=24361"},{"taxonomy":"product_tag","embeddable":true,"href":"https:\/\/ztsports.com\/fr\/wp-json\/wp\/v2\/product_tag?post=24361"}],"curies":[{"name":"wp","href":"https:\/\/api.w.org\/{rel}","templated":true}]}}