{"id":24357,"date":"2021-09-23T02:12:39","date_gmt":"2021-09-23T02:12:39","guid":{"rendered":"https:\/\/ztsports.com\/?post_type=product&#038;p=24357"},"modified":"2026-03-11T09:06:10","modified_gmt":"2026-03-11T09:06:10","slug":"ceramic-burr-stone-1x1-ultimate-polisher","status":"publish","type":"product","link":"https:\/\/ztsports.com\/fr\/store\/ceramic-burr-stone-1x1-ultimate-polisher\/","title":{"rendered":"CERAMIC BURR STONE 1X1\u201d Ultimate Polisher"},"content":{"rendered":"<h1 dir=\"ltr\" data-placeholder=\"Translation\">PIERRE \u00c0 BURR EN C\u00c9RAMIQUE 1X1\u201d Ultimate Polisher<\/h1>\n<p>La <span class=\"Y2IQFc\" lang=\"fr\"><strong>PIERRE \u00c0 BURR EN C\u00c9RAMIQUE 1X1\u201d<\/strong> ultra dure, ultra fine.<\/span><\/p>\n<p>Pierre en c\u00e9ramique de haute puret\u00e9 et haute densit\u00e9, ultra fine et ultra dure, format 1&#215;1 pouce.<\/p>\n<p>Les pierres en c\u00e9ramique sont appr\u00e9ci\u00e9es pour leur durabilit\u00e9, leur finition miroir et leur tranchant pr\u00e9cis.<\/p>\n<p>Taille optimale pour une utilisation avec des lames cintr\u00e9es.<\/p>\n<p>Aucune autre pierre dure que nous ayons test\u00e9e ne procure une meilleure finition des flancs et du tranchant.<\/p>\n<p><span class=\"Y2IQFc\" lang=\"fr\">De plus, aucune autre pierre dure ne fournit un polissage aussi exceptionnel et ultime.<\/span><\/p>\n<p>En outre, elle se distingue par une tr\u00e8s <span class=\"Y2IQFc\" lang=\"fr\">longue dur\u00e9e de vie, permettant de nombreuses ann\u00e9es d\u2019utilisation.<\/span><\/p>\n<p><a href=\"https:\/\/ztsports.com\/product-category\/sharpening\/burr-stones\/\"><strong>Enfin, vous pouvez consulter toutes nos pierres Burr ici.<\/strong><\/a><\/p>\n","protected":false},"excerpt":{"rendered":"<p>PIERRE \u00c0 BURR EN C\u00c9RAMIQUE 1X1\u201d Ultimate Polisher La PIERRE \u00c0 BURR EN C\u00c9RAMIQUE 1X1\u201d ultra dure, ultra fine. Pierre en c\u00e9ramique de haute puret\u00e9 et haute densit\u00e9, ultra fine et ultra dure, format 1&#215;1 pouce. Les pierres en c\u00e9ramique sont appr\u00e9ci\u00e9es pour leur durabilit\u00e9, leur finition miroir et leur tranchant pr\u00e9cis. Taille optimale pour [&hellip;]<\/p>\n","protected":false},"featured_media":24354,"comment_status":"closed","ping_status":"closed","template":"","meta":{"_acf_changed":false,"_monsterinsights_skip_tracking":false,"_monsterinsights_sitenote_active":false,"_monsterinsights_sitenote_note":"","_monsterinsights_sitenote_category":0,"_uf_show_specific_survey":0,"_uf_disable_surveys":false,"site-sidebar-layout":"default","site-content-layout":"","ast-site-content-layout":"default","site-content-style":"default","site-sidebar-style":"default","ast-global-header-display":"","ast-banner-title-visibility":"","ast-main-header-display":"","ast-hfb-above-header-display":"","ast-hfb-below-header-display":"","ast-hfb-mobile-header-display":"","site-post-title":"","ast-breadcrumbs-content":"","ast-featured-img":"","footer-sml-layout":"","ast-disable-related-posts":"","theme-transparent-header-meta":"default","adv-header-id-meta":"","stick-header-meta":"","header-above-stick-meta":"","header-main-stick-meta":"","header-below-stick-meta":"","astra-migrate-meta-layouts":"set","ast-page-background-enabled":"default","ast-page-background-meta":{"desktop":{"background-color":"","background-image":"","background-repeat":"repeat","background-position":"center center","background-size":"auto","background-attachment":"scroll","background-type":"","background-media":"","overlay-type":"","overlay-color":"","overlay-opacity":"","overlay-gradient":""},"tablet":{"background-color":"","background-image":"","background-repeat":"repeat","background-position":"center center","background-size":"auto","background-attachment":"scroll","background-type":"","background-media":"","overlay-type":"","overlay-color":"","overlay-opacity":"","overlay-gradient":""},"mobile":{"background-color":"","background-image":"","background-repeat":"repeat","background-position":"center center","background-size":"auto","background-attachment":"scroll","background-type":"","background-media":"","overlay-type":"","overlay-color":"","overlay-opacity":"","overlay-gradient":""}},"ast-content-background-meta":{"desktop":{"background-color":"var(--ast-global-color-5)","background-image":"","background-repeat":"repeat","background-position":"center center","background-size":"auto","background-attachment":"scroll","background-type":"","background-media":"","overlay-type":"","overlay-color":"","overlay-opacity":"","overlay-gradient":""},"tablet":{"background-color":"var(--ast-global-color-5)","background-image":"","background-repeat":"repeat","background-position":"center center","background-size":"auto","background-attachment":"scroll","background-type":"","background-media":"","overlay-type":"","overlay-color":"","overlay-opacity":"","overlay-gradient":""},"mobile":{"background-color":"var(--ast-global-color-5)","background-image":"","background-repeat":"repeat","background-position":"center center","background-size":"auto","background-attachment":"scroll","background-type":"","background-media":"","overlay-type":"","overlay-color":"","overlay-opacity":"","overlay-gradient":""}}},"product_brand":[3322,3365],"product_cat":[3378],"product_tag":[],"class_list":{"0":"post-24357","1":"product","2":"type-product","3":"status-publish","4":"has-post-thumbnail","6":"product_brand-masterlap","7":"product_brand-zt-sports","8":"product_cat-non-categorise","9":"desktop-align-left","10":"tablet-align-left","11":"mobile-align-left","13":"first","14":"instock","15":"taxable","16":"shipping-taxable","17":"purchasable","18":"product-type-simple"},"acf":[],"_links":{"self":[{"href":"https:\/\/ztsports.com\/fr\/wp-json\/wp\/v2\/product\/24357","targetHints":{"allow":["GET"]}}],"collection":[{"href":"https:\/\/ztsports.com\/fr\/wp-json\/wp\/v2\/product"}],"about":[{"href":"https:\/\/ztsports.com\/fr\/wp-json\/wp\/v2\/types\/product"}],"replies":[{"embeddable":true,"href":"https:\/\/ztsports.com\/fr\/wp-json\/wp\/v2\/comments?post=24357"}],"version-history":[{"count":1,"href":"https:\/\/ztsports.com\/fr\/wp-json\/wp\/v2\/product\/24357\/revisions"}],"predecessor-version":[{"id":24358,"href":"https:\/\/ztsports.com\/fr\/wp-json\/wp\/v2\/product\/24357\/revisions\/24358"}],"wp:featuredmedia":[{"embeddable":true,"href":"https:\/\/ztsports.com\/fr\/wp-json\/wp\/v2\/media\/24354"}],"wp:attachment":[{"href":"https:\/\/ztsports.com\/fr\/wp-json\/wp\/v2\/media?parent=24357"}],"wp:term":[{"taxonomy":"product_brand","embeddable":true,"href":"https:\/\/ztsports.com\/fr\/wp-json\/wp\/v2\/product_brand?post=24357"},{"taxonomy":"product_cat","embeddable":true,"href":"https:\/\/ztsports.com\/fr\/wp-json\/wp\/v2\/product_cat?post=24357"},{"taxonomy":"product_tag","embeddable":true,"href":"https:\/\/ztsports.com\/fr\/wp-json\/wp\/v2\/product_tag?post=24357"}],"curies":[{"name":"wp","href":"https:\/\/api.w.org\/{rel}","templated":true}]}}