{"id":24352,"date":"2021-09-23T02:12:40","date_gmt":"2021-09-23T02:12:40","guid":{"rendered":"https:\/\/ztsports.com\/?post_type=product&#038;p=24352"},"modified":"2026-03-11T09:04:03","modified_gmt":"2026-03-11T09:04:03","slug":"carbide-deburring-tool-the-skaters-choice","status":"publish","type":"product","link":"https:\/\/ztsports.com\/fr\/store\/carbide-deburring-tool-the-skaters-choice\/","title":{"rendered":"Carbide DeBurring Tool the Skater&#8217;s Choice"},"content":{"rendered":"<h2>Skaters Choice Outil de D\u00e9burrage Haute Performance en Carbure<\/h2>\n<p>L\u2019outil de d\u00e9burrage en carbure Skaters Choice est un <em>outil<\/em> de pr\u00e9cision utilis\u00e9 pour enlever le burr sur le tranchant des lames de patins de vitesse&#8230; Le <em>carbure<\/em> Skater&#8217;s Choice, fortement recommand\u00e9 par Nagano <em>Skate<\/em>, permet de retirer les burrs sur les lames de patinage de <em>vitesse<\/em>.<\/p>\n<p>L\u2019outil de d\u00e9burrage Skater&#8217;s Choice est tr\u00e8s appr\u00e9ci\u00e9 des patineurs pour sa forme et sa durabilit\u00e9.<\/p>\n<p>L\u2019un des carbures les plus populaires au monde !<\/p>\n<p>Outil de D\u00e9burrage Haute Performance Skaters Choice<\/p>\n<p><strong>Il enl\u00e8ve le burr en un seul passage.<\/strong><\/p>\n<p>Le carbure est un outil de pr\u00e9cision utilis\u00e9 pour retirer le burr sur le bord de la lame apr\u00e8s le processus d\u2019aff\u00fbtage.<\/p>\n<p>L\u2019outil de d\u00e9burrage en carbure haute performance \u00e9limine le burr en un minimum de passages.<\/p>\n<p><a href=\"https:\/\/ztsports.com\/product-category\/sharpening\/burr-stones\/\"><strong>Vous pouvez consulter tous nos Burr Stones ici.<\/strong><\/a><\/p>\n","protected":false},"excerpt":{"rendered":"<p>Skaters Choice Outil de D\u00e9burrage Haute Performance en Carbure L\u2019outil de d\u00e9burrage en carbure Skaters Choice est un outil de pr\u00e9cision utilis\u00e9 pour enlever le burr sur le tranchant des lames de patins de vitesse&#8230; Le carbure Skater&#8217;s Choice, fortement recommand\u00e9 par Nagano Skate, permet de retirer les burrs sur les lames de patinage de [&hellip;]<\/p>\n","protected":false},"featured_media":24347,"comment_status":"open","ping_status":"closed","template":"","meta":{"_acf_changed":false,"_monsterinsights_skip_tracking":false,"_monsterinsights_sitenote_active":false,"_monsterinsights_sitenote_note":"","_monsterinsights_sitenote_category":0,"_uf_show_specific_survey":0,"_uf_disable_surveys":false,"site-sidebar-layout":"default","site-content-layout":"","ast-site-content-layout":"default","site-content-style":"default","site-sidebar-style":"default","ast-global-header-display":"","ast-banner-title-visibility":"","ast-main-header-display":"","ast-hfb-above-header-display":"","ast-hfb-below-header-display":"","ast-hfb-mobile-header-display":"","site-post-title":"","ast-breadcrumbs-content":"","ast-featured-img":"","footer-sml-layout":"","ast-disable-related-posts":"","theme-transparent-header-meta":"default","adv-header-id-meta":"","stick-header-meta":"","header-above-stick-meta":"","header-main-stick-meta":"","header-below-stick-meta":"","astra-migrate-meta-layouts":"set","ast-page-background-enabled":"default","ast-page-background-meta":{"desktop":{"background-color":"","background-image":"","background-repeat":"repeat","background-position":"center center","background-size":"auto","background-attachment":"scroll","background-type":"","background-media":"","overlay-type":"","overlay-color":"","overlay-opacity":"","overlay-gradient":""},"tablet":{"background-color":"","background-image":"","background-repeat":"repeat","background-position":"center center","background-size":"auto","background-attachment":"scroll","background-type":"","background-media":"","overlay-type":"","overlay-color":"","overlay-opacity":"","overlay-gradient":""},"mobile":{"background-color":"","background-image":"","background-repeat":"repeat","background-position":"center center","background-size":"auto","background-attachment":"scroll","background-type":"","background-media":"","overlay-type":"","overlay-color":"","overlay-opacity":"","overlay-gradient":""}},"ast-content-background-meta":{"desktop":{"background-color":"var(--ast-global-color-5)","background-image":"","background-repeat":"repeat","background-position":"center center","background-size":"auto","background-attachment":"scroll","background-type":"","background-media":"","overlay-type":"","overlay-color":"","overlay-opacity":"","overlay-gradient":""},"tablet":{"background-color":"var(--ast-global-color-5)","background-image":"","background-repeat":"repeat","background-position":"center center","background-size":"auto","background-attachment":"scroll","background-type":"","background-media":"","overlay-type":"","overlay-color":"","overlay-opacity":"","overlay-gradient":""},"mobile":{"background-color":"var(--ast-global-color-5)","background-image":"","background-repeat":"repeat","background-position":"center center","background-size":"auto","background-attachment":"scroll","background-type":"","background-media":"","overlay-type":"","overlay-color":"","overlay-opacity":"","overlay-gradient":""}}},"product_brand":[3326],"product_cat":[3378],"product_tag":[3796],"class_list":{"0":"post-24352","1":"product","2":"type-product","3":"status-publish","4":"has-post-thumbnail","6":"product_brand-nagano","7":"product_cat-non-categorise","8":"product_tag-short-track","9":"desktop-align-left","10":"tablet-align-left","11":"mobile-align-left","13":"first","14":"instock","15":"sale","16":"taxable","17":"shipping-taxable","18":"purchasable","19":"product-type-simple"},"acf":[],"_links":{"self":[{"href":"https:\/\/ztsports.com\/fr\/wp-json\/wp\/v2\/product\/24352","targetHints":{"allow":["GET"]}}],"collection":[{"href":"https:\/\/ztsports.com\/fr\/wp-json\/wp\/v2\/product"}],"about":[{"href":"https:\/\/ztsports.com\/fr\/wp-json\/wp\/v2\/types\/product"}],"replies":[{"embeddable":true,"href":"https:\/\/ztsports.com\/fr\/wp-json\/wp\/v2\/comments?post=24352"}],"version-history":[{"count":1,"href":"https:\/\/ztsports.com\/fr\/wp-json\/wp\/v2\/product\/24352\/revisions"}],"predecessor-version":[{"id":24353,"href":"https:\/\/ztsports.com\/fr\/wp-json\/wp\/v2\/product\/24352\/revisions\/24353"}],"wp:featuredmedia":[{"embeddable":true,"href":"https:\/\/ztsports.com\/fr\/wp-json\/wp\/v2\/media\/24347"}],"wp:attachment":[{"href":"https:\/\/ztsports.com\/fr\/wp-json\/wp\/v2\/media?parent=24352"}],"wp:term":[{"taxonomy":"product_brand","embeddable":true,"href":"https:\/\/ztsports.com\/fr\/wp-json\/wp\/v2\/product_brand?post=24352"},{"taxonomy":"product_cat","embeddable":true,"href":"https:\/\/ztsports.com\/fr\/wp-json\/wp\/v2\/product_cat?post=24352"},{"taxonomy":"product_tag","embeddable":true,"href":"https:\/\/ztsports.com\/fr\/wp-json\/wp\/v2\/product_tag?post=24352"}],"curies":[{"name":"wp","href":"https:\/\/api.w.org\/{rel}","templated":true}]}}