{"id":24345,"date":"2021-09-23T02:12:40","date_gmt":"2021-09-23T02:12:40","guid":{"rendered":"https:\/\/ztsports.com\/?post_type=product&#038;p=24345"},"modified":"2026-03-11T09:03:07","modified_gmt":"2026-03-11T09:03:07","slug":"norton-ms42-wedge-burr-stone-med-grit-2","status":"publish","type":"product","link":"https:\/\/ztsports.com\/fr\/store\/norton-ms42-wedge-burr-stone-med-grit-2\/","title":{"rendered":"NORTON MS42 WEDGE BURR STONE MED GRIT"},"content":{"rendered":"<pre class=\"tw-data-text tw-text-large tw-ta\" dir=\"ltr\" data-placeholder=\"Translation\"><span class=\"Y2IQFc\" lang=\"fr\">PIERRE \u00c0 BURR EN COIN NORTON MS42 GRAINS MOYENS ANGLE INDE FINITION<\/span><\/pre>\n<div>La pierre \u00e0 burr en coin Norton MS42 \u00e0 grain moyen Inde. De plus, c\u2019est l\u2019une des pierres en forme de coin les plus populaires.<\/div>\n<div>Encore une fois, c\u2019est la pierre pr\u00e9f\u00e9r\u00e9e des patineurs pour le d\u00e9bourrage des patins, compos\u00e9e d\u2019oxyde d\u2019aluminium dur pour une longue dur\u00e9e de vie, grain moyen-fin, pierre \u00e0 burr Inde huil\u00e9e. Dimensions approximatives : 1&#8242; x 2.3&#8242;. <span class=\"Y2IQFc\" lang=\"fr\">Pierre Inde avec huile.<\/span><\/div>\n<div>Parfaite pour d\u00e9burrer vos lames et obtenir des r\u00e9sultats professionnels facilement !<\/div>\n<div>Enfin, vous pouvez consulter toutes nos pierres NORTON ici : <a href=\"https:\/\/ztsports.com\/brand\/norton\/\">https:\/\/ztsports.com\/brand\/norton\/<\/a><\/div>\n","protected":false},"excerpt":{"rendered":"<p>PIERRE \u00c0 BURR EN COIN NORTON MS42 GRAINS MOYENS ANGLE INDE FINITION La pierre \u00e0 burr en coin Norton MS42 \u00e0 grain moyen Inde. De plus, c\u2019est l\u2019une des pierres en forme de coin les plus populaires. Encore une fois, c\u2019est la pierre pr\u00e9f\u00e9r\u00e9e des patineurs pour le d\u00e9bourrage des patins, compos\u00e9e d\u2019oxyde d\u2019aluminium dur [&hellip;]<\/p>\n","protected":false},"featured_media":24343,"comment_status":"open","ping_status":"closed","template":"","meta":{"_acf_changed":false,"_monsterinsights_skip_tracking":false,"_monsterinsights_sitenote_active":false,"_monsterinsights_sitenote_note":"","_monsterinsights_sitenote_category":0,"_uf_show_specific_survey":0,"_uf_disable_surveys":false,"site-sidebar-layout":"default","site-content-layout":"","ast-site-content-layout":"default","site-content-style":"default","site-sidebar-style":"default","ast-global-header-display":"","ast-banner-title-visibility":"","ast-main-header-display":"","ast-hfb-above-header-display":"","ast-hfb-below-header-display":"","ast-hfb-mobile-header-display":"","site-post-title":"","ast-breadcrumbs-content":"","ast-featured-img":"","footer-sml-layout":"","ast-disable-related-posts":"","theme-transparent-header-meta":"default","adv-header-id-meta":"","stick-header-meta":"","header-above-stick-meta":"","header-main-stick-meta":"","header-below-stick-meta":"","astra-migrate-meta-layouts":"set","ast-page-background-enabled":"default","ast-page-background-meta":{"desktop":{"background-color":"","background-image":"","background-repeat":"repeat","background-position":"center center","background-size":"auto","background-attachment":"scroll","background-type":"","background-media":"","overlay-type":"","overlay-color":"","overlay-opacity":"","overlay-gradient":""},"tablet":{"background-color":"","background-image":"","background-repeat":"repeat","background-position":"center center","background-size":"auto","background-attachment":"scroll","background-type":"","background-media":"","overlay-type":"","overlay-color":"","overlay-opacity":"","overlay-gradient":""},"mobile":{"background-color":"","background-image":"","background-repeat":"repeat","background-position":"center center","background-size":"auto","background-attachment":"scroll","background-type":"","background-media":"","overlay-type":"","overlay-color":"","overlay-opacity":"","overlay-gradient":""}},"ast-content-background-meta":{"desktop":{"background-color":"var(--ast-global-color-5)","background-image":"","background-repeat":"repeat","background-position":"center center","background-size":"auto","background-attachment":"scroll","background-type":"","background-media":"","overlay-type":"","overlay-color":"","overlay-opacity":"","overlay-gradient":""},"tablet":{"background-color":"var(--ast-global-color-5)","background-image":"","background-repeat":"repeat","background-position":"center center","background-size":"auto","background-attachment":"scroll","background-type":"","background-media":"","overlay-type":"","overlay-color":"","overlay-opacity":"","overlay-gradient":""},"mobile":{"background-color":"var(--ast-global-color-5)","background-image":"","background-repeat":"repeat","background-position":"center center","background-size":"auto","background-attachment":"scroll","background-type":"","background-media":"","overlay-type":"","overlay-color":"","overlay-opacity":"","overlay-gradient":""}}},"product_brand":[3328],"product_cat":[3378],"product_tag":[],"class_list":{"0":"post-24345","1":"product","2":"type-product","3":"status-publish","4":"has-post-thumbnail","6":"product_brand-norton","7":"product_cat-non-categorise","8":"desktop-align-left","9":"tablet-align-left","10":"mobile-align-left","12":"first","13":"instock","14":"sale","15":"taxable","16":"shipping-taxable","17":"purchasable","18":"product-type-simple"},"acf":[],"_links":{"self":[{"href":"https:\/\/ztsports.com\/fr\/wp-json\/wp\/v2\/product\/24345","targetHints":{"allow":["GET"]}}],"collection":[{"href":"https:\/\/ztsports.com\/fr\/wp-json\/wp\/v2\/product"}],"about":[{"href":"https:\/\/ztsports.com\/fr\/wp-json\/wp\/v2\/types\/product"}],"replies":[{"embeddable":true,"href":"https:\/\/ztsports.com\/fr\/wp-json\/wp\/v2\/comments?post=24345"}],"version-history":[{"count":1,"href":"https:\/\/ztsports.com\/fr\/wp-json\/wp\/v2\/product\/24345\/revisions"}],"predecessor-version":[{"id":24346,"href":"https:\/\/ztsports.com\/fr\/wp-json\/wp\/v2\/product\/24345\/revisions\/24346"}],"wp:featuredmedia":[{"embeddable":true,"href":"https:\/\/ztsports.com\/fr\/wp-json\/wp\/v2\/media\/24343"}],"wp:attachment":[{"href":"https:\/\/ztsports.com\/fr\/wp-json\/wp\/v2\/media?parent=24345"}],"wp:term":[{"taxonomy":"product_brand","embeddable":true,"href":"https:\/\/ztsports.com\/fr\/wp-json\/wp\/v2\/product_brand?post=24345"},{"taxonomy":"product_cat","embeddable":true,"href":"https:\/\/ztsports.com\/fr\/wp-json\/wp\/v2\/product_cat?post=24345"},{"taxonomy":"product_tag","embeddable":true,"href":"https:\/\/ztsports.com\/fr\/wp-json\/wp\/v2\/product_tag?post=24345"}],"curies":[{"name":"wp","href":"https:\/\/api.w.org\/{rel}","templated":true}]}}