{"id":24341,"date":"2021-09-23T02:13:49","date_gmt":"2021-09-23T02:13:49","guid":{"rendered":"https:\/\/ztsports.com\/?post_type=product&#038;p=24341"},"modified":"2026-03-11T09:02:03","modified_gmt":"2026-03-11T09:02:03","slug":"fine-slip-stone-norton-fs44-smooth-polishing","status":"publish","type":"product","link":"https:\/\/ztsports.com\/fr\/store\/fine-slip-stone-norton-fs44-smooth-polishing\/","title":{"rendered":"FINE SLIP STONE NORTON FS44 SMOOTH POLISHING"},"content":{"rendered":"<pre class=\"tw-data-text tw-text-large tw-ta\" dir=\"ltr\" data-placeholder=\"Translation\"><span class=\"Y2IQFc\" lang=\"fr\">PIERRE \u00c0 POLIR FINE SLIP STONE NORTON FS44\r\nLa Norton FS44 FINE SLIP STONE est une pierre \u00e0 polir \u00e0 base d'huile avec embout arrondi : dimensions 4\u00bd\" x 1\u00be\" x \u00bd\" x 3\/16\"\r\n\r\nAbrasivit\u00e9 douce : orange - FS44\r\nAbrasivit\u00e9 moyenne : marron - PMS44\r\nAbrasivit\u00e9 forte : gris - CS44\r\n<\/span><\/pre>\n<p>Ces pierres \u00e0 polir sont fabriqu\u00e9es selon notre conception et avec une duret\u00e9 sp\u00e9cifique pour combiner au mieux vitesse de coupe et durabilit\u00e9.<\/p>\n<p>Tr\u00e8s utilis\u00e9es pour aff\u00fbter des gouges fermes, des gouges \u00e0 tracer, des outils de sculpture et des lames radi\u00e9es, ces pierres peuvent \u00eatre utilis\u00e9es sur presque toutes les tranches de coupe courbes, simples ou compos\u00e9es.<\/p>\n<p>Elles sont disponibles en trois granulom\u00e9tries : 1000x, 4000x et 8000x.<\/p>\n<p>La pierre la plus grossi\u00e8re (1000x) est la plus rapide pour \u00e9tablir un tranchant de base.<\/p>\n<p>La 4000x est le meilleur compromis entre vitesse de coupe, duret\u00e9 et degr\u00e9 de finition obtenu. Elle coupe rapidement tout en laissant un outil avec une finition quasi miroir, sup\u00e9rieure \u00e0 celle obtenue avec une pierre Arkansas dure.<\/p>\n<h2 class=\"phm ptm\">Caract\u00e9ristiques Techniques<\/h2>\n<div class=\"techSpecsTable\">\n<ul class=\"column firstCol\">\n<li><span class=\"specName\">Article <\/span><span class=\"specValue\">Pierre \u00e0 aff\u00fbter<\/span><\/li>\n<li><span class=\"specName\">Mat\u00e9riau Abrasif <\/span><span class=\"specValue\">Oxyde d&#8217;Aluminium<\/span><\/li>\n<li><span class=\"specName\">Longueur<\/span><span class=\"specValue\">4-1\/2&#8243;<\/span><\/li>\n<li><span class=\"specName\">Largeur<\/span><span class=\"specValue\">3\/8&#8243;<\/span><\/li>\n<\/ul>\n<ul class=\"column\">\n<li><span class=\"specName\">Forme <\/span><span class=\"specValue\">Bord arrondi<\/span><\/li>\n<li><span class=\"specName\">Grade <\/span><span class=\"specValue\">Fin<\/span><\/li>\n<li><span class=\"specName\">Hauteur<\/span><span class=\"specValue\">1-3\/4&#8243;<\/span><\/li>\n<li><span class=\"specName\">Couleur <\/span><span class=\"specValue\">Orange\/Marron<\/span><\/li>\n<li><\/li>\n<li><\/li>\n<li>Enfin, vous pouvez consulter toutes nos pierres \u00e0 aff\u00fbter ici : <a href=\"https:\/\/ztsports.com\/product-category\/sharpening\/stones\/\">https:\/\/ztsports.com\/product-category\/sharpening\/stones\/<\/a><\/li>\n<\/ul>\n<\/div>\n","protected":false},"excerpt":{"rendered":"<p>PIERRE \u00c0 POLIR FINE SLIP STONE NORTON FS44 La Norton FS44 FINE SLIP STONE est une pierre \u00e0 polir \u00e0 base d&#8217;huile avec embout arrondi : dimensions 4\u00bd&#8221; x 1\u00be&#8221; x \u00bd&#8221; x 3\/16&#8243; Abrasivit\u00e9 douce : orange &#8211; FS44 Abrasivit\u00e9 moyenne : marron &#8211; PMS44 Abrasivit\u00e9 forte : gris &#8211; CS44 Ces pierres \u00e0 [&hellip;]<\/p>\n","protected":false},"featured_media":24337,"comment_status":"open","ping_status":"closed","template":"","meta":{"_acf_changed":false,"_monsterinsights_skip_tracking":false,"_monsterinsights_sitenote_active":false,"_monsterinsights_sitenote_note":"","_monsterinsights_sitenote_category":0,"_uf_show_specific_survey":0,"_uf_disable_surveys":false,"site-sidebar-layout":"default","site-content-layout":"","ast-site-content-layout":"default","site-content-style":"default","site-sidebar-style":"default","ast-global-header-display":"","ast-banner-title-visibility":"","ast-main-header-display":"","ast-hfb-above-header-display":"","ast-hfb-below-header-display":"","ast-hfb-mobile-header-display":"","site-post-title":"","ast-breadcrumbs-content":"","ast-featured-img":"","footer-sml-layout":"","ast-disable-related-posts":"","theme-transparent-header-meta":"default","adv-header-id-meta":"","stick-header-meta":"","header-above-stick-meta":"","header-main-stick-meta":"","header-below-stick-meta":"","astra-migrate-meta-layouts":"set","ast-page-background-enabled":"default","ast-page-background-meta":{"desktop":{"background-color":"","background-image":"","background-repeat":"repeat","background-position":"center center","background-size":"auto","background-attachment":"scroll","background-type":"","background-media":"","overlay-type":"","overlay-color":"","overlay-opacity":"","overlay-gradient":""},"tablet":{"background-color":"","background-image":"","background-repeat":"repeat","background-position":"center center","background-size":"auto","background-attachment":"scroll","background-type":"","background-media":"","overlay-type":"","overlay-color":"","overlay-opacity":"","overlay-gradient":""},"mobile":{"background-color":"","background-image":"","background-repeat":"repeat","background-position":"center center","background-size":"auto","background-attachment":"scroll","background-type":"","background-media":"","overlay-type":"","overlay-color":"","overlay-opacity":"","overlay-gradient":""}},"ast-content-background-meta":{"desktop":{"background-color":"var(--ast-global-color-5)","background-image":"","background-repeat":"repeat","background-position":"center center","background-size":"auto","background-attachment":"scroll","background-type":"","background-media":"","overlay-type":"","overlay-color":"","overlay-opacity":"","overlay-gradient":""},"tablet":{"background-color":"var(--ast-global-color-5)","background-image":"","background-repeat":"repeat","background-position":"center center","background-size":"auto","background-attachment":"scroll","background-type":"","background-media":"","overlay-type":"","overlay-color":"","overlay-opacity":"","overlay-gradient":""},"mobile":{"background-color":"var(--ast-global-color-5)","background-image":"","background-repeat":"repeat","background-position":"center center","background-size":"auto","background-attachment":"scroll","background-type":"","background-media":"","overlay-type":"","overlay-color":"","overlay-opacity":"","overlay-gradient":""}}},"product_brand":[3328],"product_cat":[3378],"product_tag":[],"class_list":{"0":"post-24341","1":"product","2":"type-product","3":"status-publish","4":"has-post-thumbnail","6":"product_brand-norton","7":"product_cat-non-categorise","8":"desktop-align-left","9":"tablet-align-left","10":"mobile-align-left","12":"first","13":"instock","14":"taxable","15":"shipping-taxable","16":"purchasable","17":"product-type-simple"},"acf":[],"_links":{"self":[{"href":"https:\/\/ztsports.com\/fr\/wp-json\/wp\/v2\/product\/24341","targetHints":{"allow":["GET"]}}],"collection":[{"href":"https:\/\/ztsports.com\/fr\/wp-json\/wp\/v2\/product"}],"about":[{"href":"https:\/\/ztsports.com\/fr\/wp-json\/wp\/v2\/types\/product"}],"replies":[{"embeddable":true,"href":"https:\/\/ztsports.com\/fr\/wp-json\/wp\/v2\/comments?post=24341"}],"version-history":[{"count":1,"href":"https:\/\/ztsports.com\/fr\/wp-json\/wp\/v2\/product\/24341\/revisions"}],"predecessor-version":[{"id":24342,"href":"https:\/\/ztsports.com\/fr\/wp-json\/wp\/v2\/product\/24341\/revisions\/24342"}],"wp:featuredmedia":[{"embeddable":true,"href":"https:\/\/ztsports.com\/fr\/wp-json\/wp\/v2\/media\/24337"}],"wp:attachment":[{"href":"https:\/\/ztsports.com\/fr\/wp-json\/wp\/v2\/media?parent=24341"}],"wp:term":[{"taxonomy":"product_brand","embeddable":true,"href":"https:\/\/ztsports.com\/fr\/wp-json\/wp\/v2\/product_brand?post=24341"},{"taxonomy":"product_cat","embeddable":true,"href":"https:\/\/ztsports.com\/fr\/wp-json\/wp\/v2\/product_cat?post=24341"},{"taxonomy":"product_tag","embeddable":true,"href":"https:\/\/ztsports.com\/fr\/wp-json\/wp\/v2\/product_tag?post=24341"}],"curies":[{"name":"wp","href":"https:\/\/api.w.org\/{rel}","templated":true}]}}