{"id":24331,"date":"2021-09-23T02:13:50","date_gmt":"2021-09-23T02:13:50","guid":{"rendered":"https:\/\/ztsports.com\/?post_type=product&#038;p=24331"},"modified":"2026-04-24T14:35:21","modified_gmt":"2026-04-24T14:35:21","slug":"verificateur-de-lame","status":"publish","type":"product","link":"https:\/\/ztsports.com\/fr\/store\/verificateur-de-lame\/","title":{"rendered":"V\u00e9rificateur de Lame RADIUS BAR 6-7-8-9 METERS Blade Checker"},"content":{"rendered":"<h1 id=\"tw-target-text\" class=\"tw-data-text tw-text-large tw-ta\" dir=\"ltr\" data-placeholder=\"Translation\"><span class=\"Y2IQFc\" lang=\"fr\">V\u00e9rificateur de Lame 6-7-8-9 M\u00e8tres<\/span><\/h1>\n<p><span class=\"Y2IQFc\" lang=\"fr\">La BARRE DE RAYON 6-7-8-9 M\u00e8tres est l\u2019outil de pr\u00e9cision ultime pour v\u00e9rifier le rayon ou la courbure.<\/span><\/p>\n<p><span class=\"Y2IQFc\" lang=\"fr\">Barre en aluminium avec rayons usin\u00e9s avec pr\u00e9cision. De plus, les rayons sont marqu\u00e9s pour 6-7-8-9 m\u00e8tres, tous sur la m\u00eame barre.<\/span><\/p>\n<p><span class=\"Y2IQFc\" lang=\"fr\">Un ajout solide pour tout club, entra\u00eeneur ou kit de gestion des lames pour le responsable de l\u2019\u00e9quipement.<\/span><\/p>\n<p><span class=\"Y2IQFc\" lang=\"fr\">BARRE DE RAYON Le rocker d&#8217;une lame de patin correspond \u00e0 sa courbure de la pointe au talon. <\/span><\/p>\n<p><span class=\"Y2IQFc\" lang=\"fr\">Son rayon est mesur\u00e9 en pieds, comme si la lame faisait partie d&#8217;un grand cercle.<\/span><\/p>\n<h5 class=\"serp-title\"><mark>V\u00e9rificateur de Lame<\/mark><\/h5>\n<p><span class=\"Y2IQFc\" lang=\"fr\">Les patins de hockey ont g\u00e9n\u00e9ralement un rayon de 9 ou 11 pieds, tandis que les patins de gardien de but ont un rayon de 28 pieds, soit un rayon plat. Le rayon du rocker est essentiel \u00e0 l&#8217;\u00e9quilibre du patineur. <\/span><\/p>\n<p><span class=\"Y2IQFc\" lang=\"fr\">On peut facilement v\u00e9rifier le rayon ou le profil du rocker d&#8217;une lame gr\u00e2ce \u00e0 la barre de courbure. <\/span><\/p>\n<p><span class=\"Y2IQFc\" lang=\"fr\">Le rocker ou le profil d&#8217;une lame est une mesure cruciale pour son entretien. Les rockers de la pointe et du talon sont d\u00e9finis \u00e0 intervalles r\u00e9guliers en fonction de la taille du rocker et de la lame. <\/span><\/p>\n<p><span class=\"Y2IQFc\" lang=\"fr\">Le rocker de la pointe, le rocker de la base et le rocker du talon sont trois zones tr\u00e8s importantes de la courbure de la lame qu&#8217;il est primordial de pr\u00e9server. Le rocker peut se d\u00e9former suite \u00e0 des aff\u00fbtages ou des meulages irr\u00e9guliers et r\u00e9p\u00e9t\u00e9s de la lame. <\/span><\/p>\n<p><span class=\"Y2IQFc\" lang=\"fr\">Ces d\u00e9formations peuvent affecter l&#8217;\u00e9quilibre du patineur et l&#8217;adh\u00e9rence de la lame, et donc ses performances. Le redressement de la lame doit \u00eatre effectu\u00e9 par un aff\u00fbteur de patins qualifi\u00e9 disposant de l&#8217;\u00e9quipement appropri\u00e9. <\/span><\/p>\n<p><span class=\"Y2IQFc\" lang=\"fr\">L&#8217;utilisation des barres de redressement permet une identification visuelle pr\u00e9cise de ces zones cruciales de votre lame. De plus, c&#8217;est un excellent compl\u00e9ment \u00e0 la trousse d&#8217;entretien des lames de tout club, entra\u00eeneur ou responsable du mat\u00e9riel.\u00a0<\/span><\/p>\n<h5 class=\"serp-title\"><mark>V\u00e9rificateur de Lame<\/mark><\/h5>\n<p>Enfin, consultez d\u2019autres <a href=\"\/?product_cat=benders-and-gages-sharpening\"><strong>Produits d\u2019entretien des lames<\/strong><\/a> ici.<\/p>\n","protected":false},"excerpt":{"rendered":"<p>V\u00e9rificateur de Lame 6-7-8-9 M\u00e8tres La BARRE DE RAYON 6-7-8-9 M\u00e8tres est l\u2019outil de pr\u00e9cision ultime pour v\u00e9rifier le rayon ou la courbure. Barre en aluminium avec rayons usin\u00e9s avec pr\u00e9cision. De plus, les rayons sont marqu\u00e9s pour 6-7-8-9 m\u00e8tres, tous sur la m\u00eame barre. Un ajout solide pour tout club, entra\u00eeneur ou kit de [&hellip;]<\/p>\n","protected":false},"featured_media":24330,"comment_status":"open","ping_status":"closed","template":"","meta":{"_acf_changed":false,"_monsterinsights_skip_tracking":false,"_monsterinsights_sitenote_active":false,"_monsterinsights_sitenote_note":"","_monsterinsights_sitenote_category":0,"_uf_show_specific_survey":0,"_uf_disable_surveys":false,"site-sidebar-layout":"default","site-content-layout":"","ast-site-content-layout":"default","site-content-style":"default","site-sidebar-style":"default","ast-global-header-display":"","ast-banner-title-visibility":"","ast-main-header-display":"","ast-hfb-above-header-display":"","ast-hfb-below-header-display":"","ast-hfb-mobile-header-display":"","site-post-title":"","ast-breadcrumbs-content":"","ast-featured-img":"","footer-sml-layout":"","ast-disable-related-posts":"","theme-transparent-header-meta":"default","adv-header-id-meta":"","stick-header-meta":"","header-above-stick-meta":"","header-main-stick-meta":"","header-below-stick-meta":"","astra-migrate-meta-layouts":"set","ast-page-background-enabled":"default","ast-page-background-meta":{"desktop":{"background-color":"","background-image":"","background-repeat":"repeat","background-position":"center center","background-size":"auto","background-attachment":"scroll","background-type":"","background-media":"","overlay-type":"","overlay-color":"","overlay-opacity":"","overlay-gradient":""},"tablet":{"background-color":"","background-image":"","background-repeat":"repeat","background-position":"center center","background-size":"auto","background-attachment":"scroll","background-type":"","background-media":"","overlay-type":"","overlay-color":"","overlay-opacity":"","overlay-gradient":""},"mobile":{"background-color":"","background-image":"","background-repeat":"repeat","background-position":"center center","background-size":"auto","background-attachment":"scroll","background-type":"","background-media":"","overlay-type":"","overlay-color":"","overlay-opacity":"","overlay-gradient":""}},"ast-content-background-meta":{"desktop":{"background-color":"var(--ast-global-color-5)","background-image":"","background-repeat":"repeat","background-position":"center center","background-size":"auto","background-attachment":"scroll","background-type":"","background-media":"","overlay-type":"","overlay-color":"","overlay-opacity":"","overlay-gradient":""},"tablet":{"background-color":"var(--ast-global-color-5)","background-image":"","background-repeat":"repeat","background-position":"center center","background-size":"auto","background-attachment":"scroll","background-type":"","background-media":"","overlay-type":"","overlay-color":"","overlay-opacity":"","overlay-gradient":""},"mobile":{"background-color":"var(--ast-global-color-5)","background-image":"","background-repeat":"repeat","background-position":"center center","background-size":"auto","background-attachment":"scroll","background-type":"","background-media":"","overlay-type":"","overlay-color":"","overlay-opacity":"","overlay-gradient":""}}},"product_brand":[3318,3320],"product_cat":[3379],"product_tag":[4635,4672],"class_list":{"0":"post-24331","1":"product","2":"type-product","3":"status-publish","4":"has-post-thumbnail","6":"product_brand-maple","7":"product_brand-marchese","8":"product_cat-aides-au-coaching-et-a-lentrainement","9":"product_tag-blade-maintenance","10":"product_tag-maple","11":"desktop-align-left","12":"tablet-align-left","13":"mobile-align-left","15":"first","16":"instock","17":"taxable","18":"shipping-taxable","19":"purchasable","20":"product-type-simple"},"acf":[],"_links":{"self":[{"href":"https:\/\/ztsports.com\/fr\/wp-json\/wp\/v2\/product\/24331","targetHints":{"allow":["GET"]}}],"collection":[{"href":"https:\/\/ztsports.com\/fr\/wp-json\/wp\/v2\/product"}],"about":[{"href":"https:\/\/ztsports.com\/fr\/wp-json\/wp\/v2\/types\/product"}],"replies":[{"embeddable":true,"href":"https:\/\/ztsports.com\/fr\/wp-json\/wp\/v2\/comments?post=24331"}],"version-history":[{"count":5,"href":"https:\/\/ztsports.com\/fr\/wp-json\/wp\/v2\/product\/24331\/revisions"}],"predecessor-version":[{"id":25743,"href":"https:\/\/ztsports.com\/fr\/wp-json\/wp\/v2\/product\/24331\/revisions\/25743"}],"wp:featuredmedia":[{"embeddable":true,"href":"https:\/\/ztsports.com\/fr\/wp-json\/wp\/v2\/media\/24330"}],"wp:attachment":[{"href":"https:\/\/ztsports.com\/fr\/wp-json\/wp\/v2\/media?parent=24331"}],"wp:term":[{"taxonomy":"product_brand","embeddable":true,"href":"https:\/\/ztsports.com\/fr\/wp-json\/wp\/v2\/product_brand?post=24331"},{"taxonomy":"product_cat","embeddable":true,"href":"https:\/\/ztsports.com\/fr\/wp-json\/wp\/v2\/product_cat?post=24331"},{"taxonomy":"product_tag","embeddable":true,"href":"https:\/\/ztsports.com\/fr\/wp-json\/wp\/v2\/product_tag?post=24331"}],"curies":[{"name":"wp","href":"https:\/\/api.w.org\/{rel}","templated":true}]}}