{"id":24328,"date":"2021-09-23T02:13:51","date_gmt":"2021-09-23T02:13:51","guid":{"rendered":"https:\/\/ztsports.com\/?post_type=product&#038;p=24328"},"modified":"2026-03-11T08:58:10","modified_gmt":"2026-03-11T08:58:10","slug":"marchese-gauge-mitutoyo-premium","status":"publish","type":"product","link":"https:\/\/ztsports.com\/fr\/store\/marchese-gauge-mitutoyo-premium\/","title":{"rendered":"MARCHESE GAUGE MITUTOYO PREMIUM"},"content":{"rendered":"<h1 class=\"tw-data-text tw-text-large tw-ta\" dir=\"ltr\" data-placeholder=\"Translation\"><span class=\"Y2IQFc\" lang=\"fr\">Jauge MARCHESE MITUTOYO PREMIUM<\/span><\/h1>\n<p class=\"tw-data-text tw-text-large tw-ta\" dir=\"ltr\" data-placeholder=\"Translation\"><span class=\"Y2IQFc\" lang=\"fr\">La Jauge MARCHESE MITUTOYO Premium est utilis\u00e9e par des athl\u00e8tes des Coupes du Monde Olympiques et des \u00e9quipes nationales, ainsi que par des entra\u00eeneurs et des clubs \u00e0 travers le monde.<\/span><\/p>\n<p class=\"tw-data-text tw-text-large tw-ta\" dir=\"ltr\" data-placeholder=\"Translation\"><span class=\"Y2IQFc\" lang=\"fr\">Elle permet une mesure pr\u00e9cise des berceaux\/rockers ainsi que des courbures\/flexions des lames de short track et de long track.<\/span><\/p>\n<p class=\"tw-data-text tw-text-large tw-ta\" dir=\"ltr\" data-placeholder=\"Translation\">Cela fait maintenant vingt-cinq ans que Paul Marchese a esquiss\u00e9 son premier projet. Paul a con\u00e7u le premier calibre de rayon portable. C\u2019est aujourd\u2019hui la jauge de r\u00e9f\u00e9rence que toutes les autres cherchent \u00e0 \u00e9galer.<\/p>\n<p class=\"tw-data-text tw-text-large tw-ta\" dir=\"ltr\" data-placeholder=\"Translation\">Elle int\u00e8gre un cadran de pr\u00e9cision pour mesurer et interpr\u00e9ter avec exactitude la courbure du rayon et de la flexion de la lame.<\/p>\n<p class=\"tw-data-text tw-text-large tw-ta\" dir=\"ltr\" data-placeholder=\"Translation\">Aujourd\u2019hui, nous parlons de chiffres de rayon en dixi\u00e8mes de milli\u00e8me de pouce. Les entra\u00eeneurs consignent ces chiffres pour d\u00e9terminer le rayon\/la flexion permettant de cr\u00e9er l\u2019\u201cempreinte\u201d optimale sur la glace pour chaque athl\u00e8te.<\/p>\n<p class=\"tw-data-text tw-text-large tw-ta\" dir=\"ltr\" data-placeholder=\"Translation\">De plus, ce produit est le fruit de l\u2019esprit et des mains d\u2019un seul individu, <a href=\"http:\/\/speedskatingmuseum.org\/wp\/paul-marchese\/\" target=\"_blank\" rel=\"noopener\"><strong>Paul Marchese<\/strong><\/a>. Toutes les jauges actuelles suivent le design de son premier appareil.<\/p>\n<p><strong><span class=\"Y2IQFc\" lang=\"fr\">La jauge MARCHESE PREMIUM MITUTOYO<\/span><\/strong><span class=\"Y2IQFc\" lang=\"fr\"><strong> <\/strong>est usin\u00e9e \u00e0 partir d\u2019un bloc d\u2019aluminium de qualit\u00e9 a\u00e9ronautique et \u00e9quip\u00e9e d\u2019inserts en carbure de tungst\u00e8ne sur mesure pour assurer de nombreuses ann\u00e9es de service sans probl\u00e8me.<\/span><\/p>\n<p><span class=\"Y2IQFc\" lang=\"fr\"><strong>Inclus :<\/strong> <\/span>Jauge Mitutoyo, pointe plate en carbure de tungst\u00e8ne, r\u00e8gle d\u2019\u00e9talonnage, tableau rayon\/flexion et instructions.<\/p>\n<p>Voir Findlay v\u00e9rifier votre flexion et rocker avec un <strong><a href=\"https:\/\/www.youtube.com\/watch?v=Wcjvgt_6sKg\" target=\"_blank\" rel=\"noopener\">clip YouTube sur la Jauge de Rayon<\/a><\/strong>.<\/p>\n<p><strong>Enfin, vous pouvez consulter tous nos <a href=\"\/?product_cat=benders-and-gages-sharpening\">Benders et Jauges<\/a> ici.<\/strong><\/p>\n","protected":false},"excerpt":{"rendered":"<p>Jauge MARCHESE MITUTOYO PREMIUM La Jauge MARCHESE MITUTOYO Premium est utilis\u00e9e par des athl\u00e8tes des Coupes du Monde Olympiques et des \u00e9quipes nationales, ainsi que par des entra\u00eeneurs et des clubs \u00e0 travers le monde. Elle permet une mesure pr\u00e9cise des berceaux\/rockers ainsi que des courbures\/flexions des lames de short track et de long track. [&hellip;]<\/p>\n","protected":false},"featured_media":24325,"comment_status":"open","ping_status":"closed","template":"","meta":{"_acf_changed":false,"_monsterinsights_skip_tracking":false,"_monsterinsights_sitenote_active":false,"_monsterinsights_sitenote_note":"","_monsterinsights_sitenote_category":0,"_uf_show_specific_survey":0,"_uf_disable_surveys":false,"site-sidebar-layout":"default","site-content-layout":"","ast-site-content-layout":"default","site-content-style":"default","site-sidebar-style":"default","ast-global-header-display":"","ast-banner-title-visibility":"","ast-main-header-display":"","ast-hfb-above-header-display":"","ast-hfb-below-header-display":"","ast-hfb-mobile-header-display":"","site-post-title":"","ast-breadcrumbs-content":"","ast-featured-img":"","footer-sml-layout":"","ast-disable-related-posts":"","theme-transparent-header-meta":"default","adv-header-id-meta":"","stick-header-meta":"","header-above-stick-meta":"","header-main-stick-meta":"","header-below-stick-meta":"","astra-migrate-meta-layouts":"set","ast-page-background-enabled":"default","ast-page-background-meta":{"desktop":{"background-color":"","background-image":"","background-repeat":"repeat","background-position":"center center","background-size":"auto","background-attachment":"scroll","background-type":"","background-media":"","overlay-type":"","overlay-color":"","overlay-opacity":"","overlay-gradient":""},"tablet":{"background-color":"","background-image":"","background-repeat":"repeat","background-position":"center center","background-size":"auto","background-attachment":"scroll","background-type":"","background-media":"","overlay-type":"","overlay-color":"","overlay-opacity":"","overlay-gradient":""},"mobile":{"background-color":"","background-image":"","background-repeat":"repeat","background-position":"center center","background-size":"auto","background-attachment":"scroll","background-type":"","background-media":"","overlay-type":"","overlay-color":"","overlay-opacity":"","overlay-gradient":""}},"ast-content-background-meta":{"desktop":{"background-color":"var(--ast-global-color-5)","background-image":"","background-repeat":"repeat","background-position":"center center","background-size":"auto","background-attachment":"scroll","background-type":"","background-media":"","overlay-type":"","overlay-color":"","overlay-opacity":"","overlay-gradient":""},"tablet":{"background-color":"var(--ast-global-color-5)","background-image":"","background-repeat":"repeat","background-position":"center center","background-size":"auto","background-attachment":"scroll","background-type":"","background-media":"","overlay-type":"","overlay-color":"","overlay-opacity":"","overlay-gradient":""},"mobile":{"background-color":"var(--ast-global-color-5)","background-image":"","background-repeat":"repeat","background-position":"center center","background-size":"auto","background-attachment":"scroll","background-type":"","background-media":"","overlay-type":"","overlay-color":"","overlay-opacity":"","overlay-gradient":""}}},"product_brand":[3320],"product_cat":[3378],"product_tag":[3835],"class_list":{"0":"post-24328","1":"product","2":"type-product","3":"status-publish","4":"has-post-thumbnail","6":"product_brand-marchese","7":"product_cat-non-categorise","8":"product_tag-marchese","9":"desktop-align-left","10":"tablet-align-left","11":"mobile-align-left","13":"first","14":"instock","15":"taxable","16":"shipping-taxable","17":"purchasable","18":"product-type-simple"},"acf":[],"_links":{"self":[{"href":"https:\/\/ztsports.com\/fr\/wp-json\/wp\/v2\/product\/24328","targetHints":{"allow":["GET"]}}],"collection":[{"href":"https:\/\/ztsports.com\/fr\/wp-json\/wp\/v2\/product"}],"about":[{"href":"https:\/\/ztsports.com\/fr\/wp-json\/wp\/v2\/types\/product"}],"replies":[{"embeddable":true,"href":"https:\/\/ztsports.com\/fr\/wp-json\/wp\/v2\/comments?post=24328"}],"version-history":[{"count":1,"href":"https:\/\/ztsports.com\/fr\/wp-json\/wp\/v2\/product\/24328\/revisions"}],"predecessor-version":[{"id":24329,"href":"https:\/\/ztsports.com\/fr\/wp-json\/wp\/v2\/product\/24328\/revisions\/24329"}],"wp:featuredmedia":[{"embeddable":true,"href":"https:\/\/ztsports.com\/fr\/wp-json\/wp\/v2\/media\/24325"}],"wp:attachment":[{"href":"https:\/\/ztsports.com\/fr\/wp-json\/wp\/v2\/media?parent=24328"}],"wp:term":[{"taxonomy":"product_brand","embeddable":true,"href":"https:\/\/ztsports.com\/fr\/wp-json\/wp\/v2\/product_brand?post=24328"},{"taxonomy":"product_cat","embeddable":true,"href":"https:\/\/ztsports.com\/fr\/wp-json\/wp\/v2\/product_cat?post=24328"},{"taxonomy":"product_tag","embeddable":true,"href":"https:\/\/ztsports.com\/fr\/wp-json\/wp\/v2\/product_tag?post=24328"}],"curies":[{"name":"wp","href":"https:\/\/api.w.org\/{rel}","templated":true}]}}