{"id":24323,"date":"2021-09-23T02:13:52","date_gmt":"2021-09-23T02:13:52","guid":{"rendered":"https:\/\/ztsports.com\/?post_type=product&#038;p=24323"},"modified":"2026-03-11T08:57:18","modified_gmt":"2026-03-11T08:57:18","slug":"norton-sharpenning-oil-473ml-xb5","status":"publish","type":"product","link":"https:\/\/ztsports.com\/fr\/store\/norton-sharpenning-oil-473ml-xb5\/","title":{"rendered":"NORTON SHARPENNING OIL 473ML XB5"},"content":{"rendered":"<pre id=\"tw-target-text\" class=\"tw-data-text tw-text-large tw-ta\" dir=\"ltr\" data-placeholder=\"Translation\"><span class=\"Y2IQFc\" lang=\"fr\">HUILE \u00c0 AFF\u00dbTER NORTON XB1 473ML 16oz\r\nL\u2019HUILE \u00c0 AFF\u00dbTER NORTON 473ML est sp\u00e9cialement con\u00e7ue pour faciliter l\u2019aff\u00fbtage de vos lames.\r\nContrairement \u00e0 l\u2019huile pour b\u00e9b\u00e9, elle ne favorise pas la r\u00e9tention de m\u00e9tal dans vos pierres.\r\n\r\nFormul\u00e9e pour cr\u00e9er rapidement un fil net et \u00e9viter l\u2019encrassement, elle garantit que vos lames restent ultra-tranchantes.\r\n\r\nUn ajout pr\u00e9cieux \u00e0 toute bo\u00eete \u00e0 outils d\u2019aff\u00fbtage ! Convient \u00e9galement pour une utilisation dans les zones de pr\u00e9paration alimentaire.\r\nFormat : 473ml 16floz\r\nEnfin, vous pouvez trouver toutes les <a href=\"https:\/\/ztsports.com\/brand\/norton\/\"><strong>huiles Norton et pierres \u00e0 aff\u00fbter<\/strong><\/a> ici.<\/span><\/pre>\n","protected":false},"excerpt":{"rendered":"<p>HUILE \u00c0 AFF\u00dbTER NORTON XB1 473ML 16oz L\u2019HUILE \u00c0 AFF\u00dbTER NORTON 473ML est sp\u00e9cialement con\u00e7ue pour faciliter l\u2019aff\u00fbtage de vos lames. Contrairement \u00e0 l\u2019huile pour b\u00e9b\u00e9, elle ne favorise pas la r\u00e9tention de m\u00e9tal dans vos pierres. Formul\u00e9e pour cr\u00e9er rapidement un fil net et \u00e9viter l\u2019encrassement, elle garantit que vos lames restent ultra-tranchantes. Un [&hellip;]<\/p>\n","protected":false},"featured_media":24322,"comment_status":"open","ping_status":"closed","template":"","meta":{"_acf_changed":false,"_monsterinsights_skip_tracking":false,"_monsterinsights_sitenote_active":false,"_monsterinsights_sitenote_note":"","_monsterinsights_sitenote_category":0,"_uf_show_specific_survey":0,"_uf_disable_surveys":false,"site-sidebar-layout":"default","site-content-layout":"","ast-site-content-layout":"default","site-content-style":"default","site-sidebar-style":"default","ast-global-header-display":"","ast-banner-title-visibility":"","ast-main-header-display":"","ast-hfb-above-header-display":"","ast-hfb-below-header-display":"","ast-hfb-mobile-header-display":"","site-post-title":"","ast-breadcrumbs-content":"","ast-featured-img":"","footer-sml-layout":"","ast-disable-related-posts":"","theme-transparent-header-meta":"default","adv-header-id-meta":"","stick-header-meta":"","header-above-stick-meta":"","header-main-stick-meta":"","header-below-stick-meta":"","astra-migrate-meta-layouts":"set","ast-page-background-enabled":"default","ast-page-background-meta":{"desktop":{"background-color":"","background-image":"","background-repeat":"repeat","background-position":"center center","background-size":"auto","background-attachment":"scroll","background-type":"","background-media":"","overlay-type":"","overlay-color":"","overlay-opacity":"","overlay-gradient":""},"tablet":{"background-color":"","background-image":"","background-repeat":"repeat","background-position":"center center","background-size":"auto","background-attachment":"scroll","background-type":"","background-media":"","overlay-type":"","overlay-color":"","overlay-opacity":"","overlay-gradient":""},"mobile":{"background-color":"","background-image":"","background-repeat":"repeat","background-position":"center center","background-size":"auto","background-attachment":"scroll","background-type":"","background-media":"","overlay-type":"","overlay-color":"","overlay-opacity":"","overlay-gradient":""}},"ast-content-background-meta":{"desktop":{"background-color":"var(--ast-global-color-5)","background-image":"","background-repeat":"repeat","background-position":"center center","background-size":"auto","background-attachment":"scroll","background-type":"","background-media":"","overlay-type":"","overlay-color":"","overlay-opacity":"","overlay-gradient":""},"tablet":{"background-color":"var(--ast-global-color-5)","background-image":"","background-repeat":"repeat","background-position":"center center","background-size":"auto","background-attachment":"scroll","background-type":"","background-media":"","overlay-type":"","overlay-color":"","overlay-opacity":"","overlay-gradient":""},"mobile":{"background-color":"var(--ast-global-color-5)","background-image":"","background-repeat":"repeat","background-position":"center center","background-size":"auto","background-attachment":"scroll","background-type":"","background-media":"","overlay-type":"","overlay-color":"","overlay-opacity":"","overlay-gradient":""}}},"product_brand":[3328],"product_cat":[3378],"product_tag":[],"class_list":{"0":"post-24323","1":"product","2":"type-product","3":"status-publish","4":"has-post-thumbnail","6":"product_brand-norton","7":"product_cat-non-categorise","8":"desktop-align-left","9":"tablet-align-left","10":"mobile-align-left","12":"first","13":"instock","14":"sale","15":"taxable","16":"shipping-taxable","17":"purchasable","18":"product-type-simple"},"acf":[],"_links":{"self":[{"href":"https:\/\/ztsports.com\/fr\/wp-json\/wp\/v2\/product\/24323","targetHints":{"allow":["GET"]}}],"collection":[{"href":"https:\/\/ztsports.com\/fr\/wp-json\/wp\/v2\/product"}],"about":[{"href":"https:\/\/ztsports.com\/fr\/wp-json\/wp\/v2\/types\/product"}],"replies":[{"embeddable":true,"href":"https:\/\/ztsports.com\/fr\/wp-json\/wp\/v2\/comments?post=24323"}],"version-history":[{"count":1,"href":"https:\/\/ztsports.com\/fr\/wp-json\/wp\/v2\/product\/24323\/revisions"}],"predecessor-version":[{"id":24324,"href":"https:\/\/ztsports.com\/fr\/wp-json\/wp\/v2\/product\/24323\/revisions\/24324"}],"wp:featuredmedia":[{"embeddable":true,"href":"https:\/\/ztsports.com\/fr\/wp-json\/wp\/v2\/media\/24322"}],"wp:attachment":[{"href":"https:\/\/ztsports.com\/fr\/wp-json\/wp\/v2\/media?parent=24323"}],"wp:term":[{"taxonomy":"product_brand","embeddable":true,"href":"https:\/\/ztsports.com\/fr\/wp-json\/wp\/v2\/product_brand?post=24323"},{"taxonomy":"product_cat","embeddable":true,"href":"https:\/\/ztsports.com\/fr\/wp-json\/wp\/v2\/product_cat?post=24323"},{"taxonomy":"product_tag","embeddable":true,"href":"https:\/\/ztsports.com\/fr\/wp-json\/wp\/v2\/product_tag?post=24323"}],"curies":[{"name":"wp","href":"https:\/\/api.w.org\/{rel}","templated":true}]}}