{"id":24320,"date":"2021-09-23T02:13:53","date_gmt":"2021-09-23T02:13:53","guid":{"rendered":"https:\/\/ztsports.com\/?post_type=product&#038;p=24320"},"modified":"2026-03-11T08:55:13","modified_gmt":"2026-03-11T08:55:13","slug":"norton-sharpenning-oil-946-ml-xb2","status":"publish","type":"product","link":"https:\/\/ztsports.com\/fr\/store\/norton-sharpenning-oil-946-ml-xb2\/","title":{"rendered":"NORTON SHARPENNING OIL 946 ML XB2"},"content":{"rendered":"<pre class=\"tw-data-text tw-text-large tw-ta\" dir=\"ltr\" data-placeholder=\"Translation\"><span class=\"Y2IQFc\" lang=\"fr\">HUILE \u00c0 AFF\u00dbTER NORTON 946 ML\r\nL\u2019HUILE \u00c0 AFF\u00dbTER NORTON est fabriqu\u00e9e \u00e0 partir de mat\u00e9riaux suisses et Victorinox de la plus haute qualit\u00e9.\r\nHuile de polissage sp\u00e9cialement formul\u00e9e pour aff\u00fbter une vari\u00e9t\u00e9 de couteaux, y compris les lames de patin.\r\nRespecte les normes de la pharmacop\u00e9e pour la puret\u00e9, ce qui signifie qu\u2019elle peut \u00eatre utilis\u00e9e dans les op\u00e9rations de pr\u00e9paration alimentaire.<\/span><\/pre>\n<pre id=\"tw-target-text\" class=\"tw-data-text tw-text-large tw-ta\" dir=\"ltr\" data-placeholder=\"Translation\"><span class=\"Y2IQFc\" lang=\"fr\">Cette huile de polissage est sp\u00e9cialement con\u00e7ue pour faciliter l\u2019aff\u00fbtage de vos lames.\r\nContrairement \u00e0 l\u2019huile pour b\u00e9b\u00e9, elle ne favorise pas la r\u00e9tention de m\u00e9tal dans vos pierres.\r\n\r\nPour utiliser l\u2019huile, appliquez simplement sur la surface de la pierre.\r\nSur les pierres synth\u00e9tiques, plus d\u2019huile peut \u00eatre n\u00e9cessaire, tandis que les pierres naturelles,\r\ncomme les pierres d\u2019Arkansas, n\u00e9cessitent moins d\u2019huile car elles sont moins poreuses.\r\nFabriqu\u00e9e aux \u00c9tats-Unis.\r\nFormat : 946 ML.\r\nTaille id\u00e9ale pour les responsables d\u2019\u00e9quipement et les clubs.\r\nEnfin, vous pouvez trouver toutes les huiles Norton et <a href=\"https:\/\/ztsports.com\/brand\/norton\/\">pierres \u00e0 aff\u00fbter ici.<\/a><\/span><\/pre>\n","protected":false},"excerpt":{"rendered":"<p>HUILE \u00c0 AFF\u00dbTER NORTON 946 ML L\u2019HUILE \u00c0 AFF\u00dbTER NORTON est fabriqu\u00e9e \u00e0 partir de mat\u00e9riaux suisses et Victorinox de la plus haute qualit\u00e9. Huile de polissage sp\u00e9cialement formul\u00e9e pour aff\u00fbter une vari\u00e9t\u00e9 de couteaux, y compris les lames de patin. Respecte les normes de la pharmacop\u00e9e pour la puret\u00e9, ce qui signifie qu\u2019elle peut [&hellip;]<\/p>\n","protected":false},"featured_media":24319,"comment_status":"open","ping_status":"closed","template":"","meta":{"_acf_changed":false,"_monsterinsights_skip_tracking":false,"_monsterinsights_sitenote_active":false,"_monsterinsights_sitenote_note":"","_monsterinsights_sitenote_category":0,"_uf_show_specific_survey":0,"_uf_disable_surveys":false,"site-sidebar-layout":"default","site-content-layout":"","ast-site-content-layout":"default","site-content-style":"default","site-sidebar-style":"default","ast-global-header-display":"","ast-banner-title-visibility":"","ast-main-header-display":"","ast-hfb-above-header-display":"","ast-hfb-below-header-display":"","ast-hfb-mobile-header-display":"","site-post-title":"","ast-breadcrumbs-content":"","ast-featured-img":"","footer-sml-layout":"","ast-disable-related-posts":"","theme-transparent-header-meta":"default","adv-header-id-meta":"","stick-header-meta":"","header-above-stick-meta":"","header-main-stick-meta":"","header-below-stick-meta":"","astra-migrate-meta-layouts":"set","ast-page-background-enabled":"default","ast-page-background-meta":{"desktop":{"background-color":"","background-image":"","background-repeat":"repeat","background-position":"center center","background-size":"auto","background-attachment":"scroll","background-type":"","background-media":"","overlay-type":"","overlay-color":"","overlay-opacity":"","overlay-gradient":""},"tablet":{"background-color":"","background-image":"","background-repeat":"repeat","background-position":"center center","background-size":"auto","background-attachment":"scroll","background-type":"","background-media":"","overlay-type":"","overlay-color":"","overlay-opacity":"","overlay-gradient":""},"mobile":{"background-color":"","background-image":"","background-repeat":"repeat","background-position":"center center","background-size":"auto","background-attachment":"scroll","background-type":"","background-media":"","overlay-type":"","overlay-color":"","overlay-opacity":"","overlay-gradient":""}},"ast-content-background-meta":{"desktop":{"background-color":"var(--ast-global-color-5)","background-image":"","background-repeat":"repeat","background-position":"center center","background-size":"auto","background-attachment":"scroll","background-type":"","background-media":"","overlay-type":"","overlay-color":"","overlay-opacity":"","overlay-gradient":""},"tablet":{"background-color":"var(--ast-global-color-5)","background-image":"","background-repeat":"repeat","background-position":"center center","background-size":"auto","background-attachment":"scroll","background-type":"","background-media":"","overlay-type":"","overlay-color":"","overlay-opacity":"","overlay-gradient":""},"mobile":{"background-color":"var(--ast-global-color-5)","background-image":"","background-repeat":"repeat","background-position":"center center","background-size":"auto","background-attachment":"scroll","background-type":"","background-media":"","overlay-type":"","overlay-color":"","overlay-opacity":"","overlay-gradient":""}}},"product_brand":[3328],"product_cat":[3378],"product_tag":[],"class_list":{"0":"post-24320","1":"product","2":"type-product","3":"status-publish","4":"has-post-thumbnail","6":"product_brand-norton","7":"product_cat-non-categorise","8":"desktop-align-left","9":"tablet-align-left","10":"mobile-align-left","12":"first","13":"instock","14":"sale","15":"taxable","16":"shipping-taxable","17":"purchasable","18":"product-type-simple"},"acf":[],"_links":{"self":[{"href":"https:\/\/ztsports.com\/fr\/wp-json\/wp\/v2\/product\/24320","targetHints":{"allow":["GET"]}}],"collection":[{"href":"https:\/\/ztsports.com\/fr\/wp-json\/wp\/v2\/product"}],"about":[{"href":"https:\/\/ztsports.com\/fr\/wp-json\/wp\/v2\/types\/product"}],"replies":[{"embeddable":true,"href":"https:\/\/ztsports.com\/fr\/wp-json\/wp\/v2\/comments?post=24320"}],"version-history":[{"count":1,"href":"https:\/\/ztsports.com\/fr\/wp-json\/wp\/v2\/product\/24320\/revisions"}],"predecessor-version":[{"id":24321,"href":"https:\/\/ztsports.com\/fr\/wp-json\/wp\/v2\/product\/24320\/revisions\/24321"}],"wp:featuredmedia":[{"embeddable":true,"href":"https:\/\/ztsports.com\/fr\/wp-json\/wp\/v2\/media\/24319"}],"wp:attachment":[{"href":"https:\/\/ztsports.com\/fr\/wp-json\/wp\/v2\/media?parent=24320"}],"wp:term":[{"taxonomy":"product_brand","embeddable":true,"href":"https:\/\/ztsports.com\/fr\/wp-json\/wp\/v2\/product_brand?post=24320"},{"taxonomy":"product_cat","embeddable":true,"href":"https:\/\/ztsports.com\/fr\/wp-json\/wp\/v2\/product_cat?post=24320"},{"taxonomy":"product_tag","embeddable":true,"href":"https:\/\/ztsports.com\/fr\/wp-json\/wp\/v2\/product_tag?post=24320"}],"curies":[{"name":"wp","href":"https:\/\/api.w.org\/{rel}","templated":true}]}}