{"id":24317,"date":"2021-09-23T02:13:54","date_gmt":"2021-09-23T02:13:54","guid":{"rendered":"https:\/\/ztsports.com\/?post_type=product&#038;p=24317"},"modified":"2026-03-11T08:54:07","modified_gmt":"2026-03-11T08:54:07","slug":"norton-sharpening-stone-oil-xb1-133ml","status":"publish","type":"product","link":"https:\/\/ztsports.com\/fr\/store\/norton-sharpening-stone-oil-xb1-133ml\/","title":{"rendered":"NORTON Sharpening Stone Oil XB1 133ML"},"content":{"rendered":"<h1 class=\"tw-data-text tw-text-large tw-ta\" dir=\"ltr\" data-placeholder=\"Translation\"><span class=\"Y2IQFc\" lang=\"fr\">Huile pour pierre \u00e0 aff\u00fbter NORTON XB1 133ML<\/span><\/h1>\n<p class=\"tw-data-text tw-text-large tw-ta\" dir=\"ltr\" data-placeholder=\"Translation\"><span class=\"Y2IQFc\" lang=\"fr\">L\u2019huile pour pierre \u00e0 aff\u00fbter NORTON XB1 133ML est une huile lubrifiante hautement raffin\u00e9e, sp\u00e9cialement formul\u00e9e pour l\u2019utilisation avec des pierres \u00e0 aff\u00fbter. \u00c9galement id\u00e9ale pour toutes les t\u00e2ches de lubrification, elle n\u2019encrassera pas et ne collera pas aux pierres \u00e0 aff\u00fbter.<\/span><\/p>\n<p><span class=\"Y2IQFc\" lang=\"fr\">De plus, elle respecte les normes de la Pharmacop\u00e9e am\u00e9ricaine et peut \u00eatre utilis\u00e9e dans des op\u00e9rations de pr\u00e9paration alimentaire.<\/span><\/p>\n<p><span class=\"Y2IQFc\" lang=\"fr\">Il est \u00e9galement important de ne jamais utiliser de pierres d\u2019Arkansas ou d\u2019oxyde d\u2019aluminium sans huile lubrifiante.<\/span><\/p>\n<p><span class=\"Y2IQFc\" lang=\"fr\">C\u2019est une excellente huile l\u00e9g\u00e8re min\u00e9rale pour le polissage, qui emp\u00eache les particules m\u00e9talliques de coller \u00e0 la pierre. Contenance\u202f: 4,5 fl oz \/ 133 ml.<\/span><\/p>\n<p><span class=\"Y2IQFc\" lang=\"fr\">Fabriqu\u00e9 aux \u00c9tats-Unis.<\/span><\/p>\n<pre id=\"tw-target-text\" class=\"tw-data-text tw-text-large tw-ta\" dir=\"ltr\" data-placeholder=\"Translation\"><span class=\"Y2IQFc\" lang=\"fr\">Enfin, vous pouvez trouver tous les <a href=\"https:\/\/ztsports.com\/brand\/norton\/\"><strong>huiles et pierres \u00e0 aff\u00fbter Norton ici<\/strong><\/a>.<\/span><\/pre>\n","protected":false},"excerpt":{"rendered":"<p>Huile pour pierre \u00e0 aff\u00fbter NORTON XB1 133ML L\u2019huile pour pierre \u00e0 aff\u00fbter NORTON XB1 133ML est une huile lubrifiante hautement raffin\u00e9e, sp\u00e9cialement formul\u00e9e pour l\u2019utilisation avec des pierres \u00e0 aff\u00fbter. \u00c9galement id\u00e9ale pour toutes les t\u00e2ches de lubrification, elle n\u2019encrassera pas et ne collera pas aux pierres \u00e0 aff\u00fbter. De plus, elle respecte les [&hellip;]<\/p>\n","protected":false},"featured_media":24315,"comment_status":"open","ping_status":"closed","template":"","meta":{"_acf_changed":false,"_monsterinsights_skip_tracking":false,"_monsterinsights_sitenote_active":false,"_monsterinsights_sitenote_note":"","_monsterinsights_sitenote_category":0,"_uf_show_specific_survey":0,"_uf_disable_surveys":false,"site-sidebar-layout":"default","site-content-layout":"","ast-site-content-layout":"default","site-content-style":"default","site-sidebar-style":"default","ast-global-header-display":"","ast-banner-title-visibility":"","ast-main-header-display":"","ast-hfb-above-header-display":"","ast-hfb-below-header-display":"","ast-hfb-mobile-header-display":"","site-post-title":"","ast-breadcrumbs-content":"","ast-featured-img":"","footer-sml-layout":"","ast-disable-related-posts":"","theme-transparent-header-meta":"default","adv-header-id-meta":"","stick-header-meta":"","header-above-stick-meta":"","header-main-stick-meta":"","header-below-stick-meta":"","astra-migrate-meta-layouts":"set","ast-page-background-enabled":"default","ast-page-background-meta":{"desktop":{"background-color":"","background-image":"","background-repeat":"repeat","background-position":"center center","background-size":"auto","background-attachment":"scroll","background-type":"","background-media":"","overlay-type":"","overlay-color":"","overlay-opacity":"","overlay-gradient":""},"tablet":{"background-color":"","background-image":"","background-repeat":"repeat","background-position":"center center","background-size":"auto","background-attachment":"scroll","background-type":"","background-media":"","overlay-type":"","overlay-color":"","overlay-opacity":"","overlay-gradient":""},"mobile":{"background-color":"","background-image":"","background-repeat":"repeat","background-position":"center center","background-size":"auto","background-attachment":"scroll","background-type":"","background-media":"","overlay-type":"","overlay-color":"","overlay-opacity":"","overlay-gradient":""}},"ast-content-background-meta":{"desktop":{"background-color":"var(--ast-global-color-5)","background-image":"","background-repeat":"repeat","background-position":"center center","background-size":"auto","background-attachment":"scroll","background-type":"","background-media":"","overlay-type":"","overlay-color":"","overlay-opacity":"","overlay-gradient":""},"tablet":{"background-color":"var(--ast-global-color-5)","background-image":"","background-repeat":"repeat","background-position":"center center","background-size":"auto","background-attachment":"scroll","background-type":"","background-media":"","overlay-type":"","overlay-color":"","overlay-opacity":"","overlay-gradient":""},"mobile":{"background-color":"var(--ast-global-color-5)","background-image":"","background-repeat":"repeat","background-position":"center center","background-size":"auto","background-attachment":"scroll","background-type":"","background-media":"","overlay-type":"","overlay-color":"","overlay-opacity":"","overlay-gradient":""}}},"product_brand":[3328],"product_cat":[4552],"product_tag":[],"class_list":{"0":"post-24317","1":"product","2":"type-product","3":"status-publish","4":"has-post-thumbnail","6":"product_brand-norton","7":"product_cat-patins-du-canal-nordique","8":"desktop-align-left","9":"tablet-align-left","10":"mobile-align-left","12":"first","13":"instock","14":"sale","15":"taxable","16":"shipping-taxable","17":"purchasable","18":"product-type-simple"},"acf":[],"_links":{"self":[{"href":"https:\/\/ztsports.com\/fr\/wp-json\/wp\/v2\/product\/24317","targetHints":{"allow":["GET"]}}],"collection":[{"href":"https:\/\/ztsports.com\/fr\/wp-json\/wp\/v2\/product"}],"about":[{"href":"https:\/\/ztsports.com\/fr\/wp-json\/wp\/v2\/types\/product"}],"replies":[{"embeddable":true,"href":"https:\/\/ztsports.com\/fr\/wp-json\/wp\/v2\/comments?post=24317"}],"version-history":[{"count":1,"href":"https:\/\/ztsports.com\/fr\/wp-json\/wp\/v2\/product\/24317\/revisions"}],"predecessor-version":[{"id":24318,"href":"https:\/\/ztsports.com\/fr\/wp-json\/wp\/v2\/product\/24317\/revisions\/24318"}],"wp:featuredmedia":[{"embeddable":true,"href":"https:\/\/ztsports.com\/fr\/wp-json\/wp\/v2\/media\/24315"}],"wp:attachment":[{"href":"https:\/\/ztsports.com\/fr\/wp-json\/wp\/v2\/media?parent=24317"}],"wp:term":[{"taxonomy":"product_brand","embeddable":true,"href":"https:\/\/ztsports.com\/fr\/wp-json\/wp\/v2\/product_brand?post=24317"},{"taxonomy":"product_cat","embeddable":true,"href":"https:\/\/ztsports.com\/fr\/wp-json\/wp\/v2\/product_cat?post=24317"},{"taxonomy":"product_tag","embeddable":true,"href":"https:\/\/ztsports.com\/fr\/wp-json\/wp\/v2\/product_tag?post=24317"}],"curies":[{"name":"wp","href":"https:\/\/api.w.org\/{rel}","templated":true}]}}