{"id":24313,"date":"2021-09-23T02:15:04","date_gmt":"2021-09-23T02:15:04","guid":{"rendered":"https:\/\/ztsports.com\/?post_type=product&#038;p=24313"},"modified":"2026-03-11T08:53:05","modified_gmt":"2026-03-11T08:53:05","slug":"zandstra-polishing-triangle-3m-triple-sided","status":"publish","type":"product","link":"https:\/\/ztsports.com\/fr\/store\/zandstra-polishing-triangle-3m-triple-sided\/","title":{"rendered":"ZANDSTRA POLISHING TRIANGLE 3M Triple Sided"},"content":{"rendered":"<h1 class=\"tw-data-text tw-text-large tw-ta\" dir=\"ltr\" data-placeholder=\"Translation\">TRIANGLE DE POLISSAGE ZANDSTRA 3M<\/h1>\n<p class=\"tw-data-text tw-text-large tw-ta\" dir=\"ltr\" data-placeholder=\"Translation\"><span class=\"Y2IQFc\" lang=\"fr\">Le TRIANGLE DE POLISSAGE ZANDSTRA 3M est utilis\u00e9 pour polir la lame.<\/p>\n<p>Un grain tr\u00e8s fin d\u2019oxyde d\u2019aluminium fournit une surface tr\u00e8s lisse sous la lame. De plus, pour de meilleurs r\u00e9sultats, il y a 3 films abrasifs autocollants diff\u00e9rents sur un triangle en aluminium extrud\u00e9 sp\u00e9cial.<\/p>\n<p>Le triangle mesure 25 cm de longueur.<\/span><\/p>\n<h4><span class=\"Y2IQFc\" lang=\"fr\">TRIANGLE DE POLISSAGE ZANDSTRA 3M<\/span><\/h4>\n<p><strong><em>Mode d\u2019emploi :<\/em><\/strong><\/p>\n<p>Placez les patins dans un gabarit. Commencez par d\u00e9placer lentement le c\u00f4t\u00e9 bleu du triangle d\u2019avant en arri\u00e8re sur les lames. Utilisez toute la surface de la bande abrasive 3M pendant cette action.<\/p>\n<p>Lorsque la friction diminue pendant le polissage (apr\u00e8s environ 1 minute), passez au c\u00f4t\u00e9 vert. Lorsque la r\u00e9sistance diminue \u00e0 nouveau apr\u00e8s 1 minute, terminez avec le c\u00f4t\u00e9 rose. Lorsqu\u2019il n\u2019y a plus de friction, le polissage est termin\u00e9.<\/p>\n<p>Ce processus prendra environ 3 \u00e0 5 minutes au total. Pour s\u2019assurer que le r\u00e9sultat est optimal, vous devez observer la surface de glisse du patin.<\/p>\n<p>Lorsque vous voyez un <strong>\u00ab miroir \u00bb<\/strong>, le r\u00e9sultat est optimal. Sinon, r\u00e9p\u00e9tez le dernier passage (rose) ou l\u2019avant-dernier (vert).<\/p>\n<h4><strong>Granulom\u00e9trie de polissage :<\/strong><br \/>\nBleu (40 microns) \u2013 grossier<br \/>\nVert (30 microns) \u2013 moyen<br \/>\nRose (3 microns) \u2013 moyen-fin<\/h4>\n<pre id=\"tw-target-text\" class=\"tw-data-text tw-text-large tw-ta\" dir=\"ltr\" data-placeholder=\"Translation\"><span class=\"Y2IQFc\" lang=\"fr\">N\u2019oubliez pas d\u2019acheter un <a href=\"https:\/\/ztsports.com\/product\/zandstra-replacement-strips\/\"><strong>jeu de bandes de remplacement<\/strong><\/a> de rechange.<\/span><\/pre>\n","protected":false},"excerpt":{"rendered":"<p>TRIANGLE DE POLISSAGE ZANDSTRA 3M Le TRIANGLE DE POLISSAGE ZANDSTRA 3M est utilis\u00e9 pour polir la lame. Un grain tr\u00e8s fin d\u2019oxyde d\u2019aluminium fournit une surface tr\u00e8s lisse sous la lame. De plus, pour de meilleurs r\u00e9sultats, il y a 3 films abrasifs autocollants diff\u00e9rents sur un triangle en aluminium extrud\u00e9 sp\u00e9cial. Le triangle mesure [&hellip;]<\/p>\n","protected":false},"featured_media":24908,"comment_status":"open","ping_status":"closed","template":"","meta":{"_acf_changed":false,"_monsterinsights_skip_tracking":false,"_monsterinsights_sitenote_active":false,"_monsterinsights_sitenote_note":"","_monsterinsights_sitenote_category":0,"_uf_show_specific_survey":0,"_uf_disable_surveys":false,"site-sidebar-layout":"default","site-content-layout":"","ast-site-content-layout":"default","site-content-style":"default","site-sidebar-style":"default","ast-global-header-display":"","ast-banner-title-visibility":"","ast-main-header-display":"","ast-hfb-above-header-display":"","ast-hfb-below-header-display":"","ast-hfb-mobile-header-display":"","site-post-title":"","ast-breadcrumbs-content":"","ast-featured-img":"","footer-sml-layout":"","ast-disable-related-posts":"","theme-transparent-header-meta":"default","adv-header-id-meta":"","stick-header-meta":"","header-above-stick-meta":"","header-main-stick-meta":"","header-below-stick-meta":"","astra-migrate-meta-layouts":"set","ast-page-background-enabled":"default","ast-page-background-meta":{"desktop":{"background-color":"","background-image":"","background-repeat":"repeat","background-position":"center center","background-size":"auto","background-attachment":"scroll","background-type":"","background-media":"","overlay-type":"","overlay-color":"","overlay-opacity":"","overlay-gradient":""},"tablet":{"background-color":"","background-image":"","background-repeat":"repeat","background-position":"center center","background-size":"auto","background-attachment":"scroll","background-type":"","background-media":"","overlay-type":"","overlay-color":"","overlay-opacity":"","overlay-gradient":""},"mobile":{"background-color":"","background-image":"","background-repeat":"repeat","background-position":"center center","background-size":"auto","background-attachment":"scroll","background-type":"","background-media":"","overlay-type":"","overlay-color":"","overlay-opacity":"","overlay-gradient":""}},"ast-content-background-meta":{"desktop":{"background-color":"var(--ast-global-color-5)","background-image":"","background-repeat":"repeat","background-position":"center center","background-size":"auto","background-attachment":"scroll","background-type":"","background-media":"","overlay-type":"","overlay-color":"","overlay-opacity":"","overlay-gradient":""},"tablet":{"background-color":"var(--ast-global-color-5)","background-image":"","background-repeat":"repeat","background-position":"center center","background-size":"auto","background-attachment":"scroll","background-type":"","background-media":"","overlay-type":"","overlay-color":"","overlay-opacity":"","overlay-gradient":""},"mobile":{"background-color":"var(--ast-global-color-5)","background-image":"","background-repeat":"repeat","background-position":"center center","background-size":"auto","background-attachment":"scroll","background-type":"","background-media":"","overlay-type":"","overlay-color":"","overlay-opacity":"","overlay-gradient":""}}},"product_brand":[3275],"product_cat":[3378],"product_tag":[],"class_list":{"0":"post-24313","1":"product","2":"type-product","3":"status-publish","4":"has-post-thumbnail","6":"product_brand-apogee","7":"product_cat-non-categorise","8":"desktop-align-left","9":"tablet-align-left","10":"mobile-align-left","12":"first","13":"instock","14":"taxable","15":"shipping-taxable","16":"purchasable","17":"product-type-simple"},"acf":[],"_links":{"self":[{"href":"https:\/\/ztsports.com\/fr\/wp-json\/wp\/v2\/product\/24313","targetHints":{"allow":["GET"]}}],"collection":[{"href":"https:\/\/ztsports.com\/fr\/wp-json\/wp\/v2\/product"}],"about":[{"href":"https:\/\/ztsports.com\/fr\/wp-json\/wp\/v2\/types\/product"}],"replies":[{"embeddable":true,"href":"https:\/\/ztsports.com\/fr\/wp-json\/wp\/v2\/comments?post=24313"}],"version-history":[{"count":1,"href":"https:\/\/ztsports.com\/fr\/wp-json\/wp\/v2\/product\/24313\/revisions"}],"predecessor-version":[{"id":24314,"href":"https:\/\/ztsports.com\/fr\/wp-json\/wp\/v2\/product\/24313\/revisions\/24314"}],"wp:featuredmedia":[{"embeddable":true,"href":"https:\/\/ztsports.com\/fr\/wp-json\/wp\/v2\/media\/24908"}],"wp:attachment":[{"href":"https:\/\/ztsports.com\/fr\/wp-json\/wp\/v2\/media?parent=24313"}],"wp:term":[{"taxonomy":"product_brand","embeddable":true,"href":"https:\/\/ztsports.com\/fr\/wp-json\/wp\/v2\/product_brand?post=24313"},{"taxonomy":"product_cat","embeddable":true,"href":"https:\/\/ztsports.com\/fr\/wp-json\/wp\/v2\/product_cat?post=24313"},{"taxonomy":"product_tag","embeddable":true,"href":"https:\/\/ztsports.com\/fr\/wp-json\/wp\/v2\/product_tag?post=24313"}],"curies":[{"name":"wp","href":"https:\/\/api.w.org\/{rel}","templated":true}]}}