{"id":24308,"date":"2021-09-23T02:15:05","date_gmt":"2021-09-23T02:15:05","guid":{"rendered":"https:\/\/ztsports.com\/?post_type=product&#038;p=24308"},"modified":"2026-03-11T08:52:03","modified_gmt":"2026-03-11T08:52:03","slug":"zandstra-replacement-strips-polishing-triangle","status":"publish","type":"product","link":"https:\/\/ztsports.com\/fr\/store\/zandstra-replacement-strips-polishing-triangle\/","title":{"rendered":"ZANDSTRA REPLACEMENT STRIPS Polishing Triangle"},"content":{"rendered":"<h1>RUBANS DE REMPLACEMENT ZANDSTRA<\/h1>\n<h1>pour le triangle de polissage<\/h1>\n<p>Les rubans de polissage de remplacement Zandstra, un outil essentiel pour tout patineur de vitesse. Que vous ayez besoin de remplacer une bande us\u00e9e ou de remplacer l\u2019ensemble complet.<\/p>\n<p><strong>Cet article est vendu en ensembles de trois (3).<\/strong><\/p>\n<p>Un ensemble de trois contient le <strong>Bleu, Vert et Rose<\/strong> pour les 3 c\u00f4t\u00e9s de votre triangle.<\/p>\n<p>Vous pouvez \u00e9galement <strong>demander vos couleurs pr\u00e9f\u00e9r\u00e9es<\/strong> dans le corps du panier si vous avez utilis\u00e9 une couleur plus que les autres.<\/p>\n<p>Remplacez vos bandes us\u00e9es et d\u00e9couvrez un polissage sup\u00e9rieur sur vos lames avec le triangle de polissage Zandstra !<\/p>\n<p>Rubans de remplacement originaux <a href=\"https:\/\/www.3mcanada.ca\/3M\/en_CA\/company-ca\/\" target=\"_blank\" rel=\"noopener\"><strong>3M<\/strong><\/a> Zandstra vendus en ensembles de 3 ou, si vous pr\u00e9f\u00e9rez, en unit\u00e9s individuelles.<\/p>\n<p>Toujours utile d\u2019avoir un ensemble de rechange au cas o\u00f9 un se d\u00e9t\u00e9riore ou se d\u00e9chire lors d\u2019un voyage.<\/p>\n<p>L\u2019outil parfait pour polir les patins de vitesse sur glace !<\/p>\n<p>Un grain tr\u00e8s fin d\u2019oxyde d\u2019aluminium assure une finition soyeuse.<\/p>\n<p><strong>Ensemble de trois (rose \u2013 vert \u2013 bleu)<\/strong> ou indiquez votre choix dans le corps de votre commande.<\/p>\n<p>Chaque ensemble de 3 co\u00fbte 15,00 $<\/p>\n<h3>Rubans de remplacement Zandstra 3M originaux.<\/h3>\n<h3><strong>Granulom\u00e9trie de polissage :<\/strong><br \/>\nBleu (40 microns) \u2013 grossier<br \/>\nVert (30 microns) \u2013 moyen<br \/>\nRose (3 microns) \u2013 moyen-fin<\/h3>\n<p>Enfin, vous pouvez consulter tous nos <a href=\"https:\/\/ztsports.com\/brand\/zandstra\/\"><strong>produits ZANDSTRA<\/strong><\/a> ici.<\/p>\n","protected":false},"excerpt":{"rendered":"<p>RUBANS DE REMPLACEMENT ZANDSTRA pour le triangle de polissage Les rubans de polissage de remplacement Zandstra, un outil essentiel pour tout patineur de vitesse. Que vous ayez besoin de remplacer une bande us\u00e9e ou de remplacer l\u2019ensemble complet. Cet article est vendu en ensembles de trois (3). Un ensemble de trois contient le Bleu, Vert [&hellip;]<\/p>\n","protected":false},"featured_media":24305,"comment_status":"open","ping_status":"closed","template":"","meta":{"_acf_changed":false,"_monsterinsights_skip_tracking":false,"_monsterinsights_sitenote_active":false,"_monsterinsights_sitenote_note":"","_monsterinsights_sitenote_category":0,"_uf_show_specific_survey":0,"_uf_disable_surveys":false,"site-sidebar-layout":"default","site-content-layout":"","ast-site-content-layout":"default","site-content-style":"default","site-sidebar-style":"default","ast-global-header-display":"","ast-banner-title-visibility":"","ast-main-header-display":"","ast-hfb-above-header-display":"","ast-hfb-below-header-display":"","ast-hfb-mobile-header-display":"","site-post-title":"","ast-breadcrumbs-content":"","ast-featured-img":"","footer-sml-layout":"","ast-disable-related-posts":"","theme-transparent-header-meta":"default","adv-header-id-meta":"","stick-header-meta":"","header-above-stick-meta":"","header-main-stick-meta":"","header-below-stick-meta":"","astra-migrate-meta-layouts":"set","ast-page-background-enabled":"default","ast-page-background-meta":{"desktop":{"background-color":"","background-image":"","background-repeat":"repeat","background-position":"center center","background-size":"auto","background-attachment":"scroll","background-type":"","background-media":"","overlay-type":"","overlay-color":"","overlay-opacity":"","overlay-gradient":""},"tablet":{"background-color":"","background-image":"","background-repeat":"repeat","background-position":"center center","background-size":"auto","background-attachment":"scroll","background-type":"","background-media":"","overlay-type":"","overlay-color":"","overlay-opacity":"","overlay-gradient":""},"mobile":{"background-color":"","background-image":"","background-repeat":"repeat","background-position":"center center","background-size":"auto","background-attachment":"scroll","background-type":"","background-media":"","overlay-type":"","overlay-color":"","overlay-opacity":"","overlay-gradient":""}},"ast-content-background-meta":{"desktop":{"background-color":"var(--ast-global-color-5)","background-image":"","background-repeat":"repeat","background-position":"center center","background-size":"auto","background-attachment":"scroll","background-type":"","background-media":"","overlay-type":"","overlay-color":"","overlay-opacity":"","overlay-gradient":""},"tablet":{"background-color":"var(--ast-global-color-5)","background-image":"","background-repeat":"repeat","background-position":"center center","background-size":"auto","background-attachment":"scroll","background-type":"","background-media":"","overlay-type":"","overlay-color":"","overlay-opacity":"","overlay-gradient":""},"mobile":{"background-color":"var(--ast-global-color-5)","background-image":"","background-repeat":"repeat","background-position":"center center","background-size":"auto","background-attachment":"scroll","background-type":"","background-media":"","overlay-type":"","overlay-color":"","overlay-opacity":"","overlay-gradient":""}}},"product_brand":[3363,3364],"product_cat":[3378],"product_tag":[],"class_list":{"0":"post-24308","1":"product","2":"type-product","3":"status-publish","4":"has-post-thumbnail","6":"product_brand-zandstra","7":"product_brand-zanstra","8":"product_cat-non-categorise","9":"desktop-align-left","10":"tablet-align-left","11":"mobile-align-left","13":"first","14":"instock","15":"taxable","16":"shipping-taxable","17":"purchasable","18":"product-type-simple"},"acf":[],"_links":{"self":[{"href":"https:\/\/ztsports.com\/fr\/wp-json\/wp\/v2\/product\/24308","targetHints":{"allow":["GET"]}}],"collection":[{"href":"https:\/\/ztsports.com\/fr\/wp-json\/wp\/v2\/product"}],"about":[{"href":"https:\/\/ztsports.com\/fr\/wp-json\/wp\/v2\/types\/product"}],"replies":[{"embeddable":true,"href":"https:\/\/ztsports.com\/fr\/wp-json\/wp\/v2\/comments?post=24308"}],"version-history":[{"count":1,"href":"https:\/\/ztsports.com\/fr\/wp-json\/wp\/v2\/product\/24308\/revisions"}],"predecessor-version":[{"id":24309,"href":"https:\/\/ztsports.com\/fr\/wp-json\/wp\/v2\/product\/24308\/revisions\/24309"}],"wp:featuredmedia":[{"embeddable":true,"href":"https:\/\/ztsports.com\/fr\/wp-json\/wp\/v2\/media\/24305"}],"wp:attachment":[{"href":"https:\/\/ztsports.com\/fr\/wp-json\/wp\/v2\/media?parent=24308"}],"wp:term":[{"taxonomy":"product_brand","embeddable":true,"href":"https:\/\/ztsports.com\/fr\/wp-json\/wp\/v2\/product_brand?post=24308"},{"taxonomy":"product_cat","embeddable":true,"href":"https:\/\/ztsports.com\/fr\/wp-json\/wp\/v2\/product_cat?post=24308"},{"taxonomy":"product_tag","embeddable":true,"href":"https:\/\/ztsports.com\/fr\/wp-json\/wp\/v2\/product_tag?post=24308"}],"curies":[{"name":"wp","href":"https:\/\/api.w.org\/{rel}","templated":true}]}}