{"id":24303,"date":"2021-09-23T02:15:07","date_gmt":"2021-09-23T02:15:07","guid":{"rendered":"https:\/\/ztsports.com\/?post_type=product&#038;p=24303"},"modified":"2026-03-11T08:51:14","modified_gmt":"2026-03-11T08:51:14","slug":"masterlap-polishing-system-with-travel-case","status":"publish","type":"product","link":"https:\/\/ztsports.com\/fr\/store\/masterlap-polishing-system-with-travel-case\/","title":{"rendered":"MASTERLAP POLISHING SYSTEM With Travel Case"},"content":{"rendered":"<pre id=\"tw-target-text\" class=\"tw-data-text tw-text-large tw-ta\" dir=\"ltr\" data-placeholder=\"Translation\"><span class=\"Y2IQFc\" lang=\"fr\"><strong>SYST\u00c8ME DE POLISSAGE MASTERLAP\r\n<\/strong>l\u2019outil parfait pour polir les patins de vitesse sur glace ! \r\nUn grain tr\u00e8s fin d\u2019oxyde d\u2019aluminium assure une finition soyeuse.\r\nCe syst\u00e8me de polissage comprend :\r\n 2 pierres\r\n lubrifiant sp\u00e9cial\r\n instructions\r\n trousse de voyage rembourr\u00e9e\r\n Burr Master remover\r\n\r\n<strong>Le syst\u00e8me de polissage ultime.\r\nD\u00e9couvrez tous nos <a href=\"https:\/\/ztsports.com\/product-category\/sharpening\/stones\/\">articles d\u2019aiguisage ici<\/a>.<\/strong><\/span><\/pre>\n","protected":false},"excerpt":{"rendered":"<p>SYST\u00c8ME DE POLISSAGE MASTERLAP l\u2019outil parfait pour polir les patins de vitesse sur glace ! Un grain tr\u00e8s fin d\u2019oxyde d\u2019aluminium assure une finition soyeuse. Ce syst\u00e8me de polissage comprend : 2 pierres lubrifiant sp\u00e9cial instructions trousse de voyage rembourr\u00e9e Burr Master remover Le syst\u00e8me de polissage ultime. D\u00e9couvrez tous nos articles d\u2019aiguisage ici.<\/p>\n","protected":false},"featured_media":24301,"comment_status":"open","ping_status":"closed","template":"","meta":{"_acf_changed":false,"_monsterinsights_skip_tracking":false,"_monsterinsights_sitenote_active":false,"_monsterinsights_sitenote_note":"","_monsterinsights_sitenote_category":0,"_uf_show_specific_survey":0,"_uf_disable_surveys":false,"site-sidebar-layout":"default","site-content-layout":"","ast-site-content-layout":"default","site-content-style":"default","site-sidebar-style":"default","ast-global-header-display":"","ast-banner-title-visibility":"","ast-main-header-display":"","ast-hfb-above-header-display":"","ast-hfb-below-header-display":"","ast-hfb-mobile-header-display":"","site-post-title":"","ast-breadcrumbs-content":"","ast-featured-img":"","footer-sml-layout":"","ast-disable-related-posts":"","theme-transparent-header-meta":"default","adv-header-id-meta":"","stick-header-meta":"","header-above-stick-meta":"","header-main-stick-meta":"","header-below-stick-meta":"","astra-migrate-meta-layouts":"set","ast-page-background-enabled":"default","ast-page-background-meta":{"desktop":{"background-color":"","background-image":"","background-repeat":"repeat","background-position":"center center","background-size":"auto","background-attachment":"scroll","background-type":"","background-media":"","overlay-type":"","overlay-color":"","overlay-opacity":"","overlay-gradient":""},"tablet":{"background-color":"","background-image":"","background-repeat":"repeat","background-position":"center center","background-size":"auto","background-attachment":"scroll","background-type":"","background-media":"","overlay-type":"","overlay-color":"","overlay-opacity":"","overlay-gradient":""},"mobile":{"background-color":"","background-image":"","background-repeat":"repeat","background-position":"center center","background-size":"auto","background-attachment":"scroll","background-type":"","background-media":"","overlay-type":"","overlay-color":"","overlay-opacity":"","overlay-gradient":""}},"ast-content-background-meta":{"desktop":{"background-color":"var(--ast-global-color-5)","background-image":"","background-repeat":"repeat","background-position":"center center","background-size":"auto","background-attachment":"scroll","background-type":"","background-media":"","overlay-type":"","overlay-color":"","overlay-opacity":"","overlay-gradient":""},"tablet":{"background-color":"var(--ast-global-color-5)","background-image":"","background-repeat":"repeat","background-position":"center center","background-size":"auto","background-attachment":"scroll","background-type":"","background-media":"","overlay-type":"","overlay-color":"","overlay-opacity":"","overlay-gradient":""},"mobile":{"background-color":"var(--ast-global-color-5)","background-image":"","background-repeat":"repeat","background-position":"center center","background-size":"auto","background-attachment":"scroll","background-type":"","background-media":"","overlay-type":"","overlay-color":"","overlay-opacity":"","overlay-gradient":""}}},"product_brand":[3322],"product_cat":[3378],"product_tag":[],"class_list":{"0":"post-24303","1":"product","2":"type-product","3":"status-publish","4":"has-post-thumbnail","6":"product_brand-masterlap","7":"product_cat-non-categorise","8":"desktop-align-left","9":"tablet-align-left","10":"mobile-align-left","12":"first","13":"outofstock","14":"taxable","15":"shipping-taxable","16":"purchasable","17":"product-type-simple"},"acf":[],"_links":{"self":[{"href":"https:\/\/ztsports.com\/fr\/wp-json\/wp\/v2\/product\/24303","targetHints":{"allow":["GET"]}}],"collection":[{"href":"https:\/\/ztsports.com\/fr\/wp-json\/wp\/v2\/product"}],"about":[{"href":"https:\/\/ztsports.com\/fr\/wp-json\/wp\/v2\/types\/product"}],"replies":[{"embeddable":true,"href":"https:\/\/ztsports.com\/fr\/wp-json\/wp\/v2\/comments?post=24303"}],"version-history":[{"count":1,"href":"https:\/\/ztsports.com\/fr\/wp-json\/wp\/v2\/product\/24303\/revisions"}],"predecessor-version":[{"id":24304,"href":"https:\/\/ztsports.com\/fr\/wp-json\/wp\/v2\/product\/24303\/revisions\/24304"}],"wp:featuredmedia":[{"embeddable":true,"href":"https:\/\/ztsports.com\/fr\/wp-json\/wp\/v2\/media\/24301"}],"wp:attachment":[{"href":"https:\/\/ztsports.com\/fr\/wp-json\/wp\/v2\/media?parent=24303"}],"wp:term":[{"taxonomy":"product_brand","embeddable":true,"href":"https:\/\/ztsports.com\/fr\/wp-json\/wp\/v2\/product_brand?post=24303"},{"taxonomy":"product_cat","embeddable":true,"href":"https:\/\/ztsports.com\/fr\/wp-json\/wp\/v2\/product_cat?post=24303"},{"taxonomy":"product_tag","embeddable":true,"href":"https:\/\/ztsports.com\/fr\/wp-json\/wp\/v2\/product_tag?post=24303"}],"curies":[{"name":"wp","href":"https:\/\/api.w.org\/{rel}","templated":true}]}}