{"id":24298,"date":"2021-09-23T02:15:07","date_gmt":"2021-09-23T02:15:07","guid":{"rendered":"https:\/\/ztsports.com\/?post_type=product&#038;p=24298"},"modified":"2026-03-11T08:50:13","modified_gmt":"2026-03-11T08:50:13","slug":"ceramic-polishing-stone-masterlap-ultra-super-polisher","status":"publish","type":"product","link":"https:\/\/ztsports.com\/fr\/store\/ceramic-polishing-stone-masterlap-ultra-super-polisher\/","title":{"rendered":"CERAMIC POLISHING STONE MASTERLAP Ultra Super Polisher"},"content":{"rendered":"<h2 class=\"tw-data-text tw-text-large tw-ta\" dir=\"ltr\" data-placeholder=\"Translation\"><span class=\"Y2IQFc\" lang=\"fr\">PIERRE \u00c0 POLIR C\u00c9RAMIQUE MASTERLAP Ultra<\/span><\/h2>\n<p class=\"tw-data-text tw-text-large tw-ta\" dir=\"ltr\" data-placeholder=\"Translation\"><span class=\"Y2IQFc\" lang=\"fr\">La PIERRE \u00c0 POLIR C\u00c9RAMIQUE <\/span><span class=\"Y2IQFc\" lang=\"fr\">Masterlap Ultra <\/span><span class=\"Y2IQFc\" lang=\"fr\">est une pierre c\u00e9ramique ultra fine avec un indice d\u2019abrasion de 8000. La Masterlap est l\u2019outil de polissage ultime sur le march\u00e9 aujourd\u2019hui.<\/span><\/p>\n<p dir=\"ltr\" data-placeholder=\"Translation\">Cette pierre \u00e0 aiguiser en c\u00e9ramique est con\u00e7ue pour les patineurs professionnels de Long Track ainsi que de Short Track.<\/p>\n<p dir=\"ltr\" data-placeholder=\"Translation\">La granulom\u00e9trie est de 8000, ce qui est Super Fin.<\/p>\n<p dir=\"ltr\" data-placeholder=\"Translation\">Cette pierre est destin\u00e9e \u00e0 \u00eatre utilis\u00e9e comme polissage final lors de l\u2019aiguisage de vos lames, qu\u2019il s\u2019agisse de lames de Long Track ou de Short Track. Les pierres \u00e0 polir en c\u00e9ramique aident \u00e0 augmenter votre glisse pendant le patinage et donnent un polissage miroir.<\/p>\n<p class=\"tw-data-text tw-text-large tw-ta\" dir=\"ltr\" data-placeholder=\"Translation\"><span class=\"Y2IQFc\" lang=\"fr\">De plus, elle laisse une finition miroir parfaite et est indestructible. Apr\u00e8s avoir pass\u00e9 le c\u00f4t\u00e9 lisse de votre pierre \u00e0 aiguiser, passez directement au polissage final avec la Masterlap Ultra.<\/span><\/p>\n<p class=\"tw-data-text tw-text-large tw-ta\" dir=\"ltr\" data-placeholder=\"Translation\"><span class=\"Y2IQFc\" lang=\"fr\">Voyez le r\u00e9sultat miroir ph\u00e9nom\u00e9nal et une glisse ultime.<\/span><\/p>\n<p dir=\"ltr\" data-placeholder=\"Translation\">La plupart des patineurs professionnels pr\u00e9f\u00e8rent les pierres en c\u00e9ramique pour le polissage final plut\u00f4t que les pierres diamant\u00e9es.<\/p>\n<p class=\"tw-data-text tw-text-large tw-ta\" dir=\"ltr\" data-placeholder=\"Translation\"><span class=\"Y2IQFc\" lang=\"fr\">De plus, nous vous fournissons une enveloppe de protection en daim pour votre pierre \u00e0 polir Masterlap en c\u00e9ramique.<\/span><\/p>\n<p dir=\"ltr\" data-placeholder=\"Translation\"><span class=\"Y2IQFc\" lang=\"fr\">Enfin, nous avons une large <a href=\"https:\/\/ztsports.com\/product-category\/ceramic\/\"><strong>s\u00e9lection de pierres c\u00e9ramiques<\/strong><\/a> disponible ici<\/span><\/p>\n","protected":false},"excerpt":{"rendered":"<p>PIERRE \u00c0 POLIR C\u00c9RAMIQUE MASTERLAP Ultra La PIERRE \u00c0 POLIR C\u00c9RAMIQUE Masterlap Ultra est une pierre c\u00e9ramique ultra fine avec un indice d\u2019abrasion de 8000. La Masterlap est l\u2019outil de polissage ultime sur le march\u00e9 aujourd\u2019hui. Cette pierre \u00e0 aiguiser en c\u00e9ramique est con\u00e7ue pour les patineurs professionnels de Long Track ainsi que de Short [&hellip;]<\/p>\n","protected":false},"featured_media":24296,"comment_status":"open","ping_status":"closed","template":"","meta":{"_acf_changed":false,"_monsterinsights_skip_tracking":false,"_monsterinsights_sitenote_active":false,"_monsterinsights_sitenote_note":"","_monsterinsights_sitenote_category":0,"_uf_show_specific_survey":0,"_uf_disable_surveys":false,"site-sidebar-layout":"default","site-content-layout":"","ast-site-content-layout":"default","site-content-style":"default","site-sidebar-style":"default","ast-global-header-display":"","ast-banner-title-visibility":"","ast-main-header-display":"","ast-hfb-above-header-display":"","ast-hfb-below-header-display":"","ast-hfb-mobile-header-display":"","site-post-title":"","ast-breadcrumbs-content":"","ast-featured-img":"","footer-sml-layout":"","ast-disable-related-posts":"","theme-transparent-header-meta":"default","adv-header-id-meta":"","stick-header-meta":"","header-above-stick-meta":"","header-main-stick-meta":"","header-below-stick-meta":"","astra-migrate-meta-layouts":"set","ast-page-background-enabled":"default","ast-page-background-meta":{"desktop":{"background-color":"","background-image":"","background-repeat":"repeat","background-position":"center center","background-size":"auto","background-attachment":"scroll","background-type":"","background-media":"","overlay-type":"","overlay-color":"","overlay-opacity":"","overlay-gradient":""},"tablet":{"background-color":"","background-image":"","background-repeat":"repeat","background-position":"center center","background-size":"auto","background-attachment":"scroll","background-type":"","background-media":"","overlay-type":"","overlay-color":"","overlay-opacity":"","overlay-gradient":""},"mobile":{"background-color":"","background-image":"","background-repeat":"repeat","background-position":"center center","background-size":"auto","background-attachment":"scroll","background-type":"","background-media":"","overlay-type":"","overlay-color":"","overlay-opacity":"","overlay-gradient":""}},"ast-content-background-meta":{"desktop":{"background-color":"var(--ast-global-color-5)","background-image":"","background-repeat":"repeat","background-position":"center center","background-size":"auto","background-attachment":"scroll","background-type":"","background-media":"","overlay-type":"","overlay-color":"","overlay-opacity":"","overlay-gradient":""},"tablet":{"background-color":"var(--ast-global-color-5)","background-image":"","background-repeat":"repeat","background-position":"center center","background-size":"auto","background-attachment":"scroll","background-type":"","background-media":"","overlay-type":"","overlay-color":"","overlay-opacity":"","overlay-gradient":""},"mobile":{"background-color":"var(--ast-global-color-5)","background-image":"","background-repeat":"repeat","background-position":"center center","background-size":"auto","background-attachment":"scroll","background-type":"","background-media":"","overlay-type":"","overlay-color":"","overlay-opacity":"","overlay-gradient":""}}},"product_brand":[3322],"product_cat":[3378],"product_tag":[],"class_list":{"0":"post-24298","1":"product","2":"type-product","3":"status-publish","4":"has-post-thumbnail","6":"product_brand-masterlap","7":"product_cat-non-categorise","8":"desktop-align-left","9":"tablet-align-left","10":"mobile-align-left","12":"first","13":"outofstock","14":"taxable","15":"shipping-taxable","16":"purchasable","17":"product-type-simple"},"acf":[],"_links":{"self":[{"href":"https:\/\/ztsports.com\/fr\/wp-json\/wp\/v2\/product\/24298","targetHints":{"allow":["GET"]}}],"collection":[{"href":"https:\/\/ztsports.com\/fr\/wp-json\/wp\/v2\/product"}],"about":[{"href":"https:\/\/ztsports.com\/fr\/wp-json\/wp\/v2\/types\/product"}],"replies":[{"embeddable":true,"href":"https:\/\/ztsports.com\/fr\/wp-json\/wp\/v2\/comments?post=24298"}],"version-history":[{"count":2,"href":"https:\/\/ztsports.com\/fr\/wp-json\/wp\/v2\/product\/24298\/revisions"}],"predecessor-version":[{"id":24300,"href":"https:\/\/ztsports.com\/fr\/wp-json\/wp\/v2\/product\/24298\/revisions\/24300"}],"wp:featuredmedia":[{"embeddable":true,"href":"https:\/\/ztsports.com\/fr\/wp-json\/wp\/v2\/media\/24296"}],"wp:attachment":[{"href":"https:\/\/ztsports.com\/fr\/wp-json\/wp\/v2\/media?parent=24298"}],"wp:term":[{"taxonomy":"product_brand","embeddable":true,"href":"https:\/\/ztsports.com\/fr\/wp-json\/wp\/v2\/product_brand?post=24298"},{"taxonomy":"product_cat","embeddable":true,"href":"https:\/\/ztsports.com\/fr\/wp-json\/wp\/v2\/product_cat?post=24298"},{"taxonomy":"product_tag","embeddable":true,"href":"https:\/\/ztsports.com\/fr\/wp-json\/wp\/v2\/product_tag?post=24298"}],"curies":[{"name":"wp","href":"https:\/\/api.w.org\/{rel}","templated":true}]}}