{"id":24294,"date":"2021-09-23T02:15:10","date_gmt":"2021-09-23T02:15:10","guid":{"rendered":"https:\/\/ztsports.com\/?post_type=product&#038;p=24294"},"modified":"2026-03-11T08:45:10","modified_gmt":"2026-03-11T08:45:10","slug":"evo-quarq-short-track-bi-metal","status":"publish","type":"product","link":"https:\/\/ztsports.com\/fr\/store\/evo-quarq-short-track-bi-metal\/","title":{"rendered":"Evo QuarQ Short Track Bi-Metal"},"content":{"rendered":"<h1>EVO QUARQ ST Bi-Metal<\/h1>\n<p>Evo QuarQ ST Bi-Metal Lame compl\u00e8te bim\u00e9tal offre une adh\u00e9rence sup\u00e9rieure tout en maintenant un excellent contr\u00f4le et ressenti.<\/p>\n<p><span data-sheets-value=\"{&quot;1&quot;:2,&quot;2&quot;:&quot;Stifness&quot;}\">La lame Evo Quarq Short Track est id\u00e9alement adapt\u00e9e aux patineurs l\u00e9gers qui exigent une adh\u00e9rence sup\u00e9rieure tout en conservant un haut niveau de contr\u00f4le et de sensation.<\/span><\/p>\n<p><span data-sheets-value=\"{&quot;1&quot;:2,&quot;2&quot;:&quot;Stifness&quot;}\">Les lames Quarq sont livr\u00e9es avec des cups de taille 0 standard, mais nous disposons \u00e9galement de tailles de cups +5.<\/span><\/p>\n<p><span data-sheets-value=\"{&quot;1&quot;:2,&quot;2&quot;:&quot;Stifness&quot;}\">Si vous souhaitez une taille de cup autre que 0, veuillez le sp\u00e9cifier dans les notes de commande. Merci !<\/span><\/p>\n<ul class=\"productspecs\">\n<li>Cette lame bim\u00e9tal offre une adh\u00e9rence sup\u00e9rieure tout en maintenant un excellent contr\u00f4le et ressenti<\/li>\n<li>62HRC Powder Metal maintient une excellente qualit\u00e9 de tranchant et nettet\u00e9<\/li>\n<li>Aluminium 7000<\/li>\n<li>Con\u00e7u au Canada et d\u00e9velopp\u00e9 en Hollande, aluminium et acier premium provenant de Hollande<\/li>\n<li>Le syst\u00e8me innovant de cups d\u2019Evo fournit une interface de montage solide pour une installation et un r\u00e9glage simples et efficaces<\/li>\n<li>Pr\u00e9-courb\u00e9<\/li>\n<\/ul>\n<p>Disponible en lame Bi-Metal.<\/p>\n<p>Enfin, comparez toutes nos <a href=\"https:\/\/ztsports.com\/product-category\/short-track\/blades\/\">lames Short Track ici.<\/a><\/p>\n<h3 data-rm-block-id=\"block-14\">N\u2019oubliez pas d\u2019ajouter la <strong><a href=\"https:\/\/ztsports.com\/product\/short-track-blade-preparation\/\">pr\u00e9paration de la lame.<\/a><\/strong><\/h3>\n","protected":false},"excerpt":{"rendered":"<p>EVO QUARQ ST Bi-Metal Evo QuarQ ST Bi-Metal Lame compl\u00e8te bim\u00e9tal offre une adh\u00e9rence sup\u00e9rieure tout en maintenant un excellent contr\u00f4le et ressenti. La lame Evo Quarq Short Track est id\u00e9alement adapt\u00e9e aux patineurs l\u00e9gers qui exigent une adh\u00e9rence sup\u00e9rieure tout en conservant un haut niveau de contr\u00f4le et de sensation. Les lames Quarq sont [&hellip;]<\/p>\n","protected":false},"featured_media":24286,"comment_status":"open","ping_status":"closed","template":"","meta":{"_acf_changed":false,"_monsterinsights_skip_tracking":false,"_monsterinsights_sitenote_active":false,"_monsterinsights_sitenote_note":"","_monsterinsights_sitenote_category":0,"_uf_show_specific_survey":0,"_uf_disable_surveys":false,"site-sidebar-layout":"default","site-content-layout":"","ast-site-content-layout":"default","site-content-style":"default","site-sidebar-style":"default","ast-global-header-display":"","ast-banner-title-visibility":"","ast-main-header-display":"","ast-hfb-above-header-display":"","ast-hfb-below-header-display":"","ast-hfb-mobile-header-display":"","site-post-title":"","ast-breadcrumbs-content":"","ast-featured-img":"","footer-sml-layout":"","ast-disable-related-posts":"","theme-transparent-header-meta":"default","adv-header-id-meta":"","stick-header-meta":"","header-above-stick-meta":"","header-main-stick-meta":"","header-below-stick-meta":"","astra-migrate-meta-layouts":"set","ast-page-background-enabled":"default","ast-page-background-meta":{"desktop":{"background-color":"","background-image":"","background-repeat":"repeat","background-position":"center center","background-size":"auto","background-attachment":"scroll","background-type":"","background-media":"","overlay-type":"","overlay-color":"","overlay-opacity":"","overlay-gradient":""},"tablet":{"background-color":"","background-image":"","background-repeat":"repeat","background-position":"center center","background-size":"auto","background-attachment":"scroll","background-type":"","background-media":"","overlay-type":"","overlay-color":"","overlay-opacity":"","overlay-gradient":""},"mobile":{"background-color":"","background-image":"","background-repeat":"repeat","background-position":"center center","background-size":"auto","background-attachment":"scroll","background-type":"","background-media":"","overlay-type":"","overlay-color":"","overlay-opacity":"","overlay-gradient":""}},"ast-content-background-meta":{"desktop":{"background-color":"var(--ast-global-color-5)","background-image":"","background-repeat":"repeat","background-position":"center center","background-size":"auto","background-attachment":"scroll","background-type":"","background-media":"","overlay-type":"","overlay-color":"","overlay-opacity":"","overlay-gradient":""},"tablet":{"background-color":"var(--ast-global-color-5)","background-image":"","background-repeat":"repeat","background-position":"center center","background-size":"auto","background-attachment":"scroll","background-type":"","background-media":"","overlay-type":"","overlay-color":"","overlay-opacity":"","overlay-gradient":""},"mobile":{"background-color":"var(--ast-global-color-5)","background-image":"","background-repeat":"repeat","background-position":"center center","background-size":"auto","background-attachment":"scroll","background-type":"","background-media":"","overlay-type":"","overlay-color":"","overlay-opacity":"","overlay-gradient":""}}},"product_brand":[3297,3338],"product_cat":[4561,4560],"product_tag":[3796],"class_list":{"0":"post-24294","1":"product","2":"type-product","3":"status-publish","4":"has-post-thumbnail","6":"product_brand-evo","7":"product_brand-skate-tec","8":"product_cat-blades","9":"product_cat-short-track-blades","10":"product_tag-short-track","11":"desktop-align-left","12":"tablet-align-left","13":"mobile-align-left","15":"first","16":"instock","17":"taxable","18":"shipping-taxable","19":"purchasable","20":"product-type-simple"},"acf":[],"_links":{"self":[{"href":"https:\/\/ztsports.com\/fr\/wp-json\/wp\/v2\/product\/24294","targetHints":{"allow":["GET"]}}],"collection":[{"href":"https:\/\/ztsports.com\/fr\/wp-json\/wp\/v2\/product"}],"about":[{"href":"https:\/\/ztsports.com\/fr\/wp-json\/wp\/v2\/types\/product"}],"replies":[{"embeddable":true,"href":"https:\/\/ztsports.com\/fr\/wp-json\/wp\/v2\/comments?post=24294"}],"version-history":[{"count":1,"href":"https:\/\/ztsports.com\/fr\/wp-json\/wp\/v2\/product\/24294\/revisions"}],"predecessor-version":[{"id":24295,"href":"https:\/\/ztsports.com\/fr\/wp-json\/wp\/v2\/product\/24294\/revisions\/24295"}],"wp:featuredmedia":[{"embeddable":true,"href":"https:\/\/ztsports.com\/fr\/wp-json\/wp\/v2\/media\/24286"}],"wp:attachment":[{"href":"https:\/\/ztsports.com\/fr\/wp-json\/wp\/v2\/media?parent=24294"}],"wp:term":[{"taxonomy":"product_brand","embeddable":true,"href":"https:\/\/ztsports.com\/fr\/wp-json\/wp\/v2\/product_brand?post=24294"},{"taxonomy":"product_cat","embeddable":true,"href":"https:\/\/ztsports.com\/fr\/wp-json\/wp\/v2\/product_cat?post=24294"},{"taxonomy":"product_tag","embeddable":true,"href":"https:\/\/ztsports.com\/fr\/wp-json\/wp\/v2\/product_tag?post=24294"}],"curies":[{"name":"wp","href":"https:\/\/api.w.org\/{rel}","templated":true}]}}