{"id":24284,"date":"2021-09-23T02:16:17","date_gmt":"2021-09-23T02:16:17","guid":{"rendered":"https:\/\/ztsports.com\/?post_type=product&#038;p=24284"},"modified":"2026-03-11T08:44:04","modified_gmt":"2026-03-11T08:44:04","slug":"base360-short-track-glove-adult-sizing","status":"publish","type":"product","link":"https:\/\/ztsports.com\/fr\/store\/base360-short-track-glove-adult-sizing\/","title":{"rendered":"BASE360 Short Track GLOVE ADULT SIZING"},"content":{"rendered":"<p class=\"tw-data-text tw-text-large tw-ta\" dir=\"ltr\" data-placeholder=\"Translation\"><span class=\"Y2IQFc\" lang=\"fr\"><strong>BASE360<\/strong> Gant Short Track est un gant de protection efficace contre les coupures. Con\u00e7u sp\u00e9cifiquement pour le patinage de vitesse. Son design l\u00e9ger et sportif \u00e9tablit une nouvelle norme en mati\u00e8re de s\u00e9curit\u00e9 et de performance. Parfait pour les patineurs cherchant un avantage suppl\u00e9mentaire lors des entra\u00eenements et comp\u00e9titions. Ce gant est pour vous : il s&#8217;agit du gant protecteur le plus fonctionnel pour le Short Track. De plus, il offre une protection compl\u00e8te de la paume et de la main contre les coupures. Con\u00e7u sp\u00e9cifiquement pour le patinage de vitesse, il est l\u00e9ger et son design athl\u00e9tique \u00e9tablit une nouvelle norme de s\u00e9curit\u00e9 et de performance pour les patineurs en qu\u00eate de cet avantage suppl\u00e9mentaire lors des entra\u00eenements et comp\u00e9titions.<\/span><\/p>\n<p class=\"tw-data-text tw-text-large tw-ta\" dir=\"ltr\" data-placeholder=\"Translation\">Les tailles des gants correspondent aux num\u00e9ros suivants :<\/p>\n<p dir=\"ltr\" data-placeholder=\"Translation\"><strong>TAILLES ADULTES<\/strong><\/p>\n<p class=\"tw-data-text tw-text-large tw-ta\" dir=\"ltr\" data-placeholder=\"Translation\">Petit &#8211; 7,<\/p>\n<p class=\"tw-data-text tw-text-large tw-ta\" dir=\"ltr\" data-placeholder=\"Translation\">Moyen &#8211; 8,<\/p>\n<p class=\"tw-data-text tw-text-large tw-ta\" dir=\"ltr\" data-placeholder=\"Translation\">Grand &#8211; 9, Adulte<\/p>\n<p class=\"tw-data-text tw-text-large tw-ta\" dir=\"ltr\" data-placeholder=\"Translation\">Tr\u00e8s Grand &#8211; 10<\/p>\n<p class=\"tw-data-text tw-text-large tw-ta\" dir=\"ltr\" data-placeholder=\"Translation\"><span class=\"Y2IQFc\" lang=\"fr\">Enfin, consultez tous nos <a href=\"https:\/\/ztsports.com\/product-category\/protection\/gloves\/\"><strong>gants Short Track<\/strong><\/a> ici.<\/span><\/p>\n","protected":false},"excerpt":{"rendered":"<p>BASE360 Gant Short Track est un gant de protection efficace contre les coupures. Con\u00e7u sp\u00e9cifiquement pour le patinage de vitesse. Son design l\u00e9ger et sportif \u00e9tablit une nouvelle norme en mati\u00e8re de s\u00e9curit\u00e9 et de performance. Parfait pour les patineurs cherchant un avantage suppl\u00e9mentaire lors des entra\u00eenements et comp\u00e9titions. Ce gant est pour vous : [&hellip;]<\/p>\n","protected":false},"featured_media":24282,"comment_status":"open","ping_status":"closed","template":"","meta":{"_acf_changed":false,"_monsterinsights_skip_tracking":false,"_monsterinsights_sitenote_active":false,"_monsterinsights_sitenote_note":"","_monsterinsights_sitenote_category":0,"_uf_show_specific_survey":0,"_uf_disable_surveys":false,"site-sidebar-layout":"default","site-content-layout":"","ast-site-content-layout":"default","site-content-style":"default","site-sidebar-style":"default","ast-global-header-display":"","ast-banner-title-visibility":"","ast-main-header-display":"","ast-hfb-above-header-display":"","ast-hfb-below-header-display":"","ast-hfb-mobile-header-display":"","site-post-title":"","ast-breadcrumbs-content":"","ast-featured-img":"","footer-sml-layout":"","ast-disable-related-posts":"","theme-transparent-header-meta":"default","adv-header-id-meta":"","stick-header-meta":"","header-above-stick-meta":"","header-main-stick-meta":"","header-below-stick-meta":"","astra-migrate-meta-layouts":"set","ast-page-background-enabled":"default","ast-page-background-meta":{"desktop":{"background-color":"","background-image":"","background-repeat":"repeat","background-position":"center center","background-size":"auto","background-attachment":"scroll","background-type":"","background-media":"","overlay-type":"","overlay-color":"","overlay-opacity":"","overlay-gradient":""},"tablet":{"background-color":"","background-image":"","background-repeat":"repeat","background-position":"center center","background-size":"auto","background-attachment":"scroll","background-type":"","background-media":"","overlay-type":"","overlay-color":"","overlay-opacity":"","overlay-gradient":""},"mobile":{"background-color":"","background-image":"","background-repeat":"repeat","background-position":"center center","background-size":"auto","background-attachment":"scroll","background-type":"","background-media":"","overlay-type":"","overlay-color":"","overlay-opacity":"","overlay-gradient":""}},"ast-content-background-meta":{"desktop":{"background-color":"var(--ast-global-color-5)","background-image":"","background-repeat":"repeat","background-position":"center center","background-size":"auto","background-attachment":"scroll","background-type":"","background-media":"","overlay-type":"","overlay-color":"","overlay-opacity":"","overlay-gradient":""},"tablet":{"background-color":"var(--ast-global-color-5)","background-image":"","background-repeat":"repeat","background-position":"center center","background-size":"auto","background-attachment":"scroll","background-type":"","background-media":"","overlay-type":"","overlay-color":"","overlay-opacity":"","overlay-gradient":""},"mobile":{"background-color":"var(--ast-global-color-5)","background-image":"","background-repeat":"repeat","background-position":"center center","background-size":"auto","background-attachment":"scroll","background-type":"","background-media":"","overlay-type":"","overlay-color":"","overlay-opacity":"","overlay-gradient":""}}},"product_brand":[3279],"product_cat":[3378],"product_tag":[],"class_list":{"0":"post-24284","1":"product","2":"type-product","3":"status-publish","4":"has-post-thumbnail","6":"product_brand-base-360","7":"product_cat-non-categorise","8":"desktop-align-left","9":"tablet-align-left","10":"mobile-align-left","12":"first","13":"instock","14":"sale","15":"taxable","16":"shipping-taxable","17":"purchasable","18":"product-type-simple"},"acf":[],"_links":{"self":[{"href":"https:\/\/ztsports.com\/fr\/wp-json\/wp\/v2\/product\/24284","targetHints":{"allow":["GET"]}}],"collection":[{"href":"https:\/\/ztsports.com\/fr\/wp-json\/wp\/v2\/product"}],"about":[{"href":"https:\/\/ztsports.com\/fr\/wp-json\/wp\/v2\/types\/product"}],"replies":[{"embeddable":true,"href":"https:\/\/ztsports.com\/fr\/wp-json\/wp\/v2\/comments?post=24284"}],"version-history":[{"count":1,"href":"https:\/\/ztsports.com\/fr\/wp-json\/wp\/v2\/product\/24284\/revisions"}],"predecessor-version":[{"id":24285,"href":"https:\/\/ztsports.com\/fr\/wp-json\/wp\/v2\/product\/24284\/revisions\/24285"}],"wp:featuredmedia":[{"embeddable":true,"href":"https:\/\/ztsports.com\/fr\/wp-json\/wp\/v2\/media\/24282"}],"wp:attachment":[{"href":"https:\/\/ztsports.com\/fr\/wp-json\/wp\/v2\/media?parent=24284"}],"wp:term":[{"taxonomy":"product_brand","embeddable":true,"href":"https:\/\/ztsports.com\/fr\/wp-json\/wp\/v2\/product_brand?post=24284"},{"taxonomy":"product_cat","embeddable":true,"href":"https:\/\/ztsports.com\/fr\/wp-json\/wp\/v2\/product_cat?post=24284"},{"taxonomy":"product_tag","embeddable":true,"href":"https:\/\/ztsports.com\/fr\/wp-json\/wp\/v2\/product_tag?post=24284"}],"curies":[{"name":"wp","href":"https:\/\/api.w.org\/{rel}","templated":true}]}}