{"id":24280,"date":"2021-09-23T02:17:28","date_gmt":"2021-09-23T02:17:28","guid":{"rendered":"https:\/\/ztsports.com\/?post_type=product&#038;p=24280"},"modified":"2026-03-11T08:42:47","modified_gmt":"2026-03-11T08:42:47","slug":"maple-gl-90-bft-lt-long-track-carbon-boot","status":"publish","type":"product","link":"https:\/\/ztsports.com\/fr\/store\/maple-gl-90-bft-lt-long-track-carbon-boot\/","title":{"rendered":"MAPLE GL-90-BFT (LT) Long Track Carbon Boot"},"content":{"rendered":"<h1>MAPLE GL-90-BFT (LT)<\/h1>\n<p>La botte qui s\u2019adapte parfaitement \u00e0 votre pied apr\u00e8s le moulage avec la <strong>m\u00e9thode traditionnelle au four<\/strong>. Cette technologie garantit que vos bottes \u00e9pousent facilement et parfaitement la forme de vos pieds, sans perdre de solidit\u00e9 apr\u00e8s refroidissement.<\/p>\n<p>La technologie Barefoot offre un confort suppl\u00e9mentaire. La botte anatomique est \u00e9quip\u00e9e d\u2019une doublure int\u00e9rieure lisse pour assurer un ajustement parfait sans points de pression. De plus, la chaussure est fabriqu\u00e9e \u00e0 100% en carbone.<\/p>\n<p>La botte Maple GL-90 BFT est un v\u00e9ritable succ\u00e8s. La cheville basse combin\u00e9e \u00e0 une coque tr\u00e8s rigide offre libert\u00e9 et soutien aux patineurs, du passionn\u00e9 r\u00e9cr\u00e9atif au comp\u00e9titeur avanc\u00e9 !<\/p>\n<p>L\u2019int\u00e9rieur de la botte est fini en cuir v\u00e9ritable, ce qui rend la botte encore plus confortable et prolonge consid\u00e9rablement sa dur\u00e9e de vie ! La GL-90 BFT est enti\u00e8rement thermoformable. Non seulement la zone du pied et de la cheville, mais \u00e9galement l\u2019avant de la botte peuvent \u00eatre adapt\u00e9s \u00e0 votre pied !<\/p>\n<h4>Description<\/h4>\n<div>\n<p>La botte Maple GL-90 BFT est un v\u00e9ritable succ\u00e8s. La cheville basse combin\u00e9e \u00e0 une coque tr\u00e8s rigide offre libert\u00e9 et soutien aux patineurs, du passionn\u00e9 r\u00e9cr\u00e9atif au comp\u00e9titeur avanc\u00e9 !<\/p>\n<p>L\u2019int\u00e9rieur de la botte est fini en cuir v\u00e9ritable, ce qui rend la botte encore plus confortable et prolonge consid\u00e9rablement sa dur\u00e9e de vie ! La GL-90 BFT est enti\u00e8rement thermoformable. Non seulement la zone du pied et de la cheville, mais \u00e9galement l\u2019avant de la botte peuvent \u00eatre adapt\u00e9s \u00e0 votre pied !<\/p>\n<ul>\n<li>Convient \u00e0 toutes les lames \u00ab standard \u00bb, qu\u2019elles soient fixes ou clap !<\/li>\n<\/ul>\n<\/div>\n<p><strong>Tailles 40 seulement.<\/strong><\/p>\n<p>\u00c0 consid\u00e9rer&#8230; <a href=\"https:\/\/www.youtube.com\/watch?v=GopGn7XWqKk&amp;t=22s\" target=\"_blank\" rel=\"noopener\"><strong>Finley : \u00c0 quelle vitesse patinent les patineurs Long Track ?<\/strong><\/a><\/p>\n<h5 class=\"style-scope ytd-watch-metadata\">Technique de virage de Haralds Silovs en patinage de vitesse <a href=\"https:\/\/www.youtube.com\/watch?v=vBKOMCjegQ4\" target=\"_blank\" rel=\"noopener\">au ralenti<\/a><\/h5>\n<p>Enfin, d\u00e9couvrez toutes nos <a href=\"\/?product_cat=boots1\"><strong>Bottes Long Track<\/strong><\/a> ici.<\/p>\n","protected":false},"excerpt":{"rendered":"<p>MAPLE GL-90-BFT (LT) La botte qui s\u2019adapte parfaitement \u00e0 votre pied apr\u00e8s le moulage avec la m\u00e9thode traditionnelle au four. Cette technologie garantit que vos bottes \u00e9pousent facilement et parfaitement la forme de vos pieds, sans perdre de solidit\u00e9 apr\u00e8s refroidissement. La technologie Barefoot offre un confort suppl\u00e9mentaire. La botte anatomique est \u00e9quip\u00e9e d\u2019une doublure [&hellip;]<\/p>\n","protected":false},"featured_media":24275,"comment_status":"open","ping_status":"closed","template":"","meta":{"_acf_changed":false,"_monsterinsights_skip_tracking":false,"_monsterinsights_sitenote_active":false,"_monsterinsights_sitenote_note":"","_monsterinsights_sitenote_category":0,"_uf_show_specific_survey":0,"_uf_disable_surveys":false,"site-sidebar-layout":"default","site-content-layout":"","ast-site-content-layout":"default","site-content-style":"default","site-sidebar-style":"default","ast-global-header-display":"","ast-banner-title-visibility":"","ast-main-header-display":"","ast-hfb-above-header-display":"","ast-hfb-below-header-display":"","ast-hfb-mobile-header-display":"","site-post-title":"","ast-breadcrumbs-content":"","ast-featured-img":"","footer-sml-layout":"","ast-disable-related-posts":"","theme-transparent-header-meta":"default","adv-header-id-meta":"","stick-header-meta":"","header-above-stick-meta":"","header-main-stick-meta":"","header-below-stick-meta":"","astra-migrate-meta-layouts":"set","ast-page-background-enabled":"default","ast-page-background-meta":{"desktop":{"background-color":"","background-image":"","background-repeat":"repeat","background-position":"center center","background-size":"auto","background-attachment":"scroll","background-type":"","background-media":"","overlay-type":"","overlay-color":"","overlay-opacity":"","overlay-gradient":""},"tablet":{"background-color":"","background-image":"","background-repeat":"repeat","background-position":"center center","background-size":"auto","background-attachment":"scroll","background-type":"","background-media":"","overlay-type":"","overlay-color":"","overlay-opacity":"","overlay-gradient":""},"mobile":{"background-color":"","background-image":"","background-repeat":"repeat","background-position":"center center","background-size":"auto","background-attachment":"scroll","background-type":"","background-media":"","overlay-type":"","overlay-color":"","overlay-opacity":"","overlay-gradient":""}},"ast-content-background-meta":{"desktop":{"background-color":"var(--ast-global-color-5)","background-image":"","background-repeat":"repeat","background-position":"center center","background-size":"auto","background-attachment":"scroll","background-type":"","background-media":"","overlay-type":"","overlay-color":"","overlay-opacity":"","overlay-gradient":""},"tablet":{"background-color":"var(--ast-global-color-5)","background-image":"","background-repeat":"repeat","background-position":"center center","background-size":"auto","background-attachment":"scroll","background-type":"","background-media":"","overlay-type":"","overlay-color":"","overlay-opacity":"","overlay-gradient":""},"mobile":{"background-color":"var(--ast-global-color-5)","background-image":"","background-repeat":"repeat","background-position":"center center","background-size":"auto","background-attachment":"scroll","background-type":"","background-media":"","overlay-type":"","overlay-color":"","overlay-opacity":"","overlay-gradient":""}}},"product_brand":[3319],"product_cat":[3378],"product_tag":[],"class_list":{"0":"post-24280","1":"product","2":"type-product","3":"status-publish","4":"has-post-thumbnail","6":"product_brand-maplez","7":"product_cat-non-categorise","8":"desktop-align-left","9":"tablet-align-left","10":"mobile-align-left","12":"first","13":"instock","14":"sale","15":"taxable","16":"shipping-taxable","17":"purchasable","18":"product-type-simple"},"acf":[],"_links":{"self":[{"href":"https:\/\/ztsports.com\/fr\/wp-json\/wp\/v2\/product\/24280","targetHints":{"allow":["GET"]}}],"collection":[{"href":"https:\/\/ztsports.com\/fr\/wp-json\/wp\/v2\/product"}],"about":[{"href":"https:\/\/ztsports.com\/fr\/wp-json\/wp\/v2\/types\/product"}],"replies":[{"embeddable":true,"href":"https:\/\/ztsports.com\/fr\/wp-json\/wp\/v2\/comments?post=24280"}],"version-history":[{"count":1,"href":"https:\/\/ztsports.com\/fr\/wp-json\/wp\/v2\/product\/24280\/revisions"}],"predecessor-version":[{"id":24281,"href":"https:\/\/ztsports.com\/fr\/wp-json\/wp\/v2\/product\/24280\/revisions\/24281"}],"wp:featuredmedia":[{"embeddable":true,"href":"https:\/\/ztsports.com\/fr\/wp-json\/wp\/v2\/media\/24275"}],"wp:attachment":[{"href":"https:\/\/ztsports.com\/fr\/wp-json\/wp\/v2\/media?parent=24280"}],"wp:term":[{"taxonomy":"product_brand","embeddable":true,"href":"https:\/\/ztsports.com\/fr\/wp-json\/wp\/v2\/product_brand?post=24280"},{"taxonomy":"product_cat","embeddable":true,"href":"https:\/\/ztsports.com\/fr\/wp-json\/wp\/v2\/product_cat?post=24280"},{"taxonomy":"product_tag","embeddable":true,"href":"https:\/\/ztsports.com\/fr\/wp-json\/wp\/v2\/product_tag?post=24280"}],"curies":[{"name":"wp","href":"https:\/\/api.w.org\/{rel}","templated":true}]}}