{"id":24273,"date":"2021-09-23T02:17:28","date_gmt":"2021-09-23T02:17:28","guid":{"rendered":"https:\/\/ztsports.com\/?post_type=product&#038;p=24273"},"modified":"2026-03-11T08:41:45","modified_gmt":"2026-03-11T08:41:45","slug":"maple-rl7000-long-track-boot-closeout","status":"publish","type":"product","link":"https:\/\/ztsports.com\/fr\/store\/maple-rl7000-long-track-boot-closeout\/","title":{"rendered":"MAPLE RL7000 Long Track Boot Closeout"},"content":{"rendered":"<h1>Botte Long Track MAPLE RL7000 Liquidation<\/h1>\n<p>Pr\u00e9sentation de la botte MAPLE RL7000 Long Track. Un r\u00eave devenu r\u00e9alit\u00e9 pour tout patineur d\u00e9sireux de conqu\u00e9rir l&#8217;exaltant monde du patinage de vitesse sur longue piste ! Avec ses performances in\u00e9gal\u00e9es et son prix imbattable, ce mod\u00e8le de la collection Maple est vraiment r\u00e9volutionnaire. De plus, fabriqu\u00e9e avec pr\u00e9cision et expertise, cette chaussure poss\u00e8de une construction robuste en fibre de verre qui garantit une durabilit\u00e9 et une long\u00e9vit\u00e9 maximales sur la glace. La doublure int\u00e9rieure en microfibre offre non seulement un confort exceptionnel, mais am\u00e9liore \u00e9galement votre exp\u00e9rience globale de patinage gr\u00e2ce \u00e0 un soutien sup\u00e9rieur et un ajustement pr\u00e9cis.<\/p>\n<p>Dites adieu \u00e0 l\u2019inconfort et bonjour au pur plaisir en glissant sans effort sur la surface glac\u00e9e. Que vous soyez un amateur passionn\u00e9 ou un professionnel exp\u00e9riment\u00e9, la botte MAPLE RL7000 Long Track d\u00e9passera toutes vos attentes. De plus, son prix avantageux en fait un choix s\u00e9duisant pour les patineurs de tous \u00e2ges et niveaux qui souhaitent profiter du luxe sans se ruiner. Lacez ces bottes haut de gamme, adoptez la vitesse comme jamais auparavant et laissez-vous emporter dans un monde o\u00f9 agilit\u00e9 et \u00e9l\u00e9gance se rencontrent sur une glace immacul\u00e9e.<\/p>\n<p>Avec son design \u00e9l\u00e9gant et ses performances in\u00e9gal\u00e9es, il n\u2019est pas \u00e9tonnant que les athl\u00e8tes professionnels du monde entier fassent confiance \u00e0 la collection Maple.<\/p>\n<p>Tailles : <strong>35, 41, 43<\/strong> seulement.<\/p>\n<p><a href=\"https:\/\/www.youtube.com\/watch?v=GopGn7XWqKk&amp;t=22s\" target=\"_blank\" rel=\"noopener\"><strong>Finley : \u00c0 quelle vitesse patinent les patineurs Long Track ?<\/strong><\/a> | \u00c0 consid\u00e9rer.<\/p>\n<h4 class=\"style-scope ytd-watch-metadata\">Technique de virage de Haralds Silovs en patinage de vitesse <a href=\"https:\/\/www.youtube.com\/watch?v=vBKOMCjegQ4\" target=\"_blank\" rel=\"noopener\">au ralenti<\/a><\/h4>\n<p>Enfin, vous pouvez voir toutes nos <strong><a href=\"\/?product_cat=boots1\">Bottes Long Track<\/a><\/strong> ici.<\/p>\n","protected":false},"excerpt":{"rendered":"<p>Botte Long Track MAPLE RL7000 Liquidation Pr\u00e9sentation de la botte MAPLE RL7000 Long Track. Un r\u00eave devenu r\u00e9alit\u00e9 pour tout patineur d\u00e9sireux de conqu\u00e9rir l&#8217;exaltant monde du patinage de vitesse sur longue piste ! Avec ses performances in\u00e9gal\u00e9es et son prix imbattable, ce mod\u00e8le de la collection Maple est vraiment r\u00e9volutionnaire. De plus, fabriqu\u00e9e avec [&hellip;]<\/p>\n","protected":false},"featured_media":24270,"comment_status":"open","ping_status":"closed","template":"","meta":{"_acf_changed":false,"_monsterinsights_skip_tracking":false,"_monsterinsights_sitenote_active":false,"_monsterinsights_sitenote_note":"","_monsterinsights_sitenote_category":0,"_uf_show_specific_survey":0,"_uf_disable_surveys":false,"site-sidebar-layout":"default","site-content-layout":"","ast-site-content-layout":"default","site-content-style":"default","site-sidebar-style":"default","ast-global-header-display":"","ast-banner-title-visibility":"","ast-main-header-display":"","ast-hfb-above-header-display":"","ast-hfb-below-header-display":"","ast-hfb-mobile-header-display":"","site-post-title":"","ast-breadcrumbs-content":"","ast-featured-img":"","footer-sml-layout":"","ast-disable-related-posts":"","theme-transparent-header-meta":"default","adv-header-id-meta":"","stick-header-meta":"","header-above-stick-meta":"","header-main-stick-meta":"","header-below-stick-meta":"","astra-migrate-meta-layouts":"set","ast-page-background-enabled":"default","ast-page-background-meta":{"desktop":{"background-color":"","background-image":"","background-repeat":"repeat","background-position":"center center","background-size":"auto","background-attachment":"scroll","background-type":"","background-media":"","overlay-type":"","overlay-color":"","overlay-opacity":"","overlay-gradient":""},"tablet":{"background-color":"","background-image":"","background-repeat":"repeat","background-position":"center center","background-size":"auto","background-attachment":"scroll","background-type":"","background-media":"","overlay-type":"","overlay-color":"","overlay-opacity":"","overlay-gradient":""},"mobile":{"background-color":"","background-image":"","background-repeat":"repeat","background-position":"center center","background-size":"auto","background-attachment":"scroll","background-type":"","background-media":"","overlay-type":"","overlay-color":"","overlay-opacity":"","overlay-gradient":""}},"ast-content-background-meta":{"desktop":{"background-color":"var(--ast-global-color-5)","background-image":"","background-repeat":"repeat","background-position":"center center","background-size":"auto","background-attachment":"scroll","background-type":"","background-media":"","overlay-type":"","overlay-color":"","overlay-opacity":"","overlay-gradient":""},"tablet":{"background-color":"var(--ast-global-color-5)","background-image":"","background-repeat":"repeat","background-position":"center center","background-size":"auto","background-attachment":"scroll","background-type":"","background-media":"","overlay-type":"","overlay-color":"","overlay-opacity":"","overlay-gradient":""},"mobile":{"background-color":"var(--ast-global-color-5)","background-image":"","background-repeat":"repeat","background-position":"center center","background-size":"auto","background-attachment":"scroll","background-type":"","background-media":"","overlay-type":"","overlay-color":"","overlay-opacity":"","overlay-gradient":""}}},"product_brand":[3318],"product_cat":[3378],"product_tag":[3823],"class_list":{"0":"post-24273","1":"product","2":"type-product","3":"status-publish","4":"has-post-thumbnail","6":"product_brand-maple","7":"product_cat-non-categorise","8":"product_tag-long-track","9":"desktop-align-left","10":"tablet-align-left","11":"mobile-align-left","13":"first","14":"instock","15":"sale","16":"featured","17":"taxable","18":"shipping-taxable","19":"purchasable","20":"product-type-simple"},"acf":[],"_links":{"self":[{"href":"https:\/\/ztsports.com\/fr\/wp-json\/wp\/v2\/product\/24273","targetHints":{"allow":["GET"]}}],"collection":[{"href":"https:\/\/ztsports.com\/fr\/wp-json\/wp\/v2\/product"}],"about":[{"href":"https:\/\/ztsports.com\/fr\/wp-json\/wp\/v2\/types\/product"}],"replies":[{"embeddable":true,"href":"https:\/\/ztsports.com\/fr\/wp-json\/wp\/v2\/comments?post=24273"}],"version-history":[{"count":1,"href":"https:\/\/ztsports.com\/fr\/wp-json\/wp\/v2\/product\/24273\/revisions"}],"predecessor-version":[{"id":24274,"href":"https:\/\/ztsports.com\/fr\/wp-json\/wp\/v2\/product\/24273\/revisions\/24274"}],"wp:featuredmedia":[{"embeddable":true,"href":"https:\/\/ztsports.com\/fr\/wp-json\/wp\/v2\/media\/24270"}],"wp:attachment":[{"href":"https:\/\/ztsports.com\/fr\/wp-json\/wp\/v2\/media?parent=24273"}],"wp:term":[{"taxonomy":"product_brand","embeddable":true,"href":"https:\/\/ztsports.com\/fr\/wp-json\/wp\/v2\/product_brand?post=24273"},{"taxonomy":"product_cat","embeddable":true,"href":"https:\/\/ztsports.com\/fr\/wp-json\/wp\/v2\/product_cat?post=24273"},{"taxonomy":"product_tag","embeddable":true,"href":"https:\/\/ztsports.com\/fr\/wp-json\/wp\/v2\/product_tag?post=24273"}],"curies":[{"name":"wp","href":"https:\/\/api.w.org\/{rel}","templated":true}]}}