{"id":24268,"date":"2021-09-23T02:17:29","date_gmt":"2021-09-23T02:17:29","guid":{"rendered":"https:\/\/ztsports.com\/?post_type=product&#038;p=24268"},"modified":"2026-03-11T08:40:35","modified_gmt":"2026-03-11T08:40:35","slug":"maple-sl800-long-track-boot-bft-closeout","status":"publish","type":"product","link":"https:\/\/ztsports.com\/fr\/store\/maple-sl800-long-track-boot-bft-closeout\/","title":{"rendered":"MAPLE SL800 Long Track Boot BFT Closeout"},"content":{"rendered":"<h1>Botte Long Track MAPLE SL800 BFT Liquidation<\/h1>\n<p>Les bottes MAPLE SL800 Long Track repr\u00e9sentent un niveau sup\u00e9rieur aux Maple RL-7000 d&#8217;entr\u00e9e de gamme. Les bottes SL-800 Long Track sont les bottes de niveau interm\u00e9diaire de Maple, con\u00e7ues pour les patineurs de vitesse avanc\u00e9s. Ce sont des bottes plus larges et anatomiques, offrant une coque de talon et une zone du tendon pr\u00e9form\u00e9es.<\/p>\n<p>De plus, les bottes SL-800 de Maple int\u00e8grent la <strong>Technologie Barefoot (BFT)<\/strong>, une doublure en microfibre pour un ajustement et une adh\u00e9rence optimaux, garantissant que votre pied ne bougera pas pendant le patinage. La tige basse et la d\u00e9coupe au niveau du tendon d\u2019Achille permettent une meilleure flexion de la cheville sur la glace.<\/p>\n<p>La technologie de moulage \u00e0 l\u2019eau chaude utilise de l\u2019eau chaude pour chauffer uniform\u00e9ment la botte, vous offrant un ajustement personnalis\u00e9 et uniforme. Les bottes SL-800 de Maple sont fabriqu\u00e9es en fibre de carbone et en fibre de verre, ce qui les rend \u00e0 la fois l\u00e9g\u00e8res et solides.<\/p>\n<p>La botte s\u2019adapte parfaitement \u00e0 votre pied apr\u00e8s moulage avec la <strong>m\u00e9thode traditionnelle au four<\/strong>.<\/p>\n<p>La chaussure est compos\u00e9e de fibres de carbone et de verre. La technologie Barefoot apporte un confort suppl\u00e9mentaire. La botte anatomique est \u00e9quip\u00e9e d\u2019une doublure int\u00e9rieure lisse pour assurer un ajustement parfait sans points de pression.<\/p>\n<p>PRIX REG 479,99$ LIQUIDATION 279,99$ <strong>Tailles 38 et 42 seulement.<\/strong><\/p>\n<p><a href=\"https:\/\/www.youtube.com\/watch?v=GopGn7XWqKk&amp;t=22s\" target=\"_blank\" rel=\"noopener\"><strong>\u00c0 quelle vitesse patinent les patineurs Long Track ?<\/strong><\/a> | \u00c0 consid\u00e9rer.<\/p>\n<h5 class=\"style-scope ytd-watch-metadata\">Technique de virage de Haralds Silovs en patinage de vitesse <a href=\"https:\/\/www.youtube.com\/watch?v=vBKOMCjegQ4\" target=\"_blank\" rel=\"noopener\">au ralenti<\/a><\/h5>\n<p>Enfin, vous pouvez voir toutes nos <strong><a href=\"\/?product_cat=boots1\">Bottes Long Track<\/a><\/strong> ici.<\/p>\n","protected":false},"excerpt":{"rendered":"<p>Botte Long Track MAPLE SL800 BFT Liquidation Les bottes MAPLE SL800 Long Track repr\u00e9sentent un niveau sup\u00e9rieur aux Maple RL-7000 d&#8217;entr\u00e9e de gamme. Les bottes SL-800 Long Track sont les bottes de niveau interm\u00e9diaire de Maple, con\u00e7ues pour les patineurs de vitesse avanc\u00e9s. Ce sont des bottes plus larges et anatomiques, offrant une coque de [&hellip;]<\/p>\n","protected":false},"featured_media":24266,"comment_status":"open","ping_status":"closed","template":"","meta":{"_acf_changed":false,"_monsterinsights_skip_tracking":false,"_monsterinsights_sitenote_active":false,"_monsterinsights_sitenote_note":"","_monsterinsights_sitenote_category":0,"_uf_show_specific_survey":0,"_uf_disable_surveys":false,"site-sidebar-layout":"default","site-content-layout":"","ast-site-content-layout":"default","site-content-style":"default","site-sidebar-style":"default","ast-global-header-display":"","ast-banner-title-visibility":"","ast-main-header-display":"","ast-hfb-above-header-display":"","ast-hfb-below-header-display":"","ast-hfb-mobile-header-display":"","site-post-title":"","ast-breadcrumbs-content":"","ast-featured-img":"","footer-sml-layout":"","ast-disable-related-posts":"","theme-transparent-header-meta":"default","adv-header-id-meta":"","stick-header-meta":"","header-above-stick-meta":"","header-main-stick-meta":"","header-below-stick-meta":"","astra-migrate-meta-layouts":"set","ast-page-background-enabled":"default","ast-page-background-meta":{"desktop":{"background-color":"","background-image":"","background-repeat":"repeat","background-position":"center center","background-size":"auto","background-attachment":"scroll","background-type":"","background-media":"","overlay-type":"","overlay-color":"","overlay-opacity":"","overlay-gradient":""},"tablet":{"background-color":"","background-image":"","background-repeat":"repeat","background-position":"center center","background-size":"auto","background-attachment":"scroll","background-type":"","background-media":"","overlay-type":"","overlay-color":"","overlay-opacity":"","overlay-gradient":""},"mobile":{"background-color":"","background-image":"","background-repeat":"repeat","background-position":"center center","background-size":"auto","background-attachment":"scroll","background-type":"","background-media":"","overlay-type":"","overlay-color":"","overlay-opacity":"","overlay-gradient":""}},"ast-content-background-meta":{"desktop":{"background-color":"var(--ast-global-color-5)","background-image":"","background-repeat":"repeat","background-position":"center center","background-size":"auto","background-attachment":"scroll","background-type":"","background-media":"","overlay-type":"","overlay-color":"","overlay-opacity":"","overlay-gradient":""},"tablet":{"background-color":"var(--ast-global-color-5)","background-image":"","background-repeat":"repeat","background-position":"center center","background-size":"auto","background-attachment":"scroll","background-type":"","background-media":"","overlay-type":"","overlay-color":"","overlay-opacity":"","overlay-gradient":""},"mobile":{"background-color":"var(--ast-global-color-5)","background-image":"","background-repeat":"repeat","background-position":"center center","background-size":"auto","background-attachment":"scroll","background-type":"","background-media":"","overlay-type":"","overlay-color":"","overlay-opacity":"","overlay-gradient":""}}},"product_brand":[3318,3319],"product_cat":[3378],"product_tag":[3823],"class_list":{"0":"post-24268","1":"product","2":"type-product","3":"status-publish","4":"has-post-thumbnail","6":"product_brand-maple","7":"product_brand-maplez","8":"product_cat-non-categorise","9":"product_tag-long-track","10":"desktop-align-left","11":"tablet-align-left","12":"mobile-align-left","14":"first","15":"instock","16":"sale","17":"taxable","18":"shipping-taxable","19":"purchasable","20":"product-type-simple"},"acf":[],"_links":{"self":[{"href":"https:\/\/ztsports.com\/fr\/wp-json\/wp\/v2\/product\/24268","targetHints":{"allow":["GET"]}}],"collection":[{"href":"https:\/\/ztsports.com\/fr\/wp-json\/wp\/v2\/product"}],"about":[{"href":"https:\/\/ztsports.com\/fr\/wp-json\/wp\/v2\/types\/product"}],"replies":[{"embeddable":true,"href":"https:\/\/ztsports.com\/fr\/wp-json\/wp\/v2\/comments?post=24268"}],"version-history":[{"count":1,"href":"https:\/\/ztsports.com\/fr\/wp-json\/wp\/v2\/product\/24268\/revisions"}],"predecessor-version":[{"id":24269,"href":"https:\/\/ztsports.com\/fr\/wp-json\/wp\/v2\/product\/24268\/revisions\/24269"}],"wp:featuredmedia":[{"embeddable":true,"href":"https:\/\/ztsports.com\/fr\/wp-json\/wp\/v2\/media\/24266"}],"wp:attachment":[{"href":"https:\/\/ztsports.com\/fr\/wp-json\/wp\/v2\/media?parent=24268"}],"wp:term":[{"taxonomy":"product_brand","embeddable":true,"href":"https:\/\/ztsports.com\/fr\/wp-json\/wp\/v2\/product_brand?post=24268"},{"taxonomy":"product_cat","embeddable":true,"href":"https:\/\/ztsports.com\/fr\/wp-json\/wp\/v2\/product_cat?post=24268"},{"taxonomy":"product_tag","embeddable":true,"href":"https:\/\/ztsports.com\/fr\/wp-json\/wp\/v2\/product_tag?post=24268"}],"curies":[{"name":"wp","href":"https:\/\/api.w.org\/{rel}","templated":true}]}}