{"id":24264,"date":"2021-09-23T02:17:29","date_gmt":"2021-09-23T02:17:29","guid":{"rendered":"https:\/\/ztsports.com\/?post_type=product&#038;p=24264"},"modified":"2026-03-11T08:38:57","modified_gmt":"2026-03-11T08:38:57","slug":"maple-cl-6000-long-track-boot-closeout","status":"publish","type":"product","link":"https:\/\/ztsports.com\/fr\/store\/maple-cl-6000-long-track-boot-closeout\/","title":{"rendered":"MAPLE CL-6000 Long Track Boot Closeout"},"content":{"rendered":"<p>La <strong>Maple CL-6000 Long Track<\/strong> est une botte de patinage de vitesse d&#8217;entr\u00e9e de gamme de Maple, con\u00e7ue pour les patineurs d\u00e9butants et r\u00e9cr\u00e9atifs.<\/p>\n<p>Excellente qualit\u00e9 <em>bottine<\/em> \u00e0 un prix raisonnable. Thermo-moulable. Tr\u00e8s confortable <em>bottine<\/em> !<\/p>\n<p>Procurez-vous la v\u00f4tre tant que les quantit\u00e9s sont disponibles !<\/p>\n<p>PRIX REG 289,99$ LIQUIDATION 149,99$<br \/>\nMaple<\/p>\n<p><span style=\"color: #0000ee;\"><b><u>De plus<\/u><\/b><\/span><br \/>\n<a href=\"https:\/\/www.youtube.com\/watch?v=GopGn7XWqKk&amp;t=22s\" target=\"_blank\" rel=\"noopener\"><strong> \u00c0 quelle vitesse patinent les patineurs Long Track ?<\/strong><\/a> | \u00c0 consid\u00e9rer.<\/p>\n<p>Enfin, d\u00e9couvrez tous nos <a href=\"\/?product_cat=boots1\"><strong>Long Track Boots<\/strong><\/a> ici.<\/p>\n","protected":false},"excerpt":{"rendered":"<p>La Maple CL-6000 Long Track est une botte de patinage de vitesse d&#8217;entr\u00e9e de gamme de Maple, con\u00e7ue pour les patineurs d\u00e9butants et r\u00e9cr\u00e9atifs. Excellente qualit\u00e9 bottine \u00e0 un prix raisonnable. Thermo-moulable. Tr\u00e8s confortable bottine ! Procurez-vous la v\u00f4tre tant que les quantit\u00e9s sont disponibles ! PRIX REG 289,99$ LIQUIDATION 149,99$ Maple De plus \u00c0 [&hellip;]<\/p>\n","protected":false},"featured_media":24263,"comment_status":"open","ping_status":"closed","template":"","meta":{"_acf_changed":false,"_monsterinsights_skip_tracking":false,"_monsterinsights_sitenote_active":false,"_monsterinsights_sitenote_note":"","_monsterinsights_sitenote_category":0,"_uf_show_specific_survey":0,"_uf_disable_surveys":false,"site-sidebar-layout":"default","site-content-layout":"","ast-site-content-layout":"default","site-content-style":"default","site-sidebar-style":"default","ast-global-header-display":"","ast-banner-title-visibility":"","ast-main-header-display":"","ast-hfb-above-header-display":"","ast-hfb-below-header-display":"","ast-hfb-mobile-header-display":"","site-post-title":"","ast-breadcrumbs-content":"","ast-featured-img":"","footer-sml-layout":"","ast-disable-related-posts":"","theme-transparent-header-meta":"default","adv-header-id-meta":"","stick-header-meta":"","header-above-stick-meta":"","header-main-stick-meta":"","header-below-stick-meta":"","astra-migrate-meta-layouts":"set","ast-page-background-enabled":"default","ast-page-background-meta":{"desktop":{"background-color":"","background-image":"","background-repeat":"repeat","background-position":"center center","background-size":"auto","background-attachment":"scroll","background-type":"","background-media":"","overlay-type":"","overlay-color":"","overlay-opacity":"","overlay-gradient":""},"tablet":{"background-color":"","background-image":"","background-repeat":"repeat","background-position":"center center","background-size":"auto","background-attachment":"scroll","background-type":"","background-media":"","overlay-type":"","overlay-color":"","overlay-opacity":"","overlay-gradient":""},"mobile":{"background-color":"","background-image":"","background-repeat":"repeat","background-position":"center center","background-size":"auto","background-attachment":"scroll","background-type":"","background-media":"","overlay-type":"","overlay-color":"","overlay-opacity":"","overlay-gradient":""}},"ast-content-background-meta":{"desktop":{"background-color":"var(--ast-global-color-5)","background-image":"","background-repeat":"repeat","background-position":"center center","background-size":"auto","background-attachment":"scroll","background-type":"","background-media":"","overlay-type":"","overlay-color":"","overlay-opacity":"","overlay-gradient":""},"tablet":{"background-color":"var(--ast-global-color-5)","background-image":"","background-repeat":"repeat","background-position":"center center","background-size":"auto","background-attachment":"scroll","background-type":"","background-media":"","overlay-type":"","overlay-color":"","overlay-opacity":"","overlay-gradient":""},"mobile":{"background-color":"var(--ast-global-color-5)","background-image":"","background-repeat":"repeat","background-position":"center center","background-size":"auto","background-attachment":"scroll","background-type":"","background-media":"","overlay-type":"","overlay-color":"","overlay-opacity":"","overlay-gradient":""}}},"product_brand":[3318],"product_cat":[3378],"product_tag":[],"class_list":{"0":"post-24264","1":"product","2":"type-product","3":"status-publish","4":"has-post-thumbnail","6":"product_brand-maple","7":"product_cat-non-categorise","8":"desktop-align-left","9":"tablet-align-left","10":"mobile-align-left","12":"first","13":"instock","14":"sale","15":"taxable","16":"shipping-taxable","17":"purchasable","18":"product-type-simple"},"acf":[],"_links":{"self":[{"href":"https:\/\/ztsports.com\/fr\/wp-json\/wp\/v2\/product\/24264","targetHints":{"allow":["GET"]}}],"collection":[{"href":"https:\/\/ztsports.com\/fr\/wp-json\/wp\/v2\/product"}],"about":[{"href":"https:\/\/ztsports.com\/fr\/wp-json\/wp\/v2\/types\/product"}],"replies":[{"embeddable":true,"href":"https:\/\/ztsports.com\/fr\/wp-json\/wp\/v2\/comments?post=24264"}],"version-history":[{"count":1,"href":"https:\/\/ztsports.com\/fr\/wp-json\/wp\/v2\/product\/24264\/revisions"}],"predecessor-version":[{"id":24265,"href":"https:\/\/ztsports.com\/fr\/wp-json\/wp\/v2\/product\/24264\/revisions\/24265"}],"wp:featuredmedia":[{"embeddable":true,"href":"https:\/\/ztsports.com\/fr\/wp-json\/wp\/v2\/media\/24263"}],"wp:attachment":[{"href":"https:\/\/ztsports.com\/fr\/wp-json\/wp\/v2\/media?parent=24264"}],"wp:term":[{"taxonomy":"product_brand","embeddable":true,"href":"https:\/\/ztsports.com\/fr\/wp-json\/wp\/v2\/product_brand?post=24264"},{"taxonomy":"product_cat","embeddable":true,"href":"https:\/\/ztsports.com\/fr\/wp-json\/wp\/v2\/product_cat?post=24264"},{"taxonomy":"product_tag","embeddable":true,"href":"https:\/\/ztsports.com\/fr\/wp-json\/wp\/v2\/product_tag?post=24264"}],"curies":[{"name":"wp","href":"https:\/\/api.w.org\/{rel}","templated":true}]}}