{"id":24261,"date":"2021-09-23T02:17:29","date_gmt":"2021-09-23T02:17:29","guid":{"rendered":"https:\/\/ztsports.com\/?post_type=product&#038;p=24261"},"modified":"2026-03-11T08:35:20","modified_gmt":"2026-03-11T08:35:20","slug":"maplez-mv1-long-track-boot-close-out","status":"publish","type":"product","link":"https:\/\/ztsports.com\/fr\/store\/maplez-mv1-long-track-boot-close-out\/","title":{"rendered":"MAPLEZ MV1 Long Track Boot Close Out"},"content":{"rendered":"<div id=\"text_264\" class=\"fr-widget fr-text fr-wf fr_hidden_table_style fr_text_264\" style=\"box-sizing: border-box; color: #666666;\">\n<div class=\"fr-text\" style=\"box-sizing: border-box;\">\n<h1>BOTTE LONG TRACK MAPLEZ MV1<\/h1>\n<p>La botte MAPLEZ MV1 Long Track avec coque monobloc en carbone \u00e0 double stratification.<\/p>\n<p>Pr\u00e9sentation de la r\u00e9volutionnaire botte MAPLEZ MV1 Long Track. Con\u00e7ue pour \u00e9lever votre exp\u00e9rience de patinage \u00e0 un niveau sup\u00e9rieur ! Gr\u00e2ce \u00e0 sa coque monobloc en carbone \u00e0 double stratification innovante, cette botte offre des performances et une durabilit\u00e9 in\u00e9gal\u00e9es. La botte VISION MV1 LONG TRACK est \u00e9quip\u00e9e d\u2019un relev\u00e9 de pointe de 1,75 qui assure une stabilit\u00e9 maximale. Cela se remarque particuli\u00e8rement lors des entr\u00e9es et sorties de virage, vous permettant de repousser vos limites sur la glace comme jamais auparavant.<\/p>\n<p>Mais ce n\u2019est pas tout. Notre \u00e9quipe d\u2019experts est all\u00e9e plus loin en offrant \u00e0 cette botte une refonte compl\u00e8te de la derni\u00e8re forme standard. Cela signifie que non seulement vous b\u00e9n\u00e9ficierez d\u2019un ajustement et d\u2019un confort sup\u00e9rieurs, mais aussi d\u2019un contr\u00f4le am\u00e9lior\u00e9 sur chaque mouvement. Que vous glissiez gracieusement ou que vous puissiez n\u00e9gocier des virages serr\u00e9s, la botte MAPLEZ MV1 Long Track offre un soutien et une r\u00e9activit\u00e9 incomparables.<\/p>\n<p>Fabriqu\u00e9e avec pr\u00e9cision gr\u00e2ce \u00e0 une technologie de pointe. La construction \u00e0 double stratification distingue ces bottes de toutes les autres. La combinaison des mat\u00e9riaux utilis\u00e9s garantit des performances optimales tout en maintenant une solidit\u00e9 exceptionnelle. D\u00e9couvrez un m\u00e9lange parfait de transfert de puissance et de l\u00e9g\u00e8ret\u00e9 tout en glissant sur la glace. \u00c9levez votre niveau de patinage avec la botte MAPLEZ MV1 Long Track \u2013 l\u00e0 o\u00f9 l\u2019innovation rencontre l\u2019excellence !<\/p>\n<p class=\"style-scope ytd-watch-metadata\"><a href=\"https:\/\/www.youtube.com\/watch?v=GopGn7XWqKk&amp;t=22s\" target=\"_blank\" rel=\"noopener\"><strong>\u00c0 quelle vitesse patinent les patineurs de vitesse Long Track ?<\/strong><\/a> | \u00c0 consid\u00e9rer.<\/p>\n<\/div>\n<\/div>\n<div id=\"grid_15\" class=\"fr-widget fr-grid fr_grid_15\" style=\"box-sizing: border-box; color: #666666;\">\n<div id=\"container_55\" class=\"fr-widget fr-container fr_container_55\" style=\"box-sizing: border-box;\">\n<div id=\"text_block_27\" class=\"fr-widget fr-text fr-wf fr_text_block_27 fr_hidden_table_style\" style=\"box-sizing: border-box;\">\n<div class=\"fr-text\" style=\"box-sizing: border-box;\">\n<p style=\"box-sizing: border-box; line-height: 24px; padding-bottom: 0px !important; margin: 0px 0px 0px !important 0px;\">\n<span style=\"color: #333333;\">Enfin, d\u00e9couvrez tous nos <\/span><br \/>\n<a href=\"\/?product_cat=boots1\"><strong>Long Track Boots<\/strong><\/a><br \/>\n<span style=\"color: #333333;\"> ici.<\/span>\n<\/p>\n<\/div>\n<\/div>\n<\/div>\n<\/div>\n","protected":false},"excerpt":{"rendered":"<p>BOTTE LONG TRACK MAPLEZ MV1 La botte MAPLEZ MV1 Long Track avec coque monobloc en carbone \u00e0 double stratification. Pr\u00e9sentation de la r\u00e9volutionnaire botte MAPLEZ MV1 Long Track. Con\u00e7ue pour \u00e9lever votre exp\u00e9rience de patinage \u00e0 un niveau sup\u00e9rieur ! Gr\u00e2ce \u00e0 sa coque monobloc en carbone \u00e0 double stratification innovante, cette botte offre des [&hellip;]<\/p>\n","protected":false},"featured_media":24257,"comment_status":"open","ping_status":"closed","template":"","meta":{"_acf_changed":false,"_monsterinsights_skip_tracking":false,"_monsterinsights_sitenote_active":false,"_monsterinsights_sitenote_note":"","_monsterinsights_sitenote_category":0,"_uf_show_specific_survey":0,"_uf_disable_surveys":false,"site-sidebar-layout":"default","site-content-layout":"","ast-site-content-layout":"default","site-content-style":"default","site-sidebar-style":"default","ast-global-header-display":"","ast-banner-title-visibility":"","ast-main-header-display":"","ast-hfb-above-header-display":"","ast-hfb-below-header-display":"","ast-hfb-mobile-header-display":"","site-post-title":"","ast-breadcrumbs-content":"","ast-featured-img":"","footer-sml-layout":"","ast-disable-related-posts":"","theme-transparent-header-meta":"default","adv-header-id-meta":"","stick-header-meta":"","header-above-stick-meta":"","header-main-stick-meta":"","header-below-stick-meta":"","astra-migrate-meta-layouts":"set","ast-page-background-enabled":"default","ast-page-background-meta":{"desktop":{"background-color":"","background-image":"","background-repeat":"repeat","background-position":"center center","background-size":"auto","background-attachment":"scroll","background-type":"","background-media":"","overlay-type":"","overlay-color":"","overlay-opacity":"","overlay-gradient":""},"tablet":{"background-color":"","background-image":"","background-repeat":"repeat","background-position":"center center","background-size":"auto","background-attachment":"scroll","background-type":"","background-media":"","overlay-type":"","overlay-color":"","overlay-opacity":"","overlay-gradient":""},"mobile":{"background-color":"","background-image":"","background-repeat":"repeat","background-position":"center center","background-size":"auto","background-attachment":"scroll","background-type":"","background-media":"","overlay-type":"","overlay-color":"","overlay-opacity":"","overlay-gradient":""}},"ast-content-background-meta":{"desktop":{"background-color":"var(--ast-global-color-5)","background-image":"","background-repeat":"repeat","background-position":"center center","background-size":"auto","background-attachment":"scroll","background-type":"","background-media":"","overlay-type":"","overlay-color":"","overlay-opacity":"","overlay-gradient":""},"tablet":{"background-color":"var(--ast-global-color-5)","background-image":"","background-repeat":"repeat","background-position":"center center","background-size":"auto","background-attachment":"scroll","background-type":"","background-media":"","overlay-type":"","overlay-color":"","overlay-opacity":"","overlay-gradient":""},"mobile":{"background-color":"var(--ast-global-color-5)","background-image":"","background-repeat":"repeat","background-position":"center center","background-size":"auto","background-attachment":"scroll","background-type":"","background-media":"","overlay-type":"","overlay-color":"","overlay-opacity":"","overlay-gradient":""}}},"product_brand":[3318,3319],"product_cat":[3378],"product_tag":[],"class_list":{"0":"post-24261","1":"product","2":"type-product","3":"status-publish","4":"has-post-thumbnail","6":"product_brand-maple","7":"product_brand-maplez","8":"product_cat-non-categorise","9":"desktop-align-left","10":"tablet-align-left","11":"mobile-align-left","13":"first","14":"instock","15":"sale","16":"taxable","17":"shipping-taxable","18":"purchasable","19":"product-type-simple"},"acf":[],"_links":{"self":[{"href":"https:\/\/ztsports.com\/fr\/wp-json\/wp\/v2\/product\/24261","targetHints":{"allow":["GET"]}}],"collection":[{"href":"https:\/\/ztsports.com\/fr\/wp-json\/wp\/v2\/product"}],"about":[{"href":"https:\/\/ztsports.com\/fr\/wp-json\/wp\/v2\/types\/product"}],"replies":[{"embeddable":true,"href":"https:\/\/ztsports.com\/fr\/wp-json\/wp\/v2\/comments?post=24261"}],"version-history":[{"count":1,"href":"https:\/\/ztsports.com\/fr\/wp-json\/wp\/v2\/product\/24261\/revisions"}],"predecessor-version":[{"id":24262,"href":"https:\/\/ztsports.com\/fr\/wp-json\/wp\/v2\/product\/24261\/revisions\/24262"}],"wp:featuredmedia":[{"embeddable":true,"href":"https:\/\/ztsports.com\/fr\/wp-json\/wp\/v2\/media\/24257"}],"wp:attachment":[{"href":"https:\/\/ztsports.com\/fr\/wp-json\/wp\/v2\/media?parent=24261"}],"wp:term":[{"taxonomy":"product_brand","embeddable":true,"href":"https:\/\/ztsports.com\/fr\/wp-json\/wp\/v2\/product_brand?post=24261"},{"taxonomy":"product_cat","embeddable":true,"href":"https:\/\/ztsports.com\/fr\/wp-json\/wp\/v2\/product_cat?post=24261"},{"taxonomy":"product_tag","embeddable":true,"href":"https:\/\/ztsports.com\/fr\/wp-json\/wp\/v2\/product_tag?post=24261"}],"curies":[{"name":"wp","href":"https:\/\/api.w.org\/{rel}","templated":true}]}}