{"id":24255,"date":"2021-09-23T02:18:37","date_gmt":"2021-09-23T02:18:37","guid":{"rendered":"https:\/\/ztsports.com\/?post_type=product&#038;p=24255"},"modified":"2026-04-06T14:22:12","modified_gmt":"2026-04-06T14:22:12","slug":"bont-sonic-2000-lt-blade-fits-most-boot-spacings","status":"publish","type":"product","link":"https:\/\/ztsports.com\/fr\/store\/bont-sonic-2000-lt-blade-fits-most-boot-spacings\/","title":{"rendered":"BONT SONIC 2000 LT Blade Fits Most Boot Spacings New"},"content":{"rendered":"<h1>Lame BONT SONIC 2000 LT<\/h1>\n<p><span data-sheets-value=\"{&quot;1&quot;:2,&quot;2&quot;:&quot;BONT SONIC 2000 LONG TRACK&quot;}\" data-sheets-userformat=\"{&quot;2&quot;:513,&quot;3&quot;:{&quot;1&quot;:0},&quot;12&quot;:0}\">La lame BONT SONIC 2000 LT<\/span><\/p>\n<p><span class=\"Y2IQFc\" lang=\"fr\"> est la lame <strong>fixe<\/strong> d\u2019entr\u00e9e de gamme de Bont. De plus, elle est fabriqu\u00e9e \u00e0 partir d\u2019une extrusion d\u2019aluminium de haute qualit\u00e9. L\u2019une des meilleures caract\u00e9ristiques de cette lame est qu\u2019elle peut s\u2019adapter \u00e0 une grande vari\u00e9t\u00e9 d\u2019<strong>espacements de bottes.<\/strong><\/span><\/p>\n<p><span class=\"Y2IQFc\" lang=\"fr\">Les patineurs en ligne peuvent donc utiliser leurs bottes de patinage en ligne pour le long track gr\u00e2ce aux montages inline de 195 mm et 165 mm avec cette lame <strong>fixe<\/strong>.<\/span><\/p>\n<p><strong>Fixe = Non Clap<\/strong><\/p>\n<p>&nbsp;<\/p>\n<p><strong>Sp\u00e9cifications<\/strong><br \/>\nMat\u00e9riau du tube : Aluminium 6061 T6<br \/>\nMat\u00e9riau du support : Aluminium 6061 T6<br \/>\nRayon : 21 m<br \/>\nLongueurs : 12&#8243;, 15&#8243;, 16&#8243;, 17&#8243;<br \/>\nAcier : Acier carbone japonais<br \/>\n\u00c9paisseur de la lame : 1,1 mm<br \/>\nDuret\u00e9 : 56 Rockwell<br \/>\nCourbure : Aucune<\/p>\n<p>&nbsp;<\/p>\n<p><strong>Longueur de lame \/ Montage<\/strong><br \/>\n12&#8243; \/ 140 mm, 145 mm, 150 mm<br \/>\n15&#8243; \/ 140 mm, 145 mm, 150 mm, 155 mm, 160 mm, 165 mm, 170 mm<br \/>\n16&#8243; \/ 150 mm, 155 mm, 160 mm, 165 mm, 170 mm, 175 mm, 180 mm<br \/>\n17&#8243; \/ 160 mm, 165 mm, 170 mm, 175 mm, 180 mm, 185 mm, 190 mm, 195 mm, 200 mm, 205 mm<\/p>\n<p>&nbsp;<\/p>\n<p>Enfin, d\u00e9couvrez une large s\u00e9lection de <a href=\"\/?product_cat=blades1\"><strong>lames Long Track ici.<\/strong><\/a><\/p>\n","protected":false},"excerpt":{"rendered":"<p>Lame BONT SONIC 2000 LT La lame BONT SONIC 2000 LT est la lame fixe d\u2019entr\u00e9e de gamme de Bont. De plus, elle est fabriqu\u00e9e \u00e0 partir d\u2019une extrusion d\u2019aluminium de haute qualit\u00e9. L\u2019une des meilleures caract\u00e9ristiques de cette lame est qu\u2019elle peut s\u2019adapter \u00e0 une grande vari\u00e9t\u00e9 d\u2019espacements de bottes. Les patineurs en ligne [&hellip;]<\/p>\n","protected":false},"featured_media":24250,"comment_status":"open","ping_status":"closed","template":"","meta":{"_acf_changed":false,"_monsterinsights_skip_tracking":false,"_monsterinsights_sitenote_active":false,"_monsterinsights_sitenote_note":"","_monsterinsights_sitenote_category":0,"_uf_show_specific_survey":0,"_uf_disable_surveys":false,"site-sidebar-layout":"default","site-content-layout":"","ast-site-content-layout":"default","site-content-style":"default","site-sidebar-style":"default","ast-global-header-display":"","ast-banner-title-visibility":"","ast-main-header-display":"","ast-hfb-above-header-display":"","ast-hfb-below-header-display":"","ast-hfb-mobile-header-display":"","site-post-title":"","ast-breadcrumbs-content":"","ast-featured-img":"","footer-sml-layout":"","ast-disable-related-posts":"","theme-transparent-header-meta":"default","adv-header-id-meta":"","stick-header-meta":"","header-above-stick-meta":"","header-main-stick-meta":"","header-below-stick-meta":"","astra-migrate-meta-layouts":"set","ast-page-background-enabled":"default","ast-page-background-meta":{"desktop":{"background-color":"","background-image":"","background-repeat":"repeat","background-position":"center center","background-size":"auto","background-attachment":"scroll","background-type":"","background-media":"","overlay-type":"","overlay-color":"","overlay-opacity":"","overlay-gradient":""},"tablet":{"background-color":"","background-image":"","background-repeat":"repeat","background-position":"center center","background-size":"auto","background-attachment":"scroll","background-type":"","background-media":"","overlay-type":"","overlay-color":"","overlay-opacity":"","overlay-gradient":""},"mobile":{"background-color":"","background-image":"","background-repeat":"repeat","background-position":"center center","background-size":"auto","background-attachment":"scroll","background-type":"","background-media":"","overlay-type":"","overlay-color":"","overlay-opacity":"","overlay-gradient":""}},"ast-content-background-meta":{"desktop":{"background-color":"var(--ast-global-color-5)","background-image":"","background-repeat":"repeat","background-position":"center center","background-size":"auto","background-attachment":"scroll","background-type":"","background-media":"","overlay-type":"","overlay-color":"","overlay-opacity":"","overlay-gradient":""},"tablet":{"background-color":"var(--ast-global-color-5)","background-image":"","background-repeat":"repeat","background-position":"center center","background-size":"auto","background-attachment":"scroll","background-type":"","background-media":"","overlay-type":"","overlay-color":"","overlay-opacity":"","overlay-gradient":""},"mobile":{"background-color":"var(--ast-global-color-5)","background-image":"","background-repeat":"repeat","background-position":"center center","background-size":"auto","background-attachment":"scroll","background-type":"","background-media":"","overlay-type":"","overlay-color":"","overlay-opacity":"","overlay-gradient":""}}},"product_brand":[3285],"product_cat":[4565,3381],"product_tag":[3799,3823],"class_list":{"0":"post-24255","1":"product","2":"type-product","3":"status-publish","4":"has-post-thumbnail","6":"product_brand-bont","7":"product_cat-accessoires","8":"product_cat-patinage-de-vitesse-en-ligne","9":"product_tag-bont","10":"product_tag-long-track","11":"desktop-align-left","12":"tablet-align-left","13":"mobile-align-left","15":"first","16":"instock","17":"taxable","18":"shipping-taxable","19":"purchasable","20":"product-type-simple"},"acf":[],"_links":{"self":[{"href":"https:\/\/ztsports.com\/fr\/wp-json\/wp\/v2\/product\/24255","targetHints":{"allow":["GET"]}}],"collection":[{"href":"https:\/\/ztsports.com\/fr\/wp-json\/wp\/v2\/product"}],"about":[{"href":"https:\/\/ztsports.com\/fr\/wp-json\/wp\/v2\/types\/product"}],"replies":[{"embeddable":true,"href":"https:\/\/ztsports.com\/fr\/wp-json\/wp\/v2\/comments?post=24255"}],"version-history":[{"count":5,"href":"https:\/\/ztsports.com\/fr\/wp-json\/wp\/v2\/product\/24255\/revisions"}],"predecessor-version":[{"id":25115,"href":"https:\/\/ztsports.com\/fr\/wp-json\/wp\/v2\/product\/24255\/revisions\/25115"}],"wp:featuredmedia":[{"embeddable":true,"href":"https:\/\/ztsports.com\/fr\/wp-json\/wp\/v2\/media\/24250"}],"wp:attachment":[{"href":"https:\/\/ztsports.com\/fr\/wp-json\/wp\/v2\/media?parent=24255"}],"wp:term":[{"taxonomy":"product_brand","embeddable":true,"href":"https:\/\/ztsports.com\/fr\/wp-json\/wp\/v2\/product_brand?post=24255"},{"taxonomy":"product_cat","embeddable":true,"href":"https:\/\/ztsports.com\/fr\/wp-json\/wp\/v2\/product_cat?post=24255"},{"taxonomy":"product_tag","embeddable":true,"href":"https:\/\/ztsports.com\/fr\/wp-json\/wp\/v2\/product_tag?post=24255"}],"curies":[{"name":"wp","href":"https:\/\/api.w.org\/{rel}","templated":true}]}}