{"id":24247,"date":"2021-09-23T02:18:38","date_gmt":"2021-09-23T02:18:38","guid":{"rendered":"https:\/\/ztsports.com\/?post_type=product&#038;p=24247"},"modified":"2026-03-11T08:33:28","modified_gmt":"2026-03-11T08:33:28","slug":"maple-blizzard-clap-longtrack-blade-2","status":"publish","type":"product","link":"https:\/\/ztsports.com\/fr\/store\/maple-blizzard-clap-longtrack-blade-2\/","title":{"rendered":"MAPLE BLIZZARD Clap Longtrack Blade"},"content":{"rendered":"<h1>Lame Clap Long Track MAPLE BLIZZARD<\/h1>\n<p>La lame Clap Long Track MAPLE BLIZZARD est dot\u00e9e du m\u00eame patin en acier inoxydable \u00e0 haute teneur en chrome que la lame Chrome ST, rectifi\u00e9 \u00e0 une \u00e9paisseur de 1,1 mm. Elle offre une glisse exceptionnelle et une grande durabilit\u00e9 pour cette gamme de prix. De plus, elle peut \u00eatre \u00e9quip\u00e9e de fentes avant-arri\u00e8re pour les montages de bottes de style Long Track ou de fentes lat\u00e9rales pour les fixations \u00e0 boulons fixes de type 6,5&#8243; \/ 165 mm. Rapide et abordable. Le meilleur achat parmi les lames clap de long track comp\u00e9titives. Acier \u00e0 outils chrom\u00e9 de 1,1 mm, 58 HRC. Les lames ont re\u00e7u un traitement sp\u00e9cial afin de r\u00e9duire la friction au minimum. Lames rectifi\u00e9es avec pr\u00e9cision et tube en aluminium s\u00e9rie 7000 pour une flexibilit\u00e9 optimale ; stable tout en restant facile \u00e0 contr\u00f4ler.<\/p>\n<p>Veuillez choisir la longueur de lame avec le pont appropri\u00e9 afin qu\u2019elle s\u2019adapte \u00e0 vos bottes. En cas de doute, utilisez notre expertise pour vous guider.<\/p>\n<h4 class=\"style-scope ytd-watch-metadata\">De plus, regardez la vid\u00e9o Art Of Speed <a href=\"https:\/\/www.youtube.com\/watch?v=aC5yxStvjV4\" target=\"_blank\" rel=\"noopener\"><strong>expliquant le clap et le long track<\/strong><\/a><\/h4>\n<p>Enfin, comparez toutes les <a href=\"\/?product_cat=blades1\"><strong>lames clap ici.<\/strong><\/a><\/p>\n","protected":false},"excerpt":{"rendered":"<p>Lame Clap Long Track MAPLE BLIZZARD La lame Clap Long Track MAPLE BLIZZARD est dot\u00e9e du m\u00eame patin en acier inoxydable \u00e0 haute teneur en chrome que la lame Chrome ST, rectifi\u00e9 \u00e0 une \u00e9paisseur de 1,1 mm. Elle offre une glisse exceptionnelle et une grande durabilit\u00e9 pour cette gamme de prix. De plus, elle [&hellip;]<\/p>\n","protected":false},"featured_media":24244,"comment_status":"open","ping_status":"closed","template":"","meta":{"_acf_changed":false,"_monsterinsights_skip_tracking":false,"_monsterinsights_sitenote_active":false,"_monsterinsights_sitenote_note":"","_monsterinsights_sitenote_category":0,"_uf_show_specific_survey":0,"_uf_disable_surveys":false,"site-sidebar-layout":"default","site-content-layout":"","ast-site-content-layout":"default","site-content-style":"default","site-sidebar-style":"default","ast-global-header-display":"","ast-banner-title-visibility":"","ast-main-header-display":"","ast-hfb-above-header-display":"","ast-hfb-below-header-display":"","ast-hfb-mobile-header-display":"","site-post-title":"","ast-breadcrumbs-content":"","ast-featured-img":"","footer-sml-layout":"","ast-disable-related-posts":"","theme-transparent-header-meta":"default","adv-header-id-meta":"","stick-header-meta":"","header-above-stick-meta":"","header-main-stick-meta":"","header-below-stick-meta":"","astra-migrate-meta-layouts":"set","ast-page-background-enabled":"default","ast-page-background-meta":{"desktop":{"background-color":"","background-image":"","background-repeat":"repeat","background-position":"center center","background-size":"auto","background-attachment":"scroll","background-type":"","background-media":"","overlay-type":"","overlay-color":"","overlay-opacity":"","overlay-gradient":""},"tablet":{"background-color":"","background-image":"","background-repeat":"repeat","background-position":"center center","background-size":"auto","background-attachment":"scroll","background-type":"","background-media":"","overlay-type":"","overlay-color":"","overlay-opacity":"","overlay-gradient":""},"mobile":{"background-color":"","background-image":"","background-repeat":"repeat","background-position":"center center","background-size":"auto","background-attachment":"scroll","background-type":"","background-media":"","overlay-type":"","overlay-color":"","overlay-opacity":"","overlay-gradient":""}},"ast-content-background-meta":{"desktop":{"background-color":"var(--ast-global-color-5)","background-image":"","background-repeat":"repeat","background-position":"center center","background-size":"auto","background-attachment":"scroll","background-type":"","background-media":"","overlay-type":"","overlay-color":"","overlay-opacity":"","overlay-gradient":""},"tablet":{"background-color":"var(--ast-global-color-5)","background-image":"","background-repeat":"repeat","background-position":"center center","background-size":"auto","background-attachment":"scroll","background-type":"","background-media":"","overlay-type":"","overlay-color":"","overlay-opacity":"","overlay-gradient":""},"mobile":{"background-color":"var(--ast-global-color-5)","background-image":"","background-repeat":"repeat","background-position":"center center","background-size":"auto","background-attachment":"scroll","background-type":"","background-media":"","overlay-type":"","overlay-color":"","overlay-opacity":"","overlay-gradient":""}}},"product_brand":[3318,3319],"product_cat":[3378],"product_tag":[3823],"class_list":{"0":"post-24247","1":"product","2":"type-product","3":"status-publish","4":"has-post-thumbnail","6":"product_brand-maple","7":"product_brand-maplez","8":"product_cat-non-categorise","9":"product_tag-long-track","10":"desktop-align-left","11":"tablet-align-left","12":"mobile-align-left","14":"first","15":"instock","16":"sale","17":"taxable","18":"shipping-taxable","19":"purchasable","20":"product-type-simple"},"acf":[],"_links":{"self":[{"href":"https:\/\/ztsports.com\/fr\/wp-json\/wp\/v2\/product\/24247","targetHints":{"allow":["GET"]}}],"collection":[{"href":"https:\/\/ztsports.com\/fr\/wp-json\/wp\/v2\/product"}],"about":[{"href":"https:\/\/ztsports.com\/fr\/wp-json\/wp\/v2\/types\/product"}],"replies":[{"embeddable":true,"href":"https:\/\/ztsports.com\/fr\/wp-json\/wp\/v2\/comments?post=24247"}],"version-history":[{"count":2,"href":"https:\/\/ztsports.com\/fr\/wp-json\/wp\/v2\/product\/24247\/revisions"}],"predecessor-version":[{"id":24249,"href":"https:\/\/ztsports.com\/fr\/wp-json\/wp\/v2\/product\/24247\/revisions\/24249"}],"wp:featuredmedia":[{"embeddable":true,"href":"https:\/\/ztsports.com\/fr\/wp-json\/wp\/v2\/media\/24244"}],"wp:attachment":[{"href":"https:\/\/ztsports.com\/fr\/wp-json\/wp\/v2\/media?parent=24247"}],"wp:term":[{"taxonomy":"product_brand","embeddable":true,"href":"https:\/\/ztsports.com\/fr\/wp-json\/wp\/v2\/product_brand?post=24247"},{"taxonomy":"product_cat","embeddable":true,"href":"https:\/\/ztsports.com\/fr\/wp-json\/wp\/v2\/product_cat?post=24247"},{"taxonomy":"product_tag","embeddable":true,"href":"https:\/\/ztsports.com\/fr\/wp-json\/wp\/v2\/product_tag?post=24247"}],"curies":[{"name":"wp","href":"https:\/\/api.w.org\/{rel}","templated":true}]}}